{"id":14731,"date":"2024-12-17T16:25:17","date_gmt":"2024-12-17T15:25:17","guid":{"rendered":"https:\/\/kitenbrunn.at\/mitglied-werden\/rocne-clenstvo\/"},"modified":"2025-03-17T14:16:30","modified_gmt":"2025-03-17T13:16:30","slug":"rocne-clenstvo","status":"publish","type":"product","link":"https:\/\/kitenbrunn.at\/sk\/mitglied-werden\/rocne-clenstvo\/","title":{"rendered":"Ro\u010dn\u00e9 \u010dlenstvo"},"content":{"rendered":"<p>[et_pb_section fb_built=&#8221;1&#8243; theme_builder_area=&#8221;post_content&#8221; _builder_version=&#8221;4.27.4&#8243; _module_preset=&#8221;default&#8221;][\/et_pb_section]<\/p>\n","protected":false},"excerpt":{"rendered":"<p id=\"tw-target-text\" class=\"tw-data-text tw-text-large tw-ta\" dir=\"ltr\" data-placeholder=\"\u00dcbersetzung\" data-ved=\"2ahUKEwjB2YbNoYmMAxUxg_0HHVEeBrIQ3ewLegQICBAV\" aria-label=\"\u00dcbersetzter Text: Ro\u010dn\u00e9 \u010dlenstvo v\u00e1s opr\u00e1v\u0148uje na kitesurfing po dobu jedn\u00e9ho roka od d\u00e1tumu zak\u00fapenia. Zah\u0155\u0148a \u010dlenstvo v klube a vyu\u017e\u00edvanie miesta. S ro\u010dn\u00fdm \u010dlenstvom si m\u00f4\u017eete zak\u00fapi\u0165 ro\u010dn\u00fa parkovaciu kartu v pr\u00edmorskom letovisku za 87 EUR!\"><span class=\"Y2IQFc\" lang=\"sk\">Ro\u010dn\u00e9 \u010dlenstvo v\u00e1s opr\u00e1v\u0148uje na kitesurfing po dobu jedn\u00e9ho roka od d\u00e1tumu zak\u00fapenia. Zah\u0155\u0148a \u010dlenstvo v klube a vyu\u017e\u00edvanie miesta. S ro\u010dn\u00fdm \u010dlenstvom si m\u00f4\u017eete zak\u00fapi\u0165 ro\u010dn\u00fa parkovaciu kartu v pr\u00edmorskom letovisku za 87 EUR!<\/span><\/p>\n","protected":false},"featured_media":14745,"template":"","meta":{"_et_pb_use_builder":"off","_et_pb_old_content":"","_et_gb_content_width":"","_price":"70.00","_stock":"","_tribe_ticket_header":"","_tribe_default_ticket_provider":"","_ticket_start_date":"","_ticket_end_date":"","_tribe_ticket_show_description":"","_tribe_ticket_show_not_going":false,"_tribe_ticket_use_global_stock":"","_tribe_ticket_global_stock_level":"","_global_stock_mode":"","_global_stock_cap":"","_tribe_rsvp_for_event":"","_tribe_ticket_going_count":"","_tribe_ticket_not_going_count":"","_tribe_tickets_list":"[]","_tribe_ticket_has_attendee_info_fields":false,"_tec_slr_enabled":"","_tec_slr_layout":""},"product_brand":[],"product_cat":[55],"product_tag":[],"class_list":{"0":"post-14731","1":"product","2":"type-product","3":"status-publish","4":"has-post-thumbnail","6":"product_cat-jahresmitgliedschaften-sk","8":"first","9":"instock","10":"virtual","11":"purchasable","12":"product-type-simple"},"yoast_head":"<!-- This site is optimized with the Yoast SEO plugin v27.5 - https:\/\/yoast.com\/product\/yoast-seo-wordpress\/ -->\n<title>Ro\u010dn\u00e9 \u010dlenstvo - Kitenbrunn<\/title>\n<meta name=\"robots\" content=\"index, follow, max-snippet:-1, max-image-preview:large, max-video-preview:-1\" \/>\n<link rel=\"canonical\" href=\"https:\/\/kitenbrunn.at\/sk\/mitglied-werden\/rocne-clenstvo\/\" \/>\n<meta property=\"og:locale\" content=\"sk_SK\" \/>\n<meta property=\"og:type\" content=\"article\" \/>\n<meta property=\"og:title\" content=\"Ro\u010dn\u00e9 \u010dlenstvo - Kitenbrunn\" \/>\n<meta property=\"og:description\" content=\"Ro\u010dn\u00e9 \u010dlenstvo v\u00e1s opr\u00e1v\u0148uje na kitesurfing po dobu jedn\u00e9ho roka od d\u00e1tumu zak\u00fapenia. Zah\u0155\u0148a \u010dlenstvo v klube a vyu\u017e\u00edvanie miesta. S ro\u010dn\u00fdm \u010dlenstvom si m\u00f4\u017eete zak\u00fapi\u0165 ro\u010dn\u00fa parkovaciu kartu v pr\u00edmorskom letovisku za 87 EUR!\" \/>\n<meta property=\"og:url\" content=\"https:\/\/kitenbrunn.at\/sk\/mitglied-werden\/rocne-clenstvo\/\" \/>\n<meta property=\"og:site_name\" content=\"Kitenbrunn\" \/>\n<meta property=\"article:modified_time\" content=\"2025-03-17T13:16:30+00:00\" \/>\n<meta property=\"og:image\" content=\"https:\/\/kitenbrunn.at\/wp-content\/uploads\/2025\/03\/Jahresmitgliedschaft-SK.png\" \/>\n\t<meta property=\"og:image:width\" content=\"940\" \/>\n\t<meta property=\"og:image:height\" content=\"788\" \/>\n\t<meta property=\"og:image:type\" content=\"image\/png\" \/>\n<meta name=\"twitter:card\" content=\"summary_large_image\" \/>\n<meta name=\"twitter:label1\" content=\"Predpokladan\u00fd \u010das \u010d\u00edtania\" \/>\n\t<meta name=\"twitter:data1\" content=\"1 min\u00fata\" \/>\n<script type=\"application\/ld+json\" class=\"yoast-schema-graph\">{\"@context\":\"https:\\\/\\\/schema.org\",\"@graph\":[{\"@type\":\"WebPage\",\"@id\":\"https:\\\/\\\/kitenbrunn.at\\\/sk\\\/mitglied-werden\\\/rocne-clenstvo\\\/\",\"url\":\"https:\\\/\\\/kitenbrunn.at\\\/sk\\\/mitglied-werden\\\/rocne-clenstvo\\\/\",\"name\":\"Ro\u010dn\u00e9 \u010dlenstvo - Kitenbrunn\",\"isPartOf\":{\"@id\":\"https:\\\/\\\/kitenbrunn.at\\\/#website\"},\"primaryImageOfPage\":{\"@id\":\"https:\\\/\\\/kitenbrunn.at\\\/sk\\\/mitglied-werden\\\/rocne-clenstvo\\\/#primaryimage\"},\"image\":{\"@id\":\"https:\\\/\\\/kitenbrunn.at\\\/sk\\\/mitglied-werden\\\/rocne-clenstvo\\\/#primaryimage\"},\"thumbnailUrl\":\"https:\\\/\\\/kitenbrunn.at\\\/wp-content\\\/uploads\\\/2025\\\/03\\\/Jahresmitgliedschaft-DE.png\",\"datePublished\":\"2024-12-17T15:25:17+00:00\",\"dateModified\":\"2025-03-17T13:16:30+00:00\",\"breadcrumb\":{\"@id\":\"https:\\\/\\\/kitenbrunn.at\\\/sk\\\/mitglied-werden\\\/rocne-clenstvo\\\/#breadcrumb\"},\"inLanguage\":\"sk-SK\",\"potentialAction\":[{\"@type\":\"ReadAction\",\"target\":[\"https:\\\/\\\/kitenbrunn.at\\\/sk\\\/mitglied-werden\\\/rocne-clenstvo\\\/\"]}]},{\"@type\":\"ImageObject\",\"inLanguage\":\"sk-SK\",\"@id\":\"https:\\\/\\\/kitenbrunn.at\\\/sk\\\/mitglied-werden\\\/rocne-clenstvo\\\/#primaryimage\",\"url\":\"https:\\\/\\\/kitenbrunn.at\\\/wp-content\\\/uploads\\\/2025\\\/03\\\/Jahresmitgliedschaft-DE.png\",\"contentUrl\":\"https:\\\/\\\/kitenbrunn.at\\\/wp-content\\\/uploads\\\/2025\\\/03\\\/Jahresmitgliedschaft-DE.png\",\"width\":940,\"height\":788},{\"@type\":\"BreadcrumbList\",\"@id\":\"https:\\\/\\\/kitenbrunn.at\\\/sk\\\/mitglied-werden\\\/rocne-clenstvo\\\/#breadcrumb\",\"itemListElement\":[{\"@type\":\"ListItem\",\"position\":1,\"name\":\"Startseite\",\"item\":\"https:\\\/\\\/kitenbrunn.at\\\/sk\\\/\"},{\"@type\":\"ListItem\",\"position\":2,\"name\":\"Sta\u0165 sa \u010dlenom \\\/ Obchod\",\"item\":\"https:\\\/\\\/kitenbrunn.at\\\/sk\\\/shop\\\/\"},{\"@type\":\"ListItem\",\"position\":3,\"name\":\"Ro\u010dn\u00e9 \u010dlenstvo\"}]},{\"@type\":\"WebSite\",\"@id\":\"https:\\\/\\\/kitenbrunn.at\\\/#website\",\"url\":\"https:\\\/\\\/kitenbrunn.at\\\/\",\"name\":\"Kitenbrunn\",\"description\":\"Kitesport F\u00f6rderverein Breitenbrunn\",\"potentialAction\":[{\"@type\":\"SearchAction\",\"target\":{\"@type\":\"EntryPoint\",\"urlTemplate\":\"https:\\\/\\\/kitenbrunn.at\\\/?s={search_term_string}\"},\"query-input\":{\"@type\":\"PropertyValueSpecification\",\"valueRequired\":true,\"valueName\":\"search_term_string\"}}],\"inLanguage\":\"sk-SK\"}]}<\/script>\n<!-- \/ Yoast SEO plugin. -->","yoast_head_json":{"title":"Ro\u010dn\u00e9 \u010dlenstvo - Kitenbrunn","robots":{"index":"index","follow":"follow","max-snippet":"max-snippet:-1","max-image-preview":"max-image-preview:large","max-video-preview":"max-video-preview:-1"},"canonical":"https:\/\/kitenbrunn.at\/sk\/mitglied-werden\/rocne-clenstvo\/","og_locale":"sk_SK","og_type":"article","og_title":"Ro\u010dn\u00e9 \u010dlenstvo - Kitenbrunn","og_description":"Ro\u010dn\u00e9 \u010dlenstvo v\u00e1s opr\u00e1v\u0148uje na kitesurfing po dobu jedn\u00e9ho roka od d\u00e1tumu zak\u00fapenia. Zah\u0155\u0148a \u010dlenstvo v klube a vyu\u017e\u00edvanie miesta. S ro\u010dn\u00fdm \u010dlenstvom si m\u00f4\u017eete zak\u00fapi\u0165 ro\u010dn\u00fa parkovaciu kartu v pr\u00edmorskom letovisku za 87 EUR!","og_url":"https:\/\/kitenbrunn.at\/sk\/mitglied-werden\/rocne-clenstvo\/","og_site_name":"Kitenbrunn","article_modified_time":"2025-03-17T13:16:30+00:00","og_image":[{"width":940,"height":788,"url":"https:\/\/kitenbrunn.at\/wp-content\/uploads\/2025\/03\/Jahresmitgliedschaft-SK.png","type":"image\/png"}],"twitter_card":"summary_large_image","twitter_misc":{"Predpokladan\u00fd \u010das \u010d\u00edtania":"1 min\u00fata"},"schema":{"@context":"https:\/\/schema.org","@graph":[{"@type":"WebPage","@id":"https:\/\/kitenbrunn.at\/sk\/mitglied-werden\/rocne-clenstvo\/","url":"https:\/\/kitenbrunn.at\/sk\/mitglied-werden\/rocne-clenstvo\/","name":"Ro\u010dn\u00e9 \u010dlenstvo - Kitenbrunn","isPartOf":{"@id":"https:\/\/kitenbrunn.at\/#website"},"primaryImageOfPage":{"@id":"https:\/\/kitenbrunn.at\/sk\/mitglied-werden\/rocne-clenstvo\/#primaryimage"},"image":{"@id":"https:\/\/kitenbrunn.at\/sk\/mitglied-werden\/rocne-clenstvo\/#primaryimage"},"thumbnailUrl":"https:\/\/kitenbrunn.at\/wp-content\/uploads\/2025\/03\/Jahresmitgliedschaft-DE.png","datePublished":"2024-12-17T15:25:17+00:00","dateModified":"2025-03-17T13:16:30+00:00","breadcrumb":{"@id":"https:\/\/kitenbrunn.at\/sk\/mitglied-werden\/rocne-clenstvo\/#breadcrumb"},"inLanguage":"sk-SK","potentialAction":[{"@type":"ReadAction","target":["https:\/\/kitenbrunn.at\/sk\/mitglied-werden\/rocne-clenstvo\/"]}]},{"@type":"ImageObject","inLanguage":"sk-SK","@id":"https:\/\/kitenbrunn.at\/sk\/mitglied-werden\/rocne-clenstvo\/#primaryimage","url":"https:\/\/kitenbrunn.at\/wp-content\/uploads\/2025\/03\/Jahresmitgliedschaft-DE.png","contentUrl":"https:\/\/kitenbrunn.at\/wp-content\/uploads\/2025\/03\/Jahresmitgliedschaft-DE.png","width":940,"height":788},{"@type":"BreadcrumbList","@id":"https:\/\/kitenbrunn.at\/sk\/mitglied-werden\/rocne-clenstvo\/#breadcrumb","itemListElement":[{"@type":"ListItem","position":1,"name":"Startseite","item":"https:\/\/kitenbrunn.at\/sk\/"},{"@type":"ListItem","position":2,"name":"Sta\u0165 sa \u010dlenom \/ Obchod","item":"https:\/\/kitenbrunn.at\/sk\/shop\/"},{"@type":"ListItem","position":3,"name":"Ro\u010dn\u00e9 \u010dlenstvo"}]},{"@type":"WebSite","@id":"https:\/\/kitenbrunn.at\/#website","url":"https:\/\/kitenbrunn.at\/","name":"Kitenbrunn","description":"Kitesport F\u00f6rderverein Breitenbrunn","potentialAction":[{"@type":"SearchAction","target":{"@type":"EntryPoint","urlTemplate":"https:\/\/kitenbrunn.at\/?s={search_term_string}"},"query-input":{"@type":"PropertyValueSpecification","valueRequired":true,"valueName":"search_term_string"}}],"inLanguage":"sk-SK"}]}},"_links":{"self":[{"href":"https:\/\/kitenbrunn.at\/sk\/wp-json\/wp\/v2\/product\/14731","targetHints":{"allow":["GET"]}}],"collection":[{"href":"https:\/\/kitenbrunn.at\/sk\/wp-json\/wp\/v2\/product"}],"about":[{"href":"https:\/\/kitenbrunn.at\/sk\/wp-json\/wp\/v2\/types\/product"}],"wp:featuredmedia":[{"embeddable":true,"href":"https:\/\/kitenbrunn.at\/sk\/wp-json\/wp\/v2\/media\/14745"}],"wp:attachment":[{"href":"https:\/\/kitenbrunn.at\/sk\/wp-json\/wp\/v2\/media?parent=14731"}],"wp:term":[{"taxonomy":"product_brand","embeddable":true,"href":"https:\/\/kitenbrunn.at\/sk\/wp-json\/wp\/v2\/product_brand?post=14731"},{"taxonomy":"product_cat","embeddable":true,"href":"https:\/\/kitenbrunn.at\/sk\/wp-json\/wp\/v2\/product_cat?post=14731"},{"taxonomy":"product_tag","embeddable":true,"href":"https:\/\/kitenbrunn.at\/sk\/wp-json\/wp\/v2\/product_tag?post=14731"}],"curies":[{"name":"wp","href":"https:\/\/api.w.org\/{rel}","templated":true}]}}