{"id":11117,"date":"2022-11-10T21:17:59","date_gmt":"2022-11-10T20:18:06","guid":{"rendered":"https:\/\/kitenbrunn.at\/?post_type=product&#038;p=11117"},"modified":"2024-03-04T10:30:46","modified_gmt":"2024-03-04T09:30:46","slug":"standardne-kite-package-2024","status":"publish","type":"product","link":"https:\/\/kitenbrunn.at\/sk\/mitglied-werden\/standardne-kite-package-2024\/","title":{"rendered":"Ro\u010dn\u00e9 \u010dlenstvo"},"content":{"rendered":"<p>Ro\u010dn\u00e9 \u010dlenstvo na rok 2024 v\u00e1s opr\u00e1v\u0148uje na kitesurfing po dobu jedn\u00e9ho roka od d\u00e1tumu zak\u00fapenia a zah\u0155\u0148a<\/p>\n<ul>\n<li>Ro\u010dn\u00e9 \u010dlenstvo EUR 45,-<\/li>\n<li>Bodov\u00e9 vyu\u017eitie EUR 15,-<\/li>\n<\/ul>\n<p>S t\u00fdmto \u010dlenstvom si m\u00f4\u017eete zak\u00fapi\u0165 ro\u010dn\u00fa parkovaciu kartu v pr\u00edmorskom letovisku za 87,- EUR!<\/p>\n","protected":false},"excerpt":{"rendered":"<p>v FKN \u0165a opr\u00e1vnuje kitesurfen ak si kupi\u0161 denn\u00fa alebo ro\u010dn\u00fa vstupenku pre Seebad. Platnos\u0165 : od 1.1.2022 do 31.12.2022<\/p>\n<p>Popis Okrem zak\u00fapenia dennej alebo ro\u010dnej vstupenky potrebuje\u0161 povinne osobn\u00e9 poistenie a preukaz VDWS Kitelevel 5 \/ IKO Level 3 Lizenz ( Samostatn\u00fd kitesurfer a bezpe\u010dn\u00fd Upwindsurfer)<\/p>\n","protected":false},"featured_media":12169,"template":"","meta":{"_et_pb_use_builder":"off","_et_pb_old_content":"","_et_gb_content_width":"","_price":"60","_stock":null,"_tribe_ticket_header":"","_tribe_default_ticket_provider":"","_ticket_start_date":"","_ticket_end_date":"","_tribe_ticket_show_description":"","_tribe_ticket_show_not_going":false,"_tribe_ticket_use_global_stock":"","_tribe_ticket_global_stock_level":"","_global_stock_mode":"","_global_stock_cap":"","_tribe_rsvp_for_event":"","_tribe_ticket_going_count":"","_tribe_ticket_not_going_count":"","_tribe_tickets_list":"[]","_tribe_ticket_has_attendee_info_fields":false,"_tec_slr_enabled":"","_tec_slr_layout":""},"product_brand":[],"product_cat":[55],"product_tag":[],"class_list":{"0":"post-11117","1":"product","2":"type-product","3":"status-publish","4":"has-post-thumbnail","6":"product_cat-jahresmitgliedschaften-sk","8":"first","9":"instock","10":"virtual","11":"sold-individually","12":"purchasable","13":"product-type-simple"},"yoast_head":"<!-- This site is optimized with the Yoast SEO plugin v27.5 - https:\/\/yoast.com\/product\/yoast-seo-wordpress\/ -->\n<title>Ro\u010dn\u00e9 \u010dlenstvo - Kitenbrunn<\/title>\n<meta name=\"robots\" content=\"index, follow, max-snippet:-1, max-image-preview:large, max-video-preview:-1\" \/>\n<link rel=\"canonical\" href=\"https:\/\/kitenbrunn.at\/sk\/mitglied-werden\/standardne-kite-package-2024\/\" \/>\n<meta property=\"og:locale\" content=\"sk_SK\" \/>\n<meta property=\"og:type\" content=\"article\" \/>\n<meta property=\"og:title\" content=\"Ro\u010dn\u00e9 \u010dlenstvo - Kitenbrunn\" \/>\n<meta property=\"og:description\" content=\"v FKN \u0165a opr\u00e1vnuje kitesurfen ak si kupi\u0161 denn\u00fa alebo ro\u010dn\u00fa vstupenku pre Seebad. Platnos\u0165 : od 1.1.2022 do 31.12.2022 Popis Okrem zak\u00fapenia dennej alebo ro\u010dnej vstupenky potrebuje\u0161 povinne osobn\u00e9 poistenie a preukaz VDWS Kitelevel 5 \/ IKO Level 3 Lizenz ( Samostatn\u00fd kitesurfer a bezpe\u010dn\u00fd Upwindsurfer)\" \/>\n<meta property=\"og:url\" content=\"https:\/\/kitenbrunn.at\/sk\/mitglied-werden\/standardne-kite-package-2024\/\" \/>\n<meta property=\"og:site_name\" content=\"Kitenbrunn\" \/>\n<meta property=\"article:modified_time\" content=\"2024-03-04T09:30:46+00:00\" \/>\n<meta property=\"og:image\" content=\"https:\/\/kitenbrunn.at\/wp-content\/uploads\/2022\/11\/JahrMGL.jpg\" \/>\n\t<meta property=\"og:image:width\" content=\"940\" \/>\n\t<meta property=\"og:image:height\" content=\"788\" \/>\n\t<meta property=\"og:image:type\" content=\"image\/jpeg\" \/>\n<meta name=\"twitter:card\" content=\"summary_large_image\" \/>\n<meta name=\"twitter:label1\" content=\"Predpokladan\u00fd \u010das \u010d\u00edtania\" \/>\n\t<meta name=\"twitter:data1\" content=\"1 min\u00fata\" \/>\n<script type=\"application\/ld+json\" class=\"yoast-schema-graph\">{\"@context\":\"https:\\\/\\\/schema.org\",\"@graph\":[{\"@type\":\"WebPage\",\"@id\":\"https:\\\/\\\/kitenbrunn.at\\\/sk\\\/mitglied-werden\\\/standardne-kite-package-2024\\\/\",\"url\":\"https:\\\/\\\/kitenbrunn.at\\\/sk\\\/mitglied-werden\\\/standardne-kite-package-2024\\\/\",\"name\":\"Ro\u010dn\u00e9 \u010dlenstvo - Kitenbrunn\",\"isPartOf\":{\"@id\":\"https:\\\/\\\/kitenbrunn.at\\\/#website\"},\"primaryImageOfPage\":{\"@id\":\"https:\\\/\\\/kitenbrunn.at\\\/sk\\\/mitglied-werden\\\/standardne-kite-package-2024\\\/#primaryimage\"},\"image\":{\"@id\":\"https:\\\/\\\/kitenbrunn.at\\\/sk\\\/mitglied-werden\\\/standardne-kite-package-2024\\\/#primaryimage\"},\"thumbnailUrl\":\"https:\\\/\\\/kitenbrunn.at\\\/wp-content\\\/uploads\\\/2022\\\/11\\\/JahrMGL.jpg\",\"datePublished\":\"2022-11-10T20:18:06+00:00\",\"dateModified\":\"2024-03-04T09:30:46+00:00\",\"breadcrumb\":{\"@id\":\"https:\\\/\\\/kitenbrunn.at\\\/sk\\\/mitglied-werden\\\/standardne-kite-package-2024\\\/#breadcrumb\"},\"inLanguage\":\"sk-SK\",\"potentialAction\":[{\"@type\":\"ReadAction\",\"target\":[\"https:\\\/\\\/kitenbrunn.at\\\/sk\\\/mitglied-werden\\\/standardne-kite-package-2024\\\/\"]}]},{\"@type\":\"ImageObject\",\"inLanguage\":\"sk-SK\",\"@id\":\"https:\\\/\\\/kitenbrunn.at\\\/sk\\\/mitglied-werden\\\/standardne-kite-package-2024\\\/#primaryimage\",\"url\":\"https:\\\/\\\/kitenbrunn.at\\\/wp-content\\\/uploads\\\/2022\\\/11\\\/JahrMGL.jpg\",\"contentUrl\":\"https:\\\/\\\/kitenbrunn.at\\\/wp-content\\\/uploads\\\/2022\\\/11\\\/JahrMGL.jpg\",\"width\":940,\"height\":788,\"caption\":\"Ro\u010dn\u00e9 \u010dlenstvo\"},{\"@type\":\"BreadcrumbList\",\"@id\":\"https:\\\/\\\/kitenbrunn.at\\\/sk\\\/mitglied-werden\\\/standardne-kite-package-2024\\\/#breadcrumb\",\"itemListElement\":[{\"@type\":\"ListItem\",\"position\":1,\"name\":\"Startseite\",\"item\":\"https:\\\/\\\/kitenbrunn.at\\\/sk\\\/\"},{\"@type\":\"ListItem\",\"position\":2,\"name\":\"Sta\u0165 sa \u010dlenom \\\/ Obchod\",\"item\":\"https:\\\/\\\/kitenbrunn.at\\\/sk\\\/shop\\\/\"},{\"@type\":\"ListItem\",\"position\":3,\"name\":\"Ro\u010dn\u00e9 \u010dlenstvo\"}]},{\"@type\":\"WebSite\",\"@id\":\"https:\\\/\\\/kitenbrunn.at\\\/#website\",\"url\":\"https:\\\/\\\/kitenbrunn.at\\\/\",\"name\":\"Kitenbrunn\",\"description\":\"Kitesport F\u00f6rderverein Breitenbrunn\",\"potentialAction\":[{\"@type\":\"SearchAction\",\"target\":{\"@type\":\"EntryPoint\",\"urlTemplate\":\"https:\\\/\\\/kitenbrunn.at\\\/?s={search_term_string}\"},\"query-input\":{\"@type\":\"PropertyValueSpecification\",\"valueRequired\":true,\"valueName\":\"search_term_string\"}}],\"inLanguage\":\"sk-SK\"}]}<\/script>\n<!-- \/ Yoast SEO plugin. -->","yoast_head_json":{"title":"Ro\u010dn\u00e9 \u010dlenstvo - Kitenbrunn","robots":{"index":"index","follow":"follow","max-snippet":"max-snippet:-1","max-image-preview":"max-image-preview:large","max-video-preview":"max-video-preview:-1"},"canonical":"https:\/\/kitenbrunn.at\/sk\/mitglied-werden\/standardne-kite-package-2024\/","og_locale":"sk_SK","og_type":"article","og_title":"Ro\u010dn\u00e9 \u010dlenstvo - Kitenbrunn","og_description":"v FKN \u0165a opr\u00e1vnuje kitesurfen ak si kupi\u0161 denn\u00fa alebo ro\u010dn\u00fa vstupenku pre Seebad. Platnos\u0165 : od 1.1.2022 do 31.12.2022 Popis Okrem zak\u00fapenia dennej alebo ro\u010dnej vstupenky potrebuje\u0161 povinne osobn\u00e9 poistenie a preukaz VDWS Kitelevel 5 \/ IKO Level 3 Lizenz ( Samostatn\u00fd kitesurfer a bezpe\u010dn\u00fd Upwindsurfer)","og_url":"https:\/\/kitenbrunn.at\/sk\/mitglied-werden\/standardne-kite-package-2024\/","og_site_name":"Kitenbrunn","article_modified_time":"2024-03-04T09:30:46+00:00","og_image":[{"width":940,"height":788,"url":"https:\/\/kitenbrunn.at\/wp-content\/uploads\/2022\/11\/JahrMGL.jpg","type":"image\/jpeg"}],"twitter_card":"summary_large_image","twitter_misc":{"Predpokladan\u00fd \u010das \u010d\u00edtania":"1 min\u00fata"},"schema":{"@context":"https:\/\/schema.org","@graph":[{"@type":"WebPage","@id":"https:\/\/kitenbrunn.at\/sk\/mitglied-werden\/standardne-kite-package-2024\/","url":"https:\/\/kitenbrunn.at\/sk\/mitglied-werden\/standardne-kite-package-2024\/","name":"Ro\u010dn\u00e9 \u010dlenstvo - Kitenbrunn","isPartOf":{"@id":"https:\/\/kitenbrunn.at\/#website"},"primaryImageOfPage":{"@id":"https:\/\/kitenbrunn.at\/sk\/mitglied-werden\/standardne-kite-package-2024\/#primaryimage"},"image":{"@id":"https:\/\/kitenbrunn.at\/sk\/mitglied-werden\/standardne-kite-package-2024\/#primaryimage"},"thumbnailUrl":"https:\/\/kitenbrunn.at\/wp-content\/uploads\/2022\/11\/JahrMGL.jpg","datePublished":"2022-11-10T20:18:06+00:00","dateModified":"2024-03-04T09:30:46+00:00","breadcrumb":{"@id":"https:\/\/kitenbrunn.at\/sk\/mitglied-werden\/standardne-kite-package-2024\/#breadcrumb"},"inLanguage":"sk-SK","potentialAction":[{"@type":"ReadAction","target":["https:\/\/kitenbrunn.at\/sk\/mitglied-werden\/standardne-kite-package-2024\/"]}]},{"@type":"ImageObject","inLanguage":"sk-SK","@id":"https:\/\/kitenbrunn.at\/sk\/mitglied-werden\/standardne-kite-package-2024\/#primaryimage","url":"https:\/\/kitenbrunn.at\/wp-content\/uploads\/2022\/11\/JahrMGL.jpg","contentUrl":"https:\/\/kitenbrunn.at\/wp-content\/uploads\/2022\/11\/JahrMGL.jpg","width":940,"height":788,"caption":"Ro\u010dn\u00e9 \u010dlenstvo"},{"@type":"BreadcrumbList","@id":"https:\/\/kitenbrunn.at\/sk\/mitglied-werden\/standardne-kite-package-2024\/#breadcrumb","itemListElement":[{"@type":"ListItem","position":1,"name":"Startseite","item":"https:\/\/kitenbrunn.at\/sk\/"},{"@type":"ListItem","position":2,"name":"Sta\u0165 sa \u010dlenom \/ Obchod","item":"https:\/\/kitenbrunn.at\/sk\/shop\/"},{"@type":"ListItem","position":3,"name":"Ro\u010dn\u00e9 \u010dlenstvo"}]},{"@type":"WebSite","@id":"https:\/\/kitenbrunn.at\/#website","url":"https:\/\/kitenbrunn.at\/","name":"Kitenbrunn","description":"Kitesport F\u00f6rderverein Breitenbrunn","potentialAction":[{"@type":"SearchAction","target":{"@type":"EntryPoint","urlTemplate":"https:\/\/kitenbrunn.at\/?s={search_term_string}"},"query-input":{"@type":"PropertyValueSpecification","valueRequired":true,"valueName":"search_term_string"}}],"inLanguage":"sk-SK"}]}},"_links":{"self":[{"href":"https:\/\/kitenbrunn.at\/sk\/wp-json\/wp\/v2\/product\/11117","targetHints":{"allow":["GET"]}}],"collection":[{"href":"https:\/\/kitenbrunn.at\/sk\/wp-json\/wp\/v2\/product"}],"about":[{"href":"https:\/\/kitenbrunn.at\/sk\/wp-json\/wp\/v2\/types\/product"}],"wp:featuredmedia":[{"embeddable":true,"href":"https:\/\/kitenbrunn.at\/sk\/wp-json\/wp\/v2\/media\/12169"}],"wp:attachment":[{"href":"https:\/\/kitenbrunn.at\/sk\/wp-json\/wp\/v2\/media?parent=11117"}],"wp:term":[{"taxonomy":"product_brand","embeddable":true,"href":"https:\/\/kitenbrunn.at\/sk\/wp-json\/wp\/v2\/product_brand?post=11117"},{"taxonomy":"product_cat","embeddable":true,"href":"https:\/\/kitenbrunn.at\/sk\/wp-json\/wp\/v2\/product_cat?post=11117"},{"taxonomy":"product_tag","embeddable":true,"href":"https:\/\/kitenbrunn.at\/sk\/wp-json\/wp\/v2\/product_tag?post=11117"}],"curies":[{"name":"wp","href":"https:\/\/api.w.org\/{rel}","templated":true}]}}