{"id":7518,"date":"2021-03-17T21:29:25","date_gmt":"2021-03-17T20:29:25","guid":{"rendered":"https:\/\/kitenbrunn.at\/vyhody-pre-clenov\/"},"modified":"2021-03-17T21:29:26","modified_gmt":"2021-03-17T20:29:26","slug":"vyhody-pre-clenov","status":"publish","type":"page","link":"https:\/\/kitenbrunn.at\/sk\/vyhody-pre-clenov\/","title":{"rendered":"V\u00fdhody pre \u010dlenov"},"content":{"rendered":"<p>[et_pb_section fb_built=&#8221;1&#8243; module_class=&#8221;exbox&#8221; _builder_version=&#8221;4.6.4&#8243; background_image=&#8221;https:\/\/kitenbrunn.at\/wp-content\/uploads\/2020\/09\/DSCF2130.jpg&#8221; background_position=&#8221;bottom_center&#8221; min_height=&#8221;25vh&#8221; bottom_divider_style=&#8221;wave&#8221; bottom_divider_color=&#8221;#ffffff&#8221; bottom_divider_height=&#8221;60px&#8221; bottom_divider_flip=&#8221;horizontal&#8221;][et_pb_row _builder_version=&#8221;3.27.2&#8243;][et_pb_column type=&#8221;4_4&#8243; _builder_version=&#8221;3.27.2&#8243;][et_pb_text module_class=&#8221;zitattext&#8221; _builder_version=&#8221;4.4.8&#8243; header_font=&#8221;||||||||&#8221; header_font_size=&#8221;9em&#8221; header_letter_spacing=&#8221;2px&#8221; text_orientation=&#8221;center&#8221; background_layout=&#8221;dark&#8221; custom_margin=&#8221;||220px||false|false&#8221; header_font_size_tablet=&#8221;5em&#8221; header_font_size_phone=&#8221;4em&#8221; header_font_size_last_edited=&#8221;on|phone&#8221; text_text_align=&#8221;center&#8221;]<\/p>\n<h1><span style=\"font-weight: 400;\">V\u00fdhody pre \u010dlenov<\/span><\/h1>\n<p>[\/et_pb_text][\/et_pb_column][\/et_pb_row][\/et_pb_section][et_pb_section fb_built=&#8221;1&#8243; specialty=&#8221;on&#8221; _builder_version=&#8221;4.6.4&#8243; bottom_divider_style=&#8221;wave&#8221; bottom_divider_color=&#8221;#efefef&#8221; bottom_divider_height=&#8221;40px&#8221;][et_pb_column type=&#8221;3_4&#8243; specialty_columns=&#8221;3&#8243; _builder_version=&#8221;3.25&#8243; custom_padding=&#8221;|||&#8221; custom_padding__hover=&#8221;|||&#8221;][et_pb_row_inner column_structure=&#8221;1_2,1_2&#8243; _builder_version=&#8221;4.4.8&#8243;][et_pb_column_inner type=&#8221;1_2&#8243; saved_specialty_column_type=&#8221;3_4&#8243; _builder_version=&#8221;4.4.8&#8243;][et_pb_text _builder_version=&#8221;4.6.4&#8243;]<\/p>\n<h2><span style=\"font-weight: 400;\">\u010clenstvo<\/span><\/h2>\n<p><span style=\"font-weight: 400;\">S denn\u00fdm, alebo ro\u010dn\u00fdm \u010dlenstvom m\u00f4\u017ee\u0161 regul\u00e9rne v Breitenbrunne surfova\u0165.<\/span><\/p>\n<p><b>No Limit Kitecard<\/b><span style=\"font-weight: 400;\"> umo\u017e\u0148uje ro\u010dn\u00e9 parkovanie a prejazd autom a\u017e ku Yachtclubu.<\/span><\/p>\n<p><span style=\"font-weight: 400;\">Tam m\u00f4\u017ee\u0161 vylo\u017ei\u0165 tvoj \u201estuff\u201c a zaparkova\u0165 na malom parkovisku za Campingom.<\/span><\/p>\n<p><span style=\"font-weight: 400;\">Podrobnosti najde\u0161 na vebovej str\u00e1nke.<\/span><\/p>\n<p>[\/et_pb_text][\/et_pb_column_inner][et_pb_column_inner type=&#8221;1_2&#8243; saved_specialty_column_type=&#8221;3_4&#8243; _builder_version=&#8221;4.4.8&#8243;][et_pb_blurb title=&#8221;Sta\u0165 sa \u010dlenom&#8221; image=&#8221;https:\/\/kitenbrunn.at\/wp-content\/uploads\/2019\/07\/FKN-Icon-04.svg&#8221; image_max_width=&#8221;50%&#8221; _builder_version=&#8221;3.26.2&#8243; text_orientation=&#8221;center&#8221; link_option_url=&#8221;https:\/\/kitenbrunn.at\/mitglied-werden\/&#8221;]<\/p>\n<p><span style=\"font-weight: 400;\">Sta\u0165 sa \u010dlenom aby si mohol u\u017e\u00edva\u0165 spot!<\/span><\/p>\n<p>[\/et_pb_blurb][\/et_pb_column_inner][\/et_pb_row_inner][et_pb_row_inner _builder_version=&#8221;4.5.1&#8243; _module_preset=&#8221;default&#8221; locked=&#8221;off&#8221;][et_pb_column_inner saved_specialty_column_type=&#8221;3_4&#8243; _builder_version=&#8221;4.5.1&#8243; _module_preset=&#8221;default&#8221;][et_pb_divider divider_position=&#8221;center&#8221; _builder_version=&#8221;4.5.1&#8243; _module_preset=&#8221;default&#8221;][\/et_pb_divider][\/et_pb_column_inner][\/et_pb_row_inner][et_pb_row_inner _builder_version=&#8221;4.4.8&#8243;][et_pb_column_inner saved_specialty_column_type=&#8221;3_4&#8243; _builder_version=&#8221;4.4.8&#8243;][et_pb_text _builder_version=&#8221;4.6.4&#8243;]<\/p>\n<h2>Pick-Up Service Westcoastkiters<\/h2>\n<p><span style=\"font-weight: 400;\">Ako \u010dlen m\u00f4\u017ee\u0161 vyu\u017ei\u0165 zv\u00fdhodnen\u00fd Pick-up Service.<br \/><\/span><span style=\"font-weight: 400;\">Aktu\u00e1lne je dokonca service zadarmo pre \u010dlenov FKN. Pod\u013ea princ\u00edpu: First Come-First Serve.<br \/><\/span><span style=\"font-weight: 400;\">Rezerv\u00e1cie: <\/span><a href=\"mailto:office@westcoastkiters.at\"><b>office@westcoastkiters.at<\/b><\/a><span style=\"font-weight: 400;\">, alebo +43 664 3427963<\/span><\/p>\n<p>[\/et_pb_text][et_pb_text _builder_version=&#8221;4.6.4&#8243;]<\/p>\n<p><span style=\"font-weight: 400;\">V\u00fdhody \u010dlenstva FKN m\u00f4\u017ee\u0161 vyu\u017eit aj u partnerov :<\/span><\/p>\n<p>[\/et_pb_text][et_pb_button button_url=&#8221;@ET-DC@eyJkeW5hbWljIjp0cnVlLCJjb250ZW50IjoicG9zdF9saW5rX3VybF9wYWdlIiwic2V0dGluZ3MiOnsicG9zdF9pZCI6IjU2ODEifX0=@&#8221; button_text=&#8221;Na\u0161i Partneri&#8221; _builder_version=&#8221;4.6.4&#8243; _dynamic_attributes=&#8221;button_url&#8221; _module_preset=&#8221;default&#8221;][\/et_pb_button][\/et_pb_column_inner][\/et_pb_row_inner][\/et_pb_column][et_pb_column type=&#8221;1_4&#8243; _builder_version=&#8221;3.25&#8243; custom_padding=&#8221;|||&#8221; custom_padding__hover=&#8221;|||&#8221;][et_pb_sidebar orientation=&#8221;right&#8221; area=&#8221;et_pb_widget_area_1&#8243; show_border=&#8221;off&#8221; _builder_version=&#8221;4.4.8&#8243; background_color=&#8221;#ffffff&#8221; custom_margin=&#8221;-200px||||false|false&#8221; custom_margin_tablet=&#8221;0px||||false|false&#8221; custom_margin_phone=&#8221;&#8221; custom_margin_last_edited=&#8221;on|desktop&#8221; border_radii=&#8221;off|15px|||&#8221; box_shadow_style=&#8221;preset2&#8243;][\/et_pb_sidebar][et_pb_code _builder_version=&#8221;4.6.4&#8243; divienhancer_set=&#8221;modal_popup&#8221; divienhancer_modal_popup=&#8221;divienhancer-modalpopup&#8221; divienhancer_modal_overlay=&#8221;rgba(51,51,51,0.75)&#8221; divienhancer_modal_button_text=&#8221;Windguru&#8221; divienhancer_modal_button_css=&#8221;background-color:#9ab5df; color:#fff; font-size: 22px;<\/p>\n<p>&#8221; divienhancer_modal_box_css=&#8221;top: 50%; left: 50%; width: 80%; max-width: 1800px; min-width: 340px; height: auto; &#8220;]<script id=\"wg_fwdg_753673_45_1568796586750\"><!-- [et_pb_line_break_holder] -->(function (window, document) {<!-- [et_pb_line_break_holder] -->  var loader = function () {<!-- [et_pb_line_break_holder] -->    var arg = [\"s=753673\",\"m=45\",\"uid=wg_fwdg_753673_45_1568796586750\",\"wj=knots\",\"tj=c\",\"odh=8\",\"doh=20\",\"fhours=168\",\"vt=forecasts\",\"lng=de\",<!-- [et_pb_line_break_holder] -->   \"p=WINDSPD,GUST,MWINDSPD,SMER,TMPE,FLHGT,CDC,APCPs,RATING\"];<!-- [et_pb_line_break_holder] -->    var script = document.createElement(\"script\");<!-- [et_pb_line_break_holder] -->    var tag = document.getElementsByTagName(\"script\")[0];<!-- [et_pb_line_break_holder] -->    script.src = \"https:\/\/www.windguru.cz\/js\/widget.php?\"+(arg.join(\"&\"));<!-- [et_pb_line_break_holder] -->    tag.parentNode.insertBefore(script, tag);<!-- [et_pb_line_break_holder] -->  };<!-- [et_pb_line_break_holder] -->  window.addEventListener ? window.addEventListener(\"load\", loader, false) : window.attachEvent(\"onload\", loader);<!-- [et_pb_line_break_holder] -->})(window, document);<!-- [et_pb_line_break_holder] --><\/script><!-- [et_pb_line_break_holder] -->[\/et_pb_code][\/et_pb_column][\/et_pb_section]<\/p>\n","protected":false},"excerpt":{"rendered":"<p>V\u00fdhody pre \u010dlenov\u010clenstvo S denn\u00fdm, alebo ro\u010dn\u00fdm \u010dlenstvom m\u00f4\u017ee\u0161 regul\u00e9rne v Breitenbrunne surfova\u0165. No Limit Kitecard umo\u017e\u0148uje ro\u010dn\u00e9 parkovanie a prejazd autom a\u017e ku Yachtclubu. Tam m\u00f4\u017ee\u0161 vylo\u017ei\u0165 tvoj \u201estuff\u201c a zaparkova\u0165 na malom parkovisku za Campingom. Podrobnosti najde\u0161 na vebovej str\u00e1nke.Sta\u0165 sa \u010dlenom aby si mohol u\u017e\u00edva\u0165 spot!Pick-Up Service Westcoastkiters Ako \u010dlen m\u00f4\u017ee\u0161 vyu\u017ei\u0165 [&hellip;]<\/p>\n","protected":false},"author":204,"featured_media":0,"parent":0,"menu_order":0,"comment_status":"closed","ping_status":"closed","template":"","meta":{"_et_pb_use_builder":"on","_et_pb_old_content":"","_et_gb_content_width":"","_price":"","_stock":"","_tribe_ticket_header":"","_tribe_default_ticket_provider":"","_ticket_start_date":"","_ticket_end_date":"","_tribe_ticket_show_description":"","_tribe_ticket_show_not_going":false,"_tribe_ticket_use_global_stock":"","_tribe_ticket_global_stock_level":"","_global_stock_mode":"","_global_stock_cap":"","_tribe_rsvp_for_event":"","_tribe_ticket_going_count":"","_tribe_ticket_not_going_count":"","_tribe_tickets_list":"[]","_tribe_ticket_has_attendee_info_fields":false,"footnotes":"","_tec_slr_enabled":"","_tec_slr_layout":""},"class_list":["post-7518","page","type-page","status-publish","hentry"],"yoast_head":"<!-- This site is optimized with the Yoast SEO plugin v27.5 - https:\/\/yoast.com\/product\/yoast-seo-wordpress\/ -->\n<title>V\u00fdhody pre \u010dlenov - Kitenbrunn<\/title>\n<meta name=\"robots\" content=\"index, follow, max-snippet:-1, max-image-preview:large, max-video-preview:-1\" \/>\n<link rel=\"canonical\" href=\"https:\/\/kitenbrunn.at\/sk\/vyhody-pre-clenov\/\" \/>\n<meta property=\"og:locale\" content=\"sk_SK\" \/>\n<meta property=\"og:type\" content=\"article\" \/>\n<meta property=\"og:title\" content=\"V\u00fdhody pre \u010dlenov - Kitenbrunn\" \/>\n<meta property=\"og:description\" content=\"V\u00fdhody pre \u010dlenov\u010clenstvo S denn\u00fdm, alebo ro\u010dn\u00fdm \u010dlenstvom m\u00f4\u017ee\u0161 regul\u00e9rne v Breitenbrunne surfova\u0165. No Limit Kitecard umo\u017e\u0148uje ro\u010dn\u00e9 parkovanie a prejazd autom a\u017e ku Yachtclubu. Tam m\u00f4\u017ee\u0161 vylo\u017ei\u0165 tvoj \u201estuff\u201c a zaparkova\u0165 na malom parkovisku za Campingom. Podrobnosti najde\u0161 na vebovej str\u00e1nke.Sta\u0165 sa \u010dlenom aby si mohol u\u017e\u00edva\u0165 spot!Pick-Up Service Westcoastkiters Ako \u010dlen m\u00f4\u017ee\u0161 vyu\u017ei\u0165 [&hellip;]\" \/>\n<meta property=\"og:url\" content=\"https:\/\/kitenbrunn.at\/sk\/vyhody-pre-clenov\/\" \/>\n<meta property=\"og:site_name\" content=\"Kitenbrunn\" \/>\n<meta property=\"article:modified_time\" content=\"2021-03-17T20:29:26+00:00\" \/>\n<meta property=\"og:image\" content=\"https:\/\/kitenbrunn.at\/wp-content\/uploads\/2020\/10\/FKN_FB_Sharing-scaled.jpg\" \/>\n\t<meta property=\"og:image:width\" content=\"2560\" \/>\n\t<meta property=\"og:image:height\" content=\"1345\" \/>\n\t<meta property=\"og:image:type\" content=\"image\/jpeg\" \/>\n<meta name=\"twitter:card\" content=\"summary_large_image\" \/>\n<meta name=\"twitter:label1\" content=\"Predpokladan\u00fd \u010das \u010d\u00edtania\" \/>\n\t<meta name=\"twitter:data1\" content=\"3 min\u00faty\" \/>\n<script type=\"application\/ld+json\" class=\"yoast-schema-graph\">{\"@context\":\"https:\\\/\\\/schema.org\",\"@graph\":[{\"@type\":\"WebPage\",\"@id\":\"https:\\\/\\\/kitenbrunn.at\\\/sk\\\/vyhody-pre-clenov\\\/\",\"url\":\"https:\\\/\\\/kitenbrunn.at\\\/sk\\\/vyhody-pre-clenov\\\/\",\"name\":\"V\u00fdhody pre \u010dlenov - Kitenbrunn\",\"isPartOf\":{\"@id\":\"https:\\\/\\\/kitenbrunn.at\\\/#website\"},\"datePublished\":\"2021-03-17T20:29:25+00:00\",\"dateModified\":\"2021-03-17T20:29:26+00:00\",\"breadcrumb\":{\"@id\":\"https:\\\/\\\/kitenbrunn.at\\\/sk\\\/vyhody-pre-clenov\\\/#breadcrumb\"},\"inLanguage\":\"sk-SK\",\"potentialAction\":[{\"@type\":\"ReadAction\",\"target\":[\"https:\\\/\\\/kitenbrunn.at\\\/sk\\\/vyhody-pre-clenov\\\/\"]}]},{\"@type\":\"BreadcrumbList\",\"@id\":\"https:\\\/\\\/kitenbrunn.at\\\/sk\\\/vyhody-pre-clenov\\\/#breadcrumb\",\"itemListElement\":[{\"@type\":\"ListItem\",\"position\":1,\"name\":\"Startseite\",\"item\":\"https:\\\/\\\/kitenbrunn.at\\\/sk\\\/\"},{\"@type\":\"ListItem\",\"position\":2,\"name\":\"V\u00fdhody pre \u010dlenov\"}]},{\"@type\":\"WebSite\",\"@id\":\"https:\\\/\\\/kitenbrunn.at\\\/#website\",\"url\":\"https:\\\/\\\/kitenbrunn.at\\\/\",\"name\":\"Kitenbrunn\",\"description\":\"Kitesport F\u00f6rderverein Breitenbrunn\",\"potentialAction\":[{\"@type\":\"SearchAction\",\"target\":{\"@type\":\"EntryPoint\",\"urlTemplate\":\"https:\\\/\\\/kitenbrunn.at\\\/?s={search_term_string}\"},\"query-input\":{\"@type\":\"PropertyValueSpecification\",\"valueRequired\":true,\"valueName\":\"search_term_string\"}}],\"inLanguage\":\"sk-SK\"}]}<\/script>\n<!-- \/ Yoast SEO plugin. -->","yoast_head_json":{"title":"V\u00fdhody pre \u010dlenov - Kitenbrunn","robots":{"index":"index","follow":"follow","max-snippet":"max-snippet:-1","max-image-preview":"max-image-preview:large","max-video-preview":"max-video-preview:-1"},"canonical":"https:\/\/kitenbrunn.at\/sk\/vyhody-pre-clenov\/","og_locale":"sk_SK","og_type":"article","og_title":"V\u00fdhody pre \u010dlenov - Kitenbrunn","og_description":"V\u00fdhody pre \u010dlenov\u010clenstvo S denn\u00fdm, alebo ro\u010dn\u00fdm \u010dlenstvom m\u00f4\u017ee\u0161 regul\u00e9rne v Breitenbrunne surfova\u0165. No Limit Kitecard umo\u017e\u0148uje ro\u010dn\u00e9 parkovanie a prejazd autom a\u017e ku Yachtclubu. Tam m\u00f4\u017ee\u0161 vylo\u017ei\u0165 tvoj \u201estuff\u201c a zaparkova\u0165 na malom parkovisku za Campingom. Podrobnosti najde\u0161 na vebovej str\u00e1nke.Sta\u0165 sa \u010dlenom aby si mohol u\u017e\u00edva\u0165 spot!Pick-Up Service Westcoastkiters Ako \u010dlen m\u00f4\u017ee\u0161 vyu\u017ei\u0165 [&hellip;]","og_url":"https:\/\/kitenbrunn.at\/sk\/vyhody-pre-clenov\/","og_site_name":"Kitenbrunn","article_modified_time":"2021-03-17T20:29:26+00:00","og_image":[{"width":2560,"height":1345,"url":"https:\/\/kitenbrunn.at\/wp-content\/uploads\/2020\/10\/FKN_FB_Sharing-scaled.jpg","type":"image\/jpeg"}],"twitter_card":"summary_large_image","twitter_misc":{"Predpokladan\u00fd \u010das \u010d\u00edtania":"3 min\u00faty"},"schema":{"@context":"https:\/\/schema.org","@graph":[{"@type":"WebPage","@id":"https:\/\/kitenbrunn.at\/sk\/vyhody-pre-clenov\/","url":"https:\/\/kitenbrunn.at\/sk\/vyhody-pre-clenov\/","name":"V\u00fdhody pre \u010dlenov - Kitenbrunn","isPartOf":{"@id":"https:\/\/kitenbrunn.at\/#website"},"datePublished":"2021-03-17T20:29:25+00:00","dateModified":"2021-03-17T20:29:26+00:00","breadcrumb":{"@id":"https:\/\/kitenbrunn.at\/sk\/vyhody-pre-clenov\/#breadcrumb"},"inLanguage":"sk-SK","potentialAction":[{"@type":"ReadAction","target":["https:\/\/kitenbrunn.at\/sk\/vyhody-pre-clenov\/"]}]},{"@type":"BreadcrumbList","@id":"https:\/\/kitenbrunn.at\/sk\/vyhody-pre-clenov\/#breadcrumb","itemListElement":[{"@type":"ListItem","position":1,"name":"Startseite","item":"https:\/\/kitenbrunn.at\/sk\/"},{"@type":"ListItem","position":2,"name":"V\u00fdhody pre \u010dlenov"}]},{"@type":"WebSite","@id":"https:\/\/kitenbrunn.at\/#website","url":"https:\/\/kitenbrunn.at\/","name":"Kitenbrunn","description":"Kitesport F\u00f6rderverein Breitenbrunn","potentialAction":[{"@type":"SearchAction","target":{"@type":"EntryPoint","urlTemplate":"https:\/\/kitenbrunn.at\/?s={search_term_string}"},"query-input":{"@type":"PropertyValueSpecification","valueRequired":true,"valueName":"search_term_string"}}],"inLanguage":"sk-SK"}]}},"ticketed":false,"_links":{"self":[{"href":"https:\/\/kitenbrunn.at\/sk\/wp-json\/wp\/v2\/pages\/7518","targetHints":{"allow":["GET"]}}],"collection":[{"href":"https:\/\/kitenbrunn.at\/sk\/wp-json\/wp\/v2\/pages"}],"about":[{"href":"https:\/\/kitenbrunn.at\/sk\/wp-json\/wp\/v2\/types\/page"}],"author":[{"embeddable":true,"href":"https:\/\/kitenbrunn.at\/sk\/wp-json\/wp\/v2\/users\/204"}],"replies":[{"embeddable":true,"href":"https:\/\/kitenbrunn.at\/sk\/wp-json\/wp\/v2\/comments?post=7518"}],"version-history":[{"count":2,"href":"https:\/\/kitenbrunn.at\/sk\/wp-json\/wp\/v2\/pages\/7518\/revisions"}],"predecessor-version":[{"id":7520,"href":"https:\/\/kitenbrunn.at\/sk\/wp-json\/wp\/v2\/pages\/7518\/revisions\/7520"}],"wp:attachment":[{"href":"https:\/\/kitenbrunn.at\/sk\/wp-json\/wp\/v2\/media?parent=7518"}],"curies":[{"name":"wp","href":"https:\/\/api.w.org\/{rel}","templated":true}]}}