{"id":7505,"date":"2021-03-17T21:21:33","date_gmt":"2021-03-17T20:21:33","guid":{"rendered":"https:\/\/kitenbrunn.at\/spot\/"},"modified":"2021-08-02T07:42:38","modified_gmt":"2021-08-02T05:42:38","slug":"spot","status":"publish","type":"page","link":"https:\/\/kitenbrunn.at\/sk\/spot\/","title":{"rendered":"Spot"},"content":{"rendered":"<p>[et_pb_section fb_built=&#8221;1&#8243; module_class=&#8221;exbox&#8221; _builder_version=&#8221;4.5.1&#8243; background_image=&#8221;https:\/\/kitenbrunn.at\/wp-content\/uploads\/2020\/09\/FKN2020-13.jpg&#8221; min_height=&#8221;25vh&#8221; bottom_divider_style=&#8221;wave&#8221; bottom_divider_color=&#8221;#ffffff&#8221; bottom_divider_height=&#8221;60px&#8221; bottom_divider_flip=&#8221;horizontal&#8221;][et_pb_row _builder_version=&#8221;3.27.2&#8243;][et_pb_column type=&#8221;4_4&#8243; _builder_version=&#8221;3.27.2&#8243;][et_pb_text module_class=&#8221;zitattext&#8221; _builder_version=&#8221;4.5.1&#8243; header_font=&#8221;||||||||&#8221; header_font_size=&#8221;9em&#8221; header_letter_spacing=&#8221;2px&#8221; text_orientation=&#8221;center&#8221; background_layout=&#8221;dark&#8221; custom_margin=&#8221;||220px||false|false&#8221; header_font_size_tablet=&#8221;5em&#8221; header_font_size_phone=&#8221;4em&#8221; header_font_size_last_edited=&#8221;on|phone&#8221; text_text_align=&#8221;center&#8221;]<\/p>\n<h1><span style=\"font-weight: 400;\">Breitenbrunn na Westcoast<\/span><\/h1>\n<p>[\/et_pb_text][\/et_pb_column][\/et_pb_row][\/et_pb_section][et_pb_section fb_built=&#8221;1&#8243; specialty=&#8221;on&#8221; _builder_version=&#8221;4.4.8&#8243; bottom_divider_color=&#8221;#333333&#8243; bottom_divider_height=&#8221;40px&#8221;][et_pb_column type=&#8221;3_4&#8243; specialty_columns=&#8221;3&#8243; _builder_version=&#8221;3.25&#8243; custom_padding=&#8221;|||&#8221; custom_padding__hover=&#8221;|||&#8221;][et_pb_row_inner _builder_version=&#8221;4.4.8&#8243;][et_pb_column_inner saved_specialty_column_type=&#8221;3_4&#8243; _builder_version=&#8221;4.4.8&#8243;][et_pb_text _builder_version=&#8221;4.5.1&#8243;]<\/p>\n<h2><span style=\"font-weight: 400;\">Plytk\u00e1 voda a vlny<\/span><\/h2>\n<p><span style=\"font-weight: 400;\">Breitenbrunn je pri side-onshore vetre z juhu ako TEN SPOT! na Neusiedlersee. <\/span><span style=\"font-weight: 400;\">Pri ostrovoch s r\u00e1kos\u00edm s\u00fa mnoh\u00e9 plytk\u00e9 miesta pre r\u00f4zne stupne \u0161ikovnosti ako aj vlny pre <\/span><span style=\"font-weight: 400;\">r\u00f4zne hri\u010dky s TwinTip a voln\u00e9 Turns s Directional. <\/span><span style=\"font-weight: 400;\">Side-offshor vietor zo severoz\u00e1padu je n\u00e1razov\u00fd ale pon\u00faka perfektn\u00e9 plytk\u00e9 miesta. <\/span><span style=\"font-weight: 400;\">Bahnit\u00e9 dno zabranuje zraneniam v plytkej vode. <\/span><span style=\"font-weight: 400;\">Okrem toho chr\u00e1ni materi\u00e1l, obzvla\u0161\u0165 ak ma\u0161 Foil surf. <\/span><span style=\"font-weight: 400;\">Jednoducho \u010dak\u00e1 \u0165a pekn\u00e9 ihrisko na vodnej ploche a bezpe\u010dn\u00e9 naberanie v\u00fd\u0161ky.<\/span><\/p>\n<p>[\/et_pb_text][\/et_pb_column_inner][\/et_pb_row_inner][et_pb_row_inner _builder_version=&#8221;4.5.1&#8243; _module_preset=&#8221;default&#8221; locked=&#8221;off&#8221;][et_pb_column_inner saved_specialty_column_type=&#8221;3_4&#8243; _builder_version=&#8221;4.5.1&#8243; _module_preset=&#8221;default&#8221;][et_pb_divider divider_position=&#8221;center&#8221; _builder_version=&#8221;4.5.1&#8243; _module_preset=&#8221;default&#8221;][\/et_pb_divider][\/et_pb_column_inner][\/et_pb_row_inner][et_pb_row_inner _builder_version=&#8221;3.25&#8243; custom_margin=&#8221;||0px&#8221; custom_padding=&#8221;||0px&#8221; locked=&#8221;off&#8221;][et_pb_column_inner saved_specialty_column_type=&#8221;3_4&#8243; _builder_version=&#8221;3.25&#8243; custom_padding=&#8221;|||&#8221; custom_padding__hover=&#8221;|||&#8221;][et_pb_text admin_label=&#8221;live&#8221; _builder_version=&#8221;4.5.1&#8243;]<\/p>\n<h2><span style=\"font-weight: 400;\">Na\u017eivo z tohto bodu, zo Spot-u<\/span><\/h2>\n<p>[\/et_pb_text][et_pb_text admin_label=&#8221;iframe&#8221; _builder_version=&#8221;4.5.1&#8243;]<\/p>\n<p><iframe style=\"display: block; margin: 0; padding: 0; height: 800px; width: 100%; border: none;\" src=\"https:\/\/seebad-breitenbrunn.it-wms.com\/\" frameborder=\"0\" scrolling=\"no\"><\/iframe><\/p>\n<p>[\/et_pb_text][et_pb_button button_url=&#8221;https:\/\/seebad-breitenbrunn.it-wms.com\/&#8221; url_new_window=&#8221;on&#8221; button_text=&#8221;Probl\u00e9m s Webcam? Klikni tu!&#8221; button_alignment=&#8221;center&#8221; _builder_version=&#8221;4.5.1&#8243;][\/et_pb_button][\/et_pb_column_inner][\/et_pb_row_inner][et_pb_row_inner _builder_version=&#8221;4.5.1&#8243; _module_preset=&#8221;default&#8221; locked=&#8221;off&#8221;][et_pb_column_inner saved_specialty_column_type=&#8221;3_4&#8243; _builder_version=&#8221;4.5.1&#8243; _module_preset=&#8221;default&#8221;][et_pb_divider divider_position=&#8221;center&#8221; _builder_version=&#8221;4.5.1&#8243; _module_preset=&#8221;default&#8221;][\/et_pb_divider][\/et_pb_column_inner][\/et_pb_row_inner][et_pb_row_inner column_structure=&#8221;1_2,1_2&#8243; _builder_version=&#8221;4.4.8&#8243;][et_pb_column_inner type=&#8221;1_2&#8243; saved_specialty_column_type=&#8221;3_4&#8243; _builder_version=&#8221;4.4.8&#8243;][et_pb_text _builder_version=&#8221;4.5.1&#8243;]<\/p>\n<h2><span style=\"font-weight: 400;\">Surfing na jazere<\/span><\/h2>\n<p><span style=\"font-weight: 400;\">\u013eahk\u00e9 vetern\u00e9 podmienky\u00a0 v Breitebrunne umo\u017e\u0148uj\u00fa ho menova\u0165 ako spot aj pre Foil-surf. <\/span><span style=\"font-weight: 400;\">Tak isto sa vyvinulo nad\u0161enie pre Wingsurfing a Windsurfing. \u0161kola surfingu Fritz&amp;kits je u\u017e 30 rokov ved\u013ea Maj\u00e1ka. <\/span><span style=\"font-weight: 400;\">M\u00e1me spolo\u010dn\u00fa l\u00e1sku ku Spotu a \u0161portu. Spolo\u010dne a s re\u0161pektom vo vode a na suchu!<\/span><\/p>\n<p>[\/et_pb_text][\/et_pb_column_inner][et_pb_column_inner type=&#8221;1_2&#8243; saved_specialty_column_type=&#8221;3_4&#8243; _builder_version=&#8221;4.4.8&#8243;][et_pb_text _builder_version=&#8221;4.5.1&#8243;]<\/p>\n<h2><span style=\"font-weight: 400;\">Zodpovednos\u0165 a istota<\/span><\/h2>\n<p><span style=\"font-weight: 400;\">Po\u010das juhovetern\u00fdch dn\u00ed je miesto na breho obmedzen\u00e9, preto je bezpe\u010dn\u00fd \u0161tart a prist\u00e1tie podriaden\u00e9 absolutnej bezpe\u010dnosti. <\/span><span style=\"font-weight: 400;\">\u0161tart a prist\u00e1tie je ozna\u010den\u00e9 v bl\u00edzkosti maj\u00e1ka. Rad\u00edme ti nesurfuj s\u00e1m. <\/span><span style=\"font-weight: 400;\">Pre ot\u00e1zky : spot, \u0161kolenie, lodn\u00fd prevoz, po\u017ei\u010danie SUP je ti k dispoz\u00edcii Ronald Kittag a Kiteschule Westcoatkiters. <\/span><span style=\"font-weight: 400;\">Predt\u00fdm ako vst\u00fapi\u0161 do vody, pozri pros\u00edm pravidl\u00e1 kitesportu.<\/span><\/p>\n<p>[\/et_pb_text][\/et_pb_column_inner][\/et_pb_row_inner][\/et_pb_column][et_pb_column type=&#8221;1_4&#8243; _builder_version=&#8221;3.25&#8243; custom_padding=&#8221;|||&#8221; custom_padding__hover=&#8221;|||&#8221;][et_pb_sidebar orientation=&#8221;right&#8221; area=&#8221;et_pb_widget_area_1&#8243; show_border=&#8221;off&#8221; _builder_version=&#8221;4.4.8&#8243; background_color=&#8221;#ffffff&#8221; custom_margin=&#8221;-200px||||false|false&#8221; custom_margin_tablet=&#8221;0px||||false|false&#8221; custom_margin_phone=&#8221;&#8221; custom_margin_last_edited=&#8221;on|desktop&#8221; border_radii=&#8221;off|15px|||&#8221; box_shadow_style=&#8221;preset2&#8243;][\/et_pb_sidebar][et_pb_code _builder_version=&#8221;3.29.2&#8243; divienhancer_set=&#8221;modal_popup&#8221; divienhancer_modal_popup=&#8221;divienhancer-modalpopup&#8221; divienhancer_modal_overlay=&#8221;rgba(51,51,51,0.75)&#8221; divienhancer_modal_button_text=&#8221;Windguru&#8221; divienhancer_modal_button_css=&#8221;background-color:#9ab5df; color:#fff; font-size: 22px;<\/p>\n<p>&#8221; divienhancer_modal_box_css=&#8221;top: 50%; left: 50%; width: 80%; max-width: 1800px; min-width: 340px; height: auto; &#8220;]<pee><script id=\"wg_fwdg_753673_45_1568796586750\"><!-- [et_pb_line_break_holder] -->(function (window, document) {<!-- [et_pb_line_break_holder] -->  var loader = function () {<!-- [et_pb_line_break_holder] -->    var arg = [\"s=753673\",\"m=45\",\"uid=wg_fwdg_753673_45_1568796586750\",\"wj=knots\",\"tj=c\",\"odh=8\",\"doh=20\",\"fhours=168\",\"vt=forecasts\",\"lng=de\",<!-- [et_pb_line_break_holder] -->   \"p=WINDSPD,GUST,MWINDSPD,SMER,TMPE,FLHGT,CDC,APCPs,RATING\"];<!-- [et_pb_line_break_holder] -->    var script = document.createElement(\"script\");<!-- [et_pb_line_break_holder] -->    var tag = document.getElementsByTagName(\"script\")[0];<!-- [et_pb_line_break_holder] -->    script.src = \"https:\/\/www.windguru.cz\/js\/widget.php?\"+(arg.join(\"&\"));<!-- [et_pb_line_break_holder] -->    tag.parentNode.insertBefore(script, tag);<!-- [et_pb_line_break_holder] -->  };<!-- [et_pb_line_break_holder] -->  window.addEventListener ? window.addEventListener(\"load\", loader, false) : window.attachEvent(\"onload\", loader);<!-- [et_pb_line_break_holder] -->})(window, document);<!-- [et_pb_line_break_holder] --><\/script><\/pee>\n<!-- [et_pb_line_break_holder] -->[\/et_pb_code][\/et_pb_column][\/et_pb_section][et_pb_section fb_built=&#8221;1&#8243; fullwidth=&#8221;on&#8221; _builder_version=&#8221;4.6.4&#8243; top_divider_style=&#8221;wave&#8221; top_divider_color=&#8221;#ffffff&#8221; top_divider_height=&#8221;75px&#8221; top_divider_flip=&#8221;horizontal&#8221; bottom_divider_style=&#8221;wave&#8221; bottom_divider_color=&#8221;#efefef&#8221; bottom_divider_height=&#8221;60px&#8221; bottom_divider_flip=&#8221;horizontal&#8221; locked=&#8221;off&#8221;][et_pb_fullwidth_image src=&#8221;https:\/\/kitenbrunn.at\/wp-content\/uploads\/2020\/06\/header-new-6.jpg&#8221; title_text=&#8221;header-new-6&#8243; _builder_version=&#8221;4.4.8&#8243;][\/et_pb_fullwidth_image][\/et_pb_section]<\/p>\n","protected":false},"excerpt":{"rendered":"<p>Breitenbrunn na WestcoastPlytk\u00e1 voda a vlny Breitenbrunn je pri side-onshore vetre z juhu ako TEN SPOT! na Neusiedlersee. Pri ostrovoch s r\u00e1kos\u00edm s\u00fa mnoh\u00e9 plytk\u00e9 miesta pre r\u00f4zne stupne \u0161ikovnosti ako aj vlny pre r\u00f4zne hri\u010dky s TwinTip a voln\u00e9 Turns s Directional. Side-offshor vietor zo severoz\u00e1padu je n\u00e1razov\u00fd ale pon\u00faka perfektn\u00e9 plytk\u00e9 miesta. Bahnit\u00e9 [&hellip;]<\/p>\n","protected":false},"author":204,"featured_media":0,"parent":0,"menu_order":0,"comment_status":"closed","ping_status":"closed","template":"","meta":{"_et_pb_use_builder":"on","_et_pb_old_content":"","_et_gb_content_width":"","_price":"","_stock":"","_tribe_ticket_header":"","_tribe_default_ticket_provider":"","_ticket_start_date":"","_ticket_end_date":"","_tribe_ticket_show_description":"","_tribe_ticket_show_not_going":false,"_tribe_ticket_use_global_stock":"","_tribe_ticket_global_stock_level":"","_global_stock_mode":"","_global_stock_cap":"","_tribe_rsvp_for_event":"","_tribe_ticket_going_count":"","_tribe_ticket_not_going_count":"","_tribe_tickets_list":"[]","_tribe_ticket_has_attendee_info_fields":false,"footnotes":"","_tec_slr_enabled":"","_tec_slr_layout":""},"class_list":["post-7505","page","type-page","status-publish","hentry"],"yoast_head":"<!-- This site is optimized with the Yoast SEO plugin v27.5 - https:\/\/yoast.com\/product\/yoast-seo-wordpress\/ -->\n<title>Spot - Kitenbrunn<\/title>\n<meta name=\"robots\" content=\"index, follow, max-snippet:-1, max-image-preview:large, max-video-preview:-1\" \/>\n<link rel=\"canonical\" href=\"https:\/\/kitenbrunn.at\/sk\/spot\/\" \/>\n<meta property=\"og:locale\" content=\"sk_SK\" \/>\n<meta property=\"og:type\" content=\"article\" \/>\n<meta property=\"og:title\" content=\"Spot - Kitenbrunn\" \/>\n<meta property=\"og:description\" content=\"Breitenbrunn na WestcoastPlytk\u00e1 voda a vlny Breitenbrunn je pri side-onshore vetre z juhu ako TEN SPOT! na Neusiedlersee. Pri ostrovoch s r\u00e1kos\u00edm s\u00fa mnoh\u00e9 plytk\u00e9 miesta pre r\u00f4zne stupne \u0161ikovnosti ako aj vlny pre r\u00f4zne hri\u010dky s TwinTip a voln\u00e9 Turns s Directional. Side-offshor vietor zo severoz\u00e1padu je n\u00e1razov\u00fd ale pon\u00faka perfektn\u00e9 plytk\u00e9 miesta. Bahnit\u00e9 [&hellip;]\" \/>\n<meta property=\"og:url\" content=\"https:\/\/kitenbrunn.at\/sk\/spot\/\" \/>\n<meta property=\"og:site_name\" content=\"Kitenbrunn\" \/>\n<meta property=\"article:modified_time\" content=\"2021-08-02T05:42:38+00:00\" \/>\n<meta property=\"og:image\" content=\"https:\/\/kitenbrunn.at\/wp-content\/uploads\/2020\/10\/FKN_FB_Sharing-scaled.jpg\" \/>\n\t<meta property=\"og:image:width\" content=\"2560\" \/>\n\t<meta property=\"og:image:height\" content=\"1345\" \/>\n\t<meta property=\"og:image:type\" content=\"image\/jpeg\" \/>\n<meta name=\"twitter:card\" content=\"summary_large_image\" \/>\n<meta name=\"twitter:label1\" content=\"Predpokladan\u00fd \u010das \u010d\u00edtania\" \/>\n\t<meta name=\"twitter:data1\" content=\"4 min\u00faty\" \/>\n<script type=\"application\/ld+json\" class=\"yoast-schema-graph\">{\"@context\":\"https:\\\/\\\/schema.org\",\"@graph\":[{\"@type\":\"WebPage\",\"@id\":\"https:\\\/\\\/kitenbrunn.at\\\/sk\\\/spot\\\/\",\"url\":\"https:\\\/\\\/kitenbrunn.at\\\/sk\\\/spot\\\/\",\"name\":\"Spot - Kitenbrunn\",\"isPartOf\":{\"@id\":\"https:\\\/\\\/kitenbrunn.at\\\/#website\"},\"datePublished\":\"2021-03-17T20:21:33+00:00\",\"dateModified\":\"2021-08-02T05:42:38+00:00\",\"breadcrumb\":{\"@id\":\"https:\\\/\\\/kitenbrunn.at\\\/sk\\\/spot\\\/#breadcrumb\"},\"inLanguage\":\"sk-SK\",\"potentialAction\":[{\"@type\":\"ReadAction\",\"target\":[\"https:\\\/\\\/kitenbrunn.at\\\/sk\\\/spot\\\/\"]}]},{\"@type\":\"BreadcrumbList\",\"@id\":\"https:\\\/\\\/kitenbrunn.at\\\/sk\\\/spot\\\/#breadcrumb\",\"itemListElement\":[{\"@type\":\"ListItem\",\"position\":1,\"name\":\"Startseite\",\"item\":\"https:\\\/\\\/kitenbrunn.at\\\/sk\\\/\"},{\"@type\":\"ListItem\",\"position\":2,\"name\":\"Spot\"}]},{\"@type\":\"WebSite\",\"@id\":\"https:\\\/\\\/kitenbrunn.at\\\/#website\",\"url\":\"https:\\\/\\\/kitenbrunn.at\\\/\",\"name\":\"Kitenbrunn\",\"description\":\"Kitesport F\u00f6rderverein Breitenbrunn\",\"potentialAction\":[{\"@type\":\"SearchAction\",\"target\":{\"@type\":\"EntryPoint\",\"urlTemplate\":\"https:\\\/\\\/kitenbrunn.at\\\/?s={search_term_string}\"},\"query-input\":{\"@type\":\"PropertyValueSpecification\",\"valueRequired\":true,\"valueName\":\"search_term_string\"}}],\"inLanguage\":\"sk-SK\"}]}<\/script>\n<!-- \/ Yoast SEO plugin. -->","yoast_head_json":{"title":"Spot - Kitenbrunn","robots":{"index":"index","follow":"follow","max-snippet":"max-snippet:-1","max-image-preview":"max-image-preview:large","max-video-preview":"max-video-preview:-1"},"canonical":"https:\/\/kitenbrunn.at\/sk\/spot\/","og_locale":"sk_SK","og_type":"article","og_title":"Spot - Kitenbrunn","og_description":"Breitenbrunn na WestcoastPlytk\u00e1 voda a vlny Breitenbrunn je pri side-onshore vetre z juhu ako TEN SPOT! na Neusiedlersee. Pri ostrovoch s r\u00e1kos\u00edm s\u00fa mnoh\u00e9 plytk\u00e9 miesta pre r\u00f4zne stupne \u0161ikovnosti ako aj vlny pre r\u00f4zne hri\u010dky s TwinTip a voln\u00e9 Turns s Directional. Side-offshor vietor zo severoz\u00e1padu je n\u00e1razov\u00fd ale pon\u00faka perfektn\u00e9 plytk\u00e9 miesta. Bahnit\u00e9 [&hellip;]","og_url":"https:\/\/kitenbrunn.at\/sk\/spot\/","og_site_name":"Kitenbrunn","article_modified_time":"2021-08-02T05:42:38+00:00","og_image":[{"width":2560,"height":1345,"url":"https:\/\/kitenbrunn.at\/wp-content\/uploads\/2020\/10\/FKN_FB_Sharing-scaled.jpg","type":"image\/jpeg"}],"twitter_card":"summary_large_image","twitter_misc":{"Predpokladan\u00fd \u010das \u010d\u00edtania":"4 min\u00faty"},"schema":{"@context":"https:\/\/schema.org","@graph":[{"@type":"WebPage","@id":"https:\/\/kitenbrunn.at\/sk\/spot\/","url":"https:\/\/kitenbrunn.at\/sk\/spot\/","name":"Spot - Kitenbrunn","isPartOf":{"@id":"https:\/\/kitenbrunn.at\/#website"},"datePublished":"2021-03-17T20:21:33+00:00","dateModified":"2021-08-02T05:42:38+00:00","breadcrumb":{"@id":"https:\/\/kitenbrunn.at\/sk\/spot\/#breadcrumb"},"inLanguage":"sk-SK","potentialAction":[{"@type":"ReadAction","target":["https:\/\/kitenbrunn.at\/sk\/spot\/"]}]},{"@type":"BreadcrumbList","@id":"https:\/\/kitenbrunn.at\/sk\/spot\/#breadcrumb","itemListElement":[{"@type":"ListItem","position":1,"name":"Startseite","item":"https:\/\/kitenbrunn.at\/sk\/"},{"@type":"ListItem","position":2,"name":"Spot"}]},{"@type":"WebSite","@id":"https:\/\/kitenbrunn.at\/#website","url":"https:\/\/kitenbrunn.at\/","name":"Kitenbrunn","description":"Kitesport F\u00f6rderverein Breitenbrunn","potentialAction":[{"@type":"SearchAction","target":{"@type":"EntryPoint","urlTemplate":"https:\/\/kitenbrunn.at\/?s={search_term_string}"},"query-input":{"@type":"PropertyValueSpecification","valueRequired":true,"valueName":"search_term_string"}}],"inLanguage":"sk-SK"}]}},"ticketed":false,"_links":{"self":[{"href":"https:\/\/kitenbrunn.at\/sk\/wp-json\/wp\/v2\/pages\/7505","targetHints":{"allow":["GET"]}}],"collection":[{"href":"https:\/\/kitenbrunn.at\/sk\/wp-json\/wp\/v2\/pages"}],"about":[{"href":"https:\/\/kitenbrunn.at\/sk\/wp-json\/wp\/v2\/types\/page"}],"author":[{"embeddable":true,"href":"https:\/\/kitenbrunn.at\/sk\/wp-json\/wp\/v2\/users\/204"}],"replies":[{"embeddable":true,"href":"https:\/\/kitenbrunn.at\/sk\/wp-json\/wp\/v2\/comments?post=7505"}],"version-history":[{"count":4,"href":"https:\/\/kitenbrunn.at\/sk\/wp-json\/wp\/v2\/pages\/7505\/revisions"}],"predecessor-version":[{"id":9358,"href":"https:\/\/kitenbrunn.at\/sk\/wp-json\/wp\/v2\/pages\/7505\/revisions\/9358"}],"wp:attachment":[{"href":"https:\/\/kitenbrunn.at\/sk\/wp-json\/wp\/v2\/media?parent=7505"}],"curies":[{"name":"wp","href":"https:\/\/api.w.org\/{rel}","templated":true}]}}