{"id":7501,"date":"2021-03-17T21:17:52","date_gmt":"2021-03-17T20:17:52","guid":{"rendered":"https:\/\/kitenbrunn.at\/partner\/"},"modified":"2026-03-31T15:08:02","modified_gmt":"2026-03-31T13:08:02","slug":"partner","status":"publish","type":"page","link":"https:\/\/kitenbrunn.at\/sk\/partner\/","title":{"rendered":"Partner"},"content":{"rendered":"<p>[et_pb_section fb_built=&#8221;1&#8243; module_class=&#8221;exbox&#8221; _builder_version=&#8221;4.16&#8243; background_image=&#8221;https:\/\/kitenbrunn.at\/wp-content\/uploads\/2020\/09\/FKN2020-06.jpg&#8221; min_height=&#8221;25vh&#8221; bottom_divider_style=&#8221;wave&#8221; bottom_divider_color=&#8221;#ffffff&#8221; bottom_divider_height=&#8221;60px&#8221; bottom_divider_flip=&#8221;horizontal&#8221; global_colors_info=&#8221;{}&#8221;][et_pb_row _builder_version=&#8221;4.16&#8243; global_colors_info=&#8221;{}&#8221;][et_pb_column type=&#8221;4_4&#8243; _builder_version=&#8221;4.16&#8243; global_colors_info=&#8221;{}&#8221;][et_pb_text module_class=&#8221;zitattext&#8221; _builder_version=&#8221;4.16&#8243; header_font=&#8221;||||||||&#8221; header_font_size=&#8221;9em&#8221; header_letter_spacing=&#8221;2px&#8221; text_orientation=&#8221;center&#8221; background_layout=&#8221;dark&#8221; custom_margin=&#8221;||220px||false|false&#8221; header_font_size_tablet=&#8221;5em&#8221; header_font_size_phone=&#8221;4em&#8221; header_font_size_last_edited=&#8221;on|phone&#8221; text_text_align=&#8221;center&#8221; global_colors_info=&#8221;{}&#8221;]<\/p>\n<h1>Partner<\/h1>\n<p>[\/et_pb_text][\/et_pb_column][\/et_pb_row][\/et_pb_section][et_pb_section fb_built=&#8221;1&#8243; specialty=&#8221;on&#8221; _builder_version=&#8221;4.16&#8243; bottom_divider_style=&#8221;wave&#8221; bottom_divider_color=&#8221;#efefef&#8221; bottom_divider_height=&#8221;40px&#8221; global_colors_info=&#8221;{}&#8221;][et_pb_column type=&#8221;3_4&#8243; specialty_columns=&#8221;3&#8243; _builder_version=&#8221;4.16&#8243; custom_padding=&#8221;|||&#8221; global_colors_info=&#8221;{}&#8221; custom_padding__hover=&#8221;|||&#8221;][et_pb_row_inner column_structure=&#8221;1_3,1_3,1_3&#8243; _builder_version=&#8221;4.16&#8243; global_colors_info=&#8221;{}&#8221;][et_pb_column_inner type=&#8221;1_3&#8243; saved_specialty_column_type=&#8221;3_4&#8243; _builder_version=&#8221;4.16&#8243; global_colors_info=&#8221;{}&#8221;][et_pb_blurb title=&#8221;Upside Down Surfshop&#8221; url=&#8221;https:\/\/shop.usd.at&#8221; url_new_window=&#8221;on&#8221; image=&#8221;https:\/\/kitenbrunn.at\/wp-content\/uploads\/2025\/03\/USD_logo.jpg&#8221; _builder_version=&#8221;4.27.6&#8243; header_level=&#8221;h3&#8243; header_font=&#8221;||||||||&#8221; header_text_align=&#8221;left&#8221; header_font_size=&#8221;28px&#8221; min_height=&#8221;300px&#8221; link_option_url_new_window=&#8221;on&#8221; inline_fonts=&#8221;wg-regular&#8221; global_colors_info=&#8221;{}&#8221;]<\/p>\n<p><span class=\"Y2IQFc\" lang=\"sk\" style=\"font-family: wg-bold; font-weight: normal;\">N\u00e1\u0161 partner pre vybavenie: Upsidedown<\/span><\/p>\n<p><span class=\"Y2IQFc\" lang=\"sk\" style=\"font-family: wg-regular; font-weight: normal;\">Kompletn\u00fd dod\u00e1vate\u013e vybavenia pre kitesurfing, windsurfing, winging, foiling a SUP. Ako \u010dlenovia FKN z\u00edskate 10% z\u013eavu na cel\u00fd sortiment (v\u0161etky nez\u013eavnen\u00e9 polo\u017eky) plus garanciu najlep\u0161ej ceny! Upside Down pon\u00faka takmer v\u0161etky zna\u010dky; ak nie\u010do nie je v online obchode, sta\u010d\u00ed sa op\u00fdta\u0165. <\/span><\/p>\n<p><span class=\"Y2IQFc\" lang=\"sk\" style=\"font-family: wg-regular; font-weight: normal;\">Pozrite si ponuky na <a href=\"https:\/\/shop.usd.at\">shop.usd.at<\/a> a pri n\u00e1kupe si prineste platn\u00fa \u010dlensk\u00fa kartu!<\/span><\/p>\n<p>[\/et_pb_blurb][\/et_pb_column_inner][et_pb_column_inner type=&#8221;1_3&#8243; saved_specialty_column_type=&#8221;3_4&#8243; _builder_version=&#8221;4.16&#8243; global_colors_info=&#8221;{}&#8221;][et_pb_blurb title=&#8221;Woodboard&#8221; url=&#8221;https:\/\/woodboard.at&#8221; url_new_window=&#8221;on&#8221; image=&#8221;https:\/\/kitenbrunn.at\/wp-content\/uploads\/2026\/03\/logo-woodboard-black_520.png&#8221; _builder_version=&#8221;4.27.6&#8243; header_level=&#8221;h3&#8243; header_font=&#8221;||||||||&#8221; header_text_align=&#8221;left&#8221; header_font_size=&#8221;28px&#8221; link_option_url_new_window=&#8221;on&#8221; inline_fonts=&#8221;wg-regular&#8221; global_colors_info=&#8221;{}&#8221;]<\/p>\n<p><span class=\"Y2IQFc\" lang=\"sk\" style=\"font-family: wg-bold; font-weight: normal;\"><\/span><\/p>\n<p><span class=\"Y2IQFc\" lang=\"sk\" style=\"font-family: wg-bold; font-weight: normal;\"><\/span><\/p>\n<p><span class=\"Y2IQFc\" lang=\"sk\" style=\"font-family: wg-bold; font-weight: normal;\"><\/span><\/p>\n<p><span class=\"Y2IQFc\" lang=\"sk\" style=\"font-family: wg-bold; font-weight: normal;\">Pr\u00e9miov\u00e9 kiteboardy pre freestyle, freeride a strapless<\/span><\/p>\n<p><span class=\"Y2IQFc\" lang=\"sk\" style=\"font-family: wg-regular; font-weight: normal;\">Nechcete si k\u00fapi\u0165 Woodboard bez toho, aby ste si ho najprv vysk\u00fa\u0161ali? \u017diadny probl\u00e9m! Sta\u010d\u00ed n\u00e1s nav\u0161t\u00edvi\u0165 v Breitenbrunne pri Neziderskom jazere. S platn\u00fdm \u010dlenstvom vo FKN z\u00edskate pr\u00edstup ku kompletn\u00e9mu testovaciemu sortimentu Woodboardov v dom\u00e1cej z\u00e1kladni FKN. Nev\u00e1hajte a vysk\u00fa\u0161ajte si r\u00f4zne dosky, aby ste na\u0161li t\u00fa prav\u00fa pre v\u00e1s. Ako bonus, ke\u010f sa zaregistrujete na ro\u010dn\u00e9 \u010dlenstvo vo FKN, z\u00edskate exkluz\u00edvny 15% z\u013eavov\u00fd k\u00f3d do internetov\u00e9ho obchodu Woodboard, ktor\u00fd m\u00f4\u017eete uplatni\u0165 na svoj \u010fal\u0161\u00ed kiteboard. Tento k\u00f3d plat\u00ed po\u010das trvania v\u00e1\u0161ho \u010dlenstva.<\/span><\/p>\n<p><a href=\"https:\/\/woodboard.at\">Woodboard.at<\/a><span class=\"Y2IQFc\" lang=\"sk\" style=\"font-family: wg-regular; font-weight: normal;\"><\/span><\/p>\n<p><span class=\"Y2IQFc\" lang=\"sk\" style=\"font-family: wg-regular; font-weight: normal;\"><\/span><\/p>\n<p>[\/et_pb_blurb][\/et_pb_column_inner][et_pb_column_inner type=&#8221;1_3&#8243; saved_specialty_column_type=&#8221;3_4&#8243; _builder_version=&#8221;4.16&#8243; global_colors_info=&#8221;{}&#8221;][et_pb_blurb title=&#8221;\u0160kola surfovania Breitenbrunn&#8221; url=&#8221;https:\/\/windwerk.center&#8221; url_new_window=&#8221;on&#8221; image=&#8221;https:\/\/kitenbrunn.at\/wp-content\/uploads\/2026\/03\/Windwerk.png&#8221; _builder_version=&#8221;4.27.6&#8243; header_level=&#8221;h3&#8243; header_font=&#8221;||||||||&#8221; header_text_align=&#8221;left&#8221; header_font_size=&#8221;28px&#8221; link_option_url_new_window=&#8221;on&#8221; hover_enabled=&#8221;0&#8243; global_colors_info=&#8221;{}&#8221; sticky_enabled=&#8221;0&#8243; title_text=&#8221;Windwerk&#8221;]<\/p>\n<p><span class=\"Y2IQFc\" lang=\"sk\">Surfovacia \u0161kola Breitenbrunn je u\u017e desa\u0165ro\u010dia synonymom \u0161t\u00fdlov\u00fdch vodn\u00fdch \u0161portov \u2013 teraz ju vedie u\u017e druh\u00e1 gener\u00e1cia. Priamo na c\u00edpe polostrova, ved\u013ea maj\u00e1ka, sa nach\u00e1dza o\u010daruj\u00faci dom na koloch, ktor\u00fd sp\u00e1ja uvo\u013enen\u00fa surfersk\u00fa atmosf\u00e9ru so \u0161portovou energiou. \u010ci u\u017e h\u013ead\u00e1te individu\u00e1lne lekcie alebo po\u017ei\u010dov\u0148u vybavenia, m\u00e1me pre v\u00e1s v\u0161etko. Windsurfing, wing foiling a kitesurfing s\u00fa s\u00fa\u010das\u0165ou na\u0161ej ponuky, rovnako ako stand-up paddleboarding a po\u017ei\u010dov\u0148a kajakov. Je to miesto, kde sa sp\u00e1jaj\u00fa z\u00e1\u017eitky, aktivita a pocit pohodlia \u2013 v\u00e1\u0161e\u0148, ktor\u00fa pestujeme u\u017e od roku 1979.<\/span><\/p>\n<p><span>Kontakt:<br \/>Noah D\u00fcrauer<br \/><a href=\"https:\/\/windwerk.center\u2060\">https:\/\/windwerk.center\u2060<\/a><br \/>surfschule@gmx.at<br \/>+43 660 707 76 18<\/span><\/p>\n<p>[\/et_pb_blurb][\/et_pb_column_inner][\/et_pb_row_inner][et_pb_row_inner _builder_version=&#8221;4.16&#8243; global_colors_info=&#8221;{}&#8221;][et_pb_column_inner saved_specialty_column_type=&#8221;3_4&#8243; _builder_version=&#8221;4.16&#8243; global_colors_info=&#8221;{}&#8221;][et_pb_text _builder_version=&#8221;4.16&#8243; global_colors_info=&#8221;{}&#8221;]<\/p>\n<p>Du m\u00f6chtest Partner des FKN werden ? Dann schreib unserem Obmann Robert Kernstock am besten ein e-mail:\u00a0<a href=\"mailto:president@kitenbrunn.at\">president@kitenbrunn.at<\/a><\/p>\n<p>[\/et_pb_text][\/et_pb_column_inner][\/et_pb_row_inner][\/et_pb_column][et_pb_column type=&#8221;1_4&#8243; _builder_version=&#8221;4.16&#8243; custom_padding=&#8221;|||&#8221; global_colors_info=&#8221;{}&#8221; custom_padding__hover=&#8221;|||&#8221;][et_pb_sidebar orientation=&#8221;right&#8221; area=&#8221;et_pb_widget_area_1&#8243; show_border=&#8221;off&#8221; _builder_version=&#8221;4.16&#8243; background_color=&#8221;#ffffff&#8221; custom_margin=&#8221;-200px||||false|false&#8221; custom_margin_tablet=&#8221;0px||||false|false&#8221; custom_margin_phone=&#8221;&#8221; custom_margin_last_edited=&#8221;on|desktop&#8221; border_radii=&#8221;off|15px|||&#8221; box_shadow_style=&#8221;preset2&#8243; global_colors_info=&#8221;{}&#8221;][\/et_pb_sidebar][et_pb_code _builder_version=&#8221;4.16&#8243; divienhancer_set=&#8221;modal_popup&#8221; divienhancer_modal_popup=&#8221;divienhancer-modalpopup&#8221; divienhancer_modal_overlay=&#8221;rgba(51,51,51,0.75)&#8221; divienhancer_modal_button_text=&#8221;Windguru&#8221; divienhancer_modal_button_css=&#8221;background-color:#9ab5df; color:#fff; font-size: 22px;<\/p>\n<p>&#8221; divienhancer_modal_box_css=&#8221;top: 50%; left: 50%; width: 80%; max-width: 1800px; min-width: 340px; height: auto; &#8221; global_colors_info=&#8221;{}&#8221;]<script id=\"wg_fwdg_753673_45_1568796586750\"><!-- [et_pb_line_break_holder] -->(function (window, document) {<!-- [et_pb_line_break_holder] -->  var loader = function () {<!-- [et_pb_line_break_holder] -->    var arg = [\"s=753673\",\"m=45\",\"uid=wg_fwdg_753673_45_1568796586750\",\"wj=knots\",\"tj=c\",\"odh=8\",\"doh=20\",\"fhours=168\",\"vt=forecasts\",\"lng=de\",<!-- [et_pb_line_break_holder] -->   \"p=WINDSPD,GUST,MWINDSPD,SMER,TMPE,FLHGT,CDC,APCPs,RATING\"];<!-- [et_pb_line_break_holder] -->    var script = document.createElement(\"script\");<!-- [et_pb_line_break_holder] -->    var tag = document.getElementsByTagName(\"script\")[0];<!-- [et_pb_line_break_holder] -->    script.src = \"https:\/\/www.windguru.cz\/js\/widget.php?\"+(arg.join(\"&\"));<!-- [et_pb_line_break_holder] -->    tag.parentNode.insertBefore(script, tag);<!-- [et_pb_line_break_holder] -->  };<!-- [et_pb_line_break_holder] -->  window.addEventListener ? window.addEventListener(\"load\", loader, false) : window.attachEvent(\"onload\", loader);<!-- [et_pb_line_break_holder] -->})(window, document);<!-- [et_pb_line_break_holder] --><\/script><!-- [et_pb_line_break_holder] -->[\/et_pb_code][\/et_pb_column][\/et_pb_section]<\/p>\n","protected":false},"excerpt":{"rendered":"<p>PartnerN\u00e1\u0161 partner pre vybavenie: Upsidedown Kompletn\u00fd dod\u00e1vate\u013e vybavenia pre kitesurfing, windsurfing, winging, foiling a SUP. Ako \u010dlenovia FKN z\u00edskate 10% z\u013eavu na cel\u00fd sortiment (v\u0161etky nez\u013eavnen\u00e9 polo\u017eky) plus garanciu najlep\u0161ej ceny! Upside Down pon\u00faka takmer v\u0161etky zna\u010dky; ak nie\u010do nie je v online obchode, sta\u010d\u00ed sa op\u00fdta\u0165. Pozrite si ponuky na shop.usd.at a pri n\u00e1kupe [&hellip;]<\/p>\n","protected":false},"author":204,"featured_media":0,"parent":0,"menu_order":0,"comment_status":"closed","ping_status":"closed","template":"","meta":{"_et_pb_use_builder":"on","_et_pb_old_content":"","_et_gb_content_width":"","_price":"","_stock":"","_tribe_ticket_header":"","_tribe_default_ticket_provider":"","_ticket_start_date":"","_ticket_end_date":"","_tribe_ticket_show_description":"","_tribe_ticket_show_not_going":false,"_tribe_ticket_use_global_stock":"","_tribe_ticket_global_stock_level":"","_global_stock_mode":"","_global_stock_cap":"","_tribe_rsvp_for_event":"","_tribe_ticket_going_count":"","_tribe_ticket_not_going_count":"","_tribe_tickets_list":"[]","_tribe_ticket_has_attendee_info_fields":false,"footnotes":"","_tec_slr_enabled":"","_tec_slr_layout":""},"class_list":["post-7501","page","type-page","status-publish","hentry"],"yoast_head":"<!-- This site is optimized with the Yoast SEO plugin v27.5 - https:\/\/yoast.com\/product\/yoast-seo-wordpress\/ -->\n<title>Partner - Kitenbrunn<\/title>\n<meta name=\"robots\" content=\"index, follow, max-snippet:-1, max-image-preview:large, max-video-preview:-1\" \/>\n<link rel=\"canonical\" href=\"https:\/\/kitenbrunn.at\/sk\/partner\/\" \/>\n<meta property=\"og:locale\" content=\"sk_SK\" \/>\n<meta property=\"og:type\" content=\"article\" \/>\n<meta property=\"og:title\" content=\"Partner - Kitenbrunn\" \/>\n<meta property=\"og:description\" content=\"PartnerN\u00e1\u0161 partner pre vybavenie: Upsidedown Kompletn\u00fd dod\u00e1vate\u013e vybavenia pre kitesurfing, windsurfing, winging, foiling a SUP. Ako \u010dlenovia FKN z\u00edskate 10% z\u013eavu na cel\u00fd sortiment (v\u0161etky nez\u013eavnen\u00e9 polo\u017eky) plus garanciu najlep\u0161ej ceny! Upside Down pon\u00faka takmer v\u0161etky zna\u010dky; ak nie\u010do nie je v online obchode, sta\u010d\u00ed sa op\u00fdta\u0165. Pozrite si ponuky na shop.usd.at a pri n\u00e1kupe [&hellip;]\" \/>\n<meta property=\"og:url\" content=\"https:\/\/kitenbrunn.at\/sk\/partner\/\" \/>\n<meta property=\"og:site_name\" content=\"Kitenbrunn\" \/>\n<meta property=\"article:modified_time\" content=\"2026-03-31T13:08:02+00:00\" \/>\n<meta property=\"og:image\" content=\"https:\/\/kitenbrunn.at\/wp-content\/uploads\/2020\/10\/FKN_FB_Sharing-scaled.jpg\" \/>\n\t<meta property=\"og:image:width\" content=\"2560\" \/>\n\t<meta property=\"og:image:height\" content=\"1345\" \/>\n\t<meta property=\"og:image:type\" content=\"image\/jpeg\" \/>\n<meta name=\"twitter:card\" content=\"summary_large_image\" \/>\n<meta name=\"twitter:label1\" content=\"Predpokladan\u00fd \u010das \u010d\u00edtania\" \/>\n\t<meta name=\"twitter:data1\" content=\"5 min\u00fat\" \/>\n<script type=\"application\/ld+json\" class=\"yoast-schema-graph\">{\"@context\":\"https:\\\/\\\/schema.org\",\"@graph\":[{\"@type\":\"WebPage\",\"@id\":\"https:\\\/\\\/kitenbrunn.at\\\/sk\\\/partner\\\/\",\"url\":\"https:\\\/\\\/kitenbrunn.at\\\/sk\\\/partner\\\/\",\"name\":\"Partner - Kitenbrunn\",\"isPartOf\":{\"@id\":\"https:\\\/\\\/kitenbrunn.at\\\/#website\"},\"datePublished\":\"2021-03-17T20:17:52+00:00\",\"dateModified\":\"2026-03-31T13:08:02+00:00\",\"breadcrumb\":{\"@id\":\"https:\\\/\\\/kitenbrunn.at\\\/sk\\\/partner\\\/#breadcrumb\"},\"inLanguage\":\"sk-SK\",\"potentialAction\":[{\"@type\":\"ReadAction\",\"target\":[\"https:\\\/\\\/kitenbrunn.at\\\/sk\\\/partner\\\/\"]}]},{\"@type\":\"BreadcrumbList\",\"@id\":\"https:\\\/\\\/kitenbrunn.at\\\/sk\\\/partner\\\/#breadcrumb\",\"itemListElement\":[{\"@type\":\"ListItem\",\"position\":1,\"name\":\"Startseite\",\"item\":\"https:\\\/\\\/kitenbrunn.at\\\/sk\\\/\"},{\"@type\":\"ListItem\",\"position\":2,\"name\":\"Partner\"}]},{\"@type\":\"WebSite\",\"@id\":\"https:\\\/\\\/kitenbrunn.at\\\/#website\",\"url\":\"https:\\\/\\\/kitenbrunn.at\\\/\",\"name\":\"Kitenbrunn\",\"description\":\"Kitesport F\u00f6rderverein Breitenbrunn\",\"potentialAction\":[{\"@type\":\"SearchAction\",\"target\":{\"@type\":\"EntryPoint\",\"urlTemplate\":\"https:\\\/\\\/kitenbrunn.at\\\/?s={search_term_string}\"},\"query-input\":{\"@type\":\"PropertyValueSpecification\",\"valueRequired\":true,\"valueName\":\"search_term_string\"}}],\"inLanguage\":\"sk-SK\"}]}<\/script>\n<!-- \/ Yoast SEO plugin. -->","yoast_head_json":{"title":"Partner - Kitenbrunn","robots":{"index":"index","follow":"follow","max-snippet":"max-snippet:-1","max-image-preview":"max-image-preview:large","max-video-preview":"max-video-preview:-1"},"canonical":"https:\/\/kitenbrunn.at\/sk\/partner\/","og_locale":"sk_SK","og_type":"article","og_title":"Partner - Kitenbrunn","og_description":"PartnerN\u00e1\u0161 partner pre vybavenie: Upsidedown Kompletn\u00fd dod\u00e1vate\u013e vybavenia pre kitesurfing, windsurfing, winging, foiling a SUP. Ako \u010dlenovia FKN z\u00edskate 10% z\u013eavu na cel\u00fd sortiment (v\u0161etky nez\u013eavnen\u00e9 polo\u017eky) plus garanciu najlep\u0161ej ceny! Upside Down pon\u00faka takmer v\u0161etky zna\u010dky; ak nie\u010do nie je v online obchode, sta\u010d\u00ed sa op\u00fdta\u0165. Pozrite si ponuky na shop.usd.at a pri n\u00e1kupe [&hellip;]","og_url":"https:\/\/kitenbrunn.at\/sk\/partner\/","og_site_name":"Kitenbrunn","article_modified_time":"2026-03-31T13:08:02+00:00","og_image":[{"width":2560,"height":1345,"url":"https:\/\/kitenbrunn.at\/wp-content\/uploads\/2020\/10\/FKN_FB_Sharing-scaled.jpg","type":"image\/jpeg"}],"twitter_card":"summary_large_image","twitter_misc":{"Predpokladan\u00fd \u010das \u010d\u00edtania":"5 min\u00fat"},"schema":{"@context":"https:\/\/schema.org","@graph":[{"@type":"WebPage","@id":"https:\/\/kitenbrunn.at\/sk\/partner\/","url":"https:\/\/kitenbrunn.at\/sk\/partner\/","name":"Partner - Kitenbrunn","isPartOf":{"@id":"https:\/\/kitenbrunn.at\/#website"},"datePublished":"2021-03-17T20:17:52+00:00","dateModified":"2026-03-31T13:08:02+00:00","breadcrumb":{"@id":"https:\/\/kitenbrunn.at\/sk\/partner\/#breadcrumb"},"inLanguage":"sk-SK","potentialAction":[{"@type":"ReadAction","target":["https:\/\/kitenbrunn.at\/sk\/partner\/"]}]},{"@type":"BreadcrumbList","@id":"https:\/\/kitenbrunn.at\/sk\/partner\/#breadcrumb","itemListElement":[{"@type":"ListItem","position":1,"name":"Startseite","item":"https:\/\/kitenbrunn.at\/sk\/"},{"@type":"ListItem","position":2,"name":"Partner"}]},{"@type":"WebSite","@id":"https:\/\/kitenbrunn.at\/#website","url":"https:\/\/kitenbrunn.at\/","name":"Kitenbrunn","description":"Kitesport F\u00f6rderverein Breitenbrunn","potentialAction":[{"@type":"SearchAction","target":{"@type":"EntryPoint","urlTemplate":"https:\/\/kitenbrunn.at\/?s={search_term_string}"},"query-input":{"@type":"PropertyValueSpecification","valueRequired":true,"valueName":"search_term_string"}}],"inLanguage":"sk-SK"}]}},"ticketed":false,"_links":{"self":[{"href":"https:\/\/kitenbrunn.at\/sk\/wp-json\/wp\/v2\/pages\/7501","targetHints":{"allow":["GET"]}}],"collection":[{"href":"https:\/\/kitenbrunn.at\/sk\/wp-json\/wp\/v2\/pages"}],"about":[{"href":"https:\/\/kitenbrunn.at\/sk\/wp-json\/wp\/v2\/types\/page"}],"author":[{"embeddable":true,"href":"https:\/\/kitenbrunn.at\/sk\/wp-json\/wp\/v2\/users\/204"}],"replies":[{"embeddable":true,"href":"https:\/\/kitenbrunn.at\/sk\/wp-json\/wp\/v2\/comments?post=7501"}],"version-history":[{"count":7,"href":"https:\/\/kitenbrunn.at\/sk\/wp-json\/wp\/v2\/pages\/7501\/revisions"}],"predecessor-version":[{"id":17292,"href":"https:\/\/kitenbrunn.at\/sk\/wp-json\/wp\/v2\/pages\/7501\/revisions\/17292"}],"wp:attachment":[{"href":"https:\/\/kitenbrunn.at\/sk\/wp-json\/wp\/v2\/media?parent=7501"}],"curies":[{"name":"wp","href":"https:\/\/api.w.org\/{rel}","templated":true}]}}