{"id":7498,"date":"2021-03-17T21:14:15","date_gmt":"2021-03-17T20:14:15","guid":{"rendered":"https:\/\/kitenbrunn.at\/predstavenstvo\/"},"modified":"2026-04-01T18:27:26","modified_gmt":"2026-04-01T16:27:26","slug":"predstavenstvo","status":"publish","type":"page","link":"https:\/\/kitenbrunn.at\/sk\/predstavenstvo\/","title":{"rendered":"Predstavenstvo"},"content":{"rendered":"<p>[et_pb_section fb_built=&#8221;1&#8243; module_class=&#8221;exbox&#8221; _builder_version=&#8221;4.16&#8243; background_image=&#8221;https:\/\/kitenbrunn.at\/wp-content\/uploads\/2020\/09\/WCK-2.jpg&#8221; min_height=&#8221;25vh&#8221; bottom_divider_style=&#8221;wave&#8221; bottom_divider_color=&#8221;#ffffff&#8221; bottom_divider_height=&#8221;60px&#8221; bottom_divider_flip=&#8221;horizontal&#8221; global_colors_info=&#8221;{}&#8221;][et_pb_row _builder_version=&#8221;4.16&#8243; global_colors_info=&#8221;{}&#8221;][et_pb_column type=&#8221;4_4&#8243; _builder_version=&#8221;4.16&#8243; global_colors_info=&#8221;{}&#8221;][et_pb_text module_class=&#8221;zitattext&#8221; _builder_version=&#8221;4.16&#8243; header_font=&#8221;||||||||&#8221; header_font_size=&#8221;9em&#8221; header_letter_spacing=&#8221;2px&#8221; text_orientation=&#8221;center&#8221; background_layout=&#8221;dark&#8221; custom_margin=&#8221;||220px||false|false&#8221; header_font_size_tablet=&#8221;5em&#8221; header_font_size_phone=&#8221;4em&#8221; header_font_size_last_edited=&#8221;on|phone&#8221; text_text_align=&#8221;center&#8221; global_colors_info=&#8221;{}&#8221;]<\/p>\n<h1><span style=\"font-weight: 400;\">Predstavenstvo<\/span><\/h1>\n<p>[\/et_pb_text][\/et_pb_column][\/et_pb_row][\/et_pb_section][et_pb_section fb_built=&#8221;1&#8243; specialty=&#8221;on&#8221; _builder_version=&#8221;4.16&#8243; bottom_divider_style=&#8221;wave&#8221; bottom_divider_color=&#8221;#efefef&#8221; bottom_divider_height=&#8221;40px&#8221; global_colors_info=&#8221;{}&#8221;][et_pb_column type=&#8221;3_4&#8243; specialty_columns=&#8221;3&#8243; _builder_version=&#8221;4.16&#8243; custom_padding=&#8221;|||&#8221; global_colors_info=&#8221;{}&#8221; custom_padding__hover=&#8221;|||&#8221;][et_pb_row_inner _builder_version=&#8221;4.16&#8243; global_colors_info=&#8221;{}&#8221;][et_pb_column_inner saved_specialty_column_type=&#8221;3_4&#8243; _builder_version=&#8221;4.16&#8243; global_colors_info=&#8221;{}&#8221;][et_pb_text _builder_version=&#8221;4.16&#8243; global_colors_info=&#8221;{}&#8221;]<\/p>\n<h2><span style=\"font-weight: 400;\">Predstavenstvo<\/span><\/h2>\n<p>[\/et_pb_text][\/et_pb_column_inner][\/et_pb_row_inner][et_pb_row_inner column_structure=&#8221;1_3,1_3,1_3&#8243; _builder_version=&#8221;4.16&#8243; global_colors_info=&#8221;{}&#8221;][et_pb_column_inner type=&#8221;1_3&#8243; saved_specialty_column_type=&#8221;3_4&#8243; _builder_version=&#8221;4.16&#8243; global_colors_info=&#8221;{}&#8221;][et_pb_team_member name=&#8221;Robert Kernstock&#8221; position=&#8221;Prezident&#8221; image_url=&#8221;https:\/\/kitenbrunn.at\/wp-content\/uploads\/2020\/07\/fkn-kernstock.jpg&#8221; _builder_version=&#8221;4.16&#8243; position_font_size=&#8221;20px&#8221; border_radii_image=&#8221;off|15px|||&#8221; global_colors_info=&#8221;{}&#8221;]<\/p>\n<p><b>Homespot<\/b><span style=\"font-weight: 400;\">: Breitenbrunn<br \/><\/span><b>Obl\u00faben\u00fd spot<\/b><span style=\"font-weight: 400;\">: V Breitenbrunne\u00a0 in\u00e1\u010d Porto Pollo\/ Sardinien.<br \/><\/span><b>Why?<\/b><span style=\"font-weight: 400;\"> Lebo chcem kitova\u0165 na najkraj\u0161om mieste <\/span><\/p>\n<p>[\/et_pb_team_member][\/et_pb_column_inner][et_pb_column_inner type=&#8221;1_3&#8243; saved_specialty_column_type=&#8221;3_4&#8243; _builder_version=&#8221;4.16&#8243; global_colors_info=&#8221;{}&#8221;][et_pb_team_member name=&#8221;Dennis Probst&#8221; position=&#8221;Financi\u00ed&#8221; image_url=&#8221;https:\/\/kitenbrunn.at\/wp-content\/uploads\/profile_image\/2025\/03\/image002.jpg&#8221; _builder_version=&#8221;4.27.6&#8243; position_font_size=&#8221;20px&#8221; border_radii_image=&#8221;off|15px|||&#8221; global_colors_info=&#8221;{}&#8221;]<\/p>\n<p><strong>Homespot:<\/strong> Breitenbrunn<br \/><strong>Lieblingsspot:<\/strong> Rhodos<\/p>\n<p class=\"tw-data-text tw-text-large tw-ta\" data-placeholder=\"\u00dcbersetzung\" id=\"tw-target-text\" role=\"text\" data-ved=\"2ahUKEwjmxpPuhM2TAxWc8LsIHb4HDXoQ3ewLegQIDBAW\" dir=\"ltr\" aria-label=\"\u00dcbersetzter Text: Preto\u017ee chceme zachova\u0165 miesto pre kitesurfing a klub prosperuje v\u010faka odhodlaniu svojich \u010dlenov.\" tabindex=\"-1\"><span class=\"Y2IQFc\" lang=\"sk\"><strong>Why? <\/strong>Preto\u017ee chceme zachova\u0165 miesto pre kitesurfing a klub prosperuje v\u010faka odhodlaniu svojich \u010dlenov.<\/span><\/p>\n<p>[\/et_pb_team_member][\/et_pb_column_inner][et_pb_column_inner type=&#8221;1_3&#8243; saved_specialty_column_type=&#8221;3_4&#8243; _builder_version=&#8221;4.16&#8243; global_colors_info=&#8221;{}&#8221;][et_pb_team_member name=&#8221;Sigi Weiss&#8221; position=&#8221;Kommunikation&#8221; image_url=&#8221;https:\/\/kitenbrunn.at\/wp-content\/uploads\/2020\/07\/fkn-weiss.jpg&#8221; _builder_version=&#8221;4.16&#8243; position_font_size=&#8221;20px&#8221; border_radii_image=&#8221;off|15px|||&#8221; global_colors_info=&#8221;{}&#8221;]<\/p>\n<p><strong>Homespot:<\/strong> Breitenbrunn<br \/><strong>Lieblingsspot:<\/strong> Paros<br \/><strong>Why?<\/strong> #lovemyhomespot #southwind #aloha<\/p>\n<p>[\/et_pb_team_member][\/et_pb_column_inner][\/et_pb_row_inner][et_pb_row_inner _builder_version=&#8221;4.16&#8243; global_colors_info=&#8221;{}&#8221;][et_pb_column_inner saved_specialty_column_type=&#8221;3_4&#8243; _builder_version=&#8221;4.16&#8243; global_colors_info=&#8221;{}&#8221;][et_pb_text _builder_version=&#8221;4.16&#8243; global_colors_info=&#8221;{}&#8221;]<\/p>\n<h2>Team<\/h2>\n<p>[\/et_pb_text][\/et_pb_column_inner][\/et_pb_row_inner][et_pb_row_inner column_structure=&#8221;1_3,1_3,1_3&#8243; _builder_version=&#8221;4.16&#8243; global_colors_info=&#8221;{}&#8221;][et_pb_column_inner type=&#8221;1_3&#8243; saved_specialty_column_type=&#8221;3_4&#8243; _builder_version=&#8221;4.16&#8243; global_colors_info=&#8221;{}&#8221;][et_pb_team_member name=&#8221;Niki Kernstock&#8221; position=&#8221;Ml\u00e1de\u017e\/ s\u00fa\u0165a\u017eenie\/ events&#8221; image_url=&#8221;https:\/\/kitenbrunn.at\/wp-content\/uploads\/2020\/07\/fkn-kernstock-2.jpg&#8221; _builder_version=&#8221;4.16&#8243; position_font_size=&#8221;20px&#8221; border_radii_image=&#8221;off|15px|||&#8221; global_colors_info=&#8221;{}&#8221;]<\/p>\n<p><b>Homespot: <\/b><span style=\"font-weight: 400;\">Breitenbrunn<br \/><\/span><b>Oblubeny Spot: <\/b><span style=\"font-weight: 400;\">Punta Chame \/ Panama<br \/><\/span><b>Why: <\/b><span style=\"font-weight: 400;\">Pre rados\u0165 Homespot(u)<\/span><\/p>\n<p>[\/et_pb_team_member][\/et_pb_column_inner][et_pb_column_inner type=&#8221;1_3&#8243; saved_specialty_column_type=&#8221;3_4&#8243; _builder_version=&#8221;4.16&#8243; global_colors_info=&#8221;{}&#8221;][et_pb_team_member name=&#8221;Markus Blach&#8221; position=&#8221;Auditovanie&#8221; image_url=&#8221;https:\/\/kitenbrunn.at\/wp-content\/uploads\/2020\/07\/fkn-blach.jpg&#8221; _builder_version=&#8221;4.27.6&#8243; position_font_size=&#8221;20px&#8221; border_radii_image=&#8221;off|15px|||&#8221; global_colors_info=&#8221;{}&#8221;]<\/p>\n<p><b>Homespot: Breitenbrunn<br \/><\/b><b>Oblubeny Spot: <\/b><span style=\"font-weight: 400;\">V Breitenbrunne pri Severnom resp. Severoz\u00e1panom vetre, lebo si s\u00e1m <\/span><span style=\"font-weight: 400;\">vo vode.<br \/><\/span><b>Why?<\/b><span style=\"font-weight: 400;\"> Pre zachovanie tohoto \u0161portu.<\/span><\/p>\n<p>[\/et_pb_team_member][\/et_pb_column_inner][et_pb_column_inner type=&#8221;1_3&#8243; saved_specialty_column_type=&#8221;3_4&#8243; _builder_version=&#8221;4.16&#8243; global_colors_info=&#8221;{}&#8221;][\/et_pb_column_inner][\/et_pb_row_inner][\/et_pb_column][et_pb_column type=&#8221;1_4&#8243; _builder_version=&#8221;4.16&#8243; custom_padding=&#8221;|||&#8221; global_colors_info=&#8221;{}&#8221; custom_padding__hover=&#8221;|||&#8221;][et_pb_sidebar orientation=&#8221;right&#8221; area=&#8221;et_pb_widget_area_1&#8243; show_border=&#8221;off&#8221; _builder_version=&#8221;4.16&#8243; background_color=&#8221;#ffffff&#8221; custom_margin=&#8221;-200px||||false|false&#8221; custom_margin_tablet=&#8221;0px||||false|false&#8221; custom_margin_phone=&#8221;&#8221; custom_margin_last_edited=&#8221;on|desktop&#8221; border_radii=&#8221;off|15px|||&#8221; box_shadow_style=&#8221;preset2&#8243; global_colors_info=&#8221;{}&#8221;][\/et_pb_sidebar][et_pb_code _builder_version=&#8221;4.16&#8243; divienhancer_set=&#8221;modal_popup&#8221; divienhancer_modal_popup=&#8221;divienhancer-modalpopup&#8221; divienhancer_modal_overlay=&#8221;rgba(51,51,51,0.75)&#8221; divienhancer_modal_button_text=&#8221;Windguru&#8221; divienhancer_modal_button_css=&#8221;background-color:#9ab5df; color:#fff; font-size: 22px;<\/p>\n<p>&#8221; divienhancer_modal_box_css=&#8221;top: 50%; left: 50%; width: 80%; max-width: 1800px; min-width: 340px; height: auto; &#8221; global_colors_info=&#8221;{}&#8221;]<script id=\"wg_fwdg_753673_45_1568796586750\"><!-- [et_pb_line_break_holder] -->(function (window, document) {<!-- [et_pb_line_break_holder] -->  var loader = function () {<!-- [et_pb_line_break_holder] -->    var arg = [\"s=753673\",\"m=45\",\"uid=wg_fwdg_753673_45_1568796586750\",\"wj=knots\",\"tj=c\",\"odh=8\",\"doh=20\",\"fhours=168\",\"vt=forecasts\",\"lng=de\",<!-- [et_pb_line_break_holder] -->   \"p=WINDSPD,GUST,MWINDSPD,SMER,TMPE,FLHGT,CDC,APCPs,RATING\"];<!-- [et_pb_line_break_holder] -->    var script = document.createElement(\"script\");<!-- [et_pb_line_break_holder] -->    var tag = document.getElementsByTagName(\"script\")[0];<!-- [et_pb_line_break_holder] -->    script.src = \"https:\/\/www.windguru.cz\/js\/widget.php?\"+(arg.join(\"&\"));<!-- [et_pb_line_break_holder] -->    tag.parentNode.insertBefore(script, tag);<!-- [et_pb_line_break_holder] -->  };<!-- [et_pb_line_break_holder] -->  window.addEventListener ? window.addEventListener(\"load\", loader, false) : window.attachEvent(\"onload\", loader);<!-- [et_pb_line_break_holder] -->})(window, document);<!-- [et_pb_line_break_holder] --><\/script><!-- [et_pb_line_break_holder] -->[\/et_pb_code][\/et_pb_column][\/et_pb_section]<\/p>\n","protected":false},"excerpt":{"rendered":"<p>PredstavenstvoPredstavenstvoHomespot: BreitenbrunnObl\u00faben\u00fd spot: V Breitenbrunne\u00a0 in\u00e1\u010d Porto Pollo\/ Sardinien.Why? Lebo chcem kitova\u0165 na najkraj\u0161om mieste Homespot: BreitenbrunnLieblingsspot: Rhodos Why? Preto\u017ee chceme zachova\u0165 miesto pre kitesurfing a klub prosperuje v\u010faka odhodlaniu svojich \u010dlenov.Homespot: BreitenbrunnLieblingsspot: ParosWhy? #lovemyhomespot #southwind #alohaTeamHomespot: BreitenbrunnOblubeny Spot: Punta Chame \/ PanamaWhy: Pre rados\u0165 Homespot(u)Homespot: BreitenbrunnOblubeny Spot: V Breitenbrunne pri Severnom resp. Severoz\u00e1panom vetre, [&hellip;]<\/p>\n","protected":false},"author":204,"featured_media":0,"parent":0,"menu_order":0,"comment_status":"closed","ping_status":"closed","template":"","meta":{"_et_pb_use_builder":"on","_et_pb_old_content":"","_et_gb_content_width":"","_price":"","_stock":"","_tribe_ticket_header":"","_tribe_default_ticket_provider":"","_ticket_start_date":"","_ticket_end_date":"","_tribe_ticket_show_description":"","_tribe_ticket_show_not_going":false,"_tribe_ticket_use_global_stock":"","_tribe_ticket_global_stock_level":"","_global_stock_mode":"","_global_stock_cap":"","_tribe_rsvp_for_event":"","_tribe_ticket_going_count":"","_tribe_ticket_not_going_count":"","_tribe_tickets_list":"[]","_tribe_ticket_has_attendee_info_fields":false,"footnotes":"","_tec_slr_enabled":"","_tec_slr_layout":""},"class_list":["post-7498","page","type-page","status-publish","hentry"],"yoast_head":"<!-- This site is optimized with the Yoast SEO plugin v27.4 - https:\/\/yoast.com\/product\/yoast-seo-wordpress\/ -->\n<title>Predstavenstvo - Kitenbrunn<\/title>\n<meta name=\"robots\" content=\"index, follow, max-snippet:-1, max-image-preview:large, max-video-preview:-1\" \/>\n<link rel=\"canonical\" href=\"https:\/\/kitenbrunn.at\/sk\/predstavenstvo\/\" \/>\n<meta property=\"og:locale\" content=\"sk_SK\" \/>\n<meta property=\"og:type\" content=\"article\" \/>\n<meta property=\"og:title\" content=\"Predstavenstvo - Kitenbrunn\" \/>\n<meta property=\"og:description\" content=\"PredstavenstvoPredstavenstvoHomespot: BreitenbrunnObl\u00faben\u00fd spot: V Breitenbrunne\u00a0 in\u00e1\u010d Porto Pollo\/ Sardinien.Why? Lebo chcem kitova\u0165 na najkraj\u0161om mieste Homespot: BreitenbrunnLieblingsspot: Rhodos Why? Preto\u017ee chceme zachova\u0165 miesto pre kitesurfing a klub prosperuje v\u010faka odhodlaniu svojich \u010dlenov.Homespot: BreitenbrunnLieblingsspot: ParosWhy? #lovemyhomespot #southwind #alohaTeamHomespot: BreitenbrunnOblubeny Spot: Punta Chame \/ PanamaWhy: Pre rados\u0165 Homespot(u)Homespot: BreitenbrunnOblubeny Spot: V Breitenbrunne pri Severnom resp. Severoz\u00e1panom vetre, [&hellip;]\" \/>\n<meta property=\"og:url\" content=\"https:\/\/kitenbrunn.at\/sk\/predstavenstvo\/\" \/>\n<meta property=\"og:site_name\" content=\"Kitenbrunn\" \/>\n<meta property=\"article:modified_time\" content=\"2026-04-01T16:27:26+00:00\" \/>\n<meta property=\"og:image\" content=\"https:\/\/kitenbrunn.at\/wp-content\/uploads\/2020\/10\/FKN_FB_Sharing-scaled.jpg\" \/>\n\t<meta property=\"og:image:width\" content=\"2560\" \/>\n\t<meta property=\"og:image:height\" content=\"1345\" \/>\n\t<meta property=\"og:image:type\" content=\"image\/jpeg\" \/>\n<meta name=\"twitter:card\" content=\"summary_large_image\" \/>\n<meta name=\"twitter:label1\" content=\"Predpokladan\u00fd \u010das \u010d\u00edtania\" \/>\n\t<meta name=\"twitter:data1\" content=\"4 min\u00faty\" \/>\n<script type=\"application\/ld+json\" class=\"yoast-schema-graph\">{\"@context\":\"https:\\\/\\\/schema.org\",\"@graph\":[{\"@type\":\"WebPage\",\"@id\":\"https:\\\/\\\/kitenbrunn.at\\\/sk\\\/predstavenstvo\\\/\",\"url\":\"https:\\\/\\\/kitenbrunn.at\\\/sk\\\/predstavenstvo\\\/\",\"name\":\"Predstavenstvo - Kitenbrunn\",\"isPartOf\":{\"@id\":\"https:\\\/\\\/kitenbrunn.at\\\/#website\"},\"datePublished\":\"2021-03-17T20:14:15+00:00\",\"dateModified\":\"2026-04-01T16:27:26+00:00\",\"breadcrumb\":{\"@id\":\"https:\\\/\\\/kitenbrunn.at\\\/sk\\\/predstavenstvo\\\/#breadcrumb\"},\"inLanguage\":\"sk-SK\",\"potentialAction\":[{\"@type\":\"ReadAction\",\"target\":[\"https:\\\/\\\/kitenbrunn.at\\\/sk\\\/predstavenstvo\\\/\"]}]},{\"@type\":\"BreadcrumbList\",\"@id\":\"https:\\\/\\\/kitenbrunn.at\\\/sk\\\/predstavenstvo\\\/#breadcrumb\",\"itemListElement\":[{\"@type\":\"ListItem\",\"position\":1,\"name\":\"Startseite\",\"item\":\"https:\\\/\\\/kitenbrunn.at\\\/sk\\\/\"},{\"@type\":\"ListItem\",\"position\":2,\"name\":\"Predstavenstvo\"}]},{\"@type\":\"WebSite\",\"@id\":\"https:\\\/\\\/kitenbrunn.at\\\/#website\",\"url\":\"https:\\\/\\\/kitenbrunn.at\\\/\",\"name\":\"Kitenbrunn\",\"description\":\"Kitesport F\u00f6rderverein Breitenbrunn\",\"potentialAction\":[{\"@type\":\"SearchAction\",\"target\":{\"@type\":\"EntryPoint\",\"urlTemplate\":\"https:\\\/\\\/kitenbrunn.at\\\/?s={search_term_string}\"},\"query-input\":{\"@type\":\"PropertyValueSpecification\",\"valueRequired\":true,\"valueName\":\"search_term_string\"}}],\"inLanguage\":\"sk-SK\"}]}<\/script>\n<!-- \/ Yoast SEO plugin. -->","yoast_head_json":{"title":"Predstavenstvo - Kitenbrunn","robots":{"index":"index","follow":"follow","max-snippet":"max-snippet:-1","max-image-preview":"max-image-preview:large","max-video-preview":"max-video-preview:-1"},"canonical":"https:\/\/kitenbrunn.at\/sk\/predstavenstvo\/","og_locale":"sk_SK","og_type":"article","og_title":"Predstavenstvo - Kitenbrunn","og_description":"PredstavenstvoPredstavenstvoHomespot: BreitenbrunnObl\u00faben\u00fd spot: V Breitenbrunne\u00a0 in\u00e1\u010d Porto Pollo\/ Sardinien.Why? Lebo chcem kitova\u0165 na najkraj\u0161om mieste Homespot: BreitenbrunnLieblingsspot: Rhodos Why? Preto\u017ee chceme zachova\u0165 miesto pre kitesurfing a klub prosperuje v\u010faka odhodlaniu svojich \u010dlenov.Homespot: BreitenbrunnLieblingsspot: ParosWhy? #lovemyhomespot #southwind #alohaTeamHomespot: BreitenbrunnOblubeny Spot: Punta Chame \/ PanamaWhy: Pre rados\u0165 Homespot(u)Homespot: BreitenbrunnOblubeny Spot: V Breitenbrunne pri Severnom resp. Severoz\u00e1panom vetre, [&hellip;]","og_url":"https:\/\/kitenbrunn.at\/sk\/predstavenstvo\/","og_site_name":"Kitenbrunn","article_modified_time":"2026-04-01T16:27:26+00:00","og_image":[{"width":2560,"height":1345,"url":"https:\/\/kitenbrunn.at\/wp-content\/uploads\/2020\/10\/FKN_FB_Sharing-scaled.jpg","type":"image\/jpeg"}],"twitter_card":"summary_large_image","twitter_misc":{"Predpokladan\u00fd \u010das \u010d\u00edtania":"4 min\u00faty"},"schema":{"@context":"https:\/\/schema.org","@graph":[{"@type":"WebPage","@id":"https:\/\/kitenbrunn.at\/sk\/predstavenstvo\/","url":"https:\/\/kitenbrunn.at\/sk\/predstavenstvo\/","name":"Predstavenstvo - Kitenbrunn","isPartOf":{"@id":"https:\/\/kitenbrunn.at\/#website"},"datePublished":"2021-03-17T20:14:15+00:00","dateModified":"2026-04-01T16:27:26+00:00","breadcrumb":{"@id":"https:\/\/kitenbrunn.at\/sk\/predstavenstvo\/#breadcrumb"},"inLanguage":"sk-SK","potentialAction":[{"@type":"ReadAction","target":["https:\/\/kitenbrunn.at\/sk\/predstavenstvo\/"]}]},{"@type":"BreadcrumbList","@id":"https:\/\/kitenbrunn.at\/sk\/predstavenstvo\/#breadcrumb","itemListElement":[{"@type":"ListItem","position":1,"name":"Startseite","item":"https:\/\/kitenbrunn.at\/sk\/"},{"@type":"ListItem","position":2,"name":"Predstavenstvo"}]},{"@type":"WebSite","@id":"https:\/\/kitenbrunn.at\/#website","url":"https:\/\/kitenbrunn.at\/","name":"Kitenbrunn","description":"Kitesport F\u00f6rderverein Breitenbrunn","potentialAction":[{"@type":"SearchAction","target":{"@type":"EntryPoint","urlTemplate":"https:\/\/kitenbrunn.at\/?s={search_term_string}"},"query-input":{"@type":"PropertyValueSpecification","valueRequired":true,"valueName":"search_term_string"}}],"inLanguage":"sk-SK"}]}},"ticketed":false,"_links":{"self":[{"href":"https:\/\/kitenbrunn.at\/sk\/wp-json\/wp\/v2\/pages\/7498","targetHints":{"allow":["GET"]}}],"collection":[{"href":"https:\/\/kitenbrunn.at\/sk\/wp-json\/wp\/v2\/pages"}],"about":[{"href":"https:\/\/kitenbrunn.at\/sk\/wp-json\/wp\/v2\/types\/page"}],"author":[{"embeddable":true,"href":"https:\/\/kitenbrunn.at\/sk\/wp-json\/wp\/v2\/users\/204"}],"replies":[{"embeddable":true,"href":"https:\/\/kitenbrunn.at\/sk\/wp-json\/wp\/v2\/comments?post=7498"}],"version-history":[{"count":5,"href":"https:\/\/kitenbrunn.at\/sk\/wp-json\/wp\/v2\/pages\/7498\/revisions"}],"predecessor-version":[{"id":17350,"href":"https:\/\/kitenbrunn.at\/sk\/wp-json\/wp\/v2\/pages\/7498\/revisions\/17350"}],"wp:attachment":[{"href":"https:\/\/kitenbrunn.at\/sk\/wp-json\/wp\/v2\/media?parent=7498"}],"curies":[{"name":"wp","href":"https:\/\/api.w.org\/{rel}","templated":true}]}}