{"id":7495,"date":"2021-03-17T20:29:28","date_gmt":"2021-03-17T19:29:28","guid":{"rendered":"https:\/\/kitenbrunn.at\/o-nas\/"},"modified":"2025-03-14T12:04:49","modified_gmt":"2025-03-14T11:04:49","slug":"o-nas","status":"publish","type":"page","link":"https:\/\/kitenbrunn.at\/sk\/o-nas\/","title":{"rendered":"O n\u00e1s"},"content":{"rendered":"<p>[et_pb_section fb_built=&#8221;1&#8243; module_class=&#8221;exbox&#8221; _builder_version=&#8221;4.16&#8243; background_image=&#8221;https:\/\/kitenbrunn.at\/wp-content\/uploads\/2020\/09\/WCK-9.jpg&#8221; min_height=&#8221;25vh&#8221; bottom_divider_style=&#8221;wave&#8221; bottom_divider_color=&#8221;#ffffff&#8221; bottom_divider_height=&#8221;60px&#8221; bottom_divider_flip=&#8221;horizontal&#8221; global_colors_info=&#8221;{}&#8221;][et_pb_row _builder_version=&#8221;4.16&#8243; global_colors_info=&#8221;{}&#8221;][et_pb_column type=&#8221;4_4&#8243; _builder_version=&#8221;4.16&#8243; global_colors_info=&#8221;{}&#8221;][et_pb_text module_class=&#8221;zitattext&#8221; _builder_version=&#8221;4.16&#8243; header_font=&#8221;||||||||&#8221; header_font_size=&#8221;9em&#8221; header_letter_spacing=&#8221;2px&#8221; text_orientation=&#8221;center&#8221; background_layout=&#8221;dark&#8221; custom_margin=&#8221;||220px||false|false&#8221; header_font_size_tablet=&#8221;5em&#8221; header_font_size_phone=&#8221;4em&#8221; header_font_size_last_edited=&#8221;on|phone&#8221; text_text_align=&#8221;center&#8221; global_colors_info=&#8221;{}&#8221;]<\/p>\n<h1><span style=\"font-weight: 400;\">Kitesurf v Breitenbrunne<\/span><\/h1>\n<p>[\/et_pb_text][\/et_pb_column][\/et_pb_row][\/et_pb_section][et_pb_section fb_built=&#8221;1&#8243; specialty=&#8221;on&#8221; _builder_version=&#8221;4.16&#8243; bottom_divider_style=&#8221;wave&#8221; bottom_divider_color=&#8221;#efefef&#8221; bottom_divider_height=&#8221;40px&#8221; global_colors_info=&#8221;{}&#8221;][et_pb_column type=&#8221;3_4&#8243; specialty_columns=&#8221;3&#8243; _builder_version=&#8221;4.16&#8243; custom_padding=&#8221;|||&#8221; global_colors_info=&#8221;{}&#8221; custom_padding__hover=&#8221;|||&#8221;][et_pb_row_inner _builder_version=&#8221;4.16&#8243; global_colors_info=&#8221;{}&#8221;][et_pb_column_inner saved_specialty_column_type=&#8221;3_4&#8243; _builder_version=&#8221;4.16&#8243; global_colors_info=&#8221;{}&#8221;][et_pb_text _builder_version=&#8221;4.27.4&#8243; global_colors_info=&#8221;{}&#8221;]<\/p>\n<h2><span style=\"font-weight: 400;\">Spolok FKN<\/span><\/h2>\n<p><span style=\"font-weight: 400;\">Do roku 2019 prev\u00e1dzkovala \u201eSeebad\u201c obec Breitenbrunn, av\u0161ak po sez\u00f3ne v roku2019 <\/span><span style=\"font-weight: 400;\">prevzalo vedenie v tejto \u010dasti nad\u00e1cia <\/span><span style=\"font-weight: 400;\">Esterhazy Privatstiftung. <\/span><span style=\"font-weight: 400;\">Ke\u010f sa malo rozhodn\u00fa\u0165 o\u00a0<\/span><span style=\"font-weight: 400;\">z\u00e1kaze, \u010di limitovan\u00ed kitesurf-\u0161portu, zriadili kitesurfisti ako z\u00e1ujmov\u00fa \u010dinno\u0165 FKN.<\/span><\/p>\n<p><span style=\"font-weight: 400;\">Medzi FKN a Seebad Breitenbrunn GmbH prev\u00e1dzkou( podnik spolo\u010dnosti <\/span><span style=\"font-weight: 400;\">Esterhazy <\/span><span style=\"font-weight: 400;\">) bolo dohodnut\u00e9, \u017ee ozna\u010den\u00e1 pl\u00e1\u017eov\u00e1 oblas\u0165 pre kitesurfing bude volne pr\u00edstupn\u00e1 \u010dlenom KFN.<\/span><\/p>\n<p><span style=\"font-weight: 400;\">To znamen\u00e1, \u017ee kitesurfing v Breitenbrunne je mo\u017e\u00fd len pre \u010dlenov FKN.<\/span><\/p>\n<p>[\/et_pb_text][et_pb_button button_url=&#8221;@ET-DC@eyJkeW5hbWljIjp0cnVlLCJjb250ZW50IjoicG9zdF9saW5rX3VybF9wYWdlIiwic2V0dGluZ3MiOnsicG9zdF9pZCI6IjI2MjUifX0=@&#8221; button_text=&#8221;By\u0165 \u010dlenom&#8221; _builder_version=&#8221;4.16&#8243; _dynamic_attributes=&#8221;button_url&#8221; button_icon=&#8221;&#xe108;||divi||400&#8243; button_icon_placement=&#8221;left&#8221; button_on_hover=&#8221;off&#8221; locked=&#8221;off&#8221; global_colors_info=&#8221;{}&#8221; transform_styles__hover_enabled=&#8221;on|hover&#8221; transform_scale__hover_enabled=&#8221;on|hover&#8221; transform_translate__hover_enabled=&#8221;on|desktop&#8221; transform_rotate__hover_enabled=&#8221;on|desktop&#8221; transform_skew__hover_enabled=&#8221;on|desktop&#8221; transform_origin__hover_enabled=&#8221;on|desktop&#8221; button_border_width__hover_enabled=&#8221;off|hover&#8221; button_bg_color__hover_enabled=&#8221;on|hover&#8221; button_bg_color__hover=&#8221;#98b3dc&#8221; button_bg_enable_color__hover=&#8221;on&#8221; button_border_radius__hover_enabled=&#8221;on|hover&#8221; button_border_radius__hover=&#8221;0px&#8221; button_letter_spacing__hover_enabled=&#8221;on|hover&#8221; button_letter_spacing__hover=&#8221;1px&#8221; button_text_color__hover_enabled=&#8221;on|hover&#8221; button_text_color__hover=&#8221;#ffffff&#8221;][\/et_pb_button][et_pb_text _builder_version=&#8221;4.27.4&#8243; global_colors_info=&#8221;{}&#8221;]<\/p>\n<p id=\"tw-target-text\" class=\"tw-data-text tw-text-large tw-ta\" dir=\"ltr\" data-placeholder=\"\u00dcbersetzung\" data-ved=\"2ahUKEwjB2YbNoYmMAxUxg_0HHVEeBrIQ3ewLegQICBAV\" aria-label=\"\u00dcbersetzter Text: Dokladom o \u010dlenstve je \u010dlensk\u00e1 karta, ktor\u00fa si m\u00f4\u017eete stiahnu\u0165 ako PDF z v\u00e1\u0161ho \u00fa\u010dtu na na\u0161ej domovskej str\u00e1nke alebo ulo\u017ei\u0165 do pe\u0148a\u017eenky vo va\u0161om smartf\u00f3ne. Vyhradzujeme si pr\u00e1vo vykon\u00e1va\u0165 n\u00e1hodn\u00e9 kontroly \u010dlenstva.\"><span class=\"Y2IQFc\" lang=\"sk\">Dokladom o \u010dlenstve je \u010dlensk\u00e1 karta, ktor\u00fa si m\u00f4\u017eete stiahnu\u0165 ako PDF z v\u00e1\u0161ho \u00fa\u010dtu na na\u0161ej domovskej str\u00e1nke alebo ulo\u017ei\u0165 do pe\u0148a\u017eenky vo va\u0161om smartf\u00f3ne. Vyhradzujeme si pr\u00e1vo vykon\u00e1va\u0165 n\u00e1hodn\u00e9 kontroly \u010dlenstva.<\/span><\/p>\n<p>[\/et_pb_text][et_pb_button button_url=&#8221;https:\/\/kitenbrunn.at\/wp-content\/uploads\/2021\/04\/20210313_FKN-Statuten.pdf&#8221; url_new_window=&#8221;on&#8221; button_text=&#8221;\u0160TAT\u00daT SPOLKU -DOWNLOAD&#8221; _builder_version=&#8221;4.16&#8243; button_icon=&#8221;&#x69;||divi||400&#8243; button_icon_placement=&#8221;left&#8221; button_on_hover=&#8221;off&#8221; locked=&#8221;off&#8221; global_colors_info=&#8221;{}&#8221; transform_styles__hover_enabled=&#8221;on|hover&#8221; transform_scale__hover_enabled=&#8221;on|hover&#8221; transform_translate__hover_enabled=&#8221;on|desktop&#8221; transform_rotate__hover_enabled=&#8221;on|desktop&#8221; transform_skew__hover_enabled=&#8221;on|desktop&#8221; transform_origin__hover_enabled=&#8221;on|desktop&#8221; button_border_width__hover_enabled=&#8221;off|hover&#8221; button_bg_color__hover_enabled=&#8221;on|hover&#8221; button_bg_color__hover=&#8221;#98b3dc&#8221; button_bg_enable_color__hover=&#8221;on&#8221; button_border_radius__hover_enabled=&#8221;on|hover&#8221; button_border_radius__hover=&#8221;0px&#8221; button_letter_spacing__hover_enabled=&#8221;on|hover&#8221; button_letter_spacing__hover=&#8221;1px&#8221; button_text_color__hover_enabled=&#8221;on|desktop&#8221; button_text_color__hover=&#8221;#ffffff&#8221;][\/et_pb_button][\/et_pb_column_inner][\/et_pb_row_inner][et_pb_row_inner _builder_version=&#8221;4.16&#8243; _module_preset=&#8221;default&#8221; global_colors_info=&#8221;{}&#8221;][et_pb_column_inner saved_specialty_column_type=&#8221;3_4&#8243; _builder_version=&#8221;4.16&#8243; _module_preset=&#8221;default&#8221; global_colors_info=&#8221;{}&#8221;][et_pb_divider divider_position=&#8221;center&#8221; _builder_version=&#8221;4.16&#8243; _module_preset=&#8221;default&#8221; global_colors_info=&#8221;{}&#8221;][\/et_pb_divider][\/et_pb_column_inner][\/et_pb_row_inner][et_pb_row_inner column_structure=&#8221;1_2,1_2&#8243; _builder_version=&#8221;4.16&#8243; global_colors_info=&#8221;{}&#8221;][et_pb_column_inner type=&#8221;1_2&#8243; saved_specialty_column_type=&#8221;3_4&#8243; _builder_version=&#8221;4.16&#8243; global_colors_info=&#8221;{}&#8221;][et_pb_text _builder_version=&#8221;4.16&#8243; global_colors_info=&#8221;{}&#8221;]<\/p>\n<h2><span style=\"font-weight: 400;\">Na \u010dom n\u00e1m z\u00e1le\u017e\u00ed<\/span><\/h2>\n<p><span style=\"font-weight: 400;\">V r\u00e1mci novej v\u00fdstavby na pobre\u017e\u00ed jazera je na\u0161im cielom, zachova\u0165 ten jedine\u010dn\u00fd fl\u00e9r kitesurfingu v Breitenbrunne a jeho v\u00fdvoj v bud\u00facnosti stv\u00e1r\u0148ova\u0165.<\/span><\/p>\n<p><span style=\"font-weight: 400;\">Vo\u013ane prelo\u017een\u00fd cit\u00e1t: My nem\u00f4\u017eeme meni\u0165 vietor, ale ten kite na vhodnom mieste vo veternom okne nasmerova\u0165.<\/span><\/p>\n<p><span style=\"font-weight: 400;\">S tvojim \u010dlenstvom n\u00e1s v tom podpor\u00ed\u0161.\u00a0<\/span><\/p>\n<p><span style=\"font-weight: 400;\">V\u010faka za tvoj pr\u00edspevok.<\/span><\/p>\n<p>[\/et_pb_text][\/et_pb_column_inner][et_pb_column_inner type=&#8221;1_2&#8243; saved_specialty_column_type=&#8221;3_4&#8243; _builder_version=&#8221;4.16&#8243; global_colors_info=&#8221;{}&#8221;][et_pb_text _builder_version=&#8221;4.16&#8243; global_colors_info=&#8221;{}&#8221;]<\/p>\n<h2><span style=\"font-weight: 400;\">Pr\u00edroda, istota a spolupatri\u010dnos\u0165<\/span><\/h2>\n<p><span style=\"font-weight: 400;\">Neusiedlersee je obzvl\u00e1\u0161\u0165 citliv\u00e1 turistick\u00e1 oblas\u0165.<\/span><\/p>\n<p><span style=\"font-weight: 400;\">Preto pri vykon\u00e1van\u00ed tohto \u0161portu jedn\u00e1me nad\u010dasovo a ekologicky a re\u0161pektujeme pr\u00edrodu a \u017eivotn\u00e9 prostredie.<\/span><\/p>\n<p><span style=\"font-weight: 400;\">Ako vodn\u00fd \u0161portovec dodr\u017eujem z\u00e1sady lodnej plavby a pravidl\u00e1 \u0161portu.<\/span><\/p>\n<p><span style=\"font-weight: 400;\">Bezpe\u010dnos\u0165 pri kitesurfingu je na prvom mieste.<\/span><\/p>\n<p><span style=\"font-weight: 400;\">Pri tr\u00e9ningu berieme oh\u013ead na n\u00e1v\u0161evn\u00edkov regi\u00f3nu, placht\u00e1rov a k\u00fapaj\u00facich sa, \u010di pl\u00e1vaj\u00facich host\u00ed.<\/span><\/p>\n<p>[\/et_pb_text][\/et_pb_column_inner][\/et_pb_row_inner][et_pb_row_inner _builder_version=&#8221;4.16&#8243; _module_preset=&#8221;default&#8221; global_colors_info=&#8221;{}&#8221;][et_pb_column_inner saved_specialty_column_type=&#8221;3_4&#8243; _builder_version=&#8221;4.16&#8243; _module_preset=&#8221;default&#8221; global_colors_info=&#8221;{}&#8221;][et_pb_divider divider_position=&#8221;center&#8221; _builder_version=&#8221;4.16&#8243; _module_preset=&#8221;default&#8221; global_colors_info=&#8221;{}&#8221;][\/et_pb_divider][\/et_pb_column_inner][\/et_pb_row_inner][et_pb_row_inner column_structure=&#8221;1_3,1_3,1_3&#8243; _builder_version=&#8221;4.16&#8243; global_colors_info=&#8221;{}&#8221;][et_pb_column_inner type=&#8221;1_3&#8243; saved_specialty_column_type=&#8221;3_4&#8243; _builder_version=&#8221;4.16&#8243; global_colors_info=&#8221;{}&#8221;][et_pb_blurb title=&#8221;Spot&#8221; url=&#8221;@ET-DC@eyJkeW5hbWljIjp0cnVlLCJjb250ZW50IjoicG9zdF9saW5rX3VybF9wYWdlIiwic2V0dGluZ3MiOnsicG9zdF9pZCI6IjU2OTYifX0=@&#8221; image=&#8221;https:\/\/kitenbrunn.at\/wp-content\/uploads\/2019\/07\/FKN-Icon-03.svg&#8221; image_icon_width=&#8221;50%&#8221; admin_label=&#8221;ICON Spot&#8221; _builder_version=&#8221;4.16&#8243; _dynamic_attributes=&#8221;url,link_option_url&#8221; text_orientation=&#8221;center&#8221; link_option_url=&#8221;@ET-DC@eyJkeW5hbWljIjp0cnVlLCJjb250ZW50IjoicG9zdF9saW5rX3VybF9wYWdlIiwic2V0dGluZ3MiOnsicG9zdF9pZCI6IjU2OTYifX0=@&#8221; image_max_width=&#8221;50%&#8221; locked=&#8221;off&#8221; global_colors_info=&#8221;{}&#8221; transform_styles__hover_enabled=&#8221;on|hover&#8221; transform_scale__hover_enabled=&#8221;on|hover&#8221; transform_translate__hover_enabled=&#8221;on|desktop&#8221; transform_rotate__hover_enabled=&#8221;on|desktop&#8221; transform_skew__hover_enabled=&#8221;on|desktop&#8221; transform_origin__hover_enabled=&#8221;on|desktop&#8221; transform_scale__hover=&#8221;102%|102%&#8221;]<\/p>\n<p><span style=\"font-weight: 400;\">Uvo\u013enene, \u0161portovo a legend\u00e1rne pri Ju\u017enom vetre.<br \/><\/span><span style=\"font-weight: 400;\">Plat\u00ed originalita.<\/span><\/p>\n<p>[\/et_pb_blurb][\/et_pb_column_inner][et_pb_column_inner type=&#8221;1_3&#8243; saved_specialty_column_type=&#8221;3_4&#8243; _builder_version=&#8221;4.16&#8243; global_colors_info=&#8221;{}&#8221;][et_pb_blurb title=&#8221;Pravidl\u00e1&#8221; url=&#8221;@ET-DC@eyJkeW5hbWljIjp0cnVlLCJjb250ZW50IjoicG9zdF9saW5rX3VybF9wYWdlIiwic2V0dGluZ3MiOnsicG9zdF9pZCI6IjU3MDcifX0=@&#8221; image=&#8221;https:\/\/kitenbrunn.at\/wp-content\/uploads\/2019\/07\/FKN-Icon-05.svg&#8221; image_icon_width=&#8221;50%&#8221; admin_label=&#8221;ICON Regeln&#8221; _builder_version=&#8221;4.16&#8243; _dynamic_attributes=&#8221;url,link_option_url&#8221; text_orientation=&#8221;center&#8221; link_option_url=&#8221;@ET-DC@eyJkeW5hbWljIjp0cnVlLCJjb250ZW50IjoicG9zdF9saW5rX3VybF9wYWdlIiwic2V0dGluZ3MiOnsicG9zdF9pZCI6IjU3MDcifX0=@&#8221; image_max_width=&#8221;50%&#8221; locked=&#8221;off&#8221; global_colors_info=&#8221;{}&#8221; transform_styles__hover_enabled=&#8221;on|hover&#8221; transform_scale__hover_enabled=&#8221;on|hover&#8221; transform_translate__hover_enabled=&#8221;on|desktop&#8221; transform_rotate__hover_enabled=&#8221;on|desktop&#8221; transform_skew__hover_enabled=&#8221;on|desktop&#8221; transform_origin__hover_enabled=&#8221;on|desktop&#8221; transform_scale__hover=&#8221;102%|102%&#8221;]<\/p>\n<p><span style=\"font-weight: 400;\">Nem\u00e1 nikdo ve\u013emi r\u00e1d.<br \/><\/span><span style=\"font-weight: 400;\">Ale, s\u00fa d\u00f4le\u017eit\u00e9, lebo in\u00e1\u010d to nefunguje.<\/span><\/p>\n<p>[\/et_pb_blurb][\/et_pb_column_inner][et_pb_column_inner type=&#8221;1_3&#8243; saved_specialty_column_type=&#8221;3_4&#8243; _builder_version=&#8221;4.16&#8243; global_colors_info=&#8221;{}&#8221;][et_pb_blurb title=&#8221;By\u0165 \u010dlenom&#8221; url=&#8221;@ET-DC@eyJkeW5hbWljIjp0cnVlLCJjb250ZW50IjoicG9zdF9saW5rX3VybF9wYWdlIiwic2V0dGluZ3MiOnsicG9zdF9pZCI6IjI2MjUifX0=@&#8221; image=&#8221;https:\/\/kitenbrunn.at\/wp-content\/uploads\/2019\/07\/FKN-Icon-04.svg&#8221; image_icon_width=&#8221;50%&#8221; admin_label=&#8221;ICON Mitglied&#8221; _builder_version=&#8221;4.16&#8243; _dynamic_attributes=&#8221;url,link_option_url&#8221; text_orientation=&#8221;center&#8221; link_option_url=&#8221;@ET-DC@eyJkeW5hbWljIjp0cnVlLCJjb250ZW50IjoicG9zdF9saW5rX3VybF9wYWdlIiwic2V0dGluZ3MiOnsicG9zdF9pZCI6IjI2MjUifX0=@&#8221; image_max_width=&#8221;50%&#8221; locked=&#8221;off&#8221; global_colors_info=&#8221;{}&#8221; transform_styles__hover_enabled=&#8221;on|hover&#8221; transform_scale__hover_enabled=&#8221;on|hover&#8221; transform_translate__hover_enabled=&#8221;on|desktop&#8221; transform_rotate__hover_enabled=&#8221;on|desktop&#8221; transform_skew__hover_enabled=&#8221;on|desktop&#8221; transform_origin__hover_enabled=&#8221;on|desktop&#8221; transform_scale__hover=&#8221;102%|102%&#8221;]<\/p>\n<p><span style=\"font-weight: 400;\">K\u00f4li voln\u00e9mu vstupu a podpore kitesurfingu v Breitenbrunne.<\/span><\/p>\n<p>[\/et_pb_blurb][\/et_pb_column_inner][\/et_pb_row_inner][\/et_pb_column][et_pb_column type=&#8221;1_4&#8243; _builder_version=&#8221;4.16&#8243; custom_padding=&#8221;|||&#8221; global_colors_info=&#8221;{}&#8221; custom_padding__hover=&#8221;|||&#8221;][et_pb_sidebar orientation=&#8221;right&#8221; area=&#8221;et_pb_widget_area_1&#8243; show_border=&#8221;off&#8221; _builder_version=&#8221;4.16&#8243; background_color=&#8221;#ffffff&#8221; custom_margin=&#8221;-200px||||false|false&#8221; custom_margin_tablet=&#8221;0px||||false|false&#8221; custom_margin_phone=&#8221;&#8221; custom_margin_last_edited=&#8221;on|desktop&#8221; border_radii=&#8221;off|15px|||&#8221; box_shadow_style=&#8221;preset2&#8243; global_colors_info=&#8221;{}&#8221;][\/et_pb_sidebar][et_pb_code _builder_version=&#8221;4.18.0&#8243; divienhancer_set=&#8221;modal_popup&#8221; divienhancer_modal_popup=&#8221;divienhancer-modalpopup&#8221; divienhancer_modal_overlay=&#8221;rgba(51,51,51,0.75)&#8221; divienhancer_modal_button_text=&#8221;Windguru&#8221; divienhancer_modal_button_css=&#8221;background-color:#9ab5df; color:#fff; font-size: 22px;<\/p>\n<p>&#8221; divienhancer_modal_box_css=&#8221;top: 50%; left: 50%; width: 80%; max-width: 1800px; min-width: 340px; height: auto; &#8221; global_colors_info=&#8221;{}&#8221;]        <\/p>\n<div id=\"lazyPrivacy1\" style=\"text-align: center; vertical-align: middle; width: 100%; height: 100%;\"><!-- [et_pb_line_break_holder] --><\/p>\n<h3>Windguru<\/h3>\n<p><!-- [et_pb_line_break_holder] -->\n<pee>Dieses Widget wird erst nach einem Klick geladen<!\u2013- [et_pb_br_holder] -\u2013><!-- [et_pb_line_break_holder] --> Dabei werden Daten an die externe Seite windguru.com \u00fcbertragen.<!\u2013- [et_pb_br_holder] -\u2013><!-- [et_pb_line_break_holder] --> Wir sind nicht verantwortlich f\u00fcr den Inhalt der Seite darum kann nicht sichergestellt werden<!-- [et_pb_line_break_holder] --> welche Folgedienste diese Daten weiterverarbeiten.<\/pee>\n<!-- [et_pb_line_break_holder] --><\/div>\n<p><!-- [et_pb_line_break_holder] -->\n<pee><script type=\"text\/javascript\"><!-- [et_pb_line_break_holder] -->            function load3rd(elem, widgetName){<!-- [et_pb_line_break_holder] -->                let widget = document.createElement('script');<!-- [et_pb_line_break_holder] -->                widget.id = 'wg_fwdg_33_3_1663929543196';<!-- [et_pb_line_break_holder] -->                widget.type = 'text\/javascript';<!-- [et_pb_line_break_holder] -->                widget.text = `<!-- [et_pb_line_break_holder] -->  var loader = function () {<!-- [et_pb_line_break_holder] -->    var arg = [\"s=33\" ,\"m=3\",\"uid=wg_fwdg_33_3_1663929543196\" ,\"wj=knots\" ,\"tj=c\" ,\"waj=m\" ,\"odh=0\" ,\"doh=24\" ,\"fhours=240\" ,\"hrsm=3\" ,\"vt=forecasts\" ,\"lng=de\" ,\"p=WINDSPD,GUST,MWINDSPD,SMER,TMPE,FLHGT,CDC,APCP1s,RATING\"];<!-- [et_pb_line_break_holder] -->    var script = document.createElement(\"script\");<!-- [et_pb_line_break_holder] -->    var tag = document.getElementsByTagName(\"script\")[0];<!-- [et_pb_line_break_holder] -->    script.src = \"https:\/\/www.windguru.cz\/js\/widget.php?\"+(arg.join(\"&\"));<!-- [et_pb_line_break_holder] -->    tag.parentNode.insertBefore(script, tag);<!-- [et_pb_line_break_holder] -->  };<!-- [et_pb_line_break_holder] -->loader();`;<!-- [et_pb_line_break_holder] -->                const parent = elem.parentNode;<!-- [et_pb_line_break_holder] -->                parent.replaceChild(widget, elem);<!-- [et_pb_line_break_holder] -->            }<!-- [et_pb_line_break_holder] -->        <\/script><\/pee>[\/et_pb_code][\/et_pb_column][\/et_pb_section]<\/p>\n","protected":false},"excerpt":{"rendered":"<p>Kitesurf v BreitenbrunneSpolok FKN Do roku 2019 prev\u00e1dzkovala \u201eSeebad\u201c obec Breitenbrunn, av\u0161ak po sez\u00f3ne v roku2019 prevzalo vedenie v tejto \u010dasti nad\u00e1cia Esterhazy Privatstiftung. Ke\u010f sa malo rozhodn\u00fa\u0165 o\u00a0z\u00e1kaze, \u010di limitovan\u00ed kitesurf-\u0161portu, zriadili kitesurfisti ako z\u00e1ujmov\u00fa \u010dinno\u0165 FKN. Medzi FKN a Seebad Breitenbrunn GmbH prev\u00e1dzkou( podnik spolo\u010dnosti Esterhazy ) bolo dohodnut\u00e9, \u017ee ozna\u010den\u00e1 pl\u00e1\u017eov\u00e1 oblas\u0165 [&hellip;]<\/p>\n","protected":false},"author":204,"featured_media":0,"parent":0,"menu_order":0,"comment_status":"closed","ping_status":"closed","template":"","meta":{"_et_pb_use_builder":"on","_et_pb_old_content":"","_et_gb_content_width":"","_price":"","_stock":"","_tribe_ticket_header":"","_tribe_default_ticket_provider":"","_ticket_start_date":"","_ticket_end_date":"","_tribe_ticket_show_description":"","_tribe_ticket_show_not_going":false,"_tribe_ticket_use_global_stock":"","_tribe_ticket_global_stock_level":"","_global_stock_mode":"","_global_stock_cap":"","_tribe_rsvp_for_event":"","_tribe_ticket_going_count":"","_tribe_ticket_not_going_count":"","_tribe_tickets_list":"[]","_tribe_ticket_has_attendee_info_fields":false,"footnotes":"","_tec_slr_enabled":"","_tec_slr_layout":""},"class_list":["post-7495","page","type-page","status-publish","hentry"],"yoast_head":"<!-- This site is optimized with the Yoast SEO plugin v27.5 - https:\/\/yoast.com\/product\/yoast-seo-wordpress\/ -->\n<title>O n\u00e1s - Kitenbrunn<\/title>\n<meta name=\"robots\" content=\"index, follow, max-snippet:-1, max-image-preview:large, max-video-preview:-1\" \/>\n<link rel=\"canonical\" href=\"https:\/\/kitenbrunn.at\/ueber-fkn\/\" \/>\n<meta property=\"og:locale\" content=\"sk_SK\" \/>\n<meta property=\"og:type\" content=\"article\" \/>\n<meta property=\"og:title\" content=\"O n\u00e1s - Kitenbrunn\" \/>\n<meta property=\"og:description\" content=\"Kitesurf v BreitenbrunneSpolok FKN Do roku 2019 prev\u00e1dzkovala \u201eSeebad\u201c obec Breitenbrunn, av\u0161ak po sez\u00f3ne v roku2019 prevzalo vedenie v tejto \u010dasti nad\u00e1cia Esterhazy Privatstiftung. Ke\u010f sa malo rozhodn\u00fa\u0165 o\u00a0z\u00e1kaze, \u010di limitovan\u00ed kitesurf-\u0161portu, zriadili kitesurfisti ako z\u00e1ujmov\u00fa \u010dinno\u0165 FKN. Medzi FKN a Seebad Breitenbrunn GmbH prev\u00e1dzkou( podnik spolo\u010dnosti Esterhazy ) bolo dohodnut\u00e9, \u017ee ozna\u010den\u00e1 pl\u00e1\u017eov\u00e1 oblas\u0165 [&hellip;]\" \/>\n<meta property=\"og:url\" content=\"https:\/\/kitenbrunn.at\/ueber-fkn\/\" \/>\n<meta property=\"og:site_name\" content=\"Kitenbrunn\" \/>\n<meta property=\"article:modified_time\" content=\"2025-03-14T11:04:49+00:00\" \/>\n<meta property=\"og:image\" content=\"https:\/\/kitenbrunn.at\/wp-content\/uploads\/2020\/10\/FKN_FB_Sharing-scaled.jpg\" \/>\n\t<meta property=\"og:image:width\" content=\"2560\" \/>\n\t<meta property=\"og:image:height\" content=\"1345\" \/>\n\t<meta property=\"og:image:type\" content=\"image\/jpeg\" \/>\n<meta name=\"twitter:card\" content=\"summary_large_image\" \/>\n<meta name=\"twitter:label1\" content=\"Predpokladan\u00fd \u010das \u010d\u00edtania\" \/>\n\t<meta name=\"twitter:data1\" content=\"8 min\u00fat\" \/>\n<script type=\"application\/ld+json\" class=\"yoast-schema-graph\">{\"@context\":\"https:\\\/\\\/schema.org\",\"@graph\":[{\"@type\":\"WebPage\",\"@id\":\"https:\\\/\\\/kitenbrunn.at\\\/ueber-fkn\\\/\",\"url\":\"https:\\\/\\\/kitenbrunn.at\\\/ueber-fkn\\\/\",\"name\":\"O n\u00e1s - Kitenbrunn\",\"isPartOf\":{\"@id\":\"https:\\\/\\\/kitenbrunn.at\\\/#website\"},\"datePublished\":\"2021-03-17T19:29:28+00:00\",\"dateModified\":\"2025-03-14T11:04:49+00:00\",\"breadcrumb\":{\"@id\":\"https:\\\/\\\/kitenbrunn.at\\\/ueber-fkn\\\/#breadcrumb\"},\"inLanguage\":\"sk-SK\",\"potentialAction\":[{\"@type\":\"ReadAction\",\"target\":[\"https:\\\/\\\/kitenbrunn.at\\\/ueber-fkn\\\/\"]}]},{\"@type\":\"BreadcrumbList\",\"@id\":\"https:\\\/\\\/kitenbrunn.at\\\/ueber-fkn\\\/#breadcrumb\",\"itemListElement\":[{\"@type\":\"ListItem\",\"position\":1,\"name\":\"Startseite\",\"item\":\"https:\\\/\\\/kitenbrunn.at\\\/sk\\\/\"},{\"@type\":\"ListItem\",\"position\":2,\"name\":\"O n\u00e1s\"}]},{\"@type\":\"WebSite\",\"@id\":\"https:\\\/\\\/kitenbrunn.at\\\/#website\",\"url\":\"https:\\\/\\\/kitenbrunn.at\\\/\",\"name\":\"Kitenbrunn\",\"description\":\"Kitesport F\u00f6rderverein Breitenbrunn\",\"potentialAction\":[{\"@type\":\"SearchAction\",\"target\":{\"@type\":\"EntryPoint\",\"urlTemplate\":\"https:\\\/\\\/kitenbrunn.at\\\/?s={search_term_string}\"},\"query-input\":{\"@type\":\"PropertyValueSpecification\",\"valueRequired\":true,\"valueName\":\"search_term_string\"}}],\"inLanguage\":\"sk-SK\"}]}<\/script>\n<!-- \/ Yoast SEO plugin. -->","yoast_head_json":{"title":"O n\u00e1s - Kitenbrunn","robots":{"index":"index","follow":"follow","max-snippet":"max-snippet:-1","max-image-preview":"max-image-preview:large","max-video-preview":"max-video-preview:-1"},"canonical":"https:\/\/kitenbrunn.at\/ueber-fkn\/","og_locale":"sk_SK","og_type":"article","og_title":"O n\u00e1s - Kitenbrunn","og_description":"Kitesurf v BreitenbrunneSpolok FKN Do roku 2019 prev\u00e1dzkovala \u201eSeebad\u201c obec Breitenbrunn, av\u0161ak po sez\u00f3ne v roku2019 prevzalo vedenie v tejto \u010dasti nad\u00e1cia Esterhazy Privatstiftung. Ke\u010f sa malo rozhodn\u00fa\u0165 o\u00a0z\u00e1kaze, \u010di limitovan\u00ed kitesurf-\u0161portu, zriadili kitesurfisti ako z\u00e1ujmov\u00fa \u010dinno\u0165 FKN. Medzi FKN a Seebad Breitenbrunn GmbH prev\u00e1dzkou( podnik spolo\u010dnosti Esterhazy ) bolo dohodnut\u00e9, \u017ee ozna\u010den\u00e1 pl\u00e1\u017eov\u00e1 oblas\u0165 [&hellip;]","og_url":"https:\/\/kitenbrunn.at\/ueber-fkn\/","og_site_name":"Kitenbrunn","article_modified_time":"2025-03-14T11:04:49+00:00","og_image":[{"width":2560,"height":1345,"url":"https:\/\/kitenbrunn.at\/wp-content\/uploads\/2020\/10\/FKN_FB_Sharing-scaled.jpg","type":"image\/jpeg"}],"twitter_card":"summary_large_image","twitter_misc":{"Predpokladan\u00fd \u010das \u010d\u00edtania":"8 min\u00fat"},"schema":{"@context":"https:\/\/schema.org","@graph":[{"@type":"WebPage","@id":"https:\/\/kitenbrunn.at\/ueber-fkn\/","url":"https:\/\/kitenbrunn.at\/ueber-fkn\/","name":"O n\u00e1s - Kitenbrunn","isPartOf":{"@id":"https:\/\/kitenbrunn.at\/#website"},"datePublished":"2021-03-17T19:29:28+00:00","dateModified":"2025-03-14T11:04:49+00:00","breadcrumb":{"@id":"https:\/\/kitenbrunn.at\/ueber-fkn\/#breadcrumb"},"inLanguage":"sk-SK","potentialAction":[{"@type":"ReadAction","target":["https:\/\/kitenbrunn.at\/ueber-fkn\/"]}]},{"@type":"BreadcrumbList","@id":"https:\/\/kitenbrunn.at\/ueber-fkn\/#breadcrumb","itemListElement":[{"@type":"ListItem","position":1,"name":"Startseite","item":"https:\/\/kitenbrunn.at\/sk\/"},{"@type":"ListItem","position":2,"name":"O n\u00e1s"}]},{"@type":"WebSite","@id":"https:\/\/kitenbrunn.at\/#website","url":"https:\/\/kitenbrunn.at\/","name":"Kitenbrunn","description":"Kitesport F\u00f6rderverein Breitenbrunn","potentialAction":[{"@type":"SearchAction","target":{"@type":"EntryPoint","urlTemplate":"https:\/\/kitenbrunn.at\/?s={search_term_string}"},"query-input":{"@type":"PropertyValueSpecification","valueRequired":true,"valueName":"search_term_string"}}],"inLanguage":"sk-SK"}]}},"ticketed":false,"_links":{"self":[{"href":"https:\/\/kitenbrunn.at\/sk\/wp-json\/wp\/v2\/pages\/7495","targetHints":{"allow":["GET"]}}],"collection":[{"href":"https:\/\/kitenbrunn.at\/sk\/wp-json\/wp\/v2\/pages"}],"about":[{"href":"https:\/\/kitenbrunn.at\/sk\/wp-json\/wp\/v2\/types\/page"}],"author":[{"embeddable":true,"href":"https:\/\/kitenbrunn.at\/sk\/wp-json\/wp\/v2\/users\/204"}],"replies":[{"embeddable":true,"href":"https:\/\/kitenbrunn.at\/sk\/wp-json\/wp\/v2\/comments?post=7495"}],"version-history":[{"count":7,"href":"https:\/\/kitenbrunn.at\/sk\/wp-json\/wp\/v2\/pages\/7495\/revisions"}],"predecessor-version":[{"id":14723,"href":"https:\/\/kitenbrunn.at\/sk\/wp-json\/wp\/v2\/pages\/7495\/revisions\/14723"}],"wp:attachment":[{"href":"https:\/\/kitenbrunn.at\/sk\/wp-json\/wp\/v2\/media?parent=7495"}],"curies":[{"name":"wp","href":"https:\/\/api.w.org\/{rel}","templated":true}]}}