{"id":15926,"date":"2025-05-05T15:49:59","date_gmt":"2025-05-05T13:49:59","guid":{"rendered":"https:\/\/kitenbrunn.at\/?page_id=15926"},"modified":"2026-03-31T15:36:20","modified_gmt":"2026-03-31T13:36:20","slug":"nove-miesto","status":"publish","type":"page","link":"https:\/\/kitenbrunn.at\/sk\/nove-miesto\/","title":{"rendered":"Nov\u00e9 miesto"},"content":{"rendered":"<p>[et_pb_section fb_built=&#8221;1&#8243; module_class=&#8221;exbox&#8221; _builder_version=&#8221;4.27.4&#8243; background_image=&#8221;https:\/\/kitenbrunn.at\/wp-content\/uploads\/2025\/04\/spot-neu-6-2000px.jpg&#8221; min_height=&#8221;25vh&#8221; bottom_divider_style=&#8221;wave&#8221; bottom_divider_color=&#8221;#ffffff&#8221; bottom_divider_height=&#8221;60px&#8221; bottom_divider_flip=&#8221;horizontal&#8221; global_colors_info=&#8221;{}&#8221;][et_pb_row _builder_version=&#8221;4.16&#8243; global_colors_info=&#8221;{}&#8221;][et_pb_column type=&#8221;4_4&#8243; _builder_version=&#8221;4.16&#8243; global_colors_info=&#8221;{}&#8221;][et_pb_text module_class=&#8221;zitattext&#8221; _builder_version=&#8221;4.27.4&#8243; header_font=&#8221;||||||||&#8221; header_font_size=&#8221;9em&#8221; header_letter_spacing=&#8221;2px&#8221; text_orientation=&#8221;center&#8221; background_layout=&#8221;dark&#8221; custom_margin=&#8221;||220px||false|false&#8221; header_font_size_tablet=&#8221;5em&#8221; header_font_size_phone=&#8221;4em&#8221; header_font_size_last_edited=&#8221;on|phone&#8221; text_text_align=&#8221;center&#8221; global_colors_info=&#8221;{}&#8221;]<\/p>\n<h2 id=\"tw-target-text\" class=\"tw-data-text tw-text-large tw-ta\" dir=\"ltr\" data-placeholder=\"\u00dcbersetzung\" data-ved=\"2ahUKEwjn9ern6uiMAxVTgf0HHemQIT0Q3ewLegQICBAV\" aria-label=\"\u00dcbersetzter Text: Nov\u00e9 miesto: \u010do sa pl\u00e1nuje\"><span class=\"Y2IQFc\" lang=\"sk\">Nov\u00e9 miesto: \u010do sa pl\u00e1nuje<\/span><\/h2>\n<p>[\/et_pb_text][\/et_pb_column][\/et_pb_row][\/et_pb_section][et_pb_section fb_built=&#8221;1&#8243; _builder_version=&#8221;4.27.4&#8243; _module_preset=&#8221;default&#8221; custom_padding=&#8221;32px|||||&#8221; global_colors_info=&#8221;{}&#8221;][et_pb_row _builder_version=&#8221;4.27.4&#8243; max_width=&#8221;1024px&#8221; global_colors_info=&#8221;{}&#8221;][et_pb_column type=&#8221;4_4&#8243; _builder_version=&#8221;4.16&#8243; global_colors_info=&#8221;{}&#8221;][et_pb_text _builder_version=&#8221;4.27.4&#8243; inline_fonts=&#8221;wg-regular&#8221; global_colors_info=&#8221;{}&#8221;]<\/p>\n<h2><\/h2>\n<h2>Nov\u00e9 miesto<\/h2>\n<p>&nbsp;<\/p>\n<p id=\"tw-target-text\" class=\"tw-data-text tw-text-large tw-ta\" dir=\"ltr\" data-placeholder=\"\u00dcbersetzung\" data-ved=\"2ahUKEwjn9ern6uiMAxVTgf0HHemQIT0Q3ewLegQICBAV\" aria-label=\"\u00dcbersetzter Text: Po dlhej f\u00e1ze pl\u00e1novania kone\u010dne nadi\u0161iel \u010das: teraz, ke\u010f sa zhodli najd\u00f4le\u017eitej\u0161\u00ed rozhodovatelia (vlastn\u00edci p\u00f4dy, ochrana pr\u00edrody at\u010f.), teraz prezr\u00e1dzame tajomstvo: TAKTO BUDE VYZERA\u0164 NOV\u00dd SPOT!\"><span class=\"Y2IQFc\" lang=\"sk\">Po dlhej f\u00e1ze pl\u00e1novania kone\u010dne nadi\u0161iel \u010das: teraz, ke\u010f sa zhodli najd\u00f4le\u017eitej\u0161\u00ed rozhodovatelia (vlastn\u00edci p\u00f4dy, ochrana pr\u00edrody at\u010f.), teraz prezr\u00e1dzame tajomstvo: TAKTO BUDE VYZERA\u0164 NOV\u00dd SPOT!<\/span><\/p>\n<p><span class=\"Y2IQFc\" lang=\"sk\" style=\"font-family: wg-regular; font-weight: normal;\">Pozit\u00edvna atmosf\u00e9ra, ktor\u00fa si v\u0161etci tak ve\u013emi cen\u00edme, zostane. Chceme premeni\u0165 kontajner na z\u00e1klad\u0148u pre vo\u013en\u00fd \u010das, kde v\u00e1m poskytneme n\u00e1poje a ob\u010derstvenie pred a po kitesurfingu. Toto bude zalo\u017een\u00e9 na vlastnom stravovan\u00ed \u010dlenov klubu. Taktie\u017e pl\u00e1nujeme mal\u00fa pl\u00e1\u017e medzi surfovou \u0161kolou a vesl\u00e1rskym klubom, kde si m\u00f4\u017eete odd\u00fdchnu\u0165 a relaxova\u0165. Tento rok sa budeme venova\u0165 rekon\u0161trukcii a zariadeniu kontajnera. Chladni\u010dka, k\u00e1vovar, vonkaj\u0161\u00ed n\u00e1bytok, sprcha&#8230; v\u0161etko, \u010do pohodln\u00e9 miesto na kitesurfing potrebuje. Ak to \u010das dovol\u00ed, chceme vytvori\u0165 aj pieso\u010dnat\u00fa z\u00f3nu. <\/span><\/p>\n<p><span class=\"Y2IQFc\" lang=\"sk\" style=\"font-family: wg-regular; font-weight: normal;\">Windwerk bude pon\u00faka\u0165 kitesurfing, wing foiling a po\u017ei\u010dov\u0148u SUP v d\u0148och so slab\u00fdm vetrom. V Surfovej \u0161kole Breitenbrunn zostane v\u0161etko rovnak\u00e9. <\/span><\/p>\n<p><span class=\"Y2IQFc\" lang=\"sk\" style=\"font-family: wg-regular; font-weight: normal;\">Ve\u013ek\u00e1 v\u010faka Sonja Brandst\u00e4tter za n\u00e1vrhy a Sonja Bruckner-Gritsch, <a href=\"https:\/\/www.anthrazitarch.com\">Anthrazit Architektur<\/a>, za \u017eiados\u0165 o stavebn\u00e9 povolenie!<\/span><\/p>\n<p>&nbsp;<\/p>\n<p id=\"tw-target-text\" class=\"tw-data-text tw-text-large tw-ta\" dir=\"ltr\" data-placeholder=\"\u00dcbersetzung\" data-ved=\"2ahUKEwjn9ern6uiMAxVTgf0HHemQIT0Q3ewLegQICBAV\" aria-label=\"\u00dcbersetzter Text: Te\u0161\u00edme sa, \u017ee v\u00e1s \u010doskoro priv\u00edtame na novom mieste! T\u00edm FKN\"><span class=\"Y2IQFc\" lang=\"sk\">Te\u0161\u00edme sa, \u017ee v\u00e1s \u010doskoro priv\u00edtame na novom mieste! <\/span><\/p>\n<p>&nbsp;<\/p>\n<p class=\"tw-data-text tw-text-large tw-ta\" dir=\"ltr\" data-placeholder=\"\u00dcbersetzung\" data-ved=\"2ahUKEwjn9ern6uiMAxVTgf0HHemQIT0Q3ewLegQICBAV\" aria-label=\"\u00dcbersetzter Text: Te\u0161\u00edme sa, \u017ee v\u00e1s \u010doskoro priv\u00edtame na novom mieste! T\u00edm FKN\"><span class=\"Y2IQFc\" lang=\"sk\">T\u00edm FKN<\/span><\/p>\n<p>[\/et_pb_text][\/et_pb_column][\/et_pb_row][et_pb_row _builder_version=&#8221;4.27.4&#8243; _module_preset=&#8221;default&#8221; max_width=&#8221;1024px&#8221; locked=&#8221;off&#8221; global_colors_info=&#8221;{}&#8221;][et_pb_column type=&#8221;4_4&#8243; _builder_version=&#8221;4.16&#8243; _module_preset=&#8221;default&#8221; global_colors_info=&#8221;{}&#8221;][et_pb_divider divider_position=&#8221;center&#8221; _builder_version=&#8221;4.16&#8243; _module_preset=&#8221;default&#8221; global_colors_info=&#8221;{}&#8221;][\/et_pb_divider][\/et_pb_column][\/et_pb_row][et_pb_row _builder_version=&#8221;4.27.4&#8243; max_width=&#8221;1024px&#8221; custom_margin=&#8221;||0px&#8221; custom_padding=&#8221;||0px&#8221; locked=&#8221;off&#8221; global_colors_info=&#8221;{}&#8221;][et_pb_column type=&#8221;4_4&#8243; _builder_version=&#8221;4.16&#8243; custom_padding=&#8221;|||&#8221; global_colors_info=&#8221;{}&#8221; custom_padding__hover=&#8221;|||&#8221;][et_pb_text admin_label=&#8221;live&#8221; _builder_version=&#8221;4.27.4&#8243; global_colors_info=&#8221;{}&#8221;]<\/p>\n<h2 id=\"tw-target-text\" class=\"tw-data-text tw-text-large tw-ta\" dir=\"ltr\" data-placeholder=\"\u00dcbersetzung\" data-ved=\"2ahUKEwjn9ern6uiMAxVTgf0HHemQIT0Q3ewLegQICBAV\" aria-label=\"\u00dcbersetzter Text: Spot tour\"><span class=\"Y2IQFc\" lang=\"sk\">Spot tour<\/span><\/h2>\n<p>[\/et_pb_text][et_pb_video src=&#8221;https:\/\/youtu.be\/JW2xGsmb04A&#8221; _builder_version=&#8221;4.27.4&#8243; _module_preset=&#8221;default&#8221; global_colors_info=&#8221;{}&#8221;][\/et_pb_video][\/et_pb_column][\/et_pb_row][\/et_pb_section][et_pb_section fb_built=&#8221;1&#8243; fullwidth=&#8221;on&#8221; _builder_version=&#8221;4.27.4&#8243; _module_preset=&#8221;default&#8221; z_index=&#8221;4&#8243; custom_padding=&#8221;||||false|false&#8221; bottom_divider_color=&#8221;#efefef&#8221; locked=&#8221;off&#8221; global_colors_info=&#8221;{}&#8221;][et_pb_fullwidth_code _builder_version=&#8221;4.27.4&#8243; _module_preset=&#8221;default&#8221; custom_padding=&#8221;|10px||10px|false|false&#8221; global_colors_info=&#8221;{}&#8221;]<!-- Final Tiles Grid Gallery for WordPress v3.6.13 free --><style>#ftg-55 .tile .icon { color:#ffffff; }#ftg-55 .ftg-items .loading-bar i { background:#666; }#ftg-55 .ftg-items .loading-bar { background:#fff; }#ftg-55 .tile .icon { font-size:12px; }#ftg-55 .tile .icon { margin: -6px 0 0 -6px; }#ftg-55 .tile .caption-block .text-wrapper span.text { font-size:12px; }#ftg-55 .tile .caption-outside .text-wrapper span.text { font-size:12px; }#ftg-55 .tile .caption-block .text-wrapper span.title { font-size:14px; }#ftg-55 .tile .caption-outside .text-wrapper span.title { font-size:14px; }#ftg-55 .tile { background-color: transparent; }#ftg-55 .tile .caption-block .text-wrapper span.text { color: #ffffff; }#ftg-55 .tile .caption-block .text-wrapper span.title { color: #ffffff; }#ftg-55 .tile .caption-outside .text-wrapper span.text { color: #ffffff; }#ftg-55 .tile .caption-outside .text-wrapper span.title { color: #ffffff; }#ftg-55 .tile .ftg-social a { color: #ffffff; }#ftg-55 .tile .caption-block { transition-duration:0.25s; }#ftg-55 .tile .tile-inner:before { background-color: #000000; }#ftg-55 .tile .tile-inner:before { background-color: rgba(0, 0, 0, 0.8); }#ftg-55 .tile:hover img {-moz-transform: ;-webkit-transform: ;-o-transform: ;-ms-transform: ;transform: ;}<\/style><a name=\"5\"><\/a><div class=\"final-tiles-gallery  ftg-hover-enabled caption-inside  caption-none caption-middle caption-center\" id=\"ftg-55\" style=\"width: 100%\"><div class='ftg-items'><div class='loading-bar'><i><\/i><\/div><div  class='tile ftg-preload  '><a title=\"\" data-lightbox='ftg-55' rel='ftg-55'  class=' tile-inner  ftg-lightbox' href='' ><img alt='' class='item skip-lazy' data-class='item' data-ftg-source='https:\/\/kitenbrunn.at\/wp-content\/uploads\/2025\/04\/spot-neu-1-2000px-1550x872.jpg' src='https:\/\/kitenbrunn.at\/wp-content\/uploads\/2025\/04\/spot-neu-1-2000px-1550x872.jpg' width='auto' height='auto' \/><\/a><div class='ftg-social'><\/div><\/div><div  class='tile ftg-preload  '><a title=\"\" data-lightbox='ftg-55' rel='ftg-55'  class=' tile-inner  ftg-lightbox' href='' ><img alt='' class='item skip-lazy' data-class='item' data-ftg-source='https:\/\/kitenbrunn.at\/wp-content\/uploads\/2025\/04\/spot-neu-11-2000px-1550x872.jpg' src='https:\/\/kitenbrunn.at\/wp-content\/uploads\/2025\/04\/spot-neu-11-2000px-1550x872.jpg' width='auto' height='auto' \/><\/a><div class='ftg-social'><\/div><\/div><div  class='tile ftg-preload  '><a title=\"\" data-lightbox='ftg-55' rel='ftg-55'  class=' tile-inner  ftg-lightbox' href='' ><img alt='' class='item skip-lazy' data-class='item' data-ftg-source='https:\/\/kitenbrunn.at\/wp-content\/uploads\/2025\/04\/spot-neu-10-2000px-1550x872.jpg' src='https:\/\/kitenbrunn.at\/wp-content\/uploads\/2025\/04\/spot-neu-10-2000px-1550x872.jpg' width='auto' height='auto' \/><\/a><div class='ftg-social'><\/div><\/div><div  class='tile ftg-preload  '><a title=\"\" data-lightbox='ftg-55' rel='ftg-55'  class=' tile-inner  ftg-lightbox' href='' ><img alt='' class='item skip-lazy' data-class='item' data-ftg-source='https:\/\/kitenbrunn.at\/wp-content\/uploads\/2025\/04\/spot-neu-9-2000px-1550x872.jpg' src='https:\/\/kitenbrunn.at\/wp-content\/uploads\/2025\/04\/spot-neu-9-2000px-1550x872.jpg' width='auto' height='auto' \/><\/a><div class='ftg-social'><\/div><\/div><div  class='tile ftg-preload  '><a title=\"\" data-lightbox='ftg-55' rel='ftg-55'  class=' tile-inner  ftg-lightbox' href='' ><img alt='' class='item skip-lazy' data-class='item' data-ftg-source='https:\/\/kitenbrunn.at\/wp-content\/uploads\/2025\/04\/spot-neu-8-2000px-1550x872.jpg' src='https:\/\/kitenbrunn.at\/wp-content\/uploads\/2025\/04\/spot-neu-8-2000px-1550x872.jpg' width='auto' height='auto' \/><\/a><div class='ftg-social'><\/div><\/div><div  class='tile ftg-preload  '><a title=\"\" data-lightbox='ftg-55' rel='ftg-55'  class=' tile-inner  ftg-lightbox' href='' ><img alt='' class='item skip-lazy' data-class='item' data-ftg-source='https:\/\/kitenbrunn.at\/wp-content\/uploads\/2025\/04\/spot-neu-7-2000px-1550x872.jpg' src='https:\/\/kitenbrunn.at\/wp-content\/uploads\/2025\/04\/spot-neu-7-2000px-1550x872.jpg' width='auto' height='auto' \/><\/a><div class='ftg-social'><\/div><\/div><div  class='tile ftg-preload  '><a title=\"\" data-lightbox='ftg-55' rel='ftg-55'  class=' tile-inner  ftg-lightbox' href='' ><img alt='' class='item skip-lazy' data-class='item' data-ftg-source='https:\/\/kitenbrunn.at\/wp-content\/uploads\/2025\/04\/spot-neu-6-2000px-1550x872.jpg' src='https:\/\/kitenbrunn.at\/wp-content\/uploads\/2025\/04\/spot-neu-6-2000px-1550x872.jpg' width='auto' height='auto' \/><\/a><div class='ftg-social'><\/div><\/div><div  class='tile ftg-preload  '><a title=\"\" data-lightbox='ftg-55' rel='ftg-55'  class=' tile-inner  ftg-lightbox' href='' ><img alt='' class='item skip-lazy' data-class='item' data-ftg-source='https:\/\/kitenbrunn.at\/wp-content\/uploads\/2025\/04\/spot-neu-5-2000px-1550x872.jpg' src='https:\/\/kitenbrunn.at\/wp-content\/uploads\/2025\/04\/spot-neu-5-2000px-1550x872.jpg' width='auto' height='auto' \/><\/a><div class='ftg-social'><\/div><\/div><div  class='tile ftg-preload  '><a title=\"\" data-lightbox='ftg-55' rel='ftg-55'  class=' tile-inner  ftg-lightbox' href='' ><img alt='' class='item skip-lazy' data-class='item' data-ftg-source='https:\/\/kitenbrunn.at\/wp-content\/uploads\/2025\/04\/spot-neu-4-2000px-1550x872.jpg' src='https:\/\/kitenbrunn.at\/wp-content\/uploads\/2025\/04\/spot-neu-4-2000px-1550x872.jpg' width='auto' height='auto' \/><\/a><div class='ftg-social'><\/div><\/div><div  class='tile ftg-preload  '><a title=\"\" data-lightbox='ftg-55' rel='ftg-55'  class=' tile-inner  ftg-lightbox' href='' ><img alt='' class='item skip-lazy' data-class='item' data-ftg-source='https:\/\/kitenbrunn.at\/wp-content\/uploads\/2025\/04\/spot-neu-3-2000px-1550x872.jpg' src='https:\/\/kitenbrunn.at\/wp-content\/uploads\/2025\/04\/spot-neu-3-2000px-1550x872.jpg' width='auto' height='auto' \/><\/a><div class='ftg-social'><\/div><\/div><div  class='tile ftg-preload  '><a title=\"\" data-lightbox='ftg-55' rel='ftg-55'  class=' tile-inner  ftg-lightbox' href='' ><img alt='' class='item skip-lazy' data-class='item' data-ftg-source='https:\/\/kitenbrunn.at\/wp-content\/uploads\/2025\/04\/spot-neu-2-2000px-1550x872.jpg' src='https:\/\/kitenbrunn.at\/wp-content\/uploads\/2025\/04\/spot-neu-2-2000px-1550x872.jpg' width='auto' height='auto' \/><\/a><div class='ftg-social'><\/div><\/div><\/div><\/div>[\/et_pb_fullwidth_code][\/et_pb_section][et_pb_section fb_built=&#8221;1&#8243; fullwidth=&#8221;on&#8221; _builder_version=&#8221;4.16&#8243; top_divider_style=&#8221;wave&#8221; top_divider_color=&#8221;#ffffff&#8221; top_divider_height=&#8221;75px&#8221; top_divider_flip=&#8221;horizontal&#8221; bottom_divider_style=&#8221;wave&#8221; bottom_divider_color=&#8221;#efefef&#8221; bottom_divider_height=&#8221;60px&#8221; bottom_divider_flip=&#8221;horizontal&#8221; locked=&#8221;off&#8221; global_colors_info=&#8221;{}&#8221;][et_pb_fullwidth_image src=&#8221;https:\/\/kitenbrunn.at\/wp-content\/uploads\/2025\/04\/spot-neu-7-2000px.jpg&#8221; title_text=&#8221;Nov\u00e9 miesto&#8221; _builder_version=&#8221;4.27.4&#8243; global_colors_info=&#8221;{}&#8221;][\/et_pb_fullwidth_image][\/et_pb_section]<\/p>\n","protected":false},"excerpt":{"rendered":"<p>Nov\u00e9 miesto: \u010do sa pl\u00e1nuje Nov\u00e9 miesto &nbsp; Po dlhej f\u00e1ze pl\u00e1novania kone\u010dne nadi\u0161iel \u010das: teraz, ke\u010f sa zhodli najd\u00f4le\u017eitej\u0161\u00ed rozhodovatelia (vlastn\u00edci p\u00f4dy, ochrana pr\u00edrody at\u010f.), teraz prezr\u00e1dzame tajomstvo: TAKTO BUDE VYZERA\u0164 NOV\u00dd SPOT! Pozit\u00edvna atmosf\u00e9ra, ktor\u00fa si v\u0161etci tak ve\u013emi cen\u00edme, zostane. Chceme premeni\u0165 kontajner na z\u00e1klad\u0148u pre vo\u013en\u00fd \u010das, kde v\u00e1m poskytneme n\u00e1poje [&hellip;]<\/p>\n","protected":false},"author":1064,"featured_media":0,"parent":0,"menu_order":0,"comment_status":"closed","ping_status":"closed","template":"","meta":{"_et_pb_use_builder":"on","_et_pb_old_content":"","_et_gb_content_width":"","_price":"","_stock":"","_tribe_ticket_header":"","_tribe_default_ticket_provider":"Tribe__Tickets_Plus__Commerce__WooCommerce__Main","_ticket_start_date":"","_ticket_end_date":"","_tribe_ticket_show_description":"","_tribe_ticket_show_not_going":false,"_tribe_ticket_use_global_stock":"","_tribe_ticket_global_stock_level":"","_global_stock_mode":"","_global_stock_cap":"","_tribe_rsvp_for_event":"","_tribe_ticket_going_count":"","_tribe_ticket_not_going_count":"","_tribe_tickets_list":"[]","_tribe_ticket_has_attendee_info_fields":false,"footnotes":"","_tec_slr_enabled":"","_tec_slr_layout":""},"class_list":["post-15926","page","type-page","status-publish","hentry"],"yoast_head":"<!-- This site is optimized with the Yoast SEO plugin v27.5 - https:\/\/yoast.com\/product\/yoast-seo-wordpress\/ -->\n<title>Nov\u00e9 miesto - Kitenbrunn<\/title>\n<meta name=\"robots\" content=\"index, follow, max-snippet:-1, max-image-preview:large, max-video-preview:-1\" \/>\n<link rel=\"canonical\" href=\"https:\/\/kitenbrunn.at\/neuer-spot\/\" \/>\n<meta property=\"og:locale\" content=\"sk_SK\" \/>\n<meta property=\"og:type\" content=\"article\" \/>\n<meta property=\"og:title\" content=\"Nov\u00e9 miesto - Kitenbrunn\" \/>\n<meta property=\"og:description\" content=\"Nov\u00e9 miesto: \u010do sa pl\u00e1nuje Nov\u00e9 miesto &nbsp; Po dlhej f\u00e1ze pl\u00e1novania kone\u010dne nadi\u0161iel \u010das: teraz, ke\u010f sa zhodli najd\u00f4le\u017eitej\u0161\u00ed rozhodovatelia (vlastn\u00edci p\u00f4dy, ochrana pr\u00edrody at\u010f.), teraz prezr\u00e1dzame tajomstvo: TAKTO BUDE VYZERA\u0164 NOV\u00dd SPOT! Pozit\u00edvna atmosf\u00e9ra, ktor\u00fa si v\u0161etci tak ve\u013emi cen\u00edme, zostane. Chceme premeni\u0165 kontajner na z\u00e1klad\u0148u pre vo\u013en\u00fd \u010das, kde v\u00e1m poskytneme n\u00e1poje [&hellip;]\" \/>\n<meta property=\"og:url\" content=\"https:\/\/kitenbrunn.at\/neuer-spot\/\" \/>\n<meta property=\"og:site_name\" content=\"Kitenbrunn\" \/>\n<meta property=\"article:modified_time\" content=\"2026-03-31T13:36:20+00:00\" \/>\n<meta property=\"og:image\" content=\"https:\/\/kitenbrunn.at\/wp-content\/uploads\/2020\/10\/FKN_FB_Sharing-scaled.jpg\" \/>\n\t<meta property=\"og:image:width\" content=\"2560\" \/>\n\t<meta property=\"og:image:height\" content=\"1345\" \/>\n\t<meta property=\"og:image:type\" content=\"image\/jpeg\" \/>\n<meta name=\"twitter:card\" content=\"summary_large_image\" \/>\n<meta name=\"twitter:label1\" content=\"Predpokladan\u00fd \u010das \u010d\u00edtania\" \/>\n\t<meta name=\"twitter:data1\" content=\"3 min\u00faty\" \/>\n<script type=\"application\/ld+json\" class=\"yoast-schema-graph\">{\"@context\":\"https:\\\/\\\/schema.org\",\"@graph\":[{\"@type\":\"WebPage\",\"@id\":\"https:\\\/\\\/kitenbrunn.at\\\/neuer-spot\\\/\",\"url\":\"https:\\\/\\\/kitenbrunn.at\\\/neuer-spot\\\/\",\"name\":\"Nov\u00e9 miesto - Kitenbrunn\",\"isPartOf\":{\"@id\":\"https:\\\/\\\/kitenbrunn.at\\\/#website\"},\"datePublished\":\"2025-05-05T13:49:59+00:00\",\"dateModified\":\"2026-03-31T13:36:20+00:00\",\"breadcrumb\":{\"@id\":\"https:\\\/\\\/kitenbrunn.at\\\/neuer-spot\\\/#breadcrumb\"},\"inLanguage\":\"sk-SK\",\"potentialAction\":[{\"@type\":\"ReadAction\",\"target\":[\"https:\\\/\\\/kitenbrunn.at\\\/neuer-spot\\\/\"]}]},{\"@type\":\"BreadcrumbList\",\"@id\":\"https:\\\/\\\/kitenbrunn.at\\\/neuer-spot\\\/#breadcrumb\",\"itemListElement\":[{\"@type\":\"ListItem\",\"position\":1,\"name\":\"Startseite\",\"item\":\"https:\\\/\\\/kitenbrunn.at\\\/sk\\\/\"},{\"@type\":\"ListItem\",\"position\":2,\"name\":\"Nov\u00e9 miesto\"}]},{\"@type\":\"WebSite\",\"@id\":\"https:\\\/\\\/kitenbrunn.at\\\/#website\",\"url\":\"https:\\\/\\\/kitenbrunn.at\\\/\",\"name\":\"Kitenbrunn\",\"description\":\"Kitesport F\u00f6rderverein Breitenbrunn\",\"potentialAction\":[{\"@type\":\"SearchAction\",\"target\":{\"@type\":\"EntryPoint\",\"urlTemplate\":\"https:\\\/\\\/kitenbrunn.at\\\/?s={search_term_string}\"},\"query-input\":{\"@type\":\"PropertyValueSpecification\",\"valueRequired\":true,\"valueName\":\"search_term_string\"}}],\"inLanguage\":\"sk-SK\"}]}<\/script>\n<!-- \/ Yoast SEO plugin. -->","yoast_head_json":{"title":"Nov\u00e9 miesto - Kitenbrunn","robots":{"index":"index","follow":"follow","max-snippet":"max-snippet:-1","max-image-preview":"max-image-preview:large","max-video-preview":"max-video-preview:-1"},"canonical":"https:\/\/kitenbrunn.at\/neuer-spot\/","og_locale":"sk_SK","og_type":"article","og_title":"Nov\u00e9 miesto - Kitenbrunn","og_description":"Nov\u00e9 miesto: \u010do sa pl\u00e1nuje Nov\u00e9 miesto &nbsp; Po dlhej f\u00e1ze pl\u00e1novania kone\u010dne nadi\u0161iel \u010das: teraz, ke\u010f sa zhodli najd\u00f4le\u017eitej\u0161\u00ed rozhodovatelia (vlastn\u00edci p\u00f4dy, ochrana pr\u00edrody at\u010f.), teraz prezr\u00e1dzame tajomstvo: TAKTO BUDE VYZERA\u0164 NOV\u00dd SPOT! Pozit\u00edvna atmosf\u00e9ra, ktor\u00fa si v\u0161etci tak ve\u013emi cen\u00edme, zostane. Chceme premeni\u0165 kontajner na z\u00e1klad\u0148u pre vo\u013en\u00fd \u010das, kde v\u00e1m poskytneme n\u00e1poje [&hellip;]","og_url":"https:\/\/kitenbrunn.at\/neuer-spot\/","og_site_name":"Kitenbrunn","article_modified_time":"2026-03-31T13:36:20+00:00","og_image":[{"width":2560,"height":1345,"url":"https:\/\/kitenbrunn.at\/wp-content\/uploads\/2020\/10\/FKN_FB_Sharing-scaled.jpg","type":"image\/jpeg"}],"twitter_card":"summary_large_image","twitter_misc":{"Predpokladan\u00fd \u010das \u010d\u00edtania":"3 min\u00faty"},"schema":{"@context":"https:\/\/schema.org","@graph":[{"@type":"WebPage","@id":"https:\/\/kitenbrunn.at\/neuer-spot\/","url":"https:\/\/kitenbrunn.at\/neuer-spot\/","name":"Nov\u00e9 miesto - Kitenbrunn","isPartOf":{"@id":"https:\/\/kitenbrunn.at\/#website"},"datePublished":"2025-05-05T13:49:59+00:00","dateModified":"2026-03-31T13:36:20+00:00","breadcrumb":{"@id":"https:\/\/kitenbrunn.at\/neuer-spot\/#breadcrumb"},"inLanguage":"sk-SK","potentialAction":[{"@type":"ReadAction","target":["https:\/\/kitenbrunn.at\/neuer-spot\/"]}]},{"@type":"BreadcrumbList","@id":"https:\/\/kitenbrunn.at\/neuer-spot\/#breadcrumb","itemListElement":[{"@type":"ListItem","position":1,"name":"Startseite","item":"https:\/\/kitenbrunn.at\/sk\/"},{"@type":"ListItem","position":2,"name":"Nov\u00e9 miesto"}]},{"@type":"WebSite","@id":"https:\/\/kitenbrunn.at\/#website","url":"https:\/\/kitenbrunn.at\/","name":"Kitenbrunn","description":"Kitesport F\u00f6rderverein Breitenbrunn","potentialAction":[{"@type":"SearchAction","target":{"@type":"EntryPoint","urlTemplate":"https:\/\/kitenbrunn.at\/?s={search_term_string}"},"query-input":{"@type":"PropertyValueSpecification","valueRequired":true,"valueName":"search_term_string"}}],"inLanguage":"sk-SK"}]}},"ticketed":false,"_links":{"self":[{"href":"https:\/\/kitenbrunn.at\/sk\/wp-json\/wp\/v2\/pages\/15926","targetHints":{"allow":["GET"]}}],"collection":[{"href":"https:\/\/kitenbrunn.at\/sk\/wp-json\/wp\/v2\/pages"}],"about":[{"href":"https:\/\/kitenbrunn.at\/sk\/wp-json\/wp\/v2\/types\/page"}],"author":[{"embeddable":true,"href":"https:\/\/kitenbrunn.at\/sk\/wp-json\/wp\/v2\/users\/1064"}],"replies":[{"embeddable":true,"href":"https:\/\/kitenbrunn.at\/sk\/wp-json\/wp\/v2\/comments?post=15926"}],"version-history":[{"count":10,"href":"https:\/\/kitenbrunn.at\/sk\/wp-json\/wp\/v2\/pages\/15926\/revisions"}],"predecessor-version":[{"id":17308,"href":"https:\/\/kitenbrunn.at\/sk\/wp-json\/wp\/v2\/pages\/15926\/revisions\/17308"}],"wp:attachment":[{"href":"https:\/\/kitenbrunn.at\/sk\/wp-json\/wp\/v2\/media?parent=15926"}],"curies":[{"name":"wp","href":"https:\/\/api.w.org\/{rel}","templated":true}]}}