{"id":14734,"date":"2024-12-17T16:23:18","date_gmt":"2024-12-17T15:23:18","guid":{"rendered":"https:\/\/kitenbrunn.at\/mitglied-werden\/napi-tagsag\/"},"modified":"2025-03-17T14:25:35","modified_gmt":"2025-03-17T13:25:35","slug":"napi-tagsag","status":"publish","type":"product","link":"https:\/\/kitenbrunn.at\/hu\/mitglied-werden\/napi-tagsag\/","title":{"rendered":"Napi tags\u00e1g"},"content":{"rendered":"","protected":false},"excerpt":{"rendered":"<p id=\"tw-target-text\" class=\"tw-data-text tw-text-large tw-ta\" dir=\"ltr\" data-placeholder=\"\u00dcbersetzung\" data-ved=\"2ahUKEwjB2YbNoYmMAxUxg_0HHVEeBrIQ3ewLegQICBAV\" aria-label=\"\u00dcbersetzter Text: A foglal\u00e1s napj\u00e1n \u00e9rv\u00e9nyes kitesurfingre.\"><span class=\"Y2IQFc\" lang=\"hu\">A foglal\u00e1s napj\u00e1n \u00e9rv\u00e9nyes kitesurfingre.<\/span><\/p>\n","protected":false},"featured_media":14760,"template":"","meta":{"_et_pb_use_builder":"off","_et_pb_old_content":"","_et_gb_content_width":"","_price":"14.00","_stock":"","_tribe_ticket_header":"","_tribe_default_ticket_provider":"","_ticket_start_date":"","_ticket_end_date":"","_tribe_ticket_show_description":"","_tribe_ticket_show_not_going":false,"_tribe_ticket_use_global_stock":"","_tribe_ticket_global_stock_level":"","_global_stock_mode":"","_global_stock_cap":"","_tribe_rsvp_for_event":"","_tribe_ticket_going_count":"","_tribe_ticket_not_going_count":"","_tribe_tickets_list":"[]","_tribe_ticket_has_attendee_info_fields":false,"_tec_slr_enabled":"","_tec_slr_layout":""},"product_brand":[],"product_cat":[69],"product_tag":[],"class_list":{"0":"post-14734","1":"product","2":"type-product","3":"status-publish","4":"has-post-thumbnail","6":"product_cat-daily-memberships-hu","8":"first","9":"instock","10":"virtual","11":"purchasable","12":"product-type-simple"},"yoast_head":"<!-- This site is optimized with the Yoast SEO plugin v27.5 - https:\/\/yoast.com\/product\/yoast-seo-wordpress\/ -->\n<title>Napi tags\u00e1g - Kitenbrunn<\/title>\n<meta name=\"robots\" content=\"index, follow, max-snippet:-1, max-image-preview:large, max-video-preview:-1\" \/>\n<link rel=\"canonical\" href=\"https:\/\/kitenbrunn.at\/hu\/mitglied-werden\/napi-tagsag\/\" \/>\n<meta property=\"og:locale\" content=\"hu_HU\" \/>\n<meta property=\"og:type\" content=\"article\" \/>\n<meta property=\"og:title\" content=\"Napi tags\u00e1g - Kitenbrunn\" \/>\n<meta property=\"og:description\" content=\"A foglal\u00e1s napj\u00e1n \u00e9rv\u00e9nyes kitesurfingre.\" \/>\n<meta property=\"og:url\" content=\"https:\/\/kitenbrunn.at\/hu\/mitglied-werden\/napi-tagsag\/\" \/>\n<meta property=\"og:site_name\" content=\"Kitenbrunn\" \/>\n<meta property=\"article:modified_time\" content=\"2025-03-17T13:25:35+00:00\" \/>\n<meta property=\"og:image\" content=\"https:\/\/kitenbrunn.at\/wp-content\/uploads\/2025\/03\/Tagesmitgliedschaft-HU.png\" \/>\n\t<meta property=\"og:image:width\" content=\"940\" \/>\n\t<meta property=\"og:image:height\" content=\"788\" \/>\n\t<meta property=\"og:image:type\" content=\"image\/png\" \/>\n<meta name=\"twitter:card\" content=\"summary_large_image\" \/>\n<meta name=\"twitter:label1\" content=\"Becs\u00fclt olvas\u00e1si id\u0151\" \/>\n\t<meta name=\"twitter:data1\" content=\"1 perc\" \/>\n<script type=\"application\/ld+json\" class=\"yoast-schema-graph\">{\"@context\":\"https:\\\/\\\/schema.org\",\"@graph\":[{\"@type\":\"WebPage\",\"@id\":\"https:\\\/\\\/kitenbrunn.at\\\/hu\\\/mitglied-werden\\\/napi-tagsag\\\/\",\"url\":\"https:\\\/\\\/kitenbrunn.at\\\/hu\\\/mitglied-werden\\\/napi-tagsag\\\/\",\"name\":\"Napi tags\u00e1g - Kitenbrunn\",\"isPartOf\":{\"@id\":\"https:\\\/\\\/kitenbrunn.at\\\/#website\"},\"primaryImageOfPage\":{\"@id\":\"https:\\\/\\\/kitenbrunn.at\\\/hu\\\/mitglied-werden\\\/napi-tagsag\\\/#primaryimage\"},\"image\":{\"@id\":\"https:\\\/\\\/kitenbrunn.at\\\/hu\\\/mitglied-werden\\\/napi-tagsag\\\/#primaryimage\"},\"thumbnailUrl\":\"https:\\\/\\\/kitenbrunn.at\\\/wp-content\\\/uploads\\\/2025\\\/03\\\/Tagesmitgliedschaft-DE.png\",\"datePublished\":\"2024-12-17T15:23:18+00:00\",\"dateModified\":\"2025-03-17T13:25:35+00:00\",\"breadcrumb\":{\"@id\":\"https:\\\/\\\/kitenbrunn.at\\\/hu\\\/mitglied-werden\\\/napi-tagsag\\\/#breadcrumb\"},\"inLanguage\":\"hu\",\"potentialAction\":[{\"@type\":\"ReadAction\",\"target\":[\"https:\\\/\\\/kitenbrunn.at\\\/hu\\\/mitglied-werden\\\/napi-tagsag\\\/\"]}]},{\"@type\":\"ImageObject\",\"inLanguage\":\"hu\",\"@id\":\"https:\\\/\\\/kitenbrunn.at\\\/hu\\\/mitglied-werden\\\/napi-tagsag\\\/#primaryimage\",\"url\":\"https:\\\/\\\/kitenbrunn.at\\\/wp-content\\\/uploads\\\/2025\\\/03\\\/Tagesmitgliedschaft-DE.png\",\"contentUrl\":\"https:\\\/\\\/kitenbrunn.at\\\/wp-content\\\/uploads\\\/2025\\\/03\\\/Tagesmitgliedschaft-DE.png\",\"width\":940,\"height\":788},{\"@type\":\"BreadcrumbList\",\"@id\":\"https:\\\/\\\/kitenbrunn.at\\\/hu\\\/mitglied-werden\\\/napi-tagsag\\\/#breadcrumb\",\"itemListElement\":[{\"@type\":\"ListItem\",\"position\":1,\"name\":\"Startseite\",\"item\":\"https:\\\/\\\/kitenbrunn.at\\\/hu\\\/\"},{\"@type\":\"ListItem\",\"position\":2,\"name\":\"Legyen tag \\\/ bolt\",\"item\":\"https:\\\/\\\/kitenbrunn.at\\\/hu\\\/legyen-tag-bolt\\\/\"},{\"@type\":\"ListItem\",\"position\":3,\"name\":\"Napi tags\u00e1g\"}]},{\"@type\":\"WebSite\",\"@id\":\"https:\\\/\\\/kitenbrunn.at\\\/#website\",\"url\":\"https:\\\/\\\/kitenbrunn.at\\\/\",\"name\":\"Kitenbrunn\",\"description\":\"Kitesport F\u00f6rderverein Breitenbrunn\",\"potentialAction\":[{\"@type\":\"SearchAction\",\"target\":{\"@type\":\"EntryPoint\",\"urlTemplate\":\"https:\\\/\\\/kitenbrunn.at\\\/?s={search_term_string}\"},\"query-input\":{\"@type\":\"PropertyValueSpecification\",\"valueRequired\":true,\"valueName\":\"search_term_string\"}}],\"inLanguage\":\"hu\"}]}<\/script>\n<!-- \/ Yoast SEO plugin. -->","yoast_head_json":{"title":"Napi tags\u00e1g - Kitenbrunn","robots":{"index":"index","follow":"follow","max-snippet":"max-snippet:-1","max-image-preview":"max-image-preview:large","max-video-preview":"max-video-preview:-1"},"canonical":"https:\/\/kitenbrunn.at\/hu\/mitglied-werden\/napi-tagsag\/","og_locale":"hu_HU","og_type":"article","og_title":"Napi tags\u00e1g - Kitenbrunn","og_description":"A foglal\u00e1s napj\u00e1n \u00e9rv\u00e9nyes kitesurfingre.","og_url":"https:\/\/kitenbrunn.at\/hu\/mitglied-werden\/napi-tagsag\/","og_site_name":"Kitenbrunn","article_modified_time":"2025-03-17T13:25:35+00:00","og_image":[{"width":940,"height":788,"url":"https:\/\/kitenbrunn.at\/wp-content\/uploads\/2025\/03\/Tagesmitgliedschaft-HU.png","type":"image\/png"}],"twitter_card":"summary_large_image","twitter_misc":{"Becs\u00fclt olvas\u00e1si id\u0151":"1 perc"},"schema":{"@context":"https:\/\/schema.org","@graph":[{"@type":"WebPage","@id":"https:\/\/kitenbrunn.at\/hu\/mitglied-werden\/napi-tagsag\/","url":"https:\/\/kitenbrunn.at\/hu\/mitglied-werden\/napi-tagsag\/","name":"Napi tags\u00e1g - Kitenbrunn","isPartOf":{"@id":"https:\/\/kitenbrunn.at\/#website"},"primaryImageOfPage":{"@id":"https:\/\/kitenbrunn.at\/hu\/mitglied-werden\/napi-tagsag\/#primaryimage"},"image":{"@id":"https:\/\/kitenbrunn.at\/hu\/mitglied-werden\/napi-tagsag\/#primaryimage"},"thumbnailUrl":"https:\/\/kitenbrunn.at\/wp-content\/uploads\/2025\/03\/Tagesmitgliedschaft-DE.png","datePublished":"2024-12-17T15:23:18+00:00","dateModified":"2025-03-17T13:25:35+00:00","breadcrumb":{"@id":"https:\/\/kitenbrunn.at\/hu\/mitglied-werden\/napi-tagsag\/#breadcrumb"},"inLanguage":"hu","potentialAction":[{"@type":"ReadAction","target":["https:\/\/kitenbrunn.at\/hu\/mitglied-werden\/napi-tagsag\/"]}]},{"@type":"ImageObject","inLanguage":"hu","@id":"https:\/\/kitenbrunn.at\/hu\/mitglied-werden\/napi-tagsag\/#primaryimage","url":"https:\/\/kitenbrunn.at\/wp-content\/uploads\/2025\/03\/Tagesmitgliedschaft-DE.png","contentUrl":"https:\/\/kitenbrunn.at\/wp-content\/uploads\/2025\/03\/Tagesmitgliedschaft-DE.png","width":940,"height":788},{"@type":"BreadcrumbList","@id":"https:\/\/kitenbrunn.at\/hu\/mitglied-werden\/napi-tagsag\/#breadcrumb","itemListElement":[{"@type":"ListItem","position":1,"name":"Startseite","item":"https:\/\/kitenbrunn.at\/hu\/"},{"@type":"ListItem","position":2,"name":"Legyen tag \/ bolt","item":"https:\/\/kitenbrunn.at\/hu\/legyen-tag-bolt\/"},{"@type":"ListItem","position":3,"name":"Napi tags\u00e1g"}]},{"@type":"WebSite","@id":"https:\/\/kitenbrunn.at\/#website","url":"https:\/\/kitenbrunn.at\/","name":"Kitenbrunn","description":"Kitesport F\u00f6rderverein Breitenbrunn","potentialAction":[{"@type":"SearchAction","target":{"@type":"EntryPoint","urlTemplate":"https:\/\/kitenbrunn.at\/?s={search_term_string}"},"query-input":{"@type":"PropertyValueSpecification","valueRequired":true,"valueName":"search_term_string"}}],"inLanguage":"hu"}]}},"_links":{"self":[{"href":"https:\/\/kitenbrunn.at\/hu\/wp-json\/wp\/v2\/product\/14734","targetHints":{"allow":["GET"]}}],"collection":[{"href":"https:\/\/kitenbrunn.at\/hu\/wp-json\/wp\/v2\/product"}],"about":[{"href":"https:\/\/kitenbrunn.at\/hu\/wp-json\/wp\/v2\/types\/product"}],"wp:featuredmedia":[{"embeddable":true,"href":"https:\/\/kitenbrunn.at\/hu\/wp-json\/wp\/v2\/media\/14760"}],"wp:attachment":[{"href":"https:\/\/kitenbrunn.at\/hu\/wp-json\/wp\/v2\/media?parent=14734"}],"wp:term":[{"taxonomy":"product_brand","embeddable":true,"href":"https:\/\/kitenbrunn.at\/hu\/wp-json\/wp\/v2\/product_brand?post=14734"},{"taxonomy":"product_cat","embeddable":true,"href":"https:\/\/kitenbrunn.at\/hu\/wp-json\/wp\/v2\/product_cat?post=14734"},{"taxonomy":"product_tag","embeddable":true,"href":"https:\/\/kitenbrunn.at\/hu\/wp-json\/wp\/v2\/product_tag?post=14734"}],"curies":[{"name":"wp","href":"https:\/\/api.w.org\/{rel}","templated":true}]}}