{"id":14730,"date":"2024-12-17T16:25:17","date_gmt":"2024-12-17T15:25:17","guid":{"rendered":"https:\/\/kitenbrunn.at\/mitglied-werden\/eves-tagsag\/"},"modified":"2025-03-17T14:10:31","modified_gmt":"2025-03-17T13:10:31","slug":"eves-tagsag","status":"publish","type":"product","link":"https:\/\/kitenbrunn.at\/hu\/mitglied-werden\/eves-tagsag\/","title":{"rendered":"\u00c9ves tags\u00e1g"},"content":{"rendered":"<p>[et_pb_section fb_built=&#8221;1&#8243; theme_builder_area=&#8221;post_content&#8221; _builder_version=&#8221;4.27.4&#8243; _module_preset=&#8221;default&#8221;][\/et_pb_section]<\/p>\n","protected":false},"excerpt":{"rendered":"<p id=\"tw-target-text\" class=\"tw-data-text tw-text-large tw-ta\" dir=\"ltr\" data-placeholder=\"\u00dcbersetzung\" data-ved=\"2ahUKEwjB2YbNoYmMAxUxg_0HHVEeBrIQ3ewLegQICBAV\" aria-label=\"\u00dcbersetzter Text: Az \u00e9ves tags\u00e1g a v\u00e1s\u00e1rl\u00e1s napj\u00e1t\u00f3l sz\u00e1m\u00edtott egy \u00e9vig jogos\u00edt kitesurfoz\u00e1sra. Tartalmazza a klubtags\u00e1got \u00e9s a hely haszn\u00e1lat\u00e1t. Az \u00e9ves tags\u00e1ggal 87 eur\u00f3\u00e9rt v\u00e1s\u00e1rolhat \u00e9ves parkol\u00f3k\u00e1rty\u00e1t a tengerparti \u00fcd\u00fcl\u0151helyen!\"><span class=\"Y2IQFc\" lang=\"hu\">Az \u00e9ves tags\u00e1g a v\u00e1s\u00e1rl\u00e1s napj\u00e1t\u00f3l sz\u00e1m\u00edtott egy \u00e9vig jogos\u00edt kitesurfoz\u00e1sra. Tartalmazza a klubtags\u00e1got \u00e9s a hely haszn\u00e1lat\u00e1t. Az \u00e9ves tags\u00e1ggal 87 eur\u00f3\u00e9rt v\u00e1s\u00e1rolhat \u00e9ves parkol\u00f3k\u00e1rty\u00e1t a tengerparti \u00fcd\u00fcl\u0151helyen!<\/span><\/p>\n","protected":false},"featured_media":14744,"template":"","meta":{"_et_pb_use_builder":"off","_et_pb_old_content":"","_et_gb_content_width":"","_price":"70.00","_stock":"","_tribe_ticket_header":"","_tribe_default_ticket_provider":"","_ticket_start_date":"","_ticket_end_date":"","_tribe_ticket_show_description":"","_tribe_ticket_show_not_going":false,"_tribe_ticket_use_global_stock":"","_tribe_ticket_global_stock_level":"","_global_stock_mode":"","_global_stock_cap":"","_tribe_rsvp_for_event":"","_tribe_ticket_going_count":"","_tribe_ticket_not_going_count":"","_tribe_tickets_list":"[]","_tribe_ticket_has_attendee_info_fields":false,"_tec_slr_enabled":"","_tec_slr_layout":""},"product_brand":[],"product_cat":[64],"product_tag":[],"class_list":{"0":"post-14730","1":"product","2":"type-product","3":"status-publish","4":"has-post-thumbnail","6":"product_cat-yearly-memberships-hu","8":"first","9":"instock","10":"virtual","11":"purchasable","12":"product-type-simple"},"yoast_head":"<!-- This site is optimized with the Yoast SEO plugin v27.5 - https:\/\/yoast.com\/product\/yoast-seo-wordpress\/ -->\n<title>\u00c9ves tags\u00e1g - Kitenbrunn<\/title>\n<meta name=\"robots\" content=\"index, follow, max-snippet:-1, max-image-preview:large, max-video-preview:-1\" \/>\n<link rel=\"canonical\" href=\"https:\/\/kitenbrunn.at\/hu\/mitglied-werden\/eves-tagsag\/\" \/>\n<meta property=\"og:locale\" content=\"hu_HU\" \/>\n<meta property=\"og:type\" content=\"article\" \/>\n<meta property=\"og:title\" content=\"\u00c9ves tags\u00e1g - Kitenbrunn\" \/>\n<meta property=\"og:description\" content=\"Az \u00e9ves tags\u00e1g a v\u00e1s\u00e1rl\u00e1s napj\u00e1t\u00f3l sz\u00e1m\u00edtott egy \u00e9vig jogos\u00edt kitesurfoz\u00e1sra. Tartalmazza a klubtags\u00e1got \u00e9s a hely haszn\u00e1lat\u00e1t. Az \u00e9ves tags\u00e1ggal 87 eur\u00f3\u00e9rt v\u00e1s\u00e1rolhat \u00e9ves parkol\u00f3k\u00e1rty\u00e1t a tengerparti \u00fcd\u00fcl\u0151helyen!\" \/>\n<meta property=\"og:url\" content=\"https:\/\/kitenbrunn.at\/hu\/mitglied-werden\/eves-tagsag\/\" \/>\n<meta property=\"og:site_name\" content=\"Kitenbrunn\" \/>\n<meta property=\"article:modified_time\" content=\"2025-03-17T13:10:31+00:00\" \/>\n<meta property=\"og:image\" content=\"https:\/\/kitenbrunn.at\/wp-content\/uploads\/2025\/03\/Jahresmitgliedschaft-HU.png\" \/>\n\t<meta property=\"og:image:width\" content=\"940\" \/>\n\t<meta property=\"og:image:height\" content=\"788\" \/>\n\t<meta property=\"og:image:type\" content=\"image\/png\" \/>\n<meta name=\"twitter:card\" content=\"summary_large_image\" \/>\n<meta name=\"twitter:label1\" content=\"Becs\u00fclt olvas\u00e1si id\u0151\" \/>\n\t<meta name=\"twitter:data1\" content=\"1 perc\" \/>\n<script type=\"application\/ld+json\" class=\"yoast-schema-graph\">{\"@context\":\"https:\\\/\\\/schema.org\",\"@graph\":[{\"@type\":\"WebPage\",\"@id\":\"https:\\\/\\\/kitenbrunn.at\\\/hu\\\/mitglied-werden\\\/eves-tagsag\\\/\",\"url\":\"https:\\\/\\\/kitenbrunn.at\\\/hu\\\/mitglied-werden\\\/eves-tagsag\\\/\",\"name\":\"\u00c9ves tags\u00e1g - Kitenbrunn\",\"isPartOf\":{\"@id\":\"https:\\\/\\\/kitenbrunn.at\\\/#website\"},\"primaryImageOfPage\":{\"@id\":\"https:\\\/\\\/kitenbrunn.at\\\/hu\\\/mitglied-werden\\\/eves-tagsag\\\/#primaryimage\"},\"image\":{\"@id\":\"https:\\\/\\\/kitenbrunn.at\\\/hu\\\/mitglied-werden\\\/eves-tagsag\\\/#primaryimage\"},\"thumbnailUrl\":\"https:\\\/\\\/kitenbrunn.at\\\/wp-content\\\/uploads\\\/2025\\\/03\\\/Jahresmitgliedschaft-DE.png\",\"datePublished\":\"2024-12-17T15:25:17+00:00\",\"dateModified\":\"2025-03-17T13:10:31+00:00\",\"breadcrumb\":{\"@id\":\"https:\\\/\\\/kitenbrunn.at\\\/hu\\\/mitglied-werden\\\/eves-tagsag\\\/#breadcrumb\"},\"inLanguage\":\"hu\",\"potentialAction\":[{\"@type\":\"ReadAction\",\"target\":[\"https:\\\/\\\/kitenbrunn.at\\\/hu\\\/mitglied-werden\\\/eves-tagsag\\\/\"]}]},{\"@type\":\"ImageObject\",\"inLanguage\":\"hu\",\"@id\":\"https:\\\/\\\/kitenbrunn.at\\\/hu\\\/mitglied-werden\\\/eves-tagsag\\\/#primaryimage\",\"url\":\"https:\\\/\\\/kitenbrunn.at\\\/wp-content\\\/uploads\\\/2025\\\/03\\\/Jahresmitgliedschaft-DE.png\",\"contentUrl\":\"https:\\\/\\\/kitenbrunn.at\\\/wp-content\\\/uploads\\\/2025\\\/03\\\/Jahresmitgliedschaft-DE.png\",\"width\":940,\"height\":788},{\"@type\":\"BreadcrumbList\",\"@id\":\"https:\\\/\\\/kitenbrunn.at\\\/hu\\\/mitglied-werden\\\/eves-tagsag\\\/#breadcrumb\",\"itemListElement\":[{\"@type\":\"ListItem\",\"position\":1,\"name\":\"Startseite\",\"item\":\"https:\\\/\\\/kitenbrunn.at\\\/hu\\\/\"},{\"@type\":\"ListItem\",\"position\":2,\"name\":\"Legyen tag \\\/ bolt\",\"item\":\"https:\\\/\\\/kitenbrunn.at\\\/hu\\\/legyen-tag-bolt\\\/\"},{\"@type\":\"ListItem\",\"position\":3,\"name\":\"\u00c9ves tags\u00e1g\"}]},{\"@type\":\"WebSite\",\"@id\":\"https:\\\/\\\/kitenbrunn.at\\\/#website\",\"url\":\"https:\\\/\\\/kitenbrunn.at\\\/\",\"name\":\"Kitenbrunn\",\"description\":\"Kitesport F\u00f6rderverein Breitenbrunn\",\"potentialAction\":[{\"@type\":\"SearchAction\",\"target\":{\"@type\":\"EntryPoint\",\"urlTemplate\":\"https:\\\/\\\/kitenbrunn.at\\\/?s={search_term_string}\"},\"query-input\":{\"@type\":\"PropertyValueSpecification\",\"valueRequired\":true,\"valueName\":\"search_term_string\"}}],\"inLanguage\":\"hu\"}]}<\/script>\n<!-- \/ Yoast SEO plugin. -->","yoast_head_json":{"title":"\u00c9ves tags\u00e1g - Kitenbrunn","robots":{"index":"index","follow":"follow","max-snippet":"max-snippet:-1","max-image-preview":"max-image-preview:large","max-video-preview":"max-video-preview:-1"},"canonical":"https:\/\/kitenbrunn.at\/hu\/mitglied-werden\/eves-tagsag\/","og_locale":"hu_HU","og_type":"article","og_title":"\u00c9ves tags\u00e1g - Kitenbrunn","og_description":"Az \u00e9ves tags\u00e1g a v\u00e1s\u00e1rl\u00e1s napj\u00e1t\u00f3l sz\u00e1m\u00edtott egy \u00e9vig jogos\u00edt kitesurfoz\u00e1sra. Tartalmazza a klubtags\u00e1got \u00e9s a hely haszn\u00e1lat\u00e1t. Az \u00e9ves tags\u00e1ggal 87 eur\u00f3\u00e9rt v\u00e1s\u00e1rolhat \u00e9ves parkol\u00f3k\u00e1rty\u00e1t a tengerparti \u00fcd\u00fcl\u0151helyen!","og_url":"https:\/\/kitenbrunn.at\/hu\/mitglied-werden\/eves-tagsag\/","og_site_name":"Kitenbrunn","article_modified_time":"2025-03-17T13:10:31+00:00","og_image":[{"width":940,"height":788,"url":"https:\/\/kitenbrunn.at\/wp-content\/uploads\/2025\/03\/Jahresmitgliedschaft-HU.png","type":"image\/png"}],"twitter_card":"summary_large_image","twitter_misc":{"Becs\u00fclt olvas\u00e1si id\u0151":"1 perc"},"schema":{"@context":"https:\/\/schema.org","@graph":[{"@type":"WebPage","@id":"https:\/\/kitenbrunn.at\/hu\/mitglied-werden\/eves-tagsag\/","url":"https:\/\/kitenbrunn.at\/hu\/mitglied-werden\/eves-tagsag\/","name":"\u00c9ves tags\u00e1g - Kitenbrunn","isPartOf":{"@id":"https:\/\/kitenbrunn.at\/#website"},"primaryImageOfPage":{"@id":"https:\/\/kitenbrunn.at\/hu\/mitglied-werden\/eves-tagsag\/#primaryimage"},"image":{"@id":"https:\/\/kitenbrunn.at\/hu\/mitglied-werden\/eves-tagsag\/#primaryimage"},"thumbnailUrl":"https:\/\/kitenbrunn.at\/wp-content\/uploads\/2025\/03\/Jahresmitgliedschaft-DE.png","datePublished":"2024-12-17T15:25:17+00:00","dateModified":"2025-03-17T13:10:31+00:00","breadcrumb":{"@id":"https:\/\/kitenbrunn.at\/hu\/mitglied-werden\/eves-tagsag\/#breadcrumb"},"inLanguage":"hu","potentialAction":[{"@type":"ReadAction","target":["https:\/\/kitenbrunn.at\/hu\/mitglied-werden\/eves-tagsag\/"]}]},{"@type":"ImageObject","inLanguage":"hu","@id":"https:\/\/kitenbrunn.at\/hu\/mitglied-werden\/eves-tagsag\/#primaryimage","url":"https:\/\/kitenbrunn.at\/wp-content\/uploads\/2025\/03\/Jahresmitgliedschaft-DE.png","contentUrl":"https:\/\/kitenbrunn.at\/wp-content\/uploads\/2025\/03\/Jahresmitgliedschaft-DE.png","width":940,"height":788},{"@type":"BreadcrumbList","@id":"https:\/\/kitenbrunn.at\/hu\/mitglied-werden\/eves-tagsag\/#breadcrumb","itemListElement":[{"@type":"ListItem","position":1,"name":"Startseite","item":"https:\/\/kitenbrunn.at\/hu\/"},{"@type":"ListItem","position":2,"name":"Legyen tag \/ bolt","item":"https:\/\/kitenbrunn.at\/hu\/legyen-tag-bolt\/"},{"@type":"ListItem","position":3,"name":"\u00c9ves tags\u00e1g"}]},{"@type":"WebSite","@id":"https:\/\/kitenbrunn.at\/#website","url":"https:\/\/kitenbrunn.at\/","name":"Kitenbrunn","description":"Kitesport F\u00f6rderverein Breitenbrunn","potentialAction":[{"@type":"SearchAction","target":{"@type":"EntryPoint","urlTemplate":"https:\/\/kitenbrunn.at\/?s={search_term_string}"},"query-input":{"@type":"PropertyValueSpecification","valueRequired":true,"valueName":"search_term_string"}}],"inLanguage":"hu"}]}},"_links":{"self":[{"href":"https:\/\/kitenbrunn.at\/hu\/wp-json\/wp\/v2\/product\/14730","targetHints":{"allow":["GET"]}}],"collection":[{"href":"https:\/\/kitenbrunn.at\/hu\/wp-json\/wp\/v2\/product"}],"about":[{"href":"https:\/\/kitenbrunn.at\/hu\/wp-json\/wp\/v2\/types\/product"}],"wp:featuredmedia":[{"embeddable":true,"href":"https:\/\/kitenbrunn.at\/hu\/wp-json\/wp\/v2\/media\/14744"}],"wp:attachment":[{"href":"https:\/\/kitenbrunn.at\/hu\/wp-json\/wp\/v2\/media?parent=14730"}],"wp:term":[{"taxonomy":"product_brand","embeddable":true,"href":"https:\/\/kitenbrunn.at\/hu\/wp-json\/wp\/v2\/product_brand?post=14730"},{"taxonomy":"product_cat","embeddable":true,"href":"https:\/\/kitenbrunn.at\/hu\/wp-json\/wp\/v2\/product_cat?post=14730"},{"taxonomy":"product_tag","embeddable":true,"href":"https:\/\/kitenbrunn.at\/hu\/wp-json\/wp\/v2\/product_tag?post=14730"}],"curies":[{"name":"wp","href":"https:\/\/api.w.org\/{rel}","templated":true}]}}