{"id":11127,"date":"2022-11-16T10:43:30","date_gmt":"2022-11-16T09:43:33","guid":{"rendered":"https:\/\/kitenbrunn.at\/?post_type=product&#038;p=11127"},"modified":"2024-03-04T10:16:10","modified_gmt":"2024-03-04T09:16:10","slug":"napi-csomag","status":"publish","type":"product","link":"https:\/\/kitenbrunn.at\/hu\/mitglied-werden\/napi-csomag\/","title":{"rendered":"Napi tags\u00e1g"},"content":{"rendered":"<p>\u00c9rv\u00e9nyes kitesurfingre a foglal\u00e1s napj\u00e1n, amely a napi tags\u00e1gb\u00f3l 10 eur\u00f3 \u00e9s a helysz\u00edni haszn\u00e1latb\u00f3l 2 eur\u00f3b\u00f3l \u00e1ll.<\/p>\n","protected":false},"excerpt":{"rendered":"<p>\u00c9rv\u00e9nyes kitesurfingre a foglal\u00e1s napj\u00e1n, amely a napi tags\u00e1gb\u00f3l 10 eur\u00f3 \u00e9s a helysz\u00edni haszn\u00e1latb\u00f3l 2 eur\u00f3b\u00f3l \u00e1ll.<\/p>\n","protected":false},"featured_media":12163,"template":"","meta":{"_et_pb_use_builder":"","_et_pb_old_content":"","_et_gb_content_width":"","_price":"12","_stock":null,"_tribe_ticket_header":"","_tribe_default_ticket_provider":"","_ticket_start_date":"","_ticket_end_date":"","_tribe_ticket_show_description":"","_tribe_ticket_show_not_going":false,"_tribe_ticket_use_global_stock":"","_tribe_ticket_global_stock_level":"","_global_stock_mode":"","_global_stock_cap":"","_tribe_rsvp_for_event":"","_tribe_ticket_going_count":"","_tribe_ticket_not_going_count":"","_tribe_tickets_list":"[]","_tribe_ticket_has_attendee_info_fields":false,"_tec_slr_enabled":"","_tec_slr_layout":""},"product_brand":[],"product_cat":[69],"product_tag":[],"class_list":{"0":"post-11127","1":"product","2":"type-product","3":"status-publish","4":"has-post-thumbnail","6":"product_cat-daily-memberships-hu","8":"first","9":"instock","10":"virtual","11":"purchasable","12":"product-type-simple"},"yoast_head":"<!-- This site is optimized with the Yoast SEO plugin v27.5 - https:\/\/yoast.com\/product\/yoast-seo-wordpress\/ -->\n<title>Napi tags\u00e1g - Kitenbrunn<\/title>\n<meta name=\"robots\" content=\"index, follow, max-snippet:-1, max-image-preview:large, max-video-preview:-1\" \/>\n<link rel=\"canonical\" href=\"https:\/\/kitenbrunn.at\/hu\/mitglied-werden\/napi-csomag\/\" \/>\n<meta property=\"og:locale\" content=\"hu_HU\" \/>\n<meta property=\"og:type\" content=\"article\" \/>\n<meta property=\"og:title\" content=\"Napi tags\u00e1g - Kitenbrunn\" \/>\n<meta property=\"og:description\" content=\"\u00c9rv\u00e9nyes kitesurfingre a foglal\u00e1s napj\u00e1n, amely a napi tags\u00e1gb\u00f3l 10 eur\u00f3 \u00e9s a helysz\u00edni haszn\u00e1latb\u00f3l 2 eur\u00f3b\u00f3l \u00e1ll.\" \/>\n<meta property=\"og:url\" content=\"https:\/\/kitenbrunn.at\/hu\/mitglied-werden\/napi-csomag\/\" \/>\n<meta property=\"og:site_name\" content=\"Kitenbrunn\" \/>\n<meta property=\"article:modified_time\" content=\"2024-03-04T09:16:10+00:00\" \/>\n<meta property=\"og:image\" content=\"https:\/\/kitenbrunn.at\/wp-content\/uploads\/2022\/11\/TagMGL.jpg\" \/>\n\t<meta property=\"og:image:width\" content=\"940\" \/>\n\t<meta property=\"og:image:height\" content=\"788\" \/>\n\t<meta property=\"og:image:type\" content=\"image\/jpeg\" \/>\n<meta name=\"twitter:card\" content=\"summary_large_image\" \/>\n<meta name=\"twitter:label1\" content=\"Becs\u00fclt olvas\u00e1si id\u0151\" \/>\n\t<meta name=\"twitter:data1\" content=\"1 perc\" \/>\n<script type=\"application\/ld+json\" class=\"yoast-schema-graph\">{\"@context\":\"https:\\\/\\\/schema.org\",\"@graph\":[{\"@type\":\"WebPage\",\"@id\":\"https:\\\/\\\/kitenbrunn.at\\\/hu\\\/mitglied-werden\\\/napi-csomag\\\/\",\"url\":\"https:\\\/\\\/kitenbrunn.at\\\/hu\\\/mitglied-werden\\\/napi-csomag\\\/\",\"name\":\"Napi tags\u00e1g - Kitenbrunn\",\"isPartOf\":{\"@id\":\"https:\\\/\\\/kitenbrunn.at\\\/#website\"},\"primaryImageOfPage\":{\"@id\":\"https:\\\/\\\/kitenbrunn.at\\\/hu\\\/mitglied-werden\\\/napi-csomag\\\/#primaryimage\"},\"image\":{\"@id\":\"https:\\\/\\\/kitenbrunn.at\\\/hu\\\/mitglied-werden\\\/napi-csomag\\\/#primaryimage\"},\"thumbnailUrl\":\"https:\\\/\\\/kitenbrunn.at\\\/wp-content\\\/uploads\\\/2022\\\/11\\\/TagMGL.jpg\",\"datePublished\":\"2022-11-16T09:43:33+00:00\",\"dateModified\":\"2024-03-04T09:16:10+00:00\",\"breadcrumb\":{\"@id\":\"https:\\\/\\\/kitenbrunn.at\\\/hu\\\/mitglied-werden\\\/napi-csomag\\\/#breadcrumb\"},\"inLanguage\":\"hu\",\"potentialAction\":[{\"@type\":\"ReadAction\",\"target\":[\"https:\\\/\\\/kitenbrunn.at\\\/hu\\\/mitglied-werden\\\/napi-csomag\\\/\"]}]},{\"@type\":\"ImageObject\",\"inLanguage\":\"hu\",\"@id\":\"https:\\\/\\\/kitenbrunn.at\\\/hu\\\/mitglied-werden\\\/napi-csomag\\\/#primaryimage\",\"url\":\"https:\\\/\\\/kitenbrunn.at\\\/wp-content\\\/uploads\\\/2022\\\/11\\\/TagMGL.jpg\",\"contentUrl\":\"https:\\\/\\\/kitenbrunn.at\\\/wp-content\\\/uploads\\\/2022\\\/11\\\/TagMGL.jpg\",\"width\":940,\"height\":788,\"caption\":\"Napi tags\u00e1g\"},{\"@type\":\"BreadcrumbList\",\"@id\":\"https:\\\/\\\/kitenbrunn.at\\\/hu\\\/mitglied-werden\\\/napi-csomag\\\/#breadcrumb\",\"itemListElement\":[{\"@type\":\"ListItem\",\"position\":1,\"name\":\"Startseite\",\"item\":\"https:\\\/\\\/kitenbrunn.at\\\/hu\\\/\"},{\"@type\":\"ListItem\",\"position\":2,\"name\":\"Legyen tag \\\/ bolt\",\"item\":\"https:\\\/\\\/kitenbrunn.at\\\/hu\\\/legyen-tag-bolt\\\/\"},{\"@type\":\"ListItem\",\"position\":3,\"name\":\"Napi tags\u00e1g\"}]},{\"@type\":\"WebSite\",\"@id\":\"https:\\\/\\\/kitenbrunn.at\\\/#website\",\"url\":\"https:\\\/\\\/kitenbrunn.at\\\/\",\"name\":\"Kitenbrunn\",\"description\":\"Kitesport F\u00f6rderverein Breitenbrunn\",\"potentialAction\":[{\"@type\":\"SearchAction\",\"target\":{\"@type\":\"EntryPoint\",\"urlTemplate\":\"https:\\\/\\\/kitenbrunn.at\\\/?s={search_term_string}\"},\"query-input\":{\"@type\":\"PropertyValueSpecification\",\"valueRequired\":true,\"valueName\":\"search_term_string\"}}],\"inLanguage\":\"hu\"}]}<\/script>\n<!-- \/ Yoast SEO plugin. -->","yoast_head_json":{"title":"Napi tags\u00e1g - Kitenbrunn","robots":{"index":"index","follow":"follow","max-snippet":"max-snippet:-1","max-image-preview":"max-image-preview:large","max-video-preview":"max-video-preview:-1"},"canonical":"https:\/\/kitenbrunn.at\/hu\/mitglied-werden\/napi-csomag\/","og_locale":"hu_HU","og_type":"article","og_title":"Napi tags\u00e1g - Kitenbrunn","og_description":"\u00c9rv\u00e9nyes kitesurfingre a foglal\u00e1s napj\u00e1n, amely a napi tags\u00e1gb\u00f3l 10 eur\u00f3 \u00e9s a helysz\u00edni haszn\u00e1latb\u00f3l 2 eur\u00f3b\u00f3l \u00e1ll.","og_url":"https:\/\/kitenbrunn.at\/hu\/mitglied-werden\/napi-csomag\/","og_site_name":"Kitenbrunn","article_modified_time":"2024-03-04T09:16:10+00:00","og_image":[{"width":940,"height":788,"url":"https:\/\/kitenbrunn.at\/wp-content\/uploads\/2022\/11\/TagMGL.jpg","type":"image\/jpeg"}],"twitter_card":"summary_large_image","twitter_misc":{"Becs\u00fclt olvas\u00e1si id\u0151":"1 perc"},"schema":{"@context":"https:\/\/schema.org","@graph":[{"@type":"WebPage","@id":"https:\/\/kitenbrunn.at\/hu\/mitglied-werden\/napi-csomag\/","url":"https:\/\/kitenbrunn.at\/hu\/mitglied-werden\/napi-csomag\/","name":"Napi tags\u00e1g - Kitenbrunn","isPartOf":{"@id":"https:\/\/kitenbrunn.at\/#website"},"primaryImageOfPage":{"@id":"https:\/\/kitenbrunn.at\/hu\/mitglied-werden\/napi-csomag\/#primaryimage"},"image":{"@id":"https:\/\/kitenbrunn.at\/hu\/mitglied-werden\/napi-csomag\/#primaryimage"},"thumbnailUrl":"https:\/\/kitenbrunn.at\/wp-content\/uploads\/2022\/11\/TagMGL.jpg","datePublished":"2022-11-16T09:43:33+00:00","dateModified":"2024-03-04T09:16:10+00:00","breadcrumb":{"@id":"https:\/\/kitenbrunn.at\/hu\/mitglied-werden\/napi-csomag\/#breadcrumb"},"inLanguage":"hu","potentialAction":[{"@type":"ReadAction","target":["https:\/\/kitenbrunn.at\/hu\/mitglied-werden\/napi-csomag\/"]}]},{"@type":"ImageObject","inLanguage":"hu","@id":"https:\/\/kitenbrunn.at\/hu\/mitglied-werden\/napi-csomag\/#primaryimage","url":"https:\/\/kitenbrunn.at\/wp-content\/uploads\/2022\/11\/TagMGL.jpg","contentUrl":"https:\/\/kitenbrunn.at\/wp-content\/uploads\/2022\/11\/TagMGL.jpg","width":940,"height":788,"caption":"Napi tags\u00e1g"},{"@type":"BreadcrumbList","@id":"https:\/\/kitenbrunn.at\/hu\/mitglied-werden\/napi-csomag\/#breadcrumb","itemListElement":[{"@type":"ListItem","position":1,"name":"Startseite","item":"https:\/\/kitenbrunn.at\/hu\/"},{"@type":"ListItem","position":2,"name":"Legyen tag \/ bolt","item":"https:\/\/kitenbrunn.at\/hu\/legyen-tag-bolt\/"},{"@type":"ListItem","position":3,"name":"Napi tags\u00e1g"}]},{"@type":"WebSite","@id":"https:\/\/kitenbrunn.at\/#website","url":"https:\/\/kitenbrunn.at\/","name":"Kitenbrunn","description":"Kitesport F\u00f6rderverein Breitenbrunn","potentialAction":[{"@type":"SearchAction","target":{"@type":"EntryPoint","urlTemplate":"https:\/\/kitenbrunn.at\/?s={search_term_string}"},"query-input":{"@type":"PropertyValueSpecification","valueRequired":true,"valueName":"search_term_string"}}],"inLanguage":"hu"}]}},"_links":{"self":[{"href":"https:\/\/kitenbrunn.at\/hu\/wp-json\/wp\/v2\/product\/11127","targetHints":{"allow":["GET"]}}],"collection":[{"href":"https:\/\/kitenbrunn.at\/hu\/wp-json\/wp\/v2\/product"}],"about":[{"href":"https:\/\/kitenbrunn.at\/hu\/wp-json\/wp\/v2\/types\/product"}],"wp:featuredmedia":[{"embeddable":true,"href":"https:\/\/kitenbrunn.at\/hu\/wp-json\/wp\/v2\/media\/12163"}],"wp:attachment":[{"href":"https:\/\/kitenbrunn.at\/hu\/wp-json\/wp\/v2\/media?parent=11127"}],"wp:term":[{"taxonomy":"product_brand","embeddable":true,"href":"https:\/\/kitenbrunn.at\/hu\/wp-json\/wp\/v2\/product_brand?post=11127"},{"taxonomy":"product_cat","embeddable":true,"href":"https:\/\/kitenbrunn.at\/hu\/wp-json\/wp\/v2\/product_cat?post=11127"},{"taxonomy":"product_tag","embeddable":true,"href":"https:\/\/kitenbrunn.at\/hu\/wp-json\/wp\/v2\/product_tag?post=11127"}],"curies":[{"name":"wp","href":"https:\/\/api.w.org\/{rel}","templated":true}]}}