{"id":11116,"date":"2022-11-10T21:17:59","date_gmt":"2022-11-10T20:18:04","guid":{"rendered":"https:\/\/kitenbrunn.at\/?post_type=product&#038;p=11116"},"modified":"2024-03-04T10:31:39","modified_gmt":"2024-03-04T09:31:39","slug":"szabvanyos-sarkanycsomag-2024","status":"publish","type":"product","link":"https:\/\/kitenbrunn.at\/hu\/mitglied-werden\/szabvanyos-sarkanycsomag-2024\/","title":{"rendered":"\u00c9ves tags\u00e1g"},"content":{"rendered":"<p>A 2024-es \u00eaves tags\u00e1g a v\u00e1s\u00e1rl\u00e1st\u00f3l sz\u00e1m\u00edtott egy \u00e9vig jogos\u00edt kitesurfoz\u00e1sra, \u00e9s tartalmazza<\/p>\n<ul>\n<li>\u00c9ves tags\u00e1g EUR 45,-<\/li>\n<li>Helyi haszn\u00e1lat EUR 15,-<\/li>\n<\/ul>\n<p>Az \u00e9ves tags\u00e1ggal 87,- eur\u00f3\u00e9rt v\u00e1s\u00e1rolhat \u00e9ves parkol\u00f3k\u00e1rty\u00e1t a tengerparti \u00fcd\u00fcl\u0151helyen!<\/p>\n","protected":false},"excerpt":{"rendered":"<p>Az FKN \u00e9ves tags\u00e1ga kitesurf jogos\u00edtja fel, miut\u00e1n a t\u00f3parti \u00fcd\u00fcl\u0151helyre sz\u00f3l\u00f3 napi vagy \u00e9ves jegyet v\u00e1s\u00e1rolt. \u00c9rv\u00e9nyes: 2022.01.01 &#8211; t\u0151l 2022.12.31.<\/p>\n","protected":false},"featured_media":12168,"template":"","meta":{"_et_pb_use_builder":"off","_et_pb_old_content":"","_et_gb_content_width":"","_price":"60","_stock":null,"_tribe_ticket_header":"","_tribe_default_ticket_provider":"","_ticket_start_date":"","_ticket_end_date":"","_tribe_ticket_show_description":"","_tribe_ticket_show_not_going":false,"_tribe_ticket_use_global_stock":"","_tribe_ticket_global_stock_level":"","_global_stock_mode":"","_global_stock_cap":"","_tribe_rsvp_for_event":"","_tribe_ticket_going_count":"","_tribe_ticket_not_going_count":"","_tribe_tickets_list":"[]","_tribe_ticket_has_attendee_info_fields":false,"_tec_slr_enabled":"","_tec_slr_layout":""},"product_brand":[],"product_cat":[64],"product_tag":[],"class_list":{"0":"post-11116","1":"product","2":"type-product","3":"status-publish","4":"has-post-thumbnail","6":"product_cat-yearly-memberships-hu","8":"first","9":"instock","10":"virtual","11":"sold-individually","12":"purchasable","13":"product-type-simple"},"yoast_head":"<!-- This site is optimized with the Yoast SEO plugin v27.5 - https:\/\/yoast.com\/product\/yoast-seo-wordpress\/ -->\n<title>\u00c9ves tags\u00e1g - Kitenbrunn<\/title>\n<meta name=\"robots\" content=\"index, follow, max-snippet:-1, max-image-preview:large, max-video-preview:-1\" \/>\n<link rel=\"canonical\" href=\"https:\/\/kitenbrunn.at\/hu\/mitglied-werden\/szabvanyos-sarkanycsomag-2024\/\" \/>\n<meta property=\"og:locale\" content=\"hu_HU\" \/>\n<meta property=\"og:type\" content=\"article\" \/>\n<meta property=\"og:title\" content=\"\u00c9ves tags\u00e1g - Kitenbrunn\" \/>\n<meta property=\"og:description\" content=\"Az FKN \u00e9ves tags\u00e1ga kitesurf jogos\u00edtja fel, miut\u00e1n a t\u00f3parti \u00fcd\u00fcl\u0151helyre sz\u00f3l\u00f3 napi vagy \u00e9ves jegyet v\u00e1s\u00e1rolt. \u00c9rv\u00e9nyes: 2022.01.01 - t\u0151l 2022.12.31.\" \/>\n<meta property=\"og:url\" content=\"https:\/\/kitenbrunn.at\/hu\/mitglied-werden\/szabvanyos-sarkanycsomag-2024\/\" \/>\n<meta property=\"og:site_name\" content=\"Kitenbrunn\" \/>\n<meta property=\"article:modified_time\" content=\"2024-03-04T09:31:39+00:00\" \/>\n<meta property=\"og:image\" content=\"https:\/\/kitenbrunn.at\/wp-content\/uploads\/2022\/11\/JahrMGL.jpg\" \/>\n\t<meta property=\"og:image:width\" content=\"940\" \/>\n\t<meta property=\"og:image:height\" content=\"788\" \/>\n\t<meta property=\"og:image:type\" content=\"image\/jpeg\" \/>\n<meta name=\"twitter:card\" content=\"summary_large_image\" \/>\n<meta name=\"twitter:label1\" content=\"Becs\u00fclt olvas\u00e1si id\u0151\" \/>\n\t<meta name=\"twitter:data1\" content=\"1 perc\" \/>\n<script type=\"application\/ld+json\" class=\"yoast-schema-graph\">{\"@context\":\"https:\\\/\\\/schema.org\",\"@graph\":[{\"@type\":\"WebPage\",\"@id\":\"https:\\\/\\\/kitenbrunn.at\\\/hu\\\/mitglied-werden\\\/szabvanyos-sarkanycsomag-2024\\\/\",\"url\":\"https:\\\/\\\/kitenbrunn.at\\\/hu\\\/mitglied-werden\\\/szabvanyos-sarkanycsomag-2024\\\/\",\"name\":\"\u00c9ves tags\u00e1g - Kitenbrunn\",\"isPartOf\":{\"@id\":\"https:\\\/\\\/kitenbrunn.at\\\/#website\"},\"primaryImageOfPage\":{\"@id\":\"https:\\\/\\\/kitenbrunn.at\\\/hu\\\/mitglied-werden\\\/szabvanyos-sarkanycsomag-2024\\\/#primaryimage\"},\"image\":{\"@id\":\"https:\\\/\\\/kitenbrunn.at\\\/hu\\\/mitglied-werden\\\/szabvanyos-sarkanycsomag-2024\\\/#primaryimage\"},\"thumbnailUrl\":\"https:\\\/\\\/kitenbrunn.at\\\/wp-content\\\/uploads\\\/2022\\\/11\\\/JahrMGL.jpg\",\"datePublished\":\"2022-11-10T20:18:04+00:00\",\"dateModified\":\"2024-03-04T09:31:39+00:00\",\"breadcrumb\":{\"@id\":\"https:\\\/\\\/kitenbrunn.at\\\/hu\\\/mitglied-werden\\\/szabvanyos-sarkanycsomag-2024\\\/#breadcrumb\"},\"inLanguage\":\"hu\",\"potentialAction\":[{\"@type\":\"ReadAction\",\"target\":[\"https:\\\/\\\/kitenbrunn.at\\\/hu\\\/mitglied-werden\\\/szabvanyos-sarkanycsomag-2024\\\/\"]}]},{\"@type\":\"ImageObject\",\"inLanguage\":\"hu\",\"@id\":\"https:\\\/\\\/kitenbrunn.at\\\/hu\\\/mitglied-werden\\\/szabvanyos-sarkanycsomag-2024\\\/#primaryimage\",\"url\":\"https:\\\/\\\/kitenbrunn.at\\\/wp-content\\\/uploads\\\/2022\\\/11\\\/JahrMGL.jpg\",\"contentUrl\":\"https:\\\/\\\/kitenbrunn.at\\\/wp-content\\\/uploads\\\/2022\\\/11\\\/JahrMGL.jpg\",\"width\":940,\"height\":788,\"caption\":\"\u00c9ves tags\u00e1g\"},{\"@type\":\"BreadcrumbList\",\"@id\":\"https:\\\/\\\/kitenbrunn.at\\\/hu\\\/mitglied-werden\\\/szabvanyos-sarkanycsomag-2024\\\/#breadcrumb\",\"itemListElement\":[{\"@type\":\"ListItem\",\"position\":1,\"name\":\"Startseite\",\"item\":\"https:\\\/\\\/kitenbrunn.at\\\/hu\\\/\"},{\"@type\":\"ListItem\",\"position\":2,\"name\":\"Legyen tag \\\/ bolt\",\"item\":\"https:\\\/\\\/kitenbrunn.at\\\/hu\\\/legyen-tag-bolt\\\/\"},{\"@type\":\"ListItem\",\"position\":3,\"name\":\"\u00c9ves tags\u00e1g\"}]},{\"@type\":\"WebSite\",\"@id\":\"https:\\\/\\\/kitenbrunn.at\\\/#website\",\"url\":\"https:\\\/\\\/kitenbrunn.at\\\/\",\"name\":\"Kitenbrunn\",\"description\":\"Kitesport F\u00f6rderverein Breitenbrunn\",\"potentialAction\":[{\"@type\":\"SearchAction\",\"target\":{\"@type\":\"EntryPoint\",\"urlTemplate\":\"https:\\\/\\\/kitenbrunn.at\\\/?s={search_term_string}\"},\"query-input\":{\"@type\":\"PropertyValueSpecification\",\"valueRequired\":true,\"valueName\":\"search_term_string\"}}],\"inLanguage\":\"hu\"}]}<\/script>\n<!-- \/ Yoast SEO plugin. -->","yoast_head_json":{"title":"\u00c9ves tags\u00e1g - Kitenbrunn","robots":{"index":"index","follow":"follow","max-snippet":"max-snippet:-1","max-image-preview":"max-image-preview:large","max-video-preview":"max-video-preview:-1"},"canonical":"https:\/\/kitenbrunn.at\/hu\/mitglied-werden\/szabvanyos-sarkanycsomag-2024\/","og_locale":"hu_HU","og_type":"article","og_title":"\u00c9ves tags\u00e1g - Kitenbrunn","og_description":"Az FKN \u00e9ves tags\u00e1ga kitesurf jogos\u00edtja fel, miut\u00e1n a t\u00f3parti \u00fcd\u00fcl\u0151helyre sz\u00f3l\u00f3 napi vagy \u00e9ves jegyet v\u00e1s\u00e1rolt. \u00c9rv\u00e9nyes: 2022.01.01 - t\u0151l 2022.12.31.","og_url":"https:\/\/kitenbrunn.at\/hu\/mitglied-werden\/szabvanyos-sarkanycsomag-2024\/","og_site_name":"Kitenbrunn","article_modified_time":"2024-03-04T09:31:39+00:00","og_image":[{"width":940,"height":788,"url":"https:\/\/kitenbrunn.at\/wp-content\/uploads\/2022\/11\/JahrMGL.jpg","type":"image\/jpeg"}],"twitter_card":"summary_large_image","twitter_misc":{"Becs\u00fclt olvas\u00e1si id\u0151":"1 perc"},"schema":{"@context":"https:\/\/schema.org","@graph":[{"@type":"WebPage","@id":"https:\/\/kitenbrunn.at\/hu\/mitglied-werden\/szabvanyos-sarkanycsomag-2024\/","url":"https:\/\/kitenbrunn.at\/hu\/mitglied-werden\/szabvanyos-sarkanycsomag-2024\/","name":"\u00c9ves tags\u00e1g - Kitenbrunn","isPartOf":{"@id":"https:\/\/kitenbrunn.at\/#website"},"primaryImageOfPage":{"@id":"https:\/\/kitenbrunn.at\/hu\/mitglied-werden\/szabvanyos-sarkanycsomag-2024\/#primaryimage"},"image":{"@id":"https:\/\/kitenbrunn.at\/hu\/mitglied-werden\/szabvanyos-sarkanycsomag-2024\/#primaryimage"},"thumbnailUrl":"https:\/\/kitenbrunn.at\/wp-content\/uploads\/2022\/11\/JahrMGL.jpg","datePublished":"2022-11-10T20:18:04+00:00","dateModified":"2024-03-04T09:31:39+00:00","breadcrumb":{"@id":"https:\/\/kitenbrunn.at\/hu\/mitglied-werden\/szabvanyos-sarkanycsomag-2024\/#breadcrumb"},"inLanguage":"hu","potentialAction":[{"@type":"ReadAction","target":["https:\/\/kitenbrunn.at\/hu\/mitglied-werden\/szabvanyos-sarkanycsomag-2024\/"]}]},{"@type":"ImageObject","inLanguage":"hu","@id":"https:\/\/kitenbrunn.at\/hu\/mitglied-werden\/szabvanyos-sarkanycsomag-2024\/#primaryimage","url":"https:\/\/kitenbrunn.at\/wp-content\/uploads\/2022\/11\/JahrMGL.jpg","contentUrl":"https:\/\/kitenbrunn.at\/wp-content\/uploads\/2022\/11\/JahrMGL.jpg","width":940,"height":788,"caption":"\u00c9ves tags\u00e1g"},{"@type":"BreadcrumbList","@id":"https:\/\/kitenbrunn.at\/hu\/mitglied-werden\/szabvanyos-sarkanycsomag-2024\/#breadcrumb","itemListElement":[{"@type":"ListItem","position":1,"name":"Startseite","item":"https:\/\/kitenbrunn.at\/hu\/"},{"@type":"ListItem","position":2,"name":"Legyen tag \/ bolt","item":"https:\/\/kitenbrunn.at\/hu\/legyen-tag-bolt\/"},{"@type":"ListItem","position":3,"name":"\u00c9ves tags\u00e1g"}]},{"@type":"WebSite","@id":"https:\/\/kitenbrunn.at\/#website","url":"https:\/\/kitenbrunn.at\/","name":"Kitenbrunn","description":"Kitesport F\u00f6rderverein Breitenbrunn","potentialAction":[{"@type":"SearchAction","target":{"@type":"EntryPoint","urlTemplate":"https:\/\/kitenbrunn.at\/?s={search_term_string}"},"query-input":{"@type":"PropertyValueSpecification","valueRequired":true,"valueName":"search_term_string"}}],"inLanguage":"hu"}]}},"_links":{"self":[{"href":"https:\/\/kitenbrunn.at\/hu\/wp-json\/wp\/v2\/product\/11116","targetHints":{"allow":["GET"]}}],"collection":[{"href":"https:\/\/kitenbrunn.at\/hu\/wp-json\/wp\/v2\/product"}],"about":[{"href":"https:\/\/kitenbrunn.at\/hu\/wp-json\/wp\/v2\/types\/product"}],"wp:featuredmedia":[{"embeddable":true,"href":"https:\/\/kitenbrunn.at\/hu\/wp-json\/wp\/v2\/media\/12168"}],"wp:attachment":[{"href":"https:\/\/kitenbrunn.at\/hu\/wp-json\/wp\/v2\/media?parent=11116"}],"wp:term":[{"taxonomy":"product_brand","embeddable":true,"href":"https:\/\/kitenbrunn.at\/hu\/wp-json\/wp\/v2\/product_brand?post=11116"},{"taxonomy":"product_cat","embeddable":true,"href":"https:\/\/kitenbrunn.at\/hu\/wp-json\/wp\/v2\/product_cat?post=11116"},{"taxonomy":"product_tag","embeddable":true,"href":"https:\/\/kitenbrunn.at\/hu\/wp-json\/wp\/v2\/product_tag?post=11116"}],"curies":[{"name":"wp","href":"https:\/\/api.w.org\/{rel}","templated":true}]}}