{"id":7649,"date":"2021-03-23T18:10:09","date_gmt":"2021-03-23T17:10:09","guid":{"rendered":"https:\/\/kitenbrunn.at\/datenschutzerklaerung\/"},"modified":"2021-04-26T17:16:54","modified_gmt":"2021-04-26T15:16:54","slug":"datenschutzerklaerung","status":"publish","type":"page","link":"https:\/\/kitenbrunn.at\/hu\/datenschutzerklaerung\/","title":{"rendered":"Datenschutzerkl\u00e4rung"},"content":{"rendered":"<p>[et_pb_section fb_built=&#8221;1&#8243; admin_label=&#8221;section&#8221; _builder_version=&#8221;3.22.3&#8243;][et_pb_row admin_label=&#8221;row&#8221; _builder_version=&#8221;3.25&#8243; background_size=&#8221;initial&#8221; background_position=&#8221;top_left&#8221; background_repeat=&#8221;repeat&#8221;][et_pb_column type=&#8221;4_4&#8243; _builder_version=&#8221;3.25&#8243; custom_padding=&#8221;|||&#8221; custom_padding__hover=&#8221;|||&#8221;][et_pb_text _builder_version=&#8221;4.9.1&#8243; hover_enabled=&#8221;0&#8243; sticky_enabled=&#8221;0&#8243;]<\/p>\n<div class=\"\">\n<h1>Erkl\u00e4rung zur Informationspflicht (Datenschutzerkl\u00e4rung)<\/h1>\n<p>Der Schutz Ihrer pers\u00f6nlichen Daten ist uns ein besonderes Anliegen. Wir verarbeiten Ihre Daten daher<br \/>ausschlie\u00dflich auf Grundlage der gesetzlichen Bestimmungen (DSGVO, TKG 2003). In diesen<br \/>Datenschutzinformationen informieren wir Sie \u00fcber die wichtigsten Aspekte der Datenverarbeitung<br \/>im Rahmen unserer Website.<\/p>\n<h2>1. Kontakt mit uns<\/h2>\n<p>Wenn Sie schriftlich, telefonisch oder per Formular auf der Website oder per E-Mail Kontakt mit uns aufnehmen,<br \/>werden Ihre angegebenen Daten zwecks Bearbeitung der Anfrage und f\u00fcr den Fall von Anschlussfragen f\u00fcr die<br \/>Dauer der gesetzlichen Aufbewahrungspflicht bei uns gespeichert. Diese Daten geben wir nicht ohne Ihre<br \/>Einwilligung weiter.<\/p>\n<h2>2. Cookies<\/h2>\n<p>Unsere Website verwendet so genannte Cookies. Dabei handelt es sich um kleine Dateien, die mit Hilfe<br \/>des Browsers auf Ihrem Endger\u00e4t abgelegt werden. Sie richten keinen Schaden an. Wir nutzen Cookies dazu,<br \/>unser Angebot nutzerfreundlich zu gestalten. Einige Cookies bleiben auf Ihrem Endger\u00e4t gespeichert,<br \/>bis Sie diese l\u00f6schen. Sie erm\u00f6glichen es uns, Ihren Browser beim n\u00e4chsten Besuch wiederzuerkennen.<\/p>\n<p>Wenn Sie dies nicht w\u00fcnschen, so k\u00f6nnen Sie Ihren Browser so einrichten, dass er Sie \u00fcber das Setzen von<br \/>Cookies informiert und Sie dies nur im Einzelfall erlauben. Bei der Deaktivierung von Cookies kann die<br \/>Funktionalit\u00e4t unserer Website eingeschr\u00e4nkt sein.<\/p>\n<h2>3. Web-Analyse<\/h2>\n<p>Unsere Website verwendet Funktionen des Webanalysedienstes Google Analytics, einen Webanalysedienst<br \/>der Google LLC (\u201eGoogle\u201c), Amphitheatre Parkway, Mountain View, CA 94043, USA. Die dabei erfassten<br \/>Daten werden auch au\u00dferhalb der EU verarbeitet. Dazu werden Cookies verwendet, die eine Analyse der<br \/>Benutzung der Website durch ihre Benutzer erm\u00f6glicht. Die dadurch erzeugten Informationen werden<br \/>auf den Server des \u00a0Anbieters \u00fcbertragen und dort gespeichert.<\/p>\n<p>Sie k\u00f6nnen dies verhindern, indem Sie Ihren Browser so einrichten, dass keine Cookies gespeichert werden.<br \/>Im Falle der Aktivierung der IP-Anonymisierung \u00fcber ihren Browser, wird Ihre IP-Adresse von \u00a0Google<br \/>jedoch innerhalb von Mitgliedstaaten der Europ\u00e4ischen Union oder in anderen Vertragsstaaten des<br \/>Abkommens \u00fcber den Europ\u00e4ischen Wirtschaftsraum zuvor gek\u00fcrzt. Dadurch ist nur mehr eine grobe<br \/>Lokalisierung m\u00f6glich. Die Beziehung zum Webanalyseanbieter basiert auf den Standardvertragsklauseln<br \/>der EU \u00a0im Rahmen des Privacy Shield Abkommens.<br \/>Weitere Informationen: Google \u00a0Datenschutzerkl\u00e4rung &amp; Nutzungsbedingungen.<\/p>\n<p>Die Datenverarbeitung erfolgt auf Basis der gesetzlichen Bestimmungen des \u00a7 96 Abs 3 TKG sowie des<br \/>Art 6 Abs 1 lit a (Einwilligung) und\/oder lit f (berechtigtes Interesse) der DSGVO. Unser Anliegen im<br \/>Sinne der DSGVO (berechtigtes Interesse) ist die Verbesserung unseres Angebotes und unseres Webauftritts.<br \/>Da uns die Privatsph\u00e4re unserer Nutzer wichtig ist, werden die Nutzerdaten pseudonymisiert.<\/p>\n<h2>4. Google Maps<\/h2>\n<p>Diese Webseite verwendet Google Maps f\u00fcr die Darstellung von Karteninformationen. Bei der Nutzung von<br \/>Google Maps werden von Google auch Daten \u00fcber die Nutzung der Maps-Funktionen durch Besucher der<br \/>Webseiten erhoben, verarbeitet und genutzt. N\u00e4here Informationen \u00fcber die Datenverarbeitung durch Google<br \/>k\u00f6nnen Sie den Datenschutzhinweisen von Google auf Google Datenschutzerkl\u00e4rung &amp; Nutzungsbedingungen<br \/>entnehmen. Dort k\u00f6nnen Sie im Datenschutzcenter auch Ihre Einstellungen ver\u00e4ndern, so dass Sie Ihre Daten<br \/>verwalten und sch\u00fctzen k\u00f6nnen.<\/p>\n<h2>5. Dauer der Datenspeicherung<\/h2>\n<p>Die Nutzerdaten werden f\u00fcr die Dauer der gesetzlichen Aufbewahrungsfrist gespeichert und aufbewahrt.<br \/>Nach Ablauf der Frist werden die entsprechenden Daten routinem\u00e4\u00dfig gel\u00f6scht, sofern sie nicht mehr zur<br \/>Vertragserf\u00fcllung oder Vertragsanbahnung erforderlich sind.<\/p>\n<p>Informationen zu den gesetzlichen Speicher und Aufbewahrungsfristen finden Sie auf der Seite der WKO<\/p>\n<h2>6. Ihre Rechte<\/h2>\n<p>Ihnen stehen grunds\u00e4tzlich die Rechte auf Auskunft, Berichtigung, L\u00f6schung, Einschr\u00e4nkung,<br \/>Daten\u00fcbertragbarkeit, Widerruf und Widerspruch zu. Wenn Sie glauben, dass die Verarbeitung Ihrer Daten<br \/>gegen das Datenschutzrecht verst\u00f6\u00dft oder Ihre datenschutzrechtlichen Anspr\u00fcche sonst in einer Weise<br \/>verletzt worden sind, so bitte wir Sie mit uns Kontakt aufzunehmen, um allf\u00e4llige Fragen aufkl\u00e4ren zu k\u00f6nnen.<br \/>Sie k\u00f6nnen sich selbstverst\u00e4ndlich auch bei der Aufsichtsbeh\u00f6rde beschweren.<br \/>In \u00d6sterreich ist dies die Datenschutzbeh\u00f6rde.<\/p>\n<h2>7. Weitergabe der Daten<\/h2>\n<p>Ich gebe mein Einverst\u00e4ndnis, dass Daten an die Esterhazy Betriebe GmbH zum Zweck der Pr\u00fcfung der Mitgliedschaft weitergegeben werden.<\/p>\n<h2>8. Zugriffsdaten<\/h2>\n<p>Der Seitenprovider hetzner.de erhebt Daten \u00fcber Zugriffe auf die Seite und speichert diese als \u201eServer-Logfiles\u201c ab. Folgende Daten werden so protokolliert:<\/p>\n<ul>\n<li>Besuchte Website<\/li>\n<li>Uhrzeit zum Zeitpunkt des Zugriffes<\/li>\n<li>Menge der gesendeten Daten in Byte<\/li>\n<li>Quelle\/Verweis, von welchem Sie auf die Seite gelangten<\/li>\n<li>Verwendeter Browser<\/li>\n<li>Verwendetes Betriebssystem<\/li>\n<li>Verwendete IP-Adresse <em>(ggf.: in anonymisierter Form)<\/em><\/li>\n<\/ul>\n<p>Die erhobenen Daten dienen lediglich statistischen Auswertungen und zur Verbesserung der Website. Der Websitebetreiber beh\u00e4lt sich allerdings vor, die Server-Logfiles nachtr\u00e4glich zu \u00fcberpr\u00fcfen, sollten konkrete Anhaltspunkte auf eine rechtswidrige Nutzung hinweisen.<\/p>\n<h2 class=\"fusion-post-title\">9. Google Fonts Datenschutzerkl\u00e4rung<\/h2>\n<div class=\"post-content\">\n<p>Wir verwenden Google Fonts der Firma Google Inc. (1600 Amphitheatre Parkway Mountain View, CA 94043, USA) auf unserer Webseite.<\/p>\n<p>F\u00fcr die Verwendung von Google-Schriftarten m\u00fcssen Sie sich nicht anmelden bzw. ein Passwort hinterlegen. Weiters werden auch keine Cookies in Ihrem Browser gespeichert. Die Dateien (CSS, Schriftarten\/Fonts) werden \u00fcber die Google-Domains fonts.googleapis.com und fonts.gstatic.com angefordert. Laut Google sind die Anfragen nach CSS und Schriften vollkommen getrennt von allen anderen Google-Diensten. Wenn Sie ein Google-Konto haben, brauchen Sie keine Sorge haben, dass Ihre Google-Kontodaten, w\u00e4hrend der Verwendung von Google Fonts, an Google \u00fcbermittelt werden. Google erfasst die Nutzung von CSS (Cascading Style Sheets) und der verwendeten Schriftarten und speichert diese Daten sicher. Wie die Datenspeicherung genau aussieht, werden wir uns noch im Detail ansehen.<\/p>\n<h3>Was sind Google Fonts?<\/h3>\n<p>Google Fonts\u00a0(fr\u00fcher\u00a0Google Web Fonts) ist ein interaktives Verzeichnis mit mehr als 800\u00a0Schriftarten, die die\u00a0<a class=\"external\" href=\"https:\/\/de.wikipedia.org\/wiki\/Google_LLC?tid=231558973054\" rel=\"nofollow\">Google LLC<\/a>\u00a0zur freien Verwendung bereitstellt.<\/p>\n<p>Viele dieser Schriftarten sind unter der\u00a0SIL Open Font License\u00a0ver\u00f6ffentlicht, w\u00e4hrend andere unter der\u00a0Apache-Lizenz\u00a0ver\u00f6ffentlicht wurden. Beides sind\u00a0freie Software-Lizenzen. Somit k\u00f6nnen wir sie frei verwenden, ohne daf\u00fcr Lizenzgeb\u00fchren zu zahlen.<\/p>\n<h3>Warum verwenden wir Google Fonts auf unserer Webseite?<\/h3>\n<p>Mit Google Fonts k\u00f6nnen wir auf der eigenen Webseite Schriften nutzen, und m\u00fcssen sie nicht auf unserem eigenen Server hochladen. Google Fonts ist ein wichtiger Baustein, um die Qualit\u00e4t unserer Webseite hoch zu halten. Alle Google-Schriften sind automatisch f\u00fcr das Web optimiert und dies spart Datenvolumen und ist speziell f\u00fcr die Verwendung bei mobilen Endger\u00e4ten ein gro\u00dfer Vorteil. Wenn Sie unsere Seite besuchen, sorgt die niedrige Dateigr\u00f6\u00dfe f\u00fcr eine schnelle Ladezeit. Des Weiteren sind Google Fonts sogenannte sichere Web Fonts. Unterschiedliche Bildsynthese-Systeme (Rendering) in verschiedenen Browsern, Betriebssystemen und mobilen Endger\u00e4ten k\u00f6nnen zu Fehlern f\u00fchren. Solche Fehler k\u00f6nnen teilweise Texte bzw. ganze Webseiten optisch verzerren. Dank des schnellen Content Delivery Network (CDN) gibt es mit Google Fonts keine plattform\u00fcbergreifenden Probleme. Google Fonts unterst\u00fctzt alle g\u00e4ngigen Browser ( Google Chrome,\u00a0Mozilla Firefox,\u00a0Apple Safari,\u00a0Opera)\u00a0 und funktioniert zuverl\u00e4ssig auf den meisten modernen mobilen Betriebssystemen, einschlie\u00dflich Android 2.2+ und iOS 4.2+ (iPhone, iPad, iPod).<\/p>\n<p>Wir verwenden die Google Fonts also, damit wir unser gesamtes Online-Service so sch\u00f6n und einheitlich wie m\u00f6glich darstellen k\u00f6nnen. Nach dem Art. 6 Abs. 1 f lit. F DSGVO stellt das bereits ein \u201eberechtigtes Interesse\u201c an der Verarbeitung von personenbezogenen Daten dar. Unter \u201eberechtigtem Interesse\u201c versteht man in diesem Fall sowohl rechtliche als auch wirtschaftliche oder ideelle Interessen, die vom Rechtssystem anerkannt werden.<\/p>\n<h3>Welche Daten werden von Google gespeichert?<\/h3>\n<p>Wenn Sie unsere Webseite besuchen, werden die Schriften \u00fcber einen Google-Server nachgeladen. Durch diesen externen Aufruf werden Daten an die Google-Server \u00fcbermittelt. So erkennt Google auch, dass Sie bzw. Ihre IP-Adresse unsere Webseite besucht. Die Google Fonts API wurde entwickelt, um die Erfassung, Speicherung und Verwendung von Endnutzerdaten auf das zu reduzieren, was f\u00fcr eine effiziente Bereitstellung von Schriften n\u00f6tig ist. API steht \u00fcbrigens f\u00fcr \u201eApplication Programming Interface\u201c und dient unter anderem als Daten\u00fcbermittler im Softwarebereich.<\/p>\n<p>Google Fonts speichert CSS- und Font-Anfragen sicher bei Google und ist somit gesch\u00fctzt.\u00a0Durch die gesammelten Nutzungszahlen kann Google die Beliebtheit der Schriften feststellen. Die Ergebnisse ver\u00f6ffentlicht Google auf internen Analyseseiten, wie beispielsweise Google Analytics. Zudem verwendet Google auch Daten des eigenen Web-Crawlers, um festzustellen, welche Webseiten Google-Schriften verwenden. Diese Daten werden in der BigQuery-Datenbank von Google Fonts ver\u00f6ffentlicht. BigQuery ist ein Webservice von Google f\u00fcr Unternehmen, die gro\u00dfe Datenmengen bewegen und analysieren wollen.<\/p>\n<p>Zu bedenken gilt allerdings noch, dass durch jede Google Font Anfrage auch Informationen wie IP-Adresse, Spracheinstellungen, Bildschirmaufl\u00f6sung des Browsers, Version des Browsers und Name des Browsers automatisch an die Google-Server \u00fcbertragen werden. Ob diese Daten auch gespeichert werden, ist nicht klar feststellbar bzw. wird von Google nicht eindeutig kommuniziert.<\/p>\n<h3>Wie lange und wo werden die Daten gespeichert?<\/h3>\n<p>Anfragen f\u00fcr CSS-Assets speichert Google einen Tag lang auf Ihren Servern, die haupts\u00e4chlich au\u00dferhalb der EU angesiedelt sind. Das erm\u00f6glicht uns, mithilfe eines Google-Stylesheets die Schriftarten zu nutzen.\u00a0Ein Stylesheet ist eine Formatvorlage, \u00fcber die man einfach und schnell z.B. das Design bzw. die Schriftart einer Webseite \u00e4ndern kann.<\/p>\n<p>Die Font-Dateien werden bei Google ein Jahr gespeichert. Google verfolgt damit das Ziel, die Ladezeit von Webseiten grunds\u00e4tzlich zu verbessern. Wenn Millionen von Webseiten auf die gleichen Schriften verweisen, werden sie nach dem ersten Besuch zwischengespeichert und erscheinen sofort auf allen anderen sp\u00e4ter besuchten Webseiten wieder. Manchmal aktualisiert Google Schriftdateien, um die Dateigr\u00f6\u00dfe zu reduzieren, die Abdeckung von Sprache zu erh\u00f6hen und das Design zu verbessern.<\/p>\n<h3>Wie kann ich meine Daten l\u00f6schen bzw. die Datenspeicherung verhindern?<\/h3>\n<p>Jene Daten, die Google f\u00fcr einen Tag bzw. ein Jahr speichert k\u00f6nnen nicht einfach gel\u00f6scht werden. Die Daten werden beim Seitenaufruf automatisch an Google \u00fcbermittelt. Um diese Daten vorzeitig l\u00f6schen zu k\u00f6nnen, m\u00fcssen Sie den Google-Support auf <a class=\"external\" href=\"https:\/\/support.google.com\/?hl=de&amp;tid=231558973054\" rel=\"nofollow\">https:\/\/support.google.com\/?hl=de&amp;tid=231558973054<\/a> kontaktieren. Datenspeicherung verhindern Sie in diesem Fall nur, wenn Sie unsere Seite nicht besuchen.<\/p>\n<p>Anders als andere Web-Schriften erlaubt uns Google uneingeschr\u00e4nkten Zugriff auf alle Schriftarten. Wir k\u00f6nnen also unlimitiert auf ein Meer an Schriftarten zugreifen und so das Optimum f\u00fcr unsere Webseite rausholen. Mehr zu Google Fonts und weiteren Fragen finden Sie auf <a class=\"external\" href=\"https:\/\/developers.google.com\/fonts\/faq?tid=231558973054\" rel=\"nofollow\">https:\/\/developers.google.com\/fonts\/faq?tid=231558973054<\/a>. Dort geht zwar Google auf datenschutzrelevante Angelegenheiten ein, doch wirklich detaillierte Informationen \u00fcber Datenspeicherung sind nicht enthalten. Es ist relativ schwierig (beinahe unm\u00f6glich), von Google wirklich pr\u00e4zise Informationen \u00fcber gespeicherten Daten zu bekommen.<\/p>\n<p>Welche Daten grunds\u00e4tzlich von Google erfasst werden und wof\u00fcr diese Daten verwendet werden, k\u00f6nnen Sie auch auf <a class=\"external\" href=\"https:\/\/policies.google.com\/privacy?hl=de&amp;tid=231558973054\" rel=\"nofollow\">https:\/\/www.google.com\/intl\/de\/policies\/privacy\/<\/a> nachlesen.<\/p>\n<\/div>\n<p>Selbstverst\u00e4ndlich stehen wir Ihnen gerne jederzeit f\u00fcr Ausk\u00fcnfte zum Datenschutz auf unserer Website<br \/>zur Verf\u00fcgung.<\/p>\n<h4><strong>Sie erreichen uns unter folgenden Kontaktdaten:<\/strong><\/h4>\n<p>F\u00f6rderverein des Kitesursportes am Neusiedlersee (FKN)<br \/>Pr\u00e4sident: Mag. Robert Kernstock<br class=\"\" \/>Seebad 1<br class=\"\" \/>7091 Breitenbrunn<\/p>\n<p><span style=\"font-size: 18px;\">Verantwortlich im Sinne der DSGVO ist:<\/span><\/p>\n<p>F\u00f6rderverein des Kitesurfsportes am Neusiedlersee (FKN)<br \/>Pr\u00e4sident: Mag. Robert Kernstock<br class=\"\" \/>Seebad 1<br class=\"\" \/>7091 Breitenbrunn<\/p>\n<\/div>\n<p>[\/et_pb_text][\/et_pb_column][\/et_pb_row][\/et_pb_section]<\/p>\n","protected":false},"excerpt":{"rendered":"<p>Erkl\u00e4rung zur Informationspflicht (Datenschutzerkl\u00e4rung) Der Schutz Ihrer pers\u00f6nlichen Daten ist uns ein besonderes Anliegen. Wir verarbeiten Ihre Daten daherausschlie\u00dflich auf Grundlage der gesetzlichen Bestimmungen (DSGVO, TKG 2003). In diesenDatenschutzinformationen informieren wir Sie \u00fcber die wichtigsten Aspekte der Datenverarbeitungim Rahmen unserer Website. 1. Kontakt mit uns Wenn Sie schriftlich, telefonisch oder per Formular auf der Website [&hellip;]<\/p>\n","protected":false},"author":28,"featured_media":0,"parent":0,"menu_order":0,"comment_status":"closed","ping_status":"closed","template":"","meta":{"_et_pb_use_builder":"on","_et_pb_old_content":"","_et_gb_content_width":"","_price":"","_stock":"","_tribe_ticket_header":"","_tribe_default_ticket_provider":"","_ticket_start_date":"","_ticket_end_date":"","_tribe_ticket_show_description":"","_tribe_ticket_show_not_going":false,"_tribe_ticket_use_global_stock":"","_tribe_ticket_global_stock_level":"","_global_stock_mode":"","_global_stock_cap":"","_tribe_rsvp_for_event":"","_tribe_ticket_going_count":"","_tribe_ticket_not_going_count":"","_tribe_tickets_list":"[]","_tribe_ticket_has_attendee_info_fields":false,"footnotes":"","_tec_slr_enabled":"","_tec_slr_layout":""},"class_list":["post-7649","page","type-page","status-publish","hentry"],"yoast_head":"<!-- This site is optimized with the Yoast SEO plugin v27.3 - https:\/\/yoast.com\/product\/yoast-seo-wordpress\/ -->\n<title>Datenschutzerkl\u00e4rung - Kitenbrunn<\/title>\n<meta name=\"robots\" content=\"index, follow, max-snippet:-1, max-image-preview:large, max-video-preview:-1\" \/>\n<link rel=\"canonical\" href=\"https:\/\/kitenbrunn.at\/hu\/datenschutzerklaerung\/\" \/>\n<meta property=\"og:locale\" content=\"hu_HU\" \/>\n<meta property=\"og:type\" content=\"article\" \/>\n<meta property=\"og:title\" content=\"Datenschutzerkl\u00e4rung - Kitenbrunn\" \/>\n<meta property=\"og:description\" content=\"Erkl\u00e4rung zur Informationspflicht (Datenschutzerkl\u00e4rung) Der Schutz Ihrer pers\u00f6nlichen Daten ist uns ein besonderes Anliegen. Wir verarbeiten Ihre Daten daherausschlie\u00dflich auf Grundlage der gesetzlichen Bestimmungen (DSGVO, TKG 2003). In diesenDatenschutzinformationen informieren wir Sie \u00fcber die wichtigsten Aspekte der Datenverarbeitungim Rahmen unserer Website. 1. Kontakt mit uns Wenn Sie schriftlich, telefonisch oder per Formular auf der Website [&hellip;]\" \/>\n<meta property=\"og:url\" content=\"https:\/\/kitenbrunn.at\/hu\/datenschutzerklaerung\/\" \/>\n<meta property=\"og:site_name\" content=\"Kitenbrunn\" \/>\n<meta property=\"article:modified_time\" content=\"2021-04-26T15:16:54+00:00\" \/>\n<meta property=\"og:image\" content=\"https:\/\/kitenbrunn.at\/wp-content\/uploads\/2020\/10\/FKN_FB_Sharing-scaled.jpg\" \/>\n\t<meta property=\"og:image:width\" content=\"2560\" \/>\n\t<meta property=\"og:image:height\" content=\"1345\" \/>\n\t<meta property=\"og:image:type\" content=\"image\/jpeg\" \/>\n<meta name=\"twitter:card\" content=\"summary_large_image\" \/>\n<meta name=\"twitter:label1\" content=\"Becs\u00fclt olvas\u00e1si id\u0151\" \/>\n\t<meta name=\"twitter:data1\" content=\"9 perc\" \/>\n<script type=\"application\/ld+json\" class=\"yoast-schema-graph\">{\"@context\":\"https:\\\/\\\/schema.org\",\"@graph\":[{\"@type\":\"WebPage\",\"@id\":\"https:\\\/\\\/kitenbrunn.at\\\/hu\\\/datenschutzerklaerung\\\/\",\"url\":\"https:\\\/\\\/kitenbrunn.at\\\/hu\\\/datenschutzerklaerung\\\/\",\"name\":\"Datenschutzerkl\u00e4rung - Kitenbrunn\",\"isPartOf\":{\"@id\":\"https:\\\/\\\/kitenbrunn.at\\\/#website\"},\"datePublished\":\"2021-03-23T17:10:09+00:00\",\"dateModified\":\"2021-04-26T15:16:54+00:00\",\"breadcrumb\":{\"@id\":\"https:\\\/\\\/kitenbrunn.at\\\/hu\\\/datenschutzerklaerung\\\/#breadcrumb\"},\"inLanguage\":\"hu\",\"potentialAction\":[{\"@type\":\"ReadAction\",\"target\":[\"https:\\\/\\\/kitenbrunn.at\\\/hu\\\/datenschutzerklaerung\\\/\"]}]},{\"@type\":\"BreadcrumbList\",\"@id\":\"https:\\\/\\\/kitenbrunn.at\\\/hu\\\/datenschutzerklaerung\\\/#breadcrumb\",\"itemListElement\":[{\"@type\":\"ListItem\",\"position\":1,\"name\":\"Startseite\",\"item\":\"https:\\\/\\\/kitenbrunn.at\\\/hu\\\/\"},{\"@type\":\"ListItem\",\"position\":2,\"name\":\"Datenschutzerkl\u00e4rung\"}]},{\"@type\":\"WebSite\",\"@id\":\"https:\\\/\\\/kitenbrunn.at\\\/#website\",\"url\":\"https:\\\/\\\/kitenbrunn.at\\\/\",\"name\":\"Kitenbrunn\",\"description\":\"Kitesport F\u00f6rderverein Breitenbrunn\",\"potentialAction\":[{\"@type\":\"SearchAction\",\"target\":{\"@type\":\"EntryPoint\",\"urlTemplate\":\"https:\\\/\\\/kitenbrunn.at\\\/?s={search_term_string}\"},\"query-input\":{\"@type\":\"PropertyValueSpecification\",\"valueRequired\":true,\"valueName\":\"search_term_string\"}}],\"inLanguage\":\"hu\"}]}<\/script>\n<!-- \/ Yoast SEO plugin. -->","yoast_head_json":{"title":"Datenschutzerkl\u00e4rung - Kitenbrunn","robots":{"index":"index","follow":"follow","max-snippet":"max-snippet:-1","max-image-preview":"max-image-preview:large","max-video-preview":"max-video-preview:-1"},"canonical":"https:\/\/kitenbrunn.at\/hu\/datenschutzerklaerung\/","og_locale":"hu_HU","og_type":"article","og_title":"Datenschutzerkl\u00e4rung - Kitenbrunn","og_description":"Erkl\u00e4rung zur Informationspflicht (Datenschutzerkl\u00e4rung) Der Schutz Ihrer pers\u00f6nlichen Daten ist uns ein besonderes Anliegen. Wir verarbeiten Ihre Daten daherausschlie\u00dflich auf Grundlage der gesetzlichen Bestimmungen (DSGVO, TKG 2003). In diesenDatenschutzinformationen informieren wir Sie \u00fcber die wichtigsten Aspekte der Datenverarbeitungim Rahmen unserer Website. 1. Kontakt mit uns Wenn Sie schriftlich, telefonisch oder per Formular auf der Website [&hellip;]","og_url":"https:\/\/kitenbrunn.at\/hu\/datenschutzerklaerung\/","og_site_name":"Kitenbrunn","article_modified_time":"2021-04-26T15:16:54+00:00","og_image":[{"width":2560,"height":1345,"url":"https:\/\/kitenbrunn.at\/wp-content\/uploads\/2020\/10\/FKN_FB_Sharing-scaled.jpg","type":"image\/jpeg"}],"twitter_card":"summary_large_image","twitter_misc":{"Becs\u00fclt olvas\u00e1si id\u0151":"9 perc"},"schema":{"@context":"https:\/\/schema.org","@graph":[{"@type":"WebPage","@id":"https:\/\/kitenbrunn.at\/hu\/datenschutzerklaerung\/","url":"https:\/\/kitenbrunn.at\/hu\/datenschutzerklaerung\/","name":"Datenschutzerkl\u00e4rung - Kitenbrunn","isPartOf":{"@id":"https:\/\/kitenbrunn.at\/#website"},"datePublished":"2021-03-23T17:10:09+00:00","dateModified":"2021-04-26T15:16:54+00:00","breadcrumb":{"@id":"https:\/\/kitenbrunn.at\/hu\/datenschutzerklaerung\/#breadcrumb"},"inLanguage":"hu","potentialAction":[{"@type":"ReadAction","target":["https:\/\/kitenbrunn.at\/hu\/datenschutzerklaerung\/"]}]},{"@type":"BreadcrumbList","@id":"https:\/\/kitenbrunn.at\/hu\/datenschutzerklaerung\/#breadcrumb","itemListElement":[{"@type":"ListItem","position":1,"name":"Startseite","item":"https:\/\/kitenbrunn.at\/hu\/"},{"@type":"ListItem","position":2,"name":"Datenschutzerkl\u00e4rung"}]},{"@type":"WebSite","@id":"https:\/\/kitenbrunn.at\/#website","url":"https:\/\/kitenbrunn.at\/","name":"Kitenbrunn","description":"Kitesport F\u00f6rderverein Breitenbrunn","potentialAction":[{"@type":"SearchAction","target":{"@type":"EntryPoint","urlTemplate":"https:\/\/kitenbrunn.at\/?s={search_term_string}"},"query-input":{"@type":"PropertyValueSpecification","valueRequired":true,"valueName":"search_term_string"}}],"inLanguage":"hu"}]}},"ticketed":false,"_links":{"self":[{"href":"https:\/\/kitenbrunn.at\/hu\/wp-json\/wp\/v2\/pages\/7649","targetHints":{"allow":["GET"]}}],"collection":[{"href":"https:\/\/kitenbrunn.at\/hu\/wp-json\/wp\/v2\/pages"}],"about":[{"href":"https:\/\/kitenbrunn.at\/hu\/wp-json\/wp\/v2\/types\/page"}],"author":[{"embeddable":true,"href":"https:\/\/kitenbrunn.at\/hu\/wp-json\/wp\/v2\/users\/28"}],"replies":[{"embeddable":true,"href":"https:\/\/kitenbrunn.at\/hu\/wp-json\/wp\/v2\/comments?post=7649"}],"version-history":[{"count":4,"href":"https:\/\/kitenbrunn.at\/hu\/wp-json\/wp\/v2\/pages\/7649\/revisions"}],"predecessor-version":[{"id":8078,"href":"https:\/\/kitenbrunn.at\/hu\/wp-json\/wp\/v2\/pages\/7649\/revisions\/8078"}],"wp:attachment":[{"href":"https:\/\/kitenbrunn.at\/hu\/wp-json\/wp\/v2\/media?parent=7649"}],"curies":[{"name":"wp","href":"https:\/\/api.w.org\/{rel}","templated":true}]}}