{"id":7646,"date":"2021-03-23T18:09:54","date_gmt":"2021-03-23T17:09:54","guid":{"rendered":"https:\/\/kitenbrunn.at\/impressum\/"},"modified":"2021-04-27T23:19:22","modified_gmt":"2021-04-27T21:19:22","slug":"impressum","status":"publish","type":"page","link":"https:\/\/kitenbrunn.at\/hu\/impressum\/","title":{"rendered":"Impressum"},"content":{"rendered":"<p>[et_pb_section fb_built=&#8221;1&#8243; admin_label=&#8221;section&#8221; _builder_version=&#8221;3.22.3&#8243;][et_pb_row column_structure=&#8221;2_3,1_3&#8243; admin_label=&#8221;row&#8221; _builder_version=&#8221;3.25&#8243; background_size=&#8221;initial&#8221; background_position=&#8221;top_left&#8221; background_repeat=&#8221;repeat&#8221;][et_pb_column type=&#8221;2_3&#8243; _builder_version=&#8221;3.25&#8243; custom_padding=&#8221;|||&#8221; custom_padding__hover=&#8221;|||&#8221;][et_pb_text _builder_version=&#8221;4.9.1&#8243; hover_enabled=&#8221;0&#8243; sticky_enabled=&#8221;0&#8243;]<\/p>\n<div class=\"\">\n<h1>Impressum<\/h1>\n<h4>Medieninhaber &amp; Herausgeber<\/h4>\n<p class=\"et_pb_module_header\">F\u00f6rderverein des Kitesurfsportes am Neusiedlersee (FKN)<br \/>Pr\u00e4sident: Mag. Robert Kernstock<br class=\"\" \/>Seebad 1<br class=\"\" \/>7081 Breitenbrunn<\/p>\n<p>Zust\u00e4ndigkeit: Bezirkshauptmannschaft Eisenstadt<br \/>ZVR-Zahl: 1110166673<\/p>\n<h4>Fotonachweis<\/h4>\n<p>\u00a9 Fabian Georg M\u00fcntz<br \/>\u00a9 Lukas Brudky<\/p>\n<h4>Website Entwicklung &amp; Betreuung<\/h4>\n<p>Text by FKN &amp; <a href=\"https:\/\/www.feinstoffstruktur.com\/\" target=\"_blank\" rel=\"noopener noreferrer\">Feinstoffstruktur<\/a><\/p>\n<p>Design by <a href=\"https:\/\/kontainer.at\/\" target=\"_blank\" rel=\"noopener noreferrer\">KONTAINER<\/a><\/p>\n<h4>Urheberrechtshinweis<\/h4>\n<p>Die in der Website enthaltenen Textbeitr\u00e4ge und Abbildungen sind urheberrechtlich gesch\u00fctzt. Das Copyright liegt beim FKN, den Fotografen bzw. Illustratoren. Alle Teile der Website unterliegen dem Copyright und sind urheberrechtlich gesch\u00fctzt. Jede Verwertung bedarf der schriftlichen Zustimmung des FKN.<\/p>\n<h4>Haftungsausschluss<\/h4>\n<p>Trotz sorgf\u00e4ltiger inhaltlicher Kontrolle \u00fcbernehmen wir keine Haftung f\u00fcr die Inhalte externer Links. F\u00fcr den Inhalt der verlinkten Seiten sind ausschlie\u00dflich deren Betreiber selbst verantwortlich.<\/p>\n<h4 id=\"h8sjufs0sfu1r0310w10qsv2x1q0zqne\">Datenschutzhinweis<\/h4>\n<p><a href=\"https:\/\/kitenbrunn.at\/hu\/datenschutzerklaerung\/\">Hier<\/a> finden Sie unsere Datenschutzerkl\u00e4rung.<\/p>\n<\/div>\n<p>[\/et_pb_text][\/et_pb_column][et_pb_column type=&#8221;1_3&#8243; _builder_version=&#8221;3.25&#8243; custom_padding=&#8221;|||&#8221; custom_padding__hover=&#8221;|||&#8221;][\/et_pb_column][\/et_pb_row][\/et_pb_section]<\/p>\n","protected":false},"excerpt":{"rendered":"<p>Impressum Medieninhaber &amp; Herausgeber F\u00f6rderverein des Kitesurfsportes am Neusiedlersee (FKN)Pr\u00e4sident: Mag. Robert KernstockSeebad 17081 Breitenbrunn Zust\u00e4ndigkeit: Bezirkshauptmannschaft EisenstadtZVR-Zahl: 1110166673 Fotonachweis \u00a9 Fabian Georg M\u00fcntz\u00a9 Lukas Brudky Website Entwicklung &amp; Betreuung Text by FKN &amp; Feinstoffstruktur Design by KONTAINER Urheberrechtshinweis Die in der Website enthaltenen Textbeitr\u00e4ge und Abbildungen sind urheberrechtlich gesch\u00fctzt. Das Copyright liegt beim FKN, [&hellip;]<\/p>\n","protected":false},"author":28,"featured_media":0,"parent":0,"menu_order":0,"comment_status":"closed","ping_status":"closed","template":"","meta":{"_et_pb_use_builder":"on","_et_pb_old_content":"","_et_gb_content_width":"","_price":"","_stock":"","_tribe_ticket_header":"","_tribe_default_ticket_provider":"","_ticket_start_date":"","_ticket_end_date":"","_tribe_ticket_show_description":"","_tribe_ticket_show_not_going":false,"_tribe_ticket_use_global_stock":"","_tribe_ticket_global_stock_level":"","_global_stock_mode":"","_global_stock_cap":"","_tribe_rsvp_for_event":"","_tribe_ticket_going_count":"","_tribe_ticket_not_going_count":"","_tribe_tickets_list":"[]","_tribe_ticket_has_attendee_info_fields":false,"footnotes":"","_tec_slr_enabled":"","_tec_slr_layout":""},"class_list":["post-7646","page","type-page","status-publish","hentry"],"yoast_head":"<!-- This site is optimized with the Yoast SEO plugin v27.4 - https:\/\/yoast.com\/product\/yoast-seo-wordpress\/ -->\n<title>Impressum - Kitenbrunn<\/title>\n<meta name=\"robots\" content=\"index, follow, max-snippet:-1, max-image-preview:large, max-video-preview:-1\" \/>\n<link rel=\"canonical\" href=\"https:\/\/kitenbrunn.at\/hu\/impressum\/\" \/>\n<meta property=\"og:locale\" content=\"hu_HU\" \/>\n<meta property=\"og:type\" content=\"article\" \/>\n<meta property=\"og:title\" content=\"Impressum - Kitenbrunn\" \/>\n<meta property=\"og:description\" content=\"Impressum Medieninhaber &amp; Herausgeber F\u00f6rderverein des Kitesurfsportes am Neusiedlersee (FKN)Pr\u00e4sident: Mag. Robert KernstockSeebad 17081 Breitenbrunn Zust\u00e4ndigkeit: Bezirkshauptmannschaft EisenstadtZVR-Zahl: 1110166673 Fotonachweis \u00a9 Fabian Georg M\u00fcntz\u00a9 Lukas Brudky Website Entwicklung &amp; Betreuung Text by FKN &amp; Feinstoffstruktur Design by KONTAINER Urheberrechtshinweis Die in der Website enthaltenen Textbeitr\u00e4ge und Abbildungen sind urheberrechtlich gesch\u00fctzt. Das Copyright liegt beim FKN, [&hellip;]\" \/>\n<meta property=\"og:url\" content=\"https:\/\/kitenbrunn.at\/hu\/impressum\/\" \/>\n<meta property=\"og:site_name\" content=\"Kitenbrunn\" \/>\n<meta property=\"article:modified_time\" content=\"2021-04-27T21:19:22+00:00\" \/>\n<meta property=\"og:image\" content=\"https:\/\/kitenbrunn.at\/wp-content\/uploads\/2020\/10\/FKN_FB_Sharing-scaled.jpg\" \/>\n\t<meta property=\"og:image:width\" content=\"2560\" \/>\n\t<meta property=\"og:image:height\" content=\"1345\" \/>\n\t<meta property=\"og:image:type\" content=\"image\/jpeg\" \/>\n<meta name=\"twitter:card\" content=\"summary_large_image\" \/>\n<meta name=\"twitter:label1\" content=\"Becs\u00fclt olvas\u00e1si id\u0151\" \/>\n\t<meta name=\"twitter:data1\" content=\"1 perc\" \/>\n<script type=\"application\/ld+json\" class=\"yoast-schema-graph\">{\"@context\":\"https:\\\/\\\/schema.org\",\"@graph\":[{\"@type\":\"WebPage\",\"@id\":\"https:\\\/\\\/kitenbrunn.at\\\/hu\\\/impressum\\\/\",\"url\":\"https:\\\/\\\/kitenbrunn.at\\\/hu\\\/impressum\\\/\",\"name\":\"Impressum - Kitenbrunn\",\"isPartOf\":{\"@id\":\"https:\\\/\\\/kitenbrunn.at\\\/#website\"},\"datePublished\":\"2021-03-23T17:09:54+00:00\",\"dateModified\":\"2021-04-27T21:19:22+00:00\",\"breadcrumb\":{\"@id\":\"https:\\\/\\\/kitenbrunn.at\\\/hu\\\/impressum\\\/#breadcrumb\"},\"inLanguage\":\"hu\",\"potentialAction\":[{\"@type\":\"ReadAction\",\"target\":[\"https:\\\/\\\/kitenbrunn.at\\\/hu\\\/impressum\\\/\"]}]},{\"@type\":\"BreadcrumbList\",\"@id\":\"https:\\\/\\\/kitenbrunn.at\\\/hu\\\/impressum\\\/#breadcrumb\",\"itemListElement\":[{\"@type\":\"ListItem\",\"position\":1,\"name\":\"Startseite\",\"item\":\"https:\\\/\\\/kitenbrunn.at\\\/hu\\\/\"},{\"@type\":\"ListItem\",\"position\":2,\"name\":\"Impressum\"}]},{\"@type\":\"WebSite\",\"@id\":\"https:\\\/\\\/kitenbrunn.at\\\/#website\",\"url\":\"https:\\\/\\\/kitenbrunn.at\\\/\",\"name\":\"Kitenbrunn\",\"description\":\"Kitesport F\u00f6rderverein Breitenbrunn\",\"potentialAction\":[{\"@type\":\"SearchAction\",\"target\":{\"@type\":\"EntryPoint\",\"urlTemplate\":\"https:\\\/\\\/kitenbrunn.at\\\/?s={search_term_string}\"},\"query-input\":{\"@type\":\"PropertyValueSpecification\",\"valueRequired\":true,\"valueName\":\"search_term_string\"}}],\"inLanguage\":\"hu\"}]}<\/script>\n<!-- \/ Yoast SEO plugin. -->","yoast_head_json":{"title":"Impressum - Kitenbrunn","robots":{"index":"index","follow":"follow","max-snippet":"max-snippet:-1","max-image-preview":"max-image-preview:large","max-video-preview":"max-video-preview:-1"},"canonical":"https:\/\/kitenbrunn.at\/hu\/impressum\/","og_locale":"hu_HU","og_type":"article","og_title":"Impressum - Kitenbrunn","og_description":"Impressum Medieninhaber &amp; Herausgeber F\u00f6rderverein des Kitesurfsportes am Neusiedlersee (FKN)Pr\u00e4sident: Mag. Robert KernstockSeebad 17081 Breitenbrunn Zust\u00e4ndigkeit: Bezirkshauptmannschaft EisenstadtZVR-Zahl: 1110166673 Fotonachweis \u00a9 Fabian Georg M\u00fcntz\u00a9 Lukas Brudky Website Entwicklung &amp; Betreuung Text by FKN &amp; Feinstoffstruktur Design by KONTAINER Urheberrechtshinweis Die in der Website enthaltenen Textbeitr\u00e4ge und Abbildungen sind urheberrechtlich gesch\u00fctzt. Das Copyright liegt beim FKN, [&hellip;]","og_url":"https:\/\/kitenbrunn.at\/hu\/impressum\/","og_site_name":"Kitenbrunn","article_modified_time":"2021-04-27T21:19:22+00:00","og_image":[{"width":2560,"height":1345,"url":"https:\/\/kitenbrunn.at\/wp-content\/uploads\/2020\/10\/FKN_FB_Sharing-scaled.jpg","type":"image\/jpeg"}],"twitter_card":"summary_large_image","twitter_misc":{"Becs\u00fclt olvas\u00e1si id\u0151":"1 perc"},"schema":{"@context":"https:\/\/schema.org","@graph":[{"@type":"WebPage","@id":"https:\/\/kitenbrunn.at\/hu\/impressum\/","url":"https:\/\/kitenbrunn.at\/hu\/impressum\/","name":"Impressum - Kitenbrunn","isPartOf":{"@id":"https:\/\/kitenbrunn.at\/#website"},"datePublished":"2021-03-23T17:09:54+00:00","dateModified":"2021-04-27T21:19:22+00:00","breadcrumb":{"@id":"https:\/\/kitenbrunn.at\/hu\/impressum\/#breadcrumb"},"inLanguage":"hu","potentialAction":[{"@type":"ReadAction","target":["https:\/\/kitenbrunn.at\/hu\/impressum\/"]}]},{"@type":"BreadcrumbList","@id":"https:\/\/kitenbrunn.at\/hu\/impressum\/#breadcrumb","itemListElement":[{"@type":"ListItem","position":1,"name":"Startseite","item":"https:\/\/kitenbrunn.at\/hu\/"},{"@type":"ListItem","position":2,"name":"Impressum"}]},{"@type":"WebSite","@id":"https:\/\/kitenbrunn.at\/#website","url":"https:\/\/kitenbrunn.at\/","name":"Kitenbrunn","description":"Kitesport F\u00f6rderverein Breitenbrunn","potentialAction":[{"@type":"SearchAction","target":{"@type":"EntryPoint","urlTemplate":"https:\/\/kitenbrunn.at\/?s={search_term_string}"},"query-input":{"@type":"PropertyValueSpecification","valueRequired":true,"valueName":"search_term_string"}}],"inLanguage":"hu"}]}},"ticketed":false,"_links":{"self":[{"href":"https:\/\/kitenbrunn.at\/hu\/wp-json\/wp\/v2\/pages\/7646","targetHints":{"allow":["GET"]}}],"collection":[{"href":"https:\/\/kitenbrunn.at\/hu\/wp-json\/wp\/v2\/pages"}],"about":[{"href":"https:\/\/kitenbrunn.at\/hu\/wp-json\/wp\/v2\/types\/page"}],"author":[{"embeddable":true,"href":"https:\/\/kitenbrunn.at\/hu\/wp-json\/wp\/v2\/users\/28"}],"replies":[{"embeddable":true,"href":"https:\/\/kitenbrunn.at\/hu\/wp-json\/wp\/v2\/comments?post=7646"}],"version-history":[{"count":5,"href":"https:\/\/kitenbrunn.at\/hu\/wp-json\/wp\/v2\/pages\/7646\/revisions"}],"predecessor-version":[{"id":8119,"href":"https:\/\/kitenbrunn.at\/hu\/wp-json\/wp\/v2\/pages\/7646\/revisions\/8119"}],"wp:attachment":[{"href":"https:\/\/kitenbrunn.at\/hu\/wp-json\/wp\/v2\/media?parent=7646"}],"curies":[{"name":"wp","href":"https:\/\/api.w.org\/{rel}","templated":true}]}}