{"id":7639,"date":"2021-03-23T18:07:56","date_gmt":"2021-03-23T17:07:56","guid":{"rendered":"https:\/\/kitenbrunn.at\/elonyei-tagok\/"},"modified":"2021-03-23T18:07:57","modified_gmt":"2021-03-23T17:07:57","slug":"elonyei-tagok","status":"publish","type":"page","link":"https:\/\/kitenbrunn.at\/hu\/elonyei-tagok\/","title":{"rendered":"El\u0151nyei tagok"},"content":{"rendered":"<p>[et_pb_section fb_built=&#8221;1&#8243; module_class=&#8221;exbox&#8221; _builder_version=&#8221;4.6.4&#8243; background_image=&#8221;https:\/\/kitenbrunn.at\/wp-content\/uploads\/2020\/09\/DSCF2130.jpg&#8221; background_position=&#8221;bottom_center&#8221; min_height=&#8221;25vh&#8221; bottom_divider_style=&#8221;wave&#8221; bottom_divider_color=&#8221;#ffffff&#8221; bottom_divider_height=&#8221;60px&#8221; bottom_divider_flip=&#8221;horizontal&#8221;][et_pb_row _builder_version=&#8221;3.27.2&#8243;][et_pb_column type=&#8221;4_4&#8243; _builder_version=&#8221;3.27.2&#8243;][et_pb_text module_class=&#8221;zitattext&#8221; _builder_version=&#8221;4.4.8&#8243; header_font=&#8221;||||||||&#8221; header_font_size=&#8221;9em&#8221; header_letter_spacing=&#8221;2px&#8221; text_orientation=&#8221;center&#8221; background_layout=&#8221;dark&#8221; custom_margin=&#8221;||220px||false|false&#8221; header_font_size_tablet=&#8221;5em&#8221; header_font_size_phone=&#8221;4em&#8221; header_font_size_last_edited=&#8221;on|phone&#8221; text_text_align=&#8221;center&#8221;]<\/p>\n<h1>El\u0151nyei tagok<\/h1>\n<p>[\/et_pb_text][\/et_pb_column][\/et_pb_row][\/et_pb_section][et_pb_section fb_built=&#8221;1&#8243; specialty=&#8221;on&#8221; _builder_version=&#8221;4.6.4&#8243; bottom_divider_style=&#8221;wave&#8221; bottom_divider_color=&#8221;#efefef&#8221; bottom_divider_height=&#8221;40px&#8221;][et_pb_column type=&#8221;3_4&#8243; specialty_columns=&#8221;3&#8243; _builder_version=&#8221;3.25&#8243; custom_padding=&#8221;|||&#8221; custom_padding__hover=&#8221;|||&#8221;][et_pb_row_inner column_structure=&#8221;1_2,1_2&#8243; _builder_version=&#8221;4.4.8&#8243;][et_pb_column_inner type=&#8221;1_2&#8243; saved_specialty_column_type=&#8221;3_4&#8243; _builder_version=&#8221;4.4.8&#8243;][et_pb_text _builder_version=&#8221;4.6.4&#8243;]<\/p>\n<h2>Tags\u00e1g<\/h2>\n<p>Napi vagy \u00e9ves tags\u00e1ggal kite sz\u00f6rf\u00f6zhet Breitenbrunnban. A NoLimit Kitecard tartalmazza a parkol\u00e1s \u00e9ves d\u00edj\u00e1t \u00e9s egy\u00e9b el\u0151ny\u00f6ket, valamint a jachtklubba val\u00f3 bel\u00e9p\u00e9st. Itt kirakhatja a cuccait, \u00e9s haszn\u00e1lhatja a kemping m\u00f6g\u00f6tti kanyarban tal\u00e1lhat\u00f3 kis parkol\u00f3t. A tags\u00e1g minden r\u00e9szlet\u00e9t \u00e9s \u00e1r\u00e1t megtal\u00e1lhatja a webshopban.<\/p>\n<p>[\/et_pb_text][\/et_pb_column_inner][et_pb_column_inner type=&#8221;1_2&#8243; saved_specialty_column_type=&#8221;3_4&#8243; _builder_version=&#8221;4.4.8&#8243;][et_pb_blurb title=&#8221;Tagg\u00e1 v\u00e1lni&#8221; image=&#8221;https:\/\/kitenbrunn.at\/wp-content\/uploads\/2019\/07\/FKN-Icon-04.svg&#8221; image_max_width=&#8221;50%&#8221; _builder_version=&#8221;3.26.2&#8243; text_orientation=&#8221;center&#8221; link_option_url=&#8221;https:\/\/kitenbrunn.at\/mitglied-werden\/&#8221;]<\/p>\n<p>Legyen tag, hogy haszn\u00e1lhassa a helyet!<\/p>\n<p>[\/et_pb_blurb][\/et_pb_column_inner][\/et_pb_row_inner][et_pb_row_inner _builder_version=&#8221;4.5.1&#8243; _module_preset=&#8221;default&#8221; locked=&#8221;off&#8221;][et_pb_column_inner saved_specialty_column_type=&#8221;3_4&#8243; _builder_version=&#8221;4.5.1&#8243; _module_preset=&#8221;default&#8221;][et_pb_divider divider_position=&#8221;center&#8221; _builder_version=&#8221;4.5.1&#8243; _module_preset=&#8221;default&#8221;][\/et_pb_divider][\/et_pb_column_inner][\/et_pb_row_inner][et_pb_row_inner _builder_version=&#8221;4.4.8&#8243;][et_pb_column_inner saved_specialty_column_type=&#8221;3_4&#8243; _builder_version=&#8221;4.4.8&#8243;][et_pb_text _builder_version=&#8221;4.6.4&#8243;]<\/p>\n<h2>Pick-Up Service Westcoastkiters<\/h2>\n<p>Az FKN tagjak\u00e9nt lehet\u0151s\u00e9ge van kedvezm\u00e9nyes \u00e1ron ig\u00e9nybe venni a westcoastkiters &#8220;Pick-Up-Service&#8221;.<br \/>\nJelenleg m\u00e9g korl\u00e1tozott sz\u00e1m\u00fa \u00e1tv\u00e9teli szolg\u00e1ltat\u00e1s is rendelkez\u00e9sre \u00e1ll, az elv alapj\u00e1n: First Come &#8211; First Serve, ingyenes az FKN minden tagj\u00e1nak.<br \/>\nHelyfoglal\u00e1s az office@westcoastkiters.at telefonsz\u00e1mon vagy a + 43 664 3427963 telefonsz\u00e1mon.[\/et_pb_text][et_pb_text _builder_version=&#8221;4.6.4&#8243;]<\/p>\n<p>Az FKN tagjak\u00e9nt el\u0151nyeit \u00e9lvezheti egy\u00fcttm\u0171k\u00f6d\u00e9si partnereinkkel is:<\/p>\n<p>[\/et_pb_text][et_pb_button button_url=&#8221;@ET-DC@eyJkeW5hbWljIjp0cnVlLCJjb250ZW50IjoicG9zdF9saW5rX3VybF9wYWdlIiwic2V0dGluZ3MiOnsicG9zdF9pZCI6IjU2ODEifX0=@&#8221; button_text=&#8221;ITT MEGTAL\u00c1LJA PARTNEREINK&#8221; _builder_version=&#8221;4.6.4&#8243; _dynamic_attributes=&#8221;button_url&#8221; _module_preset=&#8221;default&#8221;][\/et_pb_button][\/et_pb_column_inner][\/et_pb_row_inner][\/et_pb_column][et_pb_column type=&#8221;1_4&#8243; _builder_version=&#8221;3.25&#8243; custom_padding=&#8221;|||&#8221; custom_padding__hover=&#8221;|||&#8221;][et_pb_sidebar orientation=&#8221;right&#8221; area=&#8221;et_pb_widget_area_1&#8243; show_border=&#8221;off&#8221; _builder_version=&#8221;4.4.8&#8243; background_color=&#8221;#ffffff&#8221; custom_margin=&#8221;-200px||||false|false&#8221; custom_margin_tablet=&#8221;0px||||false|false&#8221; custom_margin_phone=&#8221;&#8221; custom_margin_last_edited=&#8221;on|desktop&#8221; border_radii=&#8221;off|15px|||&#8221; box_shadow_style=&#8221;preset2&#8243;][\/et_pb_sidebar][et_pb_code _builder_version=&#8221;4.6.4&#8243; divienhancer_set=&#8221;modal_popup&#8221; divienhancer_modal_popup=&#8221;divienhancer-modalpopup&#8221; divienhancer_modal_overlay=&#8221;rgba(51,51,51,0.75)&#8221; divienhancer_modal_button_text=&#8221;Windguru&#8221; divienhancer_modal_button_css=&#8221;background-color:#9ab5df; color:#fff; font-size: 22px;<\/p>\n<p>&#8221; divienhancer_modal_box_css=&#8221;top: 50%; left: 50%; width: 80%; max-width: 1800px; min-width: 340px; height: auto; &#8220;]<pee><script id=\"wg_fwdg_753673_45_1568796586750\"><!-- [et_pb_line_break_holder] -->(function (window, document) {<!-- [et_pb_line_break_holder] -->  var loader = function () {<!-- [et_pb_line_break_holder] -->    var arg = [\"s=753673\",\"m=45\",\"uid=wg_fwdg_753673_45_1568796586750\",\"wj=knots\",\"tj=c\",\"odh=8\",\"doh=20\",\"fhours=168\",\"vt=forecasts\",\"lng=de\",<!-- [et_pb_line_break_holder] -->   \"p=WINDSPD,GUST,MWINDSPD,SMER,TMPE,FLHGT,CDC,APCPs,RATING\"];<!-- [et_pb_line_break_holder] -->    var script = document.createElement(\"script\");<!-- [et_pb_line_break_holder] -->    var tag = document.getElementsByTagName(\"script\")[0];<!-- [et_pb_line_break_holder] -->    script.src = \"https:\/\/www.windguru.cz\/js\/widget.php?\"+(arg.join(\"&\"));<!-- [et_pb_line_break_holder] -->    tag.parentNode.insertBefore(script, tag);<!-- [et_pb_line_break_holder] -->  };<!-- [et_pb_line_break_holder] -->  window.addEventListener ? window.addEventListener(\"load\", loader, false) : window.attachEvent(\"onload\", loader);<!-- [et_pb_line_break_holder] -->})(window, document);<!-- [et_pb_line_break_holder] --><\/script><\/pee>\n<!-- [et_pb_line_break_holder] -->[\/et_pb_code][\/et_pb_column][\/et_pb_section]<\/p>\n","protected":false},"excerpt":{"rendered":"<p>El\u0151nyei tagokTags\u00e1g Napi vagy \u00e9ves tags\u00e1ggal kite sz\u00f6rf\u00f6zhet Breitenbrunnban. A NoLimit Kitecard tartalmazza a parkol\u00e1s \u00e9ves d\u00edj\u00e1t \u00e9s egy\u00e9b el\u0151ny\u00f6ket, valamint a jachtklubba val\u00f3 bel\u00e9p\u00e9st. Itt kirakhatja a cuccait, \u00e9s haszn\u00e1lhatja a kemping m\u00f6g\u00f6tti kanyarban tal\u00e1lhat\u00f3 kis parkol\u00f3t. A tags\u00e1g minden r\u00e9szlet\u00e9t \u00e9s \u00e1r\u00e1t megtal\u00e1lhatja a webshopban.Legyen tag, hogy haszn\u00e1lhassa a helyet!Pick-Up Service Westcoastkiters Az [&hellip;]<\/p>\n","protected":false},"author":204,"featured_media":0,"parent":0,"menu_order":0,"comment_status":"closed","ping_status":"closed","template":"","meta":{"_et_pb_use_builder":"on","_et_pb_old_content":"","_et_gb_content_width":"","_price":"","_stock":"","_tribe_ticket_header":"","_tribe_default_ticket_provider":"","_ticket_start_date":"","_ticket_end_date":"","_tribe_ticket_show_description":"","_tribe_ticket_show_not_going":false,"_tribe_ticket_use_global_stock":"","_tribe_ticket_global_stock_level":"","_global_stock_mode":"","_global_stock_cap":"","_tribe_rsvp_for_event":"","_tribe_ticket_going_count":"","_tribe_ticket_not_going_count":"","_tribe_tickets_list":"[]","_tribe_ticket_has_attendee_info_fields":false,"footnotes":"","_tec_slr_enabled":"","_tec_slr_layout":""},"class_list":["post-7639","page","type-page","status-publish","hentry"],"yoast_head":"<!-- This site is optimized with the Yoast SEO plugin v27.5 - https:\/\/yoast.com\/product\/yoast-seo-wordpress\/ -->\n<title>El\u0151nyei tagok - Kitenbrunn<\/title>\n<meta name=\"robots\" content=\"index, follow, max-snippet:-1, max-image-preview:large, max-video-preview:-1\" \/>\n<link rel=\"canonical\" href=\"https:\/\/kitenbrunn.at\/hu\/elonyei-tagok\/\" \/>\n<meta property=\"og:locale\" content=\"hu_HU\" \/>\n<meta property=\"og:type\" content=\"article\" \/>\n<meta property=\"og:title\" content=\"El\u0151nyei tagok - Kitenbrunn\" \/>\n<meta property=\"og:description\" content=\"El\u0151nyei tagokTags\u00e1g Napi vagy \u00e9ves tags\u00e1ggal kite sz\u00f6rf\u00f6zhet Breitenbrunnban. A NoLimit Kitecard tartalmazza a parkol\u00e1s \u00e9ves d\u00edj\u00e1t \u00e9s egy\u00e9b el\u0151ny\u00f6ket, valamint a jachtklubba val\u00f3 bel\u00e9p\u00e9st. Itt kirakhatja a cuccait, \u00e9s haszn\u00e1lhatja a kemping m\u00f6g\u00f6tti kanyarban tal\u00e1lhat\u00f3 kis parkol\u00f3t. A tags\u00e1g minden r\u00e9szlet\u00e9t \u00e9s \u00e1r\u00e1t megtal\u00e1lhatja a webshopban.Legyen tag, hogy haszn\u00e1lhassa a helyet!Pick-Up Service Westcoastkiters Az [&hellip;]\" \/>\n<meta property=\"og:url\" content=\"https:\/\/kitenbrunn.at\/hu\/elonyei-tagok\/\" \/>\n<meta property=\"og:site_name\" content=\"Kitenbrunn\" \/>\n<meta property=\"article:modified_time\" content=\"2021-03-23T17:07:57+00:00\" \/>\n<meta property=\"og:image\" content=\"https:\/\/kitenbrunn.at\/wp-content\/uploads\/2020\/10\/FKN_FB_Sharing-scaled.jpg\" \/>\n\t<meta property=\"og:image:width\" content=\"2560\" \/>\n\t<meta property=\"og:image:height\" content=\"1345\" \/>\n\t<meta property=\"og:image:type\" content=\"image\/jpeg\" \/>\n<meta name=\"twitter:card\" content=\"summary_large_image\" \/>\n<meta name=\"twitter:label1\" content=\"Becs\u00fclt olvas\u00e1si id\u0151\" \/>\n\t<meta name=\"twitter:data1\" content=\"3 perc\" \/>\n<script type=\"application\/ld+json\" class=\"yoast-schema-graph\">{\"@context\":\"https:\\\/\\\/schema.org\",\"@graph\":[{\"@type\":\"WebPage\",\"@id\":\"https:\\\/\\\/kitenbrunn.at\\\/hu\\\/elonyei-tagok\\\/\",\"url\":\"https:\\\/\\\/kitenbrunn.at\\\/hu\\\/elonyei-tagok\\\/\",\"name\":\"El\u0151nyei tagok - Kitenbrunn\",\"isPartOf\":{\"@id\":\"https:\\\/\\\/kitenbrunn.at\\\/#website\"},\"datePublished\":\"2021-03-23T17:07:56+00:00\",\"dateModified\":\"2021-03-23T17:07:57+00:00\",\"breadcrumb\":{\"@id\":\"https:\\\/\\\/kitenbrunn.at\\\/hu\\\/elonyei-tagok\\\/#breadcrumb\"},\"inLanguage\":\"hu\",\"potentialAction\":[{\"@type\":\"ReadAction\",\"target\":[\"https:\\\/\\\/kitenbrunn.at\\\/hu\\\/elonyei-tagok\\\/\"]}]},{\"@type\":\"BreadcrumbList\",\"@id\":\"https:\\\/\\\/kitenbrunn.at\\\/hu\\\/elonyei-tagok\\\/#breadcrumb\",\"itemListElement\":[{\"@type\":\"ListItem\",\"position\":1,\"name\":\"Startseite\",\"item\":\"https:\\\/\\\/kitenbrunn.at\\\/hu\\\/\"},{\"@type\":\"ListItem\",\"position\":2,\"name\":\"El\u0151nyei tagok\"}]},{\"@type\":\"WebSite\",\"@id\":\"https:\\\/\\\/kitenbrunn.at\\\/#website\",\"url\":\"https:\\\/\\\/kitenbrunn.at\\\/\",\"name\":\"Kitenbrunn\",\"description\":\"Kitesport F\u00f6rderverein Breitenbrunn\",\"potentialAction\":[{\"@type\":\"SearchAction\",\"target\":{\"@type\":\"EntryPoint\",\"urlTemplate\":\"https:\\\/\\\/kitenbrunn.at\\\/?s={search_term_string}\"},\"query-input\":{\"@type\":\"PropertyValueSpecification\",\"valueRequired\":true,\"valueName\":\"search_term_string\"}}],\"inLanguage\":\"hu\"}]}<\/script>\n<!-- \/ Yoast SEO plugin. -->","yoast_head_json":{"title":"El\u0151nyei tagok - Kitenbrunn","robots":{"index":"index","follow":"follow","max-snippet":"max-snippet:-1","max-image-preview":"max-image-preview:large","max-video-preview":"max-video-preview:-1"},"canonical":"https:\/\/kitenbrunn.at\/hu\/elonyei-tagok\/","og_locale":"hu_HU","og_type":"article","og_title":"El\u0151nyei tagok - Kitenbrunn","og_description":"El\u0151nyei tagokTags\u00e1g Napi vagy \u00e9ves tags\u00e1ggal kite sz\u00f6rf\u00f6zhet Breitenbrunnban. A NoLimit Kitecard tartalmazza a parkol\u00e1s \u00e9ves d\u00edj\u00e1t \u00e9s egy\u00e9b el\u0151ny\u00f6ket, valamint a jachtklubba val\u00f3 bel\u00e9p\u00e9st. Itt kirakhatja a cuccait, \u00e9s haszn\u00e1lhatja a kemping m\u00f6g\u00f6tti kanyarban tal\u00e1lhat\u00f3 kis parkol\u00f3t. A tags\u00e1g minden r\u00e9szlet\u00e9t \u00e9s \u00e1r\u00e1t megtal\u00e1lhatja a webshopban.Legyen tag, hogy haszn\u00e1lhassa a helyet!Pick-Up Service Westcoastkiters Az [&hellip;]","og_url":"https:\/\/kitenbrunn.at\/hu\/elonyei-tagok\/","og_site_name":"Kitenbrunn","article_modified_time":"2021-03-23T17:07:57+00:00","og_image":[{"width":2560,"height":1345,"url":"https:\/\/kitenbrunn.at\/wp-content\/uploads\/2020\/10\/FKN_FB_Sharing-scaled.jpg","type":"image\/jpeg"}],"twitter_card":"summary_large_image","twitter_misc":{"Becs\u00fclt olvas\u00e1si id\u0151":"3 perc"},"schema":{"@context":"https:\/\/schema.org","@graph":[{"@type":"WebPage","@id":"https:\/\/kitenbrunn.at\/hu\/elonyei-tagok\/","url":"https:\/\/kitenbrunn.at\/hu\/elonyei-tagok\/","name":"El\u0151nyei tagok - Kitenbrunn","isPartOf":{"@id":"https:\/\/kitenbrunn.at\/#website"},"datePublished":"2021-03-23T17:07:56+00:00","dateModified":"2021-03-23T17:07:57+00:00","breadcrumb":{"@id":"https:\/\/kitenbrunn.at\/hu\/elonyei-tagok\/#breadcrumb"},"inLanguage":"hu","potentialAction":[{"@type":"ReadAction","target":["https:\/\/kitenbrunn.at\/hu\/elonyei-tagok\/"]}]},{"@type":"BreadcrumbList","@id":"https:\/\/kitenbrunn.at\/hu\/elonyei-tagok\/#breadcrumb","itemListElement":[{"@type":"ListItem","position":1,"name":"Startseite","item":"https:\/\/kitenbrunn.at\/hu\/"},{"@type":"ListItem","position":2,"name":"El\u0151nyei tagok"}]},{"@type":"WebSite","@id":"https:\/\/kitenbrunn.at\/#website","url":"https:\/\/kitenbrunn.at\/","name":"Kitenbrunn","description":"Kitesport F\u00f6rderverein Breitenbrunn","potentialAction":[{"@type":"SearchAction","target":{"@type":"EntryPoint","urlTemplate":"https:\/\/kitenbrunn.at\/?s={search_term_string}"},"query-input":{"@type":"PropertyValueSpecification","valueRequired":true,"valueName":"search_term_string"}}],"inLanguage":"hu"}]}},"ticketed":false,"_links":{"self":[{"href":"https:\/\/kitenbrunn.at\/hu\/wp-json\/wp\/v2\/pages\/7639","targetHints":{"allow":["GET"]}}],"collection":[{"href":"https:\/\/kitenbrunn.at\/hu\/wp-json\/wp\/v2\/pages"}],"about":[{"href":"https:\/\/kitenbrunn.at\/hu\/wp-json\/wp\/v2\/types\/page"}],"author":[{"embeddable":true,"href":"https:\/\/kitenbrunn.at\/hu\/wp-json\/wp\/v2\/users\/204"}],"replies":[{"embeddable":true,"href":"https:\/\/kitenbrunn.at\/hu\/wp-json\/wp\/v2\/comments?post=7639"}],"version-history":[{"count":2,"href":"https:\/\/kitenbrunn.at\/hu\/wp-json\/wp\/v2\/pages\/7639\/revisions"}],"predecessor-version":[{"id":7643,"href":"https:\/\/kitenbrunn.at\/hu\/wp-json\/wp\/v2\/pages\/7639\/revisions\/7643"}],"wp:attachment":[{"href":"https:\/\/kitenbrunn.at\/hu\/wp-json\/wp\/v2\/media?parent=7639"}],"curies":[{"name":"wp","href":"https:\/\/api.w.org\/{rel}","templated":true}]}}