{"id":7635,"date":"2021-03-23T18:04:16","date_gmt":"2021-03-23T17:04:16","guid":{"rendered":"https:\/\/kitenbrunn.at\/die-regeln\/"},"modified":"2022-04-25T21:18:59","modified_gmt":"2022-04-25T19:18:59","slug":"die-regeln","status":"publish","type":"page","link":"https:\/\/kitenbrunn.at\/hu\/die-regeln\/","title":{"rendered":"Die Regeln"},"content":{"rendered":"<p>[et_pb_section fb_built=&#8221;1&#8243; module_class=&#8221;exbox&#8221; _builder_version=&#8221;4.16&#8243; background_image=&#8221;https:\/\/kitenbrunn.at\/wp-content\/uploads\/2020\/09\/FKN2020-07.jpg&#8221; background_position=&#8221;bottom_center&#8221; min_height=&#8221;25vh&#8221; bottom_divider_style=&#8221;wave&#8221; bottom_divider_color=&#8221;#ffffff&#8221; bottom_divider_height=&#8221;60px&#8221; bottom_divider_flip=&#8221;horizontal&#8221; global_colors_info=&#8221;{}&#8221;][et_pb_row _builder_version=&#8221;4.16&#8243; global_colors_info=&#8221;{}&#8221;][et_pb_column type=&#8221;4_4&#8243; _builder_version=&#8221;4.16&#8243; global_colors_info=&#8221;{}&#8221;][et_pb_text module_class=&#8221;zitattext&#8221; _builder_version=&#8221;4.16&#8243; header_font=&#8221;||||||||&#8221; header_font_size=&#8221;9em&#8221; header_letter_spacing=&#8221;2px&#8221; text_orientation=&#8221;center&#8221; background_layout=&#8221;dark&#8221; custom_margin=&#8221;||220px||false|false&#8221; header_font_size_tablet=&#8221;5em&#8221; header_font_size_phone=&#8221;4em&#8221; header_font_size_last_edited=&#8221;on|phone&#8221; text_text_align=&#8221;center&#8221; global_colors_info=&#8221;{}&#8221;]<\/p>\n<h1>A szab\u00e1lyok<\/h1>\n<p>[\/et_pb_text][\/et_pb_column][\/et_pb_row][\/et_pb_section][et_pb_section fb_built=&#8221;1&#8243; specialty=&#8221;on&#8221; _builder_version=&#8221;4.16&#8243; bottom_divider_style=&#8221;wave&#8221; bottom_divider_color=&#8221;#ffffff&#8221; bottom_divider_height=&#8221;40px&#8221; bottom_divider_arrangement=&#8221;above_content&#8221; global_colors_info=&#8221;{}&#8221;][et_pb_column type=&#8221;3_4&#8243; specialty_columns=&#8221;3&#8243; _builder_version=&#8221;4.16&#8243; custom_padding=&#8221;|||&#8221; global_colors_info=&#8221;{}&#8221; custom_padding__hover=&#8221;|||&#8221;][et_pb_row_inner _builder_version=&#8221;4.16&#8243; global_colors_info=&#8221;{}&#8221;][et_pb_column_inner saved_specialty_column_type=&#8221;3_4&#8243; _builder_version=&#8221;4.16&#8243; global_colors_info=&#8221;{}&#8221;][et_pb_text _builder_version=&#8221;4.16&#8243; global_colors_info=&#8221;{}&#8221;]<\/p>\n<h2>Mindannyiunk biztons\u00e1ga \u00e9rdek\u00e9ben betartand\u00f3 szab\u00e1lyok<\/h2>\n<p>Ahhoz, hogy a Breitenbrunnban tal\u00e1lhat\u00f3 t\u00f3parti strandon (Seebad Breitenbrunn) kitesz\u00f6rf\u00f6zni lehessen, sz\u00fcks\u00e9ges az FKN egyes\u00fclettel fenn\u00e1ll\u00f3 tags\u00e1g. (Ez lehet: \u00e9ves, NoLimit vagy napi tags\u00e1g.)[\/et_pb_text][et_pb_button button_url=&#8221;@ET-DC@eyJkeW5hbWljIjp0cnVlLCJjb250ZW50IjoicG9zdF9saW5rX3VybF9wYWdlIiwic2V0dGluZ3MiOnsicG9zdF9pZCI6IjI2MjUifX0=@&#8221; button_text=&#8221;TAGS\u00c1G IG\u00c9NYL\u00c9SE&#8221; _builder_version=&#8221;4.16&#8243; _dynamic_attributes=&#8221;button_url&#8221; custom_button=&#8221;on&#8221; button_border_width=&#8221;0px&#8221; button_letter_spacing=&#8221;0px&#8221; button_font=&#8221;||||||||&#8221; button_icon=&#8221;&#xe108;||divi||400&#8243; button_icon_placement=&#8221;left&#8221; button_on_hover=&#8221;off&#8221; locked=&#8221;off&#8221; global_colors_info=&#8221;{}&#8221; transform_styles__hover_enabled=&#8221;on|hover&#8221; transform_scale__hover_enabled=&#8221;on|hover&#8221; transform_translate__hover_enabled=&#8221;on|desktop&#8221; transform_rotate__hover_enabled=&#8221;on|desktop&#8221; transform_skew__hover_enabled=&#8221;on|desktop&#8221; transform_origin__hover_enabled=&#8221;on|desktop&#8221; button_border_width__hover_enabled=&#8221;off|hover&#8221; button_bg_color__hover_enabled=&#8221;on|hover&#8221; button_bg_color__hover=&#8221;#98b3dc&#8221; button_bg_enable_color__hover=&#8221;on&#8221; button_border_radius__hover_enabled=&#8221;on|hover&#8221; button_border_radius__hover=&#8221;0px&#8221; button_letter_spacing__hover_enabled=&#8221;on|hover&#8221; button_letter_spacing__hover=&#8221;1px&#8221; button_text_color__hover_enabled=&#8221;on|hover&#8221; button_text_color__hover=&#8221;#ffffff&#8221;][\/et_pb_button][et_pb_text _builder_version=&#8221;4.16&#8243; global_colors_info=&#8221;{}&#8221;]Mivel a t\u00f3parton \u00e9s a 200 m\u00e9teres partv\u00e9delmi szakaszon kijel\u00f6lt v\u00edzre- \u00e9s partrasz\u00e1ll\u00e1si s\u00e1von bel\u00fcl is sz\u0171k\u00f6s a hely, ez\u00e9rt minden egyes kitesz\u00f6rf\u00f6s hozz\u00e1j\u00e1rul magatart\u00e1s\u00e1val ahhoz, hogy a v\u00edzi sportokat kedvel\u0151k, a vitorl\u00e1z\u00f3k \u00e9s a f\u00fcrd\u0151z\u0151k k\u00f6z\u00f6tt biztons\u00e1gos \u00e9s bar\u00e1ts\u00e1gos l\u00e9gk\u00f6r legyen.<\/p>\n<p>Mi, a helyi viszonyokat j\u00f3l ismer\u0151 kitesz\u00f6rf\u00f6s\u00f6k, seg\u00edtj\u00fck \u00e9s t\u00e1mogatjuk azokat, akik nem ismerik ki magukat a k\u00f6rny\u00e9ken, \u00e9s ha sz\u00fcks\u00e9ges elmagyar\u00e1zzuk a legfontosabb felt\u00e9teleit annak, hogy mik\u00e9nt tudunk egy\u00fctt biztons\u00e1gos k\u00f6r\u00fclm\u00e9nyek k\u00f6z\u00f6tt, laza hangulatban kiteozni.<\/p>\n<p>A biztons\u00e1gi szem\u00e9lyzet, a startol\u00e1st \u00e9s landol\u00e1st seg\u00edt\u0151 asszisztensek, valamint a szervez\u00e9ssel megb\u00edzott szem\u00e9lyek utas\u00edt\u00e1sait be kell tartani.<\/p>\n<p>A sz\u00e1nd\u00e9kos \u00e9s \/ vagy ism\u00e9telt szab\u00e1lys\u00e9rt\u00e9sek a t\u00f3parti strandr\u00f3l val\u00f3 kiutas\u00edt\u00e1shoz, a k\u00fcl\u00f6n\u00f6sen s\u00falyos esetek pedig az egyes\u00fcleti tags\u00e1g megvon\u00e1s\u00e1hoz vezetnek.[\/et_pb_text][\/et_pb_column_inner][\/et_pb_row_inner][et_pb_row_inner _builder_version=&#8221;4.16&#8243; _module_preset=&#8221;default&#8221; locked=&#8221;off&#8221; global_colors_info=&#8221;{}&#8221;][et_pb_column_inner saved_specialty_column_type=&#8221;3_4&#8243; _builder_version=&#8221;4.16&#8243; _module_preset=&#8221;default&#8221; global_colors_info=&#8221;{}&#8221;][et_pb_divider divider_position=&#8221;center&#8221; _builder_version=&#8221;4.16&#8243; _module_preset=&#8221;default&#8221; global_colors_info=&#8221;{}&#8221;][\/et_pb_divider][\/et_pb_column_inner][\/et_pb_row_inner][et_pb_row_inner column_structure=&#8221;1_2,1_2&#8243; _builder_version=&#8221;4.16&#8243; global_colors_info=&#8221;{}&#8221;][et_pb_column_inner type=&#8221;1_2&#8243; saved_specialty_column_type=&#8221;3_4&#8243; _builder_version=&#8221;4.16&#8243; global_colors_info=&#8221;{}&#8221;][et_pb_blurb title=&#8221;A parton&#8221; image=&#8221;https:\/\/kitenbrunn.at\/wp-content\/uploads\/2019\/07\/FKN-Icon-07.svg&#8221; image_icon_width=&#8221;25%&#8221; _builder_version=&#8221;4.16&#8243; image_max_width=&#8221;25%&#8221; global_colors_info=&#8221;{}&#8221;]<\/p>\n<ul>\n<li>Felszerel\u00e9s\u00fcnket kiz\u00e1r\u00f3lag a kitesz\u00f6rf\u00f6z\u00e9sre \/ v\u00edzi sportokra kijel\u00f6lt ter\u00fcleten, helytakar\u00e9kosan \u00e9s a zsin\u00f3rokat feltekerve, t\u00e1roljuk.<\/li>\n<li>Ha hosszabb sz\u00fcnetet tartunk elpakoljuk a kite erny\u0151t.<\/li>\n<li>Startol\u00e1shoz \u00e9s landol\u00e1shoz az arra kijel\u00f6lt ter\u00fcletet, a vil\u00e1g\u00edt\u00f3torony \u00e9s az els\u0151 fasor k\u00f6z\u00f6tt haszn\u00e1ljuk.<\/li>\n<li>A kite erny\u0151t, a deszk\u00e1t, a vitorl\u00e1kat, stb. &#8230; nem hagyjuk a startol\u00e1sra \u00e9s landol\u00e1sra kijel\u00f6lt ter\u00fcleten.<\/li>\n<li>A landol\u00f3 kitesz\u00f6rf\u00f6s\u00f6k els\u0151bbs\u00e9get \u00e9lveznek a startol\u00f3kkal szemben.<\/li>\n<\/ul>\n<p>[\/et_pb_blurb][\/et_pb_column_inner][et_pb_column_inner type=&#8221;1_2&#8243; saved_specialty_column_type=&#8221;3_4&#8243; _builder_version=&#8221;4.16&#8243; global_colors_info=&#8221;{}&#8221;][et_pb_blurb title=&#8221;A v\u00edzen&#8221; image=&#8221;https:\/\/kitenbrunn.at\/wp-content\/uploads\/2019\/07\/FKN-Icon-06.svg&#8221; image_icon_width=&#8221;25%&#8221; _builder_version=&#8221;4.16&#8243; image_max_width=&#8221;25%&#8221; global_colors_info=&#8221;{}&#8221;]<\/p>\n<ul>\n<li>Tekintettel kell lenni a strandol\u00f3kra \u00e9s az \u00fasz\u00f3kra.<\/li>\n<li>Tilos az \u00fasz\u00e1sra kijel\u00f6lt ter\u00fcleten kitesz\u00f6rf\u00f6zni.<\/li>\n<li>A Fert\u0151 t\u00f3 eg\u00e9sz ter\u00fclet\u00e9re \u00e9rv\u00e9nyes a 200 m\u00e9teres partv\u00e9delmi szakasz, amelyen bel\u00fcl a kitesz\u00f6rf nem enged\u00e9lyezett.<\/li>\n<li>A partra- \u00e9s v\u00edzresz\u00e1ll\u00e1s csakis a k\u00e9t s\u00e1rga b\u00f3jas\u00e1v k\u00f6z\u00f6tt lehets\u00e9ges.<\/li>\n<li>A t\u00f6rv\u00e9nyileg el\u0151\u00edrt haj\u00f3z\u00e1si szab\u00e1lyok vannak \u00e9rv\u00e9nyben, k\u00fcl\u00f6n\u00f6sk\u00e9ppen az els\u0151bbs\u00e9gi szab\u00e1lyok.<\/li>\n<\/ul>\n<p>[\/et_pb_blurb][\/et_pb_column_inner][\/et_pb_row_inner][et_pb_row_inner _builder_version=&#8221;4.16&#8243; _module_preset=&#8221;default&#8221; locked=&#8221;off&#8221; global_colors_info=&#8221;{}&#8221;][et_pb_column_inner saved_specialty_column_type=&#8221;3_4&#8243; _builder_version=&#8221;4.16&#8243; _module_preset=&#8221;default&#8221; global_colors_info=&#8221;{}&#8221;][et_pb_divider divider_position=&#8221;center&#8221; _builder_version=&#8221;4.16&#8243; _module_preset=&#8221;default&#8221; global_colors_info=&#8221;{}&#8221;][\/et_pb_divider][\/et_pb_column_inner][\/et_pb_row_inner][et_pb_row_inner _builder_version=&#8221;4.16&#8243; global_colors_info=&#8221;{}&#8221;][et_pb_column_inner saved_specialty_column_type=&#8221;3_4&#8243; _builder_version=&#8221;4.16&#8243; global_colors_info=&#8221;{}&#8221;][et_pb_text _builder_version=&#8221;4.16&#8243; global_colors_info=&#8221;{}&#8221;]Ha <strong>k\u00e9rd\u00e9seid lenn\u00e9nek a kite spottal kapcsolatban<\/strong>, akkor keresd a t\u00f3igazgat\u00e1s munkat\u00e1rsait (<a href=\"https:\/\/www.seebad-breitenbrunn.com\/\" target=\"_blank\" rel=\"noopener noreferrer\" data-saferedirecturl=\"https:\/\/www.google.com\/url?q=https:\/\/www.seebad-breitenbrunn.com\/&amp;source=gmail&amp;ust=1594106230073000&amp;usg=AFQjCNFiXZWpTcit7Ccy6nAXSWyaGVtoow\">Seeverwaltung<\/a>), a\u00a0 <a href=\"https:\/\/www.westcoastkiters.at\/\" target=\"_blank\" rel=\"noopener noreferrer\" data-saferedirecturl=\"https:\/\/www.google.com\/url?q=https:\/\/www.westcoastkiters.at\/&amp;source=gmail&amp;ust=1594106230073000&amp;usg=AFQjCNG5Qq_hRAUxfv3nRTEwlY7lOEgK2w\">Westcoastkiters<\/a> kite iskol\u00e1t vagy az FKN-t.<\/p>\n<p>Az FKN tagjai kedvezm\u00e9nyesen vehetik ig\u00e9nybe a <a href=\"https:\/\/www.westcoastkiters.at\/\" target=\"_blank\" rel=\"noopener noreferrer\" data-saferedirecturl=\"https:\/\/www.google.com\/url?q=https:\/\/www.westcoastkiters.at\/&amp;source=gmail&amp;ust=1594106230073000&amp;usg=AFQjCNG5Qq_hRAUxfv3nRTEwlY7lOEgK2w\">Westcoastkiters<\/a> t\u00f6bb szolg\u00e1ltat\u00e1s\u00e1t is, mint p\u00e9ld\u00e1ul a transzferszolg\u00e1ltat\u00e1st (pick-up), a haj\u00f3szolg\u00e1ltat\u00e1st, valamint a tanfolyamokon is kedvezm\u00e9nyes \u00e1ron vehetnek r\u00e9szt. A foglal\u00e1s az <a href=\"mailto:office@westcoastkiters.at\">office@westcoastkiters.at<\/a> vagy a +43 664 3427963 telefonsz\u00e1mon lehets\u00e9ges.[\/et_pb_text][\/et_pb_column_inner][\/et_pb_row_inner][\/et_pb_column][et_pb_column type=&#8221;1_4&#8243; _builder_version=&#8221;4.16&#8243; custom_padding=&#8221;|||&#8221; global_colors_info=&#8221;{}&#8221; custom_padding__hover=&#8221;|||&#8221;][et_pb_sidebar orientation=&#8221;right&#8221; area=&#8221;et_pb_widget_area_1&#8243; show_border=&#8221;off&#8221; _builder_version=&#8221;4.16&#8243; background_color=&#8221;#ffffff&#8221; custom_margin=&#8221;-200px||||false|false&#8221; custom_margin_tablet=&#8221;0px||||false|false&#8221; custom_margin_phone=&#8221;&#8221; custom_margin_last_edited=&#8221;on|desktop&#8221; border_radii=&#8221;off|15px|||&#8221; box_shadow_style=&#8221;preset2&#8243; global_colors_info=&#8221;{}&#8221;][\/et_pb_sidebar][et_pb_code _builder_version=&#8221;4.16&#8243; divienhancer_set=&#8221;modal_popup&#8221; divienhancer_modal_popup=&#8221;divienhancer-modalpopup&#8221; divienhancer_modal_overlay=&#8221;rgba(51,51,51,0.75)&#8221; divienhancer_modal_button_text=&#8221;Windguru&#8221; divienhancer_modal_button_css=&#8221;background-color:#9ab5df; color:#fff; font-size: 22px;<\/p>\n<p>&#8221; divienhancer_modal_box_css=&#8221;top: 50%; left: 50%; width: 80%; max-width: 1800px; min-width: 340px; height: auto; &#8221; global_colors_info=&#8221;{}&#8221;]<pee><script id=\"wg_fwdg_753673_45_1568796586750\"><!-- [et_pb_line_break_holder] -->(function (window, document) {<!-- [et_pb_line_break_holder] -->  var loader = function () {<!-- [et_pb_line_break_holder] -->    var arg = [\"s=753673\",\"m=45\",\"uid=wg_fwdg_753673_45_1568796586750\",\"wj=knots\",\"tj=c\",\"odh=8\",\"doh=20\",\"fhours=168\",\"vt=forecasts\",\"lng=de\",<!-- [et_pb_line_break_holder] -->   \"p=WINDSPD,GUST,MWINDSPD,SMER,TMPE,FLHGT,CDC,APCPs,RATING\"];<!-- [et_pb_line_break_holder] -->    var script = document.createElement(\"script\");<!-- [et_pb_line_break_holder] -->    var tag = document.getElementsByTagName(\"script\")[0];<!-- [et_pb_line_break_holder] -->    script.src = \"https:\/\/www.windguru.cz\/js\/widget.php?\"+(arg.join(\"&\"));<!-- [et_pb_line_break_holder] -->    tag.parentNode.insertBefore(script, tag);<!-- [et_pb_line_break_holder] -->  };<!-- [et_pb_line_break_holder] -->  window.addEventListener ? window.addEventListener(\"load\", loader, false) : window.attachEvent(\"onload\", loader);<!-- [et_pb_line_break_holder] -->})(window, document);<!-- [et_pb_line_break_holder] --><\/script><\/pee><!-- [et_pb_line_break_holder] --><!-- [et_pb_line_break_holder] -->[\/et_pb_code][\/et_pb_column][\/et_pb_section][et_pb_section fb_built=&#8221;1&#8243; fullwidth=&#8221;on&#8221; _builder_version=&#8221;4.16&#8243; top_divider_style=&#8221;wave&#8221; top_divider_color=&#8221;#ffffff&#8221; top_divider_height=&#8221;45px&#8221; bottom_divider_style=&#8221;wave&#8221; bottom_divider_color=&#8221;#efefef&#8221; bottom_divider_height=&#8221;60px&#8221; bottom_divider_flip=&#8221;horizontal&#8221; global_colors_info=&#8221;{}&#8221;][et_pb_fullwidth_image src=&#8221;https:\/\/kitenbrunn.at\/wp-content\/uploads\/2021\/08\/Breitenbrunn-Kitebereich-Aerial.jpg&#8221; alt=&#8221;Breitenbrunn Kitebereich Starten Landen&#8221; title_text=&#8221;Breitenbrunn-Kitebereich-Aerial&#8221; _builder_version=&#8221;4.17.1&#8243; hover_enabled=&#8221;0&#8243; global_colors_info=&#8221;{}&#8221; sticky_enabled=&#8221;0&#8243;][\/et_pb_fullwidth_image][\/et_pb_section]<\/p>\n","protected":false},"excerpt":{"rendered":"<p>A szab\u00e1lyokMindannyiunk biztons\u00e1ga \u00e9rdek\u00e9ben betartand\u00f3 szab\u00e1lyok Ahhoz, hogy a Breitenbrunnban tal\u00e1lhat\u00f3 t\u00f3parti strandon (Seebad Breitenbrunn) kitesz\u00f6rf\u00f6zni lehessen, sz\u00fcks\u00e9ges az FKN egyes\u00fclettel fenn\u00e1ll\u00f3 tags\u00e1g. (Ez lehet: \u00e9ves, NoLimit vagy napi tags\u00e1g.)Mivel a t\u00f3parton \u00e9s a 200 m\u00e9teres partv\u00e9delmi szakaszon kijel\u00f6lt v\u00edzre- \u00e9s partrasz\u00e1ll\u00e1si s\u00e1von bel\u00fcl is sz\u0171k\u00f6s a hely, ez\u00e9rt minden egyes kitesz\u00f6rf\u00f6s hozz\u00e1j\u00e1rul magatart\u00e1s\u00e1val ahhoz, [&hellip;]<\/p>\n","protected":false},"author":204,"featured_media":0,"parent":0,"menu_order":0,"comment_status":"closed","ping_status":"closed","template":"","meta":{"_et_pb_use_builder":"on","_et_pb_old_content":"","_et_gb_content_width":"","_price":"","_stock":"","_tribe_ticket_header":"","_tribe_default_ticket_provider":"","_ticket_start_date":"","_ticket_end_date":"","_tribe_ticket_show_description":"","_tribe_ticket_show_not_going":false,"_tribe_ticket_use_global_stock":"","_tribe_ticket_global_stock_level":"","_global_stock_mode":"","_global_stock_cap":"","_tribe_rsvp_for_event":"","_tribe_ticket_going_count":"","_tribe_ticket_not_going_count":"","_tribe_tickets_list":"[]","_tribe_ticket_has_attendee_info_fields":false,"footnotes":"","_tec_slr_enabled":"","_tec_slr_layout":""},"class_list":["post-7635","page","type-page","status-publish","hentry"],"yoast_head":"<!-- This site is optimized with the Yoast SEO plugin v27.3 - https:\/\/yoast.com\/product\/yoast-seo-wordpress\/ -->\n<title>Die Regeln - Kitenbrunn<\/title>\n<meta name=\"robots\" content=\"index, follow, max-snippet:-1, max-image-preview:large, max-video-preview:-1\" \/>\n<link rel=\"canonical\" href=\"https:\/\/kitenbrunn.at\/hu\/die-regeln\/\" \/>\n<meta property=\"og:locale\" content=\"hu_HU\" \/>\n<meta property=\"og:type\" content=\"article\" \/>\n<meta property=\"og:title\" content=\"Die Regeln - Kitenbrunn\" \/>\n<meta property=\"og:description\" content=\"A szab\u00e1lyokMindannyiunk biztons\u00e1ga \u00e9rdek\u00e9ben betartand\u00f3 szab\u00e1lyok Ahhoz, hogy a Breitenbrunnban tal\u00e1lhat\u00f3 t\u00f3parti strandon (Seebad Breitenbrunn) kitesz\u00f6rf\u00f6zni lehessen, sz\u00fcks\u00e9ges az FKN egyes\u00fclettel fenn\u00e1ll\u00f3 tags\u00e1g. (Ez lehet: \u00e9ves, NoLimit vagy napi tags\u00e1g.)Mivel a t\u00f3parton \u00e9s a 200 m\u00e9teres partv\u00e9delmi szakaszon kijel\u00f6lt v\u00edzre- \u00e9s partrasz\u00e1ll\u00e1si s\u00e1von bel\u00fcl is sz\u0171k\u00f6s a hely, ez\u00e9rt minden egyes kitesz\u00f6rf\u00f6s hozz\u00e1j\u00e1rul magatart\u00e1s\u00e1val ahhoz, [&hellip;]\" \/>\n<meta property=\"og:url\" content=\"https:\/\/kitenbrunn.at\/hu\/die-regeln\/\" \/>\n<meta property=\"og:site_name\" content=\"Kitenbrunn\" \/>\n<meta property=\"article:modified_time\" content=\"2022-04-25T19:18:59+00:00\" \/>\n<meta property=\"og:image\" content=\"https:\/\/kitenbrunn.at\/wp-content\/uploads\/2020\/10\/FKN_FB_Sharing-scaled.jpg\" \/>\n\t<meta property=\"og:image:width\" content=\"2560\" \/>\n\t<meta property=\"og:image:height\" content=\"1345\" \/>\n\t<meta property=\"og:image:type\" content=\"image\/jpeg\" \/>\n<meta name=\"twitter:card\" content=\"summary_large_image\" \/>\n<meta name=\"twitter:label1\" content=\"Becs\u00fclt olvas\u00e1si id\u0151\" \/>\n\t<meta name=\"twitter:data1\" content=\"7 perc\" \/>\n<script type=\"application\/ld+json\" class=\"yoast-schema-graph\">{\"@context\":\"https:\\\/\\\/schema.org\",\"@graph\":[{\"@type\":\"WebPage\",\"@id\":\"https:\\\/\\\/kitenbrunn.at\\\/hu\\\/die-regeln\\\/\",\"url\":\"https:\\\/\\\/kitenbrunn.at\\\/hu\\\/die-regeln\\\/\",\"name\":\"Die Regeln - Kitenbrunn\",\"isPartOf\":{\"@id\":\"https:\\\/\\\/kitenbrunn.at\\\/#website\"},\"datePublished\":\"2021-03-23T17:04:16+00:00\",\"dateModified\":\"2022-04-25T19:18:59+00:00\",\"breadcrumb\":{\"@id\":\"https:\\\/\\\/kitenbrunn.at\\\/hu\\\/die-regeln\\\/#breadcrumb\"},\"inLanguage\":\"hu\",\"potentialAction\":[{\"@type\":\"ReadAction\",\"target\":[\"https:\\\/\\\/kitenbrunn.at\\\/hu\\\/die-regeln\\\/\"]}]},{\"@type\":\"BreadcrumbList\",\"@id\":\"https:\\\/\\\/kitenbrunn.at\\\/hu\\\/die-regeln\\\/#breadcrumb\",\"itemListElement\":[{\"@type\":\"ListItem\",\"position\":1,\"name\":\"Startseite\",\"item\":\"https:\\\/\\\/kitenbrunn.at\\\/hu\\\/\"},{\"@type\":\"ListItem\",\"position\":2,\"name\":\"Die Regeln\"}]},{\"@type\":\"WebSite\",\"@id\":\"https:\\\/\\\/kitenbrunn.at\\\/#website\",\"url\":\"https:\\\/\\\/kitenbrunn.at\\\/\",\"name\":\"Kitenbrunn\",\"description\":\"Kitesport F\u00f6rderverein Breitenbrunn\",\"potentialAction\":[{\"@type\":\"SearchAction\",\"target\":{\"@type\":\"EntryPoint\",\"urlTemplate\":\"https:\\\/\\\/kitenbrunn.at\\\/?s={search_term_string}\"},\"query-input\":{\"@type\":\"PropertyValueSpecification\",\"valueRequired\":true,\"valueName\":\"search_term_string\"}}],\"inLanguage\":\"hu\"}]}<\/script>\n<!-- \/ Yoast SEO plugin. -->","yoast_head_json":{"title":"Die Regeln - Kitenbrunn","robots":{"index":"index","follow":"follow","max-snippet":"max-snippet:-1","max-image-preview":"max-image-preview:large","max-video-preview":"max-video-preview:-1"},"canonical":"https:\/\/kitenbrunn.at\/hu\/die-regeln\/","og_locale":"hu_HU","og_type":"article","og_title":"Die Regeln - Kitenbrunn","og_description":"A szab\u00e1lyokMindannyiunk biztons\u00e1ga \u00e9rdek\u00e9ben betartand\u00f3 szab\u00e1lyok Ahhoz, hogy a Breitenbrunnban tal\u00e1lhat\u00f3 t\u00f3parti strandon (Seebad Breitenbrunn) kitesz\u00f6rf\u00f6zni lehessen, sz\u00fcks\u00e9ges az FKN egyes\u00fclettel fenn\u00e1ll\u00f3 tags\u00e1g. (Ez lehet: \u00e9ves, NoLimit vagy napi tags\u00e1g.)Mivel a t\u00f3parton \u00e9s a 200 m\u00e9teres partv\u00e9delmi szakaszon kijel\u00f6lt v\u00edzre- \u00e9s partrasz\u00e1ll\u00e1si s\u00e1von bel\u00fcl is sz\u0171k\u00f6s a hely, ez\u00e9rt minden egyes kitesz\u00f6rf\u00f6s hozz\u00e1j\u00e1rul magatart\u00e1s\u00e1val ahhoz, [&hellip;]","og_url":"https:\/\/kitenbrunn.at\/hu\/die-regeln\/","og_site_name":"Kitenbrunn","article_modified_time":"2022-04-25T19:18:59+00:00","og_image":[{"width":2560,"height":1345,"url":"https:\/\/kitenbrunn.at\/wp-content\/uploads\/2020\/10\/FKN_FB_Sharing-scaled.jpg","type":"image\/jpeg"}],"twitter_card":"summary_large_image","twitter_misc":{"Becs\u00fclt olvas\u00e1si id\u0151":"7 perc"},"schema":{"@context":"https:\/\/schema.org","@graph":[{"@type":"WebPage","@id":"https:\/\/kitenbrunn.at\/hu\/die-regeln\/","url":"https:\/\/kitenbrunn.at\/hu\/die-regeln\/","name":"Die Regeln - Kitenbrunn","isPartOf":{"@id":"https:\/\/kitenbrunn.at\/#website"},"datePublished":"2021-03-23T17:04:16+00:00","dateModified":"2022-04-25T19:18:59+00:00","breadcrumb":{"@id":"https:\/\/kitenbrunn.at\/hu\/die-regeln\/#breadcrumb"},"inLanguage":"hu","potentialAction":[{"@type":"ReadAction","target":["https:\/\/kitenbrunn.at\/hu\/die-regeln\/"]}]},{"@type":"BreadcrumbList","@id":"https:\/\/kitenbrunn.at\/hu\/die-regeln\/#breadcrumb","itemListElement":[{"@type":"ListItem","position":1,"name":"Startseite","item":"https:\/\/kitenbrunn.at\/hu\/"},{"@type":"ListItem","position":2,"name":"Die Regeln"}]},{"@type":"WebSite","@id":"https:\/\/kitenbrunn.at\/#website","url":"https:\/\/kitenbrunn.at\/","name":"Kitenbrunn","description":"Kitesport F\u00f6rderverein Breitenbrunn","potentialAction":[{"@type":"SearchAction","target":{"@type":"EntryPoint","urlTemplate":"https:\/\/kitenbrunn.at\/?s={search_term_string}"},"query-input":{"@type":"PropertyValueSpecification","valueRequired":true,"valueName":"search_term_string"}}],"inLanguage":"hu"}]}},"ticketed":false,"_links":{"self":[{"href":"https:\/\/kitenbrunn.at\/hu\/wp-json\/wp\/v2\/pages\/7635","targetHints":{"allow":["GET"]}}],"collection":[{"href":"https:\/\/kitenbrunn.at\/hu\/wp-json\/wp\/v2\/pages"}],"about":[{"href":"https:\/\/kitenbrunn.at\/hu\/wp-json\/wp\/v2\/types\/page"}],"author":[{"embeddable":true,"href":"https:\/\/kitenbrunn.at\/hu\/wp-json\/wp\/v2\/users\/204"}],"replies":[{"embeddable":true,"href":"https:\/\/kitenbrunn.at\/hu\/wp-json\/wp\/v2\/comments?post=7635"}],"version-history":[{"count":5,"href":"https:\/\/kitenbrunn.at\/hu\/wp-json\/wp\/v2\/pages\/7635\/revisions"}],"predecessor-version":[{"id":10406,"href":"https:\/\/kitenbrunn.at\/hu\/wp-json\/wp\/v2\/pages\/7635\/revisions\/10406"}],"wp:attachment":[{"href":"https:\/\/kitenbrunn.at\/hu\/wp-json\/wp\/v2\/media?parent=7635"}],"curies":[{"name":"wp","href":"https:\/\/api.w.org\/{rel}","templated":true}]}}