{"id":7620,"date":"2021-03-23T17:54:24","date_gmt":"2021-03-23T16:54:24","guid":{"rendered":"https:\/\/kitenbrunn.at\/egyuettmukoedes\/"},"modified":"2026-03-31T15:12:38","modified_gmt":"2026-03-31T13:12:38","slug":"egyuettmukoedes","status":"publish","type":"page","link":"https:\/\/kitenbrunn.at\/hu\/egyuettmukoedes\/","title":{"rendered":"Egy\u00fcttm\u0171k\u00f6d\u00e9s"},"content":{"rendered":"<p>[et_pb_section fb_built=&#8221;1&#8243; module_class=&#8221;exbox&#8221; _builder_version=&#8221;4.16&#8243; background_image=&#8221;https:\/\/kitenbrunn.at\/wp-content\/uploads\/2020\/09\/FKN2020-06.jpg&#8221; min_height=&#8221;25vh&#8221; bottom_divider_style=&#8221;wave&#8221; bottom_divider_color=&#8221;#ffffff&#8221; bottom_divider_height=&#8221;60px&#8221; bottom_divider_flip=&#8221;horizontal&#8221; global_colors_info=&#8221;{}&#8221;][et_pb_row _builder_version=&#8221;4.16&#8243; global_colors_info=&#8221;{}&#8221;][et_pb_column type=&#8221;4_4&#8243; _builder_version=&#8221;4.16&#8243; global_colors_info=&#8221;{}&#8221;][et_pb_text module_class=&#8221;zitattext&#8221; _builder_version=&#8221;4.16&#8243; header_font=&#8221;||||||||&#8221; header_font_size=&#8221;9em&#8221; header_letter_spacing=&#8221;2px&#8221; text_orientation=&#8221;center&#8221; background_layout=&#8221;dark&#8221; custom_margin=&#8221;||220px||false|false&#8221; header_font_size_tablet=&#8221;5em&#8221; header_font_size_phone=&#8221;4em&#8221; header_font_size_last_edited=&#8221;on|phone&#8221; text_text_align=&#8221;center&#8221; global_colors_info=&#8221;{}&#8221;]<\/p>\n<h1>Egy\u00fcttm\u0171k\u00f6d\u00e9s<\/h1>\n<p>[\/et_pb_text][\/et_pb_column][\/et_pb_row][\/et_pb_section][et_pb_section fb_built=&#8221;1&#8243; specialty=&#8221;on&#8221; _builder_version=&#8221;4.16&#8243; bottom_divider_style=&#8221;wave&#8221; bottom_divider_color=&#8221;#efefef&#8221; bottom_divider_height=&#8221;40px&#8221; global_colors_info=&#8221;{}&#8221;][et_pb_column type=&#8221;3_4&#8243; specialty_columns=&#8221;3&#8243; _builder_version=&#8221;4.16&#8243; custom_padding=&#8221;|||&#8221; global_colors_info=&#8221;{}&#8221; custom_padding__hover=&#8221;|||&#8221;][et_pb_row_inner column_structure=&#8221;1_3,1_3,1_3&#8243; _builder_version=&#8221;4.16&#8243; global_colors_info=&#8221;{}&#8221;][et_pb_column_inner type=&#8221;1_3&#8243; saved_specialty_column_type=&#8221;3_4&#8243; _builder_version=&#8221;4.16&#8243; global_colors_info=&#8221;{}&#8221;][et_pb_blurb title=&#8221;Upside Down Surfshop&#8221; url=&#8221;https:\/\/shop.usd.at&#8221; url_new_window=&#8221;on&#8221; image=&#8221;https:\/\/kitenbrunn.at\/wp-content\/uploads\/2025\/03\/USD_logo.jpg&#8221; _builder_version=&#8221;4.27.6&#8243; header_level=&#8221;h3&#8243; header_font=&#8221;||||||||&#8221; header_text_align=&#8221;left&#8221; header_font_size=&#8221;28px&#8221; min_height=&#8221;300px&#8221; link_option_url_new_window=&#8221;on&#8221; inline_fonts=&#8221;wg-bold&#8221; global_colors_info=&#8221;{}&#8221;]<\/p>\n<p><span class=\"Y2IQFc\" lang=\"hu\" style=\"font-family: wg-bold;\">Felszerel\u00e9si partner\u00fcnk <\/span><\/p>\n<p><span class=\"Y2IQFc\" lang=\"hu\" style=\"font-family: wg-regular; font-weight: normal;\">Teljes k\u00f6r\u0171 felszerel\u00e9st k\u00edn\u00e1lunk kitesurfinghez, windsz\u00f6rf\u00f6z\u00e9shez, winginghez, foilinghoz \u00e9s SUP-hoz. FKN tagk\u00e9nt 10% kedvezm\u00e9nyt kapsz a teljes k\u00edn\u00e1latra (minden nem akci\u00f3s term\u00e9kre), valamint a legjobb \u00e1r garanci\u00e1j\u00e1t! Az Upside Down szinte minden m\u00e1rk\u00e1t forgalmaz; ha valami nincs az online \u00e1ruh\u00e1zban, csak k\u00e9rdezz r\u00e1. <\/span><\/p>\n<p><span class=\"Y2IQFc\" lang=\"hu\" style=\"font-family: wg-regular; font-weight: normal;\">N\u00e9zd meg az aj\u00e1nlatokat a <a href=\"https:\/\/shop.usd.at\">shop.usd.at<\/a> oldalon, \u00e9s hozd magaddal \u00e9rv\u00e9nyes tags\u00e1gi k\u00e1rty\u00e1dat v\u00e1s\u00e1rl\u00e1skor!<\/span><\/p>\n<p>[\/et_pb_blurb][\/et_pb_column_inner][et_pb_column_inner type=&#8221;1_3&#8243; saved_specialty_column_type=&#8221;3_4&#8243; _builder_version=&#8221;4.16&#8243; global_colors_info=&#8221;{}&#8221;][et_pb_blurb title=&#8221;Woodboard&#8221; url=&#8221;https:\/\/woodboard.at&#8221; url_new_window=&#8221;on&#8221; image=&#8221;https:\/\/kitenbrunn.at\/wp-content\/uploads\/2026\/03\/logo-woodboard-black_520.png&#8221; _builder_version=&#8221;4.27.6&#8243; header_level=&#8221;h3&#8243; header_font=&#8221;||||||||&#8221; header_text_align=&#8221;left&#8221; header_font_size=&#8221;28px&#8221; link_option_url_new_window=&#8221;on&#8221; inline_fonts=&#8221;wg-bold&#8221; global_colors_info=&#8221;{}&#8221;]<\/p>\n<p><b><\/b><\/p>\n<p><b><\/b><\/p>\n<p><b><\/b><\/p>\n<p><span class=\"Y2IQFc\" lang=\"hu\" style=\"font-family: wg-bold; font-weight: normal;\">Pr\u00e9mium kiteboardok freestyle, freeride \u00e9s p\u00e1nt n\u00e9lk\u00fcli haszn\u00e1latra <\/span><\/p>\n<p><span class=\"Y2IQFc\" lang=\"hu\" style=\"font-family: wg-regular; font-weight: normal;\">Nem szeretne Woodboardot v\u00e1s\u00e1rolni an\u00e9lk\u00fcl, hogy el\u0151bb kipr\u00f3b\u00e1ln\u00e1? Semmi gond! L\u00e1togasson el hozz\u00e1nk Breitenbrunnba, a Fert\u0151-t\u00f3hoz. \u00c9rv\u00e9nyes FKN tags\u00e1ggal hozz\u00e1f\u00e9r\u00e9st kap az FKN Homebase teljes Woodboard tesztk\u00edn\u00e1lat\u00e1hoz. Sz\u00e1njon id\u0151t a k\u00fcl\u00f6nb\u00f6z\u0151 deszk\u00e1k kipr\u00f3b\u00e1l\u00e1s\u00e1ra, hogy megtal\u00e1lja az \u00d6nnek t\u00f6k\u00e9leteset. <\/span><\/p>\n<p><span class=\"Y2IQFc\" lang=\"hu\" style=\"font-family: wg-regular; font-weight: normal;\">B\u00f3nuszk\u00e9nt, amikor FKN \u00e9ves tags\u00e1gra regisztr\u00e1l, egy exkluz\u00edv 15%-os kedvezm\u00e9nyk\u00f3dot kap a Woodboard web\u00e1ruh\u00e1zhoz, amelyet a k\u00f6vetkez\u0151 kiteboard v\u00e1s\u00e1rl\u00e1sakor bev\u00e1lthat. <\/span><\/p>\n<p><span class=\"Y2IQFc\" lang=\"hu\" style=\"font-family: wg-regular; font-weight: normal;\">Ez a k\u00f3d a tags\u00e1g id\u0151tartama alatt \u00e9rv\u00e9nyes. <\/span><\/p>\n<p><a href=\"https:\/\/woodboard.at\"><span class=\"Y2IQFc\" lang=\"hu\" style=\"font-family: wg-regular;\"><strong>Woodboard.at<\/strong><\/span><\/a><\/p>\n<p>[\/et_pb_blurb][\/et_pb_column_inner][et_pb_column_inner type=&#8221;1_3&#8243; saved_specialty_column_type=&#8221;3_4&#8243; _builder_version=&#8221;4.16&#8243; global_colors_info=&#8221;{}&#8221;][et_pb_blurb title=&#8221;Sz\u00f6rf iskola Breitenbrunn&#8221; url=&#8221;https:\/\/windwerk.center&#8221; url_new_window=&#8221;on&#8221; image=&#8221;https:\/\/kitenbrunn.at\/wp-content\/uploads\/2026\/03\/Windwerk.png&#8221; _builder_version=&#8221;4.27.6&#8243; header_level=&#8221;h3&#8243; header_font=&#8221;||||||||&#8221; header_text_align=&#8221;left&#8221; header_font_size=&#8221;28px&#8221; link_option_url_new_window=&#8221;on&#8221; hover_enabled=&#8221;0&#8243; global_colors_info=&#8221;{}&#8221; sticky_enabled=&#8221;0&#8243; title_text=&#8221;Windwerk&#8221;]<\/p>\n<p><span class=\"Y2IQFc\" lang=\"hu\">A Breitenbrunni sz\u00f6rfiskola \u00e9vtizedek \u00f3ta a st\u00edlusos v\u00edzi sportok egyet jelent \u2013 \u200b\u200bimm\u00e1r a m\u00e1sodik gener\u00e1ci\u00f3 vezeti. A f\u00e9lsziget cs\u00facs\u00e1n, a vil\u00e1g\u00edt\u00f3torony mellett tal\u00e1lhat\u00f3 a b\u00e1jos c\u00f6l\u00f6ph\u00e1z, amely a laza sz\u00f6rf\u00f6s hangulatot sportos energi\u00e1val \u00f6tv\u00f6zi. Ak\u00e1r szem\u00e9lyre szabott \u00f3r\u00e1kat, ak\u00e1r felszerel\u00e9sb\u00e9rl\u00e9st keres, n\u00e1lunk megtal\u00e1lja. Sz\u00f6rf\u00f6z\u00e9s, wing foiling \u00e9s kitesurfing mind r\u00e9sze a k\u00edn\u00e1latunknak, ak\u00e1rcsak az \u00e1ll\u00f3sz\u00f6rf\u00f6z\u00e9s \u00e9s a kajakb\u00e9rl\u00e9s. Ez egy olyan hely, ahol az \u00e9lm\u00e9ny, az aktivit\u00e1s \u00e9s a k\u00f6nnyeds\u00e9g tal\u00e1lkozik \u2013 egy szenved\u00e9ly, amelyet 1979 \u00f3ta \u00e1polunk.<\/span><\/p>\n<p><span class=\"Y2IQFc\" lang=\"hu\">\u00e9rintkez\u00e9s<\/span><span>:<br \/>Noah D\u00fcrauer<br \/><a href=\"https:\/\/windwerk.center\">https:\/\/windwerk.center\u2060<\/a><br \/>surfschule@gmx.at<br \/>+43 660 707 76 18<\/span><\/p>\n<p>[\/et_pb_blurb][\/et_pb_column_inner][\/et_pb_row_inner][et_pb_row_inner column_structure=&#8221;1_3,1_3,1_3&#8243; _builder_version=&#8221;4.16&#8243; global_colors_info=&#8221;{}&#8221;][et_pb_column_inner type=&#8221;1_3&#8243; saved_specialty_column_type=&#8221;3_4&#8243; _builder_version=&#8221;4.16&#8243; global_colors_info=&#8221;{}&#8221;][\/et_pb_column_inner][et_pb_column_inner type=&#8221;1_3&#8243; saved_specialty_column_type=&#8221;3_4&#8243; _builder_version=&#8221;4.16&#8243; global_colors_info=&#8221;{}&#8221;][\/et_pb_column_inner][et_pb_column_inner type=&#8221;1_3&#8243; saved_specialty_column_type=&#8221;3_4&#8243; _builder_version=&#8221;4.16&#8243; global_colors_info=&#8221;{}&#8221;][\/et_pb_column_inner][\/et_pb_row_inner][et_pb_row_inner _builder_version=&#8221;4.16&#8243; global_colors_info=&#8221;{}&#8221;][et_pb_column_inner saved_specialty_column_type=&#8221;3_4&#8243; _builder_version=&#8221;4.16&#8243; global_colors_info=&#8221;{}&#8221;][et_pb_text _builder_version=&#8221;4.16&#8243; global_colors_info=&#8221;{}&#8221;]<\/p>\n<p>Du m\u00f6chtest Partner des FKN werden ? Dann schreib unserem Obmann Robert Kernstock am besten ein e-mail:\u00a0<a href=\"mailto:president@kitenbrunn.at\">president@kitenbrunn.at<\/a><\/p>\n<p>[\/et_pb_text][\/et_pb_column_inner][\/et_pb_row_inner][\/et_pb_column][et_pb_column type=&#8221;1_4&#8243; _builder_version=&#8221;4.16&#8243; custom_padding=&#8221;|||&#8221; global_colors_info=&#8221;{}&#8221; custom_padding__hover=&#8221;|||&#8221;][et_pb_sidebar orientation=&#8221;right&#8221; area=&#8221;et_pb_widget_area_1&#8243; show_border=&#8221;off&#8221; _builder_version=&#8221;4.16&#8243; background_color=&#8221;#ffffff&#8221; custom_margin=&#8221;-200px||||false|false&#8221; custom_margin_tablet=&#8221;0px||||false|false&#8221; custom_margin_phone=&#8221;&#8221; custom_margin_last_edited=&#8221;on|desktop&#8221; border_radii=&#8221;off|15px|||&#8221; box_shadow_style=&#8221;preset2&#8243; global_colors_info=&#8221;{}&#8221;][\/et_pb_sidebar][et_pb_code _builder_version=&#8221;4.16&#8243; divienhancer_set=&#8221;modal_popup&#8221; divienhancer_modal_popup=&#8221;divienhancer-modalpopup&#8221; divienhancer_modal_overlay=&#8221;rgba(51,51,51,0.75)&#8221; divienhancer_modal_button_text=&#8221;Windguru&#8221; divienhancer_modal_button_css=&#8221;background-color:#9ab5df; color:#fff; font-size: 22px;<\/p>\n<p>&#8221; divienhancer_modal_box_css=&#8221;top: 50%; left: 50%; width: 80%; max-width: 1800px; min-width: 340px; height: auto; &#8221; global_colors_info=&#8221;{}&#8221;]<script id=\"wg_fwdg_753673_45_1568796586750\"><!-- [et_pb_line_break_holder] -->(function (window, document) {<!-- [et_pb_line_break_holder] -->  var loader = function () {<!-- [et_pb_line_break_holder] -->    var arg = [\"s=753673\",\"m=45\",\"uid=wg_fwdg_753673_45_1568796586750\",\"wj=knots\",\"tj=c\",\"odh=8\",\"doh=20\",\"fhours=168\",\"vt=forecasts\",\"lng=de\",<!-- [et_pb_line_break_holder] -->   \"p=WINDSPD,GUST,MWINDSPD,SMER,TMPE,FLHGT,CDC,APCPs,RATING\"];<!-- [et_pb_line_break_holder] -->    var script = document.createElement(\"script\");<!-- [et_pb_line_break_holder] -->    var tag = document.getElementsByTagName(\"script\")[0];<!-- [et_pb_line_break_holder] -->    script.src = \"https:\/\/www.windguru.cz\/js\/widget.php?\"+(arg.join(\"&\"));<!-- [et_pb_line_break_holder] -->    tag.parentNode.insertBefore(script, tag);<!-- [et_pb_line_break_holder] -->  };<!-- [et_pb_line_break_holder] -->  window.addEventListener ? window.addEventListener(\"load\", loader, false) : window.attachEvent(\"onload\", loader);<!-- [et_pb_line_break_holder] -->})(window, document);<!-- [et_pb_line_break_holder] --><\/script><!-- [et_pb_line_break_holder] -->[\/et_pb_code][\/et_pb_column][\/et_pb_section]<\/p>\n","protected":false},"excerpt":{"rendered":"<p>Egy\u00fcttm\u0171k\u00f6d\u00e9sFelszerel\u00e9si partner\u00fcnk Teljes k\u00f6r\u0171 felszerel\u00e9st k\u00edn\u00e1lunk kitesurfinghez, windsz\u00f6rf\u00f6z\u00e9shez, winginghez, foilinghoz \u00e9s SUP-hoz. FKN tagk\u00e9nt 10% kedvezm\u00e9nyt kapsz a teljes k\u00edn\u00e1latra (minden nem akci\u00f3s term\u00e9kre), valamint a legjobb \u00e1r garanci\u00e1j\u00e1t! Az Upside Down szinte minden m\u00e1rk\u00e1t forgalmaz; ha valami nincs az online \u00e1ruh\u00e1zban, csak k\u00e9rdezz r\u00e1. N\u00e9zd meg az aj\u00e1nlatokat a shop.usd.at oldalon, \u00e9s hozd magaddal [&hellip;]<\/p>\n","protected":false},"author":204,"featured_media":0,"parent":0,"menu_order":0,"comment_status":"closed","ping_status":"closed","template":"","meta":{"_et_pb_use_builder":"on","_et_pb_old_content":"","_et_gb_content_width":"","_price":"","_stock":"","_tribe_ticket_header":"","_tribe_default_ticket_provider":"","_ticket_start_date":"","_ticket_end_date":"","_tribe_ticket_show_description":"","_tribe_ticket_show_not_going":false,"_tribe_ticket_use_global_stock":"","_tribe_ticket_global_stock_level":"","_global_stock_mode":"","_global_stock_cap":"","_tribe_rsvp_for_event":"","_tribe_ticket_going_count":"","_tribe_ticket_not_going_count":"","_tribe_tickets_list":"[]","_tribe_ticket_has_attendee_info_fields":false,"footnotes":"","_tec_slr_enabled":"","_tec_slr_layout":""},"class_list":["post-7620","page","type-page","status-publish","hentry"],"yoast_head":"<!-- This site is optimized with the Yoast SEO plugin v27.3 - https:\/\/yoast.com\/product\/yoast-seo-wordpress\/ -->\n<title>Egy\u00fcttm\u0171k\u00f6d\u00e9s - Kitenbrunn<\/title>\n<meta name=\"robots\" content=\"index, follow, max-snippet:-1, max-image-preview:large, max-video-preview:-1\" \/>\n<link rel=\"canonical\" href=\"https:\/\/kitenbrunn.at\/hu\/egyuettmukoedes\/\" \/>\n<meta property=\"og:locale\" content=\"hu_HU\" \/>\n<meta property=\"og:type\" content=\"article\" \/>\n<meta property=\"og:title\" content=\"Egy\u00fcttm\u0171k\u00f6d\u00e9s - Kitenbrunn\" \/>\n<meta property=\"og:description\" content=\"Egy\u00fcttm\u0171k\u00f6d\u00e9sFelszerel\u00e9si partner\u00fcnk Teljes k\u00f6r\u0171 felszerel\u00e9st k\u00edn\u00e1lunk kitesurfinghez, windsz\u00f6rf\u00f6z\u00e9shez, winginghez, foilinghoz \u00e9s SUP-hoz. FKN tagk\u00e9nt 10% kedvezm\u00e9nyt kapsz a teljes k\u00edn\u00e1latra (minden nem akci\u00f3s term\u00e9kre), valamint a legjobb \u00e1r garanci\u00e1j\u00e1t! Az Upside Down szinte minden m\u00e1rk\u00e1t forgalmaz; ha valami nincs az online \u00e1ruh\u00e1zban, csak k\u00e9rdezz r\u00e1. N\u00e9zd meg az aj\u00e1nlatokat a shop.usd.at oldalon, \u00e9s hozd magaddal [&hellip;]\" \/>\n<meta property=\"og:url\" content=\"https:\/\/kitenbrunn.at\/hu\/egyuettmukoedes\/\" \/>\n<meta property=\"og:site_name\" content=\"Kitenbrunn\" \/>\n<meta property=\"article:modified_time\" content=\"2026-03-31T13:12:38+00:00\" \/>\n<meta property=\"og:image\" content=\"https:\/\/kitenbrunn.at\/wp-content\/uploads\/2020\/10\/FKN_FB_Sharing-scaled.jpg\" \/>\n\t<meta property=\"og:image:width\" content=\"2560\" \/>\n\t<meta property=\"og:image:height\" content=\"1345\" \/>\n\t<meta property=\"og:image:type\" content=\"image\/jpeg\" \/>\n<meta name=\"twitter:card\" content=\"summary_large_image\" \/>\n<meta name=\"twitter:label1\" content=\"Becs\u00fclt olvas\u00e1si id\u0151\" \/>\n\t<meta name=\"twitter:data1\" content=\"5 perc\" \/>\n<script type=\"application\/ld+json\" class=\"yoast-schema-graph\">{\"@context\":\"https:\\\/\\\/schema.org\",\"@graph\":[{\"@type\":\"WebPage\",\"@id\":\"https:\\\/\\\/kitenbrunn.at\\\/hu\\\/egyuettmukoedes\\\/\",\"url\":\"https:\\\/\\\/kitenbrunn.at\\\/hu\\\/egyuettmukoedes\\\/\",\"name\":\"Egy\u00fcttm\u0171k\u00f6d\u00e9s - Kitenbrunn\",\"isPartOf\":{\"@id\":\"https:\\\/\\\/kitenbrunn.at\\\/#website\"},\"datePublished\":\"2021-03-23T16:54:24+00:00\",\"dateModified\":\"2026-03-31T13:12:38+00:00\",\"breadcrumb\":{\"@id\":\"https:\\\/\\\/kitenbrunn.at\\\/hu\\\/egyuettmukoedes\\\/#breadcrumb\"},\"inLanguage\":\"hu\",\"potentialAction\":[{\"@type\":\"ReadAction\",\"target\":[\"https:\\\/\\\/kitenbrunn.at\\\/hu\\\/egyuettmukoedes\\\/\"]}]},{\"@type\":\"BreadcrumbList\",\"@id\":\"https:\\\/\\\/kitenbrunn.at\\\/hu\\\/egyuettmukoedes\\\/#breadcrumb\",\"itemListElement\":[{\"@type\":\"ListItem\",\"position\":1,\"name\":\"Startseite\",\"item\":\"https:\\\/\\\/kitenbrunn.at\\\/hu\\\/\"},{\"@type\":\"ListItem\",\"position\":2,\"name\":\"Egy\u00fcttm\u0171k\u00f6d\u00e9s\"}]},{\"@type\":\"WebSite\",\"@id\":\"https:\\\/\\\/kitenbrunn.at\\\/#website\",\"url\":\"https:\\\/\\\/kitenbrunn.at\\\/\",\"name\":\"Kitenbrunn\",\"description\":\"Kitesport F\u00f6rderverein Breitenbrunn\",\"potentialAction\":[{\"@type\":\"SearchAction\",\"target\":{\"@type\":\"EntryPoint\",\"urlTemplate\":\"https:\\\/\\\/kitenbrunn.at\\\/?s={search_term_string}\"},\"query-input\":{\"@type\":\"PropertyValueSpecification\",\"valueRequired\":true,\"valueName\":\"search_term_string\"}}],\"inLanguage\":\"hu\"}]}<\/script>\n<!-- \/ Yoast SEO plugin. -->","yoast_head_json":{"title":"Egy\u00fcttm\u0171k\u00f6d\u00e9s - Kitenbrunn","robots":{"index":"index","follow":"follow","max-snippet":"max-snippet:-1","max-image-preview":"max-image-preview:large","max-video-preview":"max-video-preview:-1"},"canonical":"https:\/\/kitenbrunn.at\/hu\/egyuettmukoedes\/","og_locale":"hu_HU","og_type":"article","og_title":"Egy\u00fcttm\u0171k\u00f6d\u00e9s - Kitenbrunn","og_description":"Egy\u00fcttm\u0171k\u00f6d\u00e9sFelszerel\u00e9si partner\u00fcnk Teljes k\u00f6r\u0171 felszerel\u00e9st k\u00edn\u00e1lunk kitesurfinghez, windsz\u00f6rf\u00f6z\u00e9shez, winginghez, foilinghoz \u00e9s SUP-hoz. FKN tagk\u00e9nt 10% kedvezm\u00e9nyt kapsz a teljes k\u00edn\u00e1latra (minden nem akci\u00f3s term\u00e9kre), valamint a legjobb \u00e1r garanci\u00e1j\u00e1t! Az Upside Down szinte minden m\u00e1rk\u00e1t forgalmaz; ha valami nincs az online \u00e1ruh\u00e1zban, csak k\u00e9rdezz r\u00e1. N\u00e9zd meg az aj\u00e1nlatokat a shop.usd.at oldalon, \u00e9s hozd magaddal [&hellip;]","og_url":"https:\/\/kitenbrunn.at\/hu\/egyuettmukoedes\/","og_site_name":"Kitenbrunn","article_modified_time":"2026-03-31T13:12:38+00:00","og_image":[{"width":2560,"height":1345,"url":"https:\/\/kitenbrunn.at\/wp-content\/uploads\/2020\/10\/FKN_FB_Sharing-scaled.jpg","type":"image\/jpeg"}],"twitter_card":"summary_large_image","twitter_misc":{"Becs\u00fclt olvas\u00e1si id\u0151":"5 perc"},"schema":{"@context":"https:\/\/schema.org","@graph":[{"@type":"WebPage","@id":"https:\/\/kitenbrunn.at\/hu\/egyuettmukoedes\/","url":"https:\/\/kitenbrunn.at\/hu\/egyuettmukoedes\/","name":"Egy\u00fcttm\u0171k\u00f6d\u00e9s - Kitenbrunn","isPartOf":{"@id":"https:\/\/kitenbrunn.at\/#website"},"datePublished":"2021-03-23T16:54:24+00:00","dateModified":"2026-03-31T13:12:38+00:00","breadcrumb":{"@id":"https:\/\/kitenbrunn.at\/hu\/egyuettmukoedes\/#breadcrumb"},"inLanguage":"hu","potentialAction":[{"@type":"ReadAction","target":["https:\/\/kitenbrunn.at\/hu\/egyuettmukoedes\/"]}]},{"@type":"BreadcrumbList","@id":"https:\/\/kitenbrunn.at\/hu\/egyuettmukoedes\/#breadcrumb","itemListElement":[{"@type":"ListItem","position":1,"name":"Startseite","item":"https:\/\/kitenbrunn.at\/hu\/"},{"@type":"ListItem","position":2,"name":"Egy\u00fcttm\u0171k\u00f6d\u00e9s"}]},{"@type":"WebSite","@id":"https:\/\/kitenbrunn.at\/#website","url":"https:\/\/kitenbrunn.at\/","name":"Kitenbrunn","description":"Kitesport F\u00f6rderverein Breitenbrunn","potentialAction":[{"@type":"SearchAction","target":{"@type":"EntryPoint","urlTemplate":"https:\/\/kitenbrunn.at\/?s={search_term_string}"},"query-input":{"@type":"PropertyValueSpecification","valueRequired":true,"valueName":"search_term_string"}}],"inLanguage":"hu"}]}},"ticketed":false,"_links":{"self":[{"href":"https:\/\/kitenbrunn.at\/hu\/wp-json\/wp\/v2\/pages\/7620","targetHints":{"allow":["GET"]}}],"collection":[{"href":"https:\/\/kitenbrunn.at\/hu\/wp-json\/wp\/v2\/pages"}],"about":[{"href":"https:\/\/kitenbrunn.at\/hu\/wp-json\/wp\/v2\/types\/page"}],"author":[{"embeddable":true,"href":"https:\/\/kitenbrunn.at\/hu\/wp-json\/wp\/v2\/users\/204"}],"replies":[{"embeddable":true,"href":"https:\/\/kitenbrunn.at\/hu\/wp-json\/wp\/v2\/comments?post=7620"}],"version-history":[{"count":7,"href":"https:\/\/kitenbrunn.at\/hu\/wp-json\/wp\/v2\/pages\/7620\/revisions"}],"predecessor-version":[{"id":17294,"href":"https:\/\/kitenbrunn.at\/hu\/wp-json\/wp\/v2\/pages\/7620\/revisions\/17294"}],"wp:attachment":[{"href":"https:\/\/kitenbrunn.at\/hu\/wp-json\/wp\/v2\/media?parent=7620"}],"curies":[{"name":"wp","href":"https:\/\/api.w.org\/{rel}","templated":true}]}}