{"id":7605,"date":"2021-03-23T17:49:14","date_gmt":"2021-03-23T16:49:14","guid":{"rendered":"https:\/\/kitenbrunn.at\/igazgatosag\/"},"modified":"2026-04-01T18:26:33","modified_gmt":"2026-04-01T16:26:33","slug":"igazgatosag","status":"publish","type":"page","link":"https:\/\/kitenbrunn.at\/hu\/igazgatosag\/","title":{"rendered":"Igazgat\u00f3s\u00e1g"},"content":{"rendered":"<p>[et_pb_section fb_built=&#8221;1&#8243; module_class=&#8221;exbox&#8221; _builder_version=&#8221;4.16&#8243; background_image=&#8221;https:\/\/kitenbrunn.at\/wp-content\/uploads\/2020\/09\/WCK-2.jpg&#8221; min_height=&#8221;25vh&#8221; bottom_divider_style=&#8221;wave&#8221; bottom_divider_color=&#8221;#ffffff&#8221; bottom_divider_height=&#8221;60px&#8221; bottom_divider_flip=&#8221;horizontal&#8221; global_colors_info=&#8221;{}&#8221;][et_pb_row _builder_version=&#8221;4.16&#8243; global_colors_info=&#8221;{}&#8221;][et_pb_column type=&#8221;4_4&#8243; _builder_version=&#8221;4.16&#8243; global_colors_info=&#8221;{}&#8221;][et_pb_text module_class=&#8221;zitattext&#8221; _builder_version=&#8221;4.16&#8243; header_font=&#8221;||||||||&#8221; header_font_size=&#8221;9em&#8221; header_letter_spacing=&#8221;2px&#8221; text_orientation=&#8221;center&#8221; background_layout=&#8221;dark&#8221; custom_margin=&#8221;||220px||false|false&#8221; header_font_size_tablet=&#8221;5em&#8221; header_font_size_phone=&#8221;4em&#8221; header_font_size_last_edited=&#8221;on|phone&#8221; text_text_align=&#8221;center&#8221; global_colors_info=&#8221;{}&#8221;]<\/p>\n<h1>Igazgat\u00f3s\u00e1g\/h1>[\/et_pb_text][\/et_pb_column][\/et_pb_row][\/et_pb_section][et_pb_section fb_built=&#8221;1&#8243; specialty=&#8221;on&#8221; _builder_version=&#8221;4.16&#8243; bottom_divider_style=&#8221;wave&#8221; bottom_divider_color=&#8221;#efefef&#8221; bottom_divider_height=&#8221;40px&#8221; global_colors_info=&#8221;{}&#8221;][et_pb_column type=&#8221;3_4&#8243; specialty_columns=&#8221;3&#8243; _builder_version=&#8221;4.16&#8243; custom_padding=&#8221;|||&#8221; global_colors_info=&#8221;{}&#8221; custom_padding__hover=&#8221;|||&#8221;][et_pb_row_inner _builder_version=&#8221;4.16&#8243; global_colors_info=&#8221;{}&#8221;][et_pb_column_inner saved_specialty_column_type=&#8221;3_4&#8243; _builder_version=&#8221;4.16&#8243; global_colors_info=&#8221;{}&#8221;][et_pb_text _builder_version=&#8221;4.16&#8243; global_colors_info=&#8221;{}&#8221;]<\/p>\n<h2>Igazgat\u00f3s\u00e1g<\/h2>\n<p>[\/et_pb_text][\/et_pb_column_inner][\/et_pb_row_inner][et_pb_row_inner column_structure=&#8221;1_3,1_3,1_3&#8243; _builder_version=&#8221;4.16&#8243; global_colors_info=&#8221;{}&#8221;][et_pb_column_inner type=&#8221;1_3&#8243; saved_specialty_column_type=&#8221;3_4&#8243; _builder_version=&#8221;4.16&#8243; global_colors_info=&#8221;{}&#8221;][et_pb_team_member name=&#8221;Robert Kernstock&#8221; position=&#8221;Eln\u00f6k&#8221; image_url=&#8221;https:\/\/kitenbrunn.at\/wp-content\/uploads\/2020\/07\/fkn-kernstock.jpg&#8221; _builder_version=&#8221;4.16&#8243; position_font_size=&#8221;20px&#8221; border_radii_image=&#8221;off|15px|||&#8221; global_colors_info=&#8221;{}&#8221;]<\/p>\n<p><b>Homespot:<\/b>\u00a0Breitenbrunn<br \/><b>Kedvenc spot:<\/b>\u00a0Breitenbrunn, egy\u00e9bk\u00e9nt Porto Pollo \/ Szard\u00ednia<br \/><b>Mi\u00e9rt?<\/b>\u00a0Mert a t\u00f3 legszebb r\u00e9sz\u00e9n szeretn\u00e9k kitesurf olni<\/p>\n<p>[\/et_pb_team_member][\/et_pb_column_inner][et_pb_column_inner type=&#8221;1_3&#8243; saved_specialty_column_type=&#8221;3_4&#8243; _builder_version=&#8221;4.16&#8243; global_colors_info=&#8221;{}&#8221;][et_pb_team_member name=&#8221;Dennis Probst&#8221; position=&#8221;P\u00e9nz\u00fcgy&#8221; image_url=&#8221;https:\/\/kitenbrunn.at\/wp-content\/uploads\/profile_image\/2025\/03\/image002.jpg&#8221; _builder_version=&#8221;4.27.6&#8243; position_font_size=&#8221;20px&#8221; hover_enabled=&#8221;0&#8243; border_radii_image=&#8221;off|15px|||&#8221; global_colors_info=&#8221;{}&#8221; title_text=&#8221;image002&#8243; sticky_enabled=&#8221;0&#8243;]<\/p>\n<p><b>Homespot:<\/b>\u00a0Breitenbrunn<br \/><b>Kedvenc spot:<\/b> Rhodos<br \/><b>Mi\u00e9rt? <\/b><span class=\"Y2IQFc\" lang=\"hu\">Mert meg akarjuk \u0151rizni a kitesurfing helyet, \u00e9s a klub a tagjai elk\u00f6telezetts\u00e9g\u00e9re \u00e9p\u00fcl.<\/span><\/p>\n<p>[\/et_pb_team_member][\/et_pb_column_inner][et_pb_column_inner type=&#8221;1_3&#8243; saved_specialty_column_type=&#8221;3_4&#8243; _builder_version=&#8221;4.16&#8243; global_colors_info=&#8221;{}&#8221;][et_pb_team_member name=&#8221;Sigi Weiss&#8221; position=&#8221;Kommunik\u00e1ci\u00f3&#8221; image_url=&#8221;https:\/\/kitenbrunn.at\/wp-content\/uploads\/2020\/07\/fkn-weiss.jpg&#8221; _builder_version=&#8221;4.16&#8243; position_font_size=&#8221;20px&#8221; border_radii_image=&#8221;off|15px|||&#8221; global_colors_info=&#8221;{}&#8221;]<\/p>\n<p><b>Homespot:<\/b>\u00a0Breitenbrunn<br \/><b>Kedvenc spot:<\/b>\u00a0Paros<br \/><b>Mi\u00e9rt?<\/b>\u00a0#lovemyhomespot #southwind #aloha<\/p>\n<p>[\/et_pb_team_member][\/et_pb_column_inner][\/et_pb_row_inner][et_pb_row_inner _builder_version=&#8221;4.16&#8243; global_colors_info=&#8221;{}&#8221;][et_pb_column_inner saved_specialty_column_type=&#8221;3_4&#8243; _builder_version=&#8221;4.16&#8243; global_colors_info=&#8221;{}&#8221;][et_pb_text _builder_version=&#8221;4.16&#8243; global_colors_info=&#8221;{}&#8221;]<\/p>\n<h2>Team<\/h2>\n<p>[\/et_pb_text][\/et_pb_column_inner][\/et_pb_row_inner][et_pb_row_inner column_structure=&#8221;1_3,1_3,1_3&#8243; _builder_version=&#8221;4.16&#8243; global_colors_info=&#8221;{}&#8221;][et_pb_column_inner type=&#8221;1_3&#8243; saved_specialty_column_type=&#8221;3_4&#8243; _builder_version=&#8221;4.16&#8243; global_colors_info=&#8221;{}&#8221;][et_pb_team_member name=&#8221;Niki Kernstock&#8221; position=&#8221;Ifj\u00fas\u00e1gi \/ Versenyfelel\u0151s&#8221; image_url=&#8221;https:\/\/kitenbrunn.at\/wp-content\/uploads\/2020\/07\/fkn-kernstock-2.jpg&#8221; _builder_version=&#8221;4.16&#8243; position_font_size=&#8221;20px&#8221; border_radii_image=&#8221;off|15px|||&#8221; global_colors_info=&#8221;{}&#8221;]<\/p>\n<p><b>Homespot:<\/b>\u00a0Fert\u0151-t\u00f3<br \/><b>Kedvenc spot:<\/b>\u00a0Westcoastkiters Breitenbrunn<br \/><b>Mi\u00e9rt?<\/b>\u00a0A kite sport fenntart\u00e1sa Breitenbrunnban<\/p>\n<p>[\/et_pb_team_member][\/et_pb_column_inner][et_pb_column_inner type=&#8221;1_3&#8243; saved_specialty_column_type=&#8221;3_4&#8243; _builder_version=&#8221;4.16&#8243; global_colors_info=&#8221;{}&#8221;][et_pb_team_member name=&#8221;Markus Blach&#8221; position=&#8221;Audit\u00e1l\u00e1s&#8221; image_url=&#8221;https:\/\/kitenbrunn.at\/wp-content\/uploads\/2020\/07\/fkn-blach.jpg&#8221; _builder_version=&#8221;4.27.6&#8243; position_font_size=&#8221;20px&#8221; hover_enabled=&#8221;0&#8243; border_radii_image=&#8221;off|15px|||&#8221; global_colors_info=&#8221;{}&#8221; sticky_enabled=&#8221;0&#8243;]<\/p>\n<p><b>Homespot:<\/b>\u00a0Breitenbrunn<br \/><b>Kedvenc spot:\u00a0<\/b>Breitenbrunnban \u00e9szaki vagy \u00e9szaknyugati sz\u00e9llel, mert egyed\u00fcl vagy a v\u00edzen!<br \/><b>Mi\u00e9rt?<\/b>\u00a0Hogy a sport tov\u00e1bb haladjon<\/p>\n<p>[\/et_pb_team_member][\/et_pb_column_inner][et_pb_column_inner type=&#8221;1_3&#8243; saved_specialty_column_type=&#8221;3_4&#8243; _builder_version=&#8221;4.16&#8243; global_colors_info=&#8221;{}&#8221;][\/et_pb_column_inner][\/et_pb_row_inner][\/et_pb_column][et_pb_column type=&#8221;1_4&#8243; _builder_version=&#8221;4.16&#8243; custom_padding=&#8221;|||&#8221; global_colors_info=&#8221;{}&#8221; custom_padding__hover=&#8221;|||&#8221;][et_pb_sidebar orientation=&#8221;right&#8221; area=&#8221;et_pb_widget_area_1&#8243; show_border=&#8221;off&#8221; _builder_version=&#8221;4.16&#8243; background_color=&#8221;#ffffff&#8221; custom_margin=&#8221;-200px||||false|false&#8221; custom_margin_tablet=&#8221;0px||||false|false&#8221; custom_margin_phone=&#8221;&#8221; custom_margin_last_edited=&#8221;on|desktop&#8221; border_radii=&#8221;off|15px|||&#8221; box_shadow_style=&#8221;preset2&#8243; global_colors_info=&#8221;{}&#8221;][\/et_pb_sidebar][et_pb_code _builder_version=&#8221;4.16&#8243; divienhancer_set=&#8221;modal_popup&#8221; divienhancer_modal_popup=&#8221;divienhancer-modalpopup&#8221; divienhancer_modal_overlay=&#8221;rgba(51,51,51,0.75)&#8221; divienhancer_modal_button_text=&#8221;Windguru&#8221; divienhancer_modal_button_css=&#8221;background-color:#9ab5df; color:#fff; font-size: 22px;<\/p>\n<p>&#8221; divienhancer_modal_box_css=&#8221;top: 50%; left: 50%; width: 80%; max-width: 1800px; min-width: 340px; height: auto; &#8221; global_colors_info=&#8221;{}&#8221;]<script id=\"wg_fwdg_753673_45_1568796586750\"><!-- [et_pb_line_break_holder] -->(function (window, document) {<!-- [et_pb_line_break_holder] -->  var loader = function () {<!-- [et_pb_line_break_holder] -->    var arg = [\"s=753673\",\"m=45\",\"uid=wg_fwdg_753673_45_1568796586750\",\"wj=knots\",\"tj=c\",\"odh=8\",\"doh=20\",\"fhours=168\",\"vt=forecasts\",\"lng=de\",<!-- [et_pb_line_break_holder] -->   \"p=WINDSPD,GUST,MWINDSPD,SMER,TMPE,FLHGT,CDC,APCPs,RATING\"];<!-- [et_pb_line_break_holder] -->    var script = document.createElement(\"script\");<!-- [et_pb_line_break_holder] -->    var tag = document.getElementsByTagName(\"script\")[0];<!-- [et_pb_line_break_holder] -->    script.src = \"https:\/\/www.windguru.cz\/js\/widget.php?\"+(arg.join(\"&\"));<!-- [et_pb_line_break_holder] -->    tag.parentNode.insertBefore(script, tag);<!-- [et_pb_line_break_holder] -->  };<!-- [et_pb_line_break_holder] -->  window.addEventListener ? window.addEventListener(\"load\", loader, false) : window.attachEvent(\"onload\", loader);<!-- [et_pb_line_break_holder] -->})(window, document);<!-- [et_pb_line_break_holder] --><\/script><!-- [et_pb_line_break_holder] -->[\/et_pb_code][\/et_pb_column][\/et_pb_section]<\/p>\n","protected":false},"excerpt":{"rendered":"<p>Igazgat\u00f3s\u00e1g\/h1>Igazgat\u00f3s\u00e1gHomespot:\u00a0BreitenbrunnKedvenc spot:\u00a0Breitenbrunn, egy\u00e9bk\u00e9nt Porto Pollo \/ Szard\u00edniaMi\u00e9rt?\u00a0Mert a t\u00f3 legszebb r\u00e9sz\u00e9n szeretn\u00e9k kitesurf olniHomespot:\u00a0BreitenbrunnKedvenc spot: RhodosMi\u00e9rt? Mert meg akarjuk \u0151rizni a kitesurfing helyet, \u00e9s a klub a tagjai elk\u00f6telezetts\u00e9g\u00e9re \u00e9p\u00fcl.Homespot:\u00a0BreitenbrunnKedvenc spot:\u00a0ParosMi\u00e9rt?\u00a0#lovemyhomespot #southwind #alohaTeamHomespot:\u00a0Fert\u0151-t\u00f3Kedvenc spot:\u00a0Westcoastkiters BreitenbrunnMi\u00e9rt?\u00a0A kite sport fenntart\u00e1sa BreitenbrunnbanHomespot:\u00a0BreitenbrunnKedvenc spot:\u00a0Breitenbrunnban \u00e9szaki vagy \u00e9szaknyugati sz\u00e9llel, mert egyed\u00fcl vagy a v\u00edzen!Mi\u00e9rt?\u00a0Hogy a sport tov\u00e1bb haladjon<\/p>\n","protected":false},"author":204,"featured_media":0,"parent":0,"menu_order":0,"comment_status":"closed","ping_status":"closed","template":"","meta":{"_et_pb_use_builder":"on","_et_pb_old_content":"","_et_gb_content_width":"","_price":"","_stock":"","_tribe_ticket_header":"","_tribe_default_ticket_provider":"","_ticket_start_date":"","_ticket_end_date":"","_tribe_ticket_show_description":"","_tribe_ticket_show_not_going":false,"_tribe_ticket_use_global_stock":"","_tribe_ticket_global_stock_level":"","_global_stock_mode":"","_global_stock_cap":"","_tribe_rsvp_for_event":"","_tribe_ticket_going_count":"","_tribe_ticket_not_going_count":"","_tribe_tickets_list":"[]","_tribe_ticket_has_attendee_info_fields":false,"footnotes":"","_tec_slr_enabled":"","_tec_slr_layout":""},"class_list":["post-7605","page","type-page","status-publish","hentry"],"yoast_head":"<!-- This site is optimized with the Yoast SEO plugin v27.5 - https:\/\/yoast.com\/product\/yoast-seo-wordpress\/ -->\n<title>Igazgat\u00f3s\u00e1g - Kitenbrunn<\/title>\n<meta name=\"robots\" content=\"index, follow, max-snippet:-1, max-image-preview:large, max-video-preview:-1\" \/>\n<link rel=\"canonical\" href=\"https:\/\/kitenbrunn.at\/hu\/igazgatosag\/\" \/>\n<meta property=\"og:locale\" content=\"hu_HU\" \/>\n<meta property=\"og:type\" content=\"article\" \/>\n<meta property=\"og:title\" content=\"Igazgat\u00f3s\u00e1g - Kitenbrunn\" \/>\n<meta property=\"og:description\" content=\"Igazgat\u00f3s\u00e1g\/h1&gt;Igazgat\u00f3s\u00e1gHomespot:\u00a0BreitenbrunnKedvenc spot:\u00a0Breitenbrunn, egy\u00e9bk\u00e9nt Porto Pollo \/ Szard\u00edniaMi\u00e9rt?\u00a0Mert a t\u00f3 legszebb r\u00e9sz\u00e9n szeretn\u00e9k kitesurf olniHomespot:\u00a0BreitenbrunnKedvenc spot: RhodosMi\u00e9rt? Mert meg akarjuk \u0151rizni a kitesurfing helyet, \u00e9s a klub a tagjai elk\u00f6telezetts\u00e9g\u00e9re \u00e9p\u00fcl.Homespot:\u00a0BreitenbrunnKedvenc spot:\u00a0ParosMi\u00e9rt?\u00a0#lovemyhomespot #southwind #alohaTeamHomespot:\u00a0Fert\u0151-t\u00f3Kedvenc spot:\u00a0Westcoastkiters BreitenbrunnMi\u00e9rt?\u00a0A kite sport fenntart\u00e1sa BreitenbrunnbanHomespot:\u00a0BreitenbrunnKedvenc spot:\u00a0Breitenbrunnban \u00e9szaki vagy \u00e9szaknyugati sz\u00e9llel, mert egyed\u00fcl vagy a v\u00edzen!Mi\u00e9rt?\u00a0Hogy a sport tov\u00e1bb haladjon\" \/>\n<meta property=\"og:url\" content=\"https:\/\/kitenbrunn.at\/hu\/igazgatosag\/\" \/>\n<meta property=\"og:site_name\" content=\"Kitenbrunn\" \/>\n<meta property=\"article:modified_time\" content=\"2026-04-01T16:26:33+00:00\" \/>\n<meta property=\"og:image\" content=\"https:\/\/kitenbrunn.at\/wp-content\/uploads\/2020\/10\/FKN_FB_Sharing-scaled.jpg\" \/>\n\t<meta property=\"og:image:width\" content=\"2560\" \/>\n\t<meta property=\"og:image:height\" content=\"1345\" \/>\n\t<meta property=\"og:image:type\" content=\"image\/jpeg\" \/>\n<meta name=\"twitter:card\" content=\"summary_large_image\" \/>\n<meta name=\"twitter:label1\" content=\"Becs\u00fclt olvas\u00e1si id\u0151\" \/>\n\t<meta name=\"twitter:data1\" content=\"4 perc\" \/>\n<script type=\"application\/ld+json\" class=\"yoast-schema-graph\">{\"@context\":\"https:\\\/\\\/schema.org\",\"@graph\":[{\"@type\":\"WebPage\",\"@id\":\"https:\\\/\\\/kitenbrunn.at\\\/hu\\\/igazgatosag\\\/\",\"url\":\"https:\\\/\\\/kitenbrunn.at\\\/hu\\\/igazgatosag\\\/\",\"name\":\"Igazgat\u00f3s\u00e1g - Kitenbrunn\",\"isPartOf\":{\"@id\":\"https:\\\/\\\/kitenbrunn.at\\\/#website\"},\"datePublished\":\"2021-03-23T16:49:14+00:00\",\"dateModified\":\"2026-04-01T16:26:33+00:00\",\"breadcrumb\":{\"@id\":\"https:\\\/\\\/kitenbrunn.at\\\/hu\\\/igazgatosag\\\/#breadcrumb\"},\"inLanguage\":\"hu\",\"potentialAction\":[{\"@type\":\"ReadAction\",\"target\":[\"https:\\\/\\\/kitenbrunn.at\\\/hu\\\/igazgatosag\\\/\"]}]},{\"@type\":\"BreadcrumbList\",\"@id\":\"https:\\\/\\\/kitenbrunn.at\\\/hu\\\/igazgatosag\\\/#breadcrumb\",\"itemListElement\":[{\"@type\":\"ListItem\",\"position\":1,\"name\":\"Startseite\",\"item\":\"https:\\\/\\\/kitenbrunn.at\\\/hu\\\/\"},{\"@type\":\"ListItem\",\"position\":2,\"name\":\"Igazgat\u00f3s\u00e1g\"}]},{\"@type\":\"WebSite\",\"@id\":\"https:\\\/\\\/kitenbrunn.at\\\/#website\",\"url\":\"https:\\\/\\\/kitenbrunn.at\\\/\",\"name\":\"Kitenbrunn\",\"description\":\"Kitesport F\u00f6rderverein Breitenbrunn\",\"potentialAction\":[{\"@type\":\"SearchAction\",\"target\":{\"@type\":\"EntryPoint\",\"urlTemplate\":\"https:\\\/\\\/kitenbrunn.at\\\/?s={search_term_string}\"},\"query-input\":{\"@type\":\"PropertyValueSpecification\",\"valueRequired\":true,\"valueName\":\"search_term_string\"}}],\"inLanguage\":\"hu\"}]}<\/script>\n<!-- \/ Yoast SEO plugin. -->","yoast_head_json":{"title":"Igazgat\u00f3s\u00e1g - Kitenbrunn","robots":{"index":"index","follow":"follow","max-snippet":"max-snippet:-1","max-image-preview":"max-image-preview:large","max-video-preview":"max-video-preview:-1"},"canonical":"https:\/\/kitenbrunn.at\/hu\/igazgatosag\/","og_locale":"hu_HU","og_type":"article","og_title":"Igazgat\u00f3s\u00e1g - Kitenbrunn","og_description":"Igazgat\u00f3s\u00e1g\/h1>Igazgat\u00f3s\u00e1gHomespot:\u00a0BreitenbrunnKedvenc spot:\u00a0Breitenbrunn, egy\u00e9bk\u00e9nt Porto Pollo \/ Szard\u00edniaMi\u00e9rt?\u00a0Mert a t\u00f3 legszebb r\u00e9sz\u00e9n szeretn\u00e9k kitesurf olniHomespot:\u00a0BreitenbrunnKedvenc spot: RhodosMi\u00e9rt? Mert meg akarjuk \u0151rizni a kitesurfing helyet, \u00e9s a klub a tagjai elk\u00f6telezetts\u00e9g\u00e9re \u00e9p\u00fcl.Homespot:\u00a0BreitenbrunnKedvenc spot:\u00a0ParosMi\u00e9rt?\u00a0#lovemyhomespot #southwind #alohaTeamHomespot:\u00a0Fert\u0151-t\u00f3Kedvenc spot:\u00a0Westcoastkiters BreitenbrunnMi\u00e9rt?\u00a0A kite sport fenntart\u00e1sa BreitenbrunnbanHomespot:\u00a0BreitenbrunnKedvenc spot:\u00a0Breitenbrunnban \u00e9szaki vagy \u00e9szaknyugati sz\u00e9llel, mert egyed\u00fcl vagy a v\u00edzen!Mi\u00e9rt?\u00a0Hogy a sport tov\u00e1bb haladjon","og_url":"https:\/\/kitenbrunn.at\/hu\/igazgatosag\/","og_site_name":"Kitenbrunn","article_modified_time":"2026-04-01T16:26:33+00:00","og_image":[{"width":2560,"height":1345,"url":"https:\/\/kitenbrunn.at\/wp-content\/uploads\/2020\/10\/FKN_FB_Sharing-scaled.jpg","type":"image\/jpeg"}],"twitter_card":"summary_large_image","twitter_misc":{"Becs\u00fclt olvas\u00e1si id\u0151":"4 perc"},"schema":{"@context":"https:\/\/schema.org","@graph":[{"@type":"WebPage","@id":"https:\/\/kitenbrunn.at\/hu\/igazgatosag\/","url":"https:\/\/kitenbrunn.at\/hu\/igazgatosag\/","name":"Igazgat\u00f3s\u00e1g - Kitenbrunn","isPartOf":{"@id":"https:\/\/kitenbrunn.at\/#website"},"datePublished":"2021-03-23T16:49:14+00:00","dateModified":"2026-04-01T16:26:33+00:00","breadcrumb":{"@id":"https:\/\/kitenbrunn.at\/hu\/igazgatosag\/#breadcrumb"},"inLanguage":"hu","potentialAction":[{"@type":"ReadAction","target":["https:\/\/kitenbrunn.at\/hu\/igazgatosag\/"]}]},{"@type":"BreadcrumbList","@id":"https:\/\/kitenbrunn.at\/hu\/igazgatosag\/#breadcrumb","itemListElement":[{"@type":"ListItem","position":1,"name":"Startseite","item":"https:\/\/kitenbrunn.at\/hu\/"},{"@type":"ListItem","position":2,"name":"Igazgat\u00f3s\u00e1g"}]},{"@type":"WebSite","@id":"https:\/\/kitenbrunn.at\/#website","url":"https:\/\/kitenbrunn.at\/","name":"Kitenbrunn","description":"Kitesport F\u00f6rderverein Breitenbrunn","potentialAction":[{"@type":"SearchAction","target":{"@type":"EntryPoint","urlTemplate":"https:\/\/kitenbrunn.at\/?s={search_term_string}"},"query-input":{"@type":"PropertyValueSpecification","valueRequired":true,"valueName":"search_term_string"}}],"inLanguage":"hu"}]}},"ticketed":false,"_links":{"self":[{"href":"https:\/\/kitenbrunn.at\/hu\/wp-json\/wp\/v2\/pages\/7605","targetHints":{"allow":["GET"]}}],"collection":[{"href":"https:\/\/kitenbrunn.at\/hu\/wp-json\/wp\/v2\/pages"}],"about":[{"href":"https:\/\/kitenbrunn.at\/hu\/wp-json\/wp\/v2\/types\/page"}],"author":[{"embeddable":true,"href":"https:\/\/kitenbrunn.at\/hu\/wp-json\/wp\/v2\/users\/204"}],"replies":[{"embeddable":true,"href":"https:\/\/kitenbrunn.at\/hu\/wp-json\/wp\/v2\/comments?post=7605"}],"version-history":[{"count":4,"href":"https:\/\/kitenbrunn.at\/hu\/wp-json\/wp\/v2\/pages\/7605\/revisions"}],"predecessor-version":[{"id":17349,"href":"https:\/\/kitenbrunn.at\/hu\/wp-json\/wp\/v2\/pages\/7605\/revisions\/17349"}],"wp:attachment":[{"href":"https:\/\/kitenbrunn.at\/hu\/wp-json\/wp\/v2\/media?parent=7605"}],"curies":[{"name":"wp","href":"https:\/\/api.w.org\/{rel}","templated":true}]}}