{"id":15927,"date":"2025-05-05T15:49:14","date_gmt":"2025-05-05T13:49:14","guid":{"rendered":"https:\/\/kitenbrunn.at\/?page_id=15927"},"modified":"2026-03-31T15:37:29","modified_gmt":"2026-03-31T13:37:29","slug":"az-uj-sarkanyhely","status":"publish","type":"page","link":"https:\/\/kitenbrunn.at\/hu\/az-uj-sarkanyhely\/","title":{"rendered":"Az \u00faj s\u00e1rk\u00e1nyhely"},"content":{"rendered":"<p>[et_pb_section fb_built=&#8221;1&#8243; module_class=&#8221;exbox&#8221; _builder_version=&#8221;4.27.4&#8243; background_image=&#8221;https:\/\/kitenbrunn.at\/wp-content\/uploads\/2025\/04\/spot-neu-6-2000px.jpg&#8221; min_height=&#8221;25vh&#8221; bottom_divider_style=&#8221;wave&#8221; bottom_divider_color=&#8221;#ffffff&#8221; bottom_divider_height=&#8221;60px&#8221; bottom_divider_flip=&#8221;horizontal&#8221; global_colors_info=&#8221;{}&#8221;][et_pb_row _builder_version=&#8221;4.16&#8243; global_colors_info=&#8221;{}&#8221;][et_pb_column type=&#8221;4_4&#8243; _builder_version=&#8221;4.16&#8243; global_colors_info=&#8221;{}&#8221;][et_pb_text module_class=&#8221;zitattext&#8221; _builder_version=&#8221;4.27.4&#8243; header_font=&#8221;||||||||&#8221; header_font_size=&#8221;9em&#8221; header_letter_spacing=&#8221;2px&#8221; text_orientation=&#8221;center&#8221; background_layout=&#8221;dark&#8221; custom_margin=&#8221;||220px||false|false&#8221; header_font_size_tablet=&#8221;5em&#8221; header_font_size_phone=&#8221;4em&#8221; header_font_size_last_edited=&#8221;on|phone&#8221; text_text_align=&#8221;center&#8221; global_colors_info=&#8221;{}&#8221;]<\/p>\n<h2 id=\"tw-target-text\" class=\"tw-data-text tw-text-large tw-ta\" dir=\"ltr\" data-placeholder=\"\u00dcbersetzung\" data-ved=\"2ahUKEwjn9ern6uiMAxVTgf0HHemQIT0Q3ewLegQICBAV\" aria-label=\"\u00dcbersetzter Text: az \u00faj helysz\u00edn: ezt tervezik\"><span class=\"Y2IQFc\" lang=\"hu\">Az \u00faj helysz\u00edn: ezt tervezik<\/span><\/h2>\n<p>[\/et_pb_text][\/et_pb_column][\/et_pb_row][\/et_pb_section][et_pb_section fb_built=&#8221;1&#8243; _builder_version=&#8221;4.27.4&#8243; _module_preset=&#8221;default&#8221; custom_padding=&#8221;32px|||||&#8221; global_colors_info=&#8221;{}&#8221;][et_pb_row _builder_version=&#8221;4.27.4&#8243; max_width=&#8221;1024px&#8221; global_colors_info=&#8221;{}&#8221;][et_pb_column type=&#8221;4_4&#8243; _builder_version=&#8221;4.16&#8243; global_colors_info=&#8221;{}&#8221;][et_pb_text _builder_version=&#8221;4.27.4&#8243; inline_fonts=&#8221;wg-regular&#8221; global_colors_info=&#8221;{}&#8221;]<\/p>\n<h2>Az \u00faj s\u00e1rk\u00e1nyhely<\/h2>\n<p>&nbsp;<\/p>\n<p id=\"tw-target-text\" class=\"tw-data-text tw-text-large tw-ta\" dir=\"ltr\" data-placeholder=\"\u00dcbersetzung\" data-ved=\"2ahUKEwjn9ern6uiMAxVTgf0HHemQIT0Q3ewLegQICBAV\" aria-label=\"\u00dcbersetzter Text: Hosszas tervez\u00e9si f\u00e1zis ut\u00e1n v\u00e9gre elj\u00f6tt az id\u0151: most, hogy a legfontosabb d\u00f6nt\u00e9shoz\u00f3k (f\u00f6ldtulajdonosok, term\u00e9szetv\u00e9delem stb.) megegyeztek, most el\u00e1ruljuk a titkot: \u00cdGY LESZ AZ \u00daJ HELY!\"><span class=\"Y2IQFc\" lang=\"hu\">Hosszas tervez\u00e9si f\u00e1zis ut\u00e1n v\u00e9gre elj\u00f6tt az id\u0151: most, hogy a legfontosabb d\u00f6nt\u00e9shoz\u00f3k (f\u00f6ldtulajdonosok, term\u00e9szetv\u00e9delem stb.) megegyeztek, most el\u00e1ruljuk a titkot: \u00cdGY LESZ AZ \u00daJ HELY!<\/span><\/p>\n<p><span class=\"Y2IQFc\" lang=\"hu\" style=\"font-family: wg-regular; font-weight: normal;\">A pozit\u00edv hangulat, amit mindannyian annyira \u00e9rt\u00e9kel\u00fcnk, megmarad. Szeretn\u00e9nk \u00e1talak\u00edtani a kont\u00e9nert egy fkn otthonn\u00e1, ahol italokat \u00e9s harapnival\u00f3kat k\u00edn\u00e1lunk kitesurfing el\u0151tt \u00e9s ut\u00e1n. Ez a klubtagok \u00f6nell\u00e1t\u00e1s\u00e1n alapul majd. Tervez\u00fcnk egy kis strandot is a sz\u00f6rfiskola \u00e9s az evez\u0151s klub k\u00f6z\u00f6tt, ahol pihenhettek \u00e9s laz\u00edthattok. Id\u00e9n a kont\u00e9ner fel\u00faj\u00edt\u00e1s\u00e1val \u00e9s berendez\u00e9s\u00e9vel foglalkozunk. H\u0171t\u0151szekr\u00e9ny, k\u00e1v\u00e9f\u0151z\u0151, kerti b\u00fatorok, zuhanyz\u00f3&#8230; minden, amire egy k\u00e9nyelmes kitesurfing helynek sz\u00fcks\u00e9ge van. Ha az id\u0151 engedi, egy homokos ter\u00fcletet is szeretn\u00e9nk l\u00e9trehozni. <\/span><\/p>\n<p><span class=\"Y2IQFc\" lang=\"hu\" style=\"font-family: wg-regular; font-weight: normal;\">A Windwerk kitesurfinget, sz\u00e1rnyfoiloz\u00e1st \u00e9s SUP b\u00e9rl\u00e9st k\u00edn\u00e1l gyenge szeles napokon. A Breitenbrunn sz\u00f6rfiskol\u00e1ban minden a r\u00e9giben marad. <\/span><\/p>\n<p><span class=\"Y2IQFc\" lang=\"hu\" style=\"font-family: wg-regular; font-weight: normal;\">Nagy k\u00f6sz\u00f6net Sonja Brandst\u00e4ttern a tervek\u00e9rt \u00e9s Sonja Bruckner-Gritsch, az <a href=\"https:\/\/www.anthrazitarch.com\">Anthrazit Architekturnak<\/a> az \u00e9p\u00edt\u00e9si enged\u00e9ly ir\u00e1nti k\u00e9relem\u00e9rt!<\/span><\/p>\n<p>&nbsp;<\/p>\n<p id=\"tw-target-text\" class=\"tw-data-text tw-text-large tw-ta\" dir=\"ltr\" data-placeholder=\"\u00dcbersetzung\" data-ved=\"2ahUKEwjn9ern6uiMAxVTgf0HHemQIT0Q3ewLegQICBAV\" aria-label=\"\u00dcbersetzter Text: Szeretettel v\u00e1runk benneteket hamarosan az \u00faj helyen! Az FKN csapata\"><span class=\"Y2IQFc\" lang=\"hu\">Szeretettel v\u00e1runk benneteket hamarosan az \u00faj helyen! <\/span><\/p>\n<p>&nbsp;<\/p>\n<p class=\"tw-data-text tw-text-large tw-ta\" dir=\"ltr\" data-placeholder=\"\u00dcbersetzung\" data-ved=\"2ahUKEwjn9ern6uiMAxVTgf0HHemQIT0Q3ewLegQICBAV\" aria-label=\"\u00dcbersetzter Text: Szeretettel v\u00e1runk benneteket hamarosan az \u00faj helyen! Az FKN csapata\"><span class=\"Y2IQFc\" lang=\"hu\">Az FKN csapata<\/span><\/p>\n<p>[\/et_pb_text][\/et_pb_column][\/et_pb_row][et_pb_row _builder_version=&#8221;4.27.4&#8243; _module_preset=&#8221;default&#8221; max_width=&#8221;1024px&#8221; locked=&#8221;off&#8221; global_colors_info=&#8221;{}&#8221;][et_pb_column type=&#8221;4_4&#8243; _builder_version=&#8221;4.16&#8243; _module_preset=&#8221;default&#8221; global_colors_info=&#8221;{}&#8221;][et_pb_divider divider_position=&#8221;center&#8221; _builder_version=&#8221;4.16&#8243; _module_preset=&#8221;default&#8221; global_colors_info=&#8221;{}&#8221;][\/et_pb_divider][\/et_pb_column][\/et_pb_row][et_pb_row _builder_version=&#8221;4.27.4&#8243; max_width=&#8221;1024px&#8221; custom_margin=&#8221;||0px&#8221; custom_padding=&#8221;||0px&#8221; locked=&#8221;off&#8221; global_colors_info=&#8221;{}&#8221;][et_pb_column type=&#8221;4_4&#8243; _builder_version=&#8221;4.16&#8243; custom_padding=&#8221;|||&#8221; global_colors_info=&#8221;{}&#8221; custom_padding__hover=&#8221;|||&#8221;][et_pb_text admin_label=&#8221;live&#8221; _builder_version=&#8221;4.27.4&#8243; global_colors_info=&#8221;{}&#8221;]<\/p>\n<h2 id=\"tw-target-text\" class=\"tw-data-text tw-text-large tw-ta\" dir=\"ltr\" data-placeholder=\"\u00dcbersetzung\" data-ved=\"2ahUKEwjn9ern6uiMAxVTgf0HHemQIT0Q3ewLegQICBAV\" aria-label=\"\u00dcbersetzter Text: Helysz\u00edni t\u00fara\"><span class=\"Y2IQFc\" lang=\"hu\">Helysz\u00edni t\u00fara<\/span><\/h2>\n<p>[\/et_pb_text][et_pb_video src=&#8221;https:\/\/youtu.be\/JW2xGsmb04A&#8221; _builder_version=&#8221;4.27.4&#8243; _module_preset=&#8221;default&#8221; global_colors_info=&#8221;{}&#8221;][\/et_pb_video][\/et_pb_column][\/et_pb_row][\/et_pb_section][et_pb_section fb_built=&#8221;1&#8243; fullwidth=&#8221;on&#8221; _builder_version=&#8221;4.27.4&#8243; _module_preset=&#8221;default&#8221; z_index=&#8221;4&#8243; custom_padding=&#8221;||||false|false&#8221; bottom_divider_color=&#8221;#efefef&#8221; locked=&#8221;off&#8221; global_colors_info=&#8221;{}&#8221;][et_pb_fullwidth_code _builder_version=&#8221;4.27.4&#8243; _module_preset=&#8221;default&#8221; custom_padding=&#8221;|10px||10px|false|false&#8221; global_colors_info=&#8221;{}&#8221;]<!-- Final Tiles Grid Gallery for WordPress v3.6.13 free --><style>#ftg-55 .tile .icon { color:#ffffff; }#ftg-55 .ftg-items .loading-bar i { background:#666; }#ftg-55 .ftg-items .loading-bar { background:#fff; }#ftg-55 .tile .icon { font-size:12px; }#ftg-55 .tile .icon { margin: -6px 0 0 -6px; }#ftg-55 .tile .caption-block .text-wrapper span.text { font-size:12px; }#ftg-55 .tile .caption-outside .text-wrapper span.text { font-size:12px; }#ftg-55 .tile .caption-block .text-wrapper span.title { font-size:14px; }#ftg-55 .tile .caption-outside .text-wrapper span.title { font-size:14px; }#ftg-55 .tile { background-color: transparent; }#ftg-55 .tile .caption-block .text-wrapper span.text { color: #ffffff; }#ftg-55 .tile .caption-block .text-wrapper span.title { color: #ffffff; }#ftg-55 .tile .caption-outside .text-wrapper span.text { color: #ffffff; }#ftg-55 .tile .caption-outside .text-wrapper span.title { color: #ffffff; }#ftg-55 .tile .ftg-social a { color: #ffffff; }#ftg-55 .tile .caption-block { transition-duration:0.25s; }#ftg-55 .tile .tile-inner:before { background-color: #000000; }#ftg-55 .tile .tile-inner:before { background-color: rgba(0, 0, 0, 0.8); }#ftg-55 .tile:hover img {-moz-transform: ;-webkit-transform: ;-o-transform: ;-ms-transform: ;transform: ;}<\/style><a name=\"5\"><\/a><div class=\"final-tiles-gallery  ftg-hover-enabled caption-inside  caption-none caption-middle caption-center\" id=\"ftg-55\" style=\"width: 100%\"><div class='ftg-items'><div class='loading-bar'><i><\/i><\/div><div  class='tile ftg-preload  '><a title=\"\" data-lightbox='ftg-55' rel='ftg-55'  class=' tile-inner  ftg-lightbox' href='' ><img alt='' class='item skip-lazy' data-class='item' data-ftg-source='https:\/\/kitenbrunn.at\/wp-content\/uploads\/2025\/04\/spot-neu-1-2000px-1550x872.jpg' src='https:\/\/kitenbrunn.at\/wp-content\/uploads\/2025\/04\/spot-neu-1-2000px-1550x872.jpg' width='auto' height='auto' \/><\/a><div class='ftg-social'><\/div><\/div><div  class='tile ftg-preload  '><a title=\"\" data-lightbox='ftg-55' rel='ftg-55'  class=' tile-inner  ftg-lightbox' href='' ><img alt='' class='item skip-lazy' data-class='item' data-ftg-source='https:\/\/kitenbrunn.at\/wp-content\/uploads\/2025\/04\/spot-neu-11-2000px-1550x872.jpg' src='https:\/\/kitenbrunn.at\/wp-content\/uploads\/2025\/04\/spot-neu-11-2000px-1550x872.jpg' width='auto' height='auto' \/><\/a><div class='ftg-social'><\/div><\/div><div  class='tile ftg-preload  '><a title=\"\" data-lightbox='ftg-55' rel='ftg-55'  class=' tile-inner  ftg-lightbox' href='' ><img alt='' class='item skip-lazy' data-class='item' data-ftg-source='https:\/\/kitenbrunn.at\/wp-content\/uploads\/2025\/04\/spot-neu-10-2000px-1550x872.jpg' src='https:\/\/kitenbrunn.at\/wp-content\/uploads\/2025\/04\/spot-neu-10-2000px-1550x872.jpg' width='auto' height='auto' \/><\/a><div class='ftg-social'><\/div><\/div><div  class='tile ftg-preload  '><a title=\"\" data-lightbox='ftg-55' rel='ftg-55'  class=' tile-inner  ftg-lightbox' href='' ><img alt='' class='item skip-lazy' data-class='item' data-ftg-source='https:\/\/kitenbrunn.at\/wp-content\/uploads\/2025\/04\/spot-neu-9-2000px-1550x872.jpg' src='https:\/\/kitenbrunn.at\/wp-content\/uploads\/2025\/04\/spot-neu-9-2000px-1550x872.jpg' width='auto' height='auto' \/><\/a><div class='ftg-social'><\/div><\/div><div  class='tile ftg-preload  '><a title=\"\" data-lightbox='ftg-55' rel='ftg-55'  class=' tile-inner  ftg-lightbox' href='' ><img alt='' class='item skip-lazy' data-class='item' data-ftg-source='https:\/\/kitenbrunn.at\/wp-content\/uploads\/2025\/04\/spot-neu-8-2000px-1550x872.jpg' src='https:\/\/kitenbrunn.at\/wp-content\/uploads\/2025\/04\/spot-neu-8-2000px-1550x872.jpg' width='auto' height='auto' \/><\/a><div class='ftg-social'><\/div><\/div><div  class='tile ftg-preload  '><a title=\"\" data-lightbox='ftg-55' rel='ftg-55'  class=' tile-inner  ftg-lightbox' href='' ><img alt='' class='item skip-lazy' data-class='item' data-ftg-source='https:\/\/kitenbrunn.at\/wp-content\/uploads\/2025\/04\/spot-neu-7-2000px-1550x872.jpg' src='https:\/\/kitenbrunn.at\/wp-content\/uploads\/2025\/04\/spot-neu-7-2000px-1550x872.jpg' width='auto' height='auto' \/><\/a><div class='ftg-social'><\/div><\/div><div  class='tile ftg-preload  '><a title=\"\" data-lightbox='ftg-55' rel='ftg-55'  class=' tile-inner  ftg-lightbox' href='' ><img alt='' class='item skip-lazy' data-class='item' data-ftg-source='https:\/\/kitenbrunn.at\/wp-content\/uploads\/2025\/04\/spot-neu-6-2000px-1550x872.jpg' src='https:\/\/kitenbrunn.at\/wp-content\/uploads\/2025\/04\/spot-neu-6-2000px-1550x872.jpg' width='auto' height='auto' \/><\/a><div class='ftg-social'><\/div><\/div><div  class='tile ftg-preload  '><a title=\"\" data-lightbox='ftg-55' rel='ftg-55'  class=' tile-inner  ftg-lightbox' href='' ><img alt='' class='item skip-lazy' data-class='item' data-ftg-source='https:\/\/kitenbrunn.at\/wp-content\/uploads\/2025\/04\/spot-neu-5-2000px-1550x872.jpg' src='https:\/\/kitenbrunn.at\/wp-content\/uploads\/2025\/04\/spot-neu-5-2000px-1550x872.jpg' width='auto' height='auto' \/><\/a><div class='ftg-social'><\/div><\/div><div  class='tile ftg-preload  '><a title=\"\" data-lightbox='ftg-55' rel='ftg-55'  class=' tile-inner  ftg-lightbox' href='' ><img alt='' class='item skip-lazy' data-class='item' data-ftg-source='https:\/\/kitenbrunn.at\/wp-content\/uploads\/2025\/04\/spot-neu-4-2000px-1550x872.jpg' src='https:\/\/kitenbrunn.at\/wp-content\/uploads\/2025\/04\/spot-neu-4-2000px-1550x872.jpg' width='auto' height='auto' \/><\/a><div class='ftg-social'><\/div><\/div><div  class='tile ftg-preload  '><a title=\"\" data-lightbox='ftg-55' rel='ftg-55'  class=' tile-inner  ftg-lightbox' href='' ><img alt='' class='item skip-lazy' data-class='item' data-ftg-source='https:\/\/kitenbrunn.at\/wp-content\/uploads\/2025\/04\/spot-neu-3-2000px-1550x872.jpg' src='https:\/\/kitenbrunn.at\/wp-content\/uploads\/2025\/04\/spot-neu-3-2000px-1550x872.jpg' width='auto' height='auto' \/><\/a><div class='ftg-social'><\/div><\/div><div  class='tile ftg-preload  '><a title=\"\" data-lightbox='ftg-55' rel='ftg-55'  class=' tile-inner  ftg-lightbox' href='' ><img alt='' class='item skip-lazy' data-class='item' data-ftg-source='https:\/\/kitenbrunn.at\/wp-content\/uploads\/2025\/04\/spot-neu-2-2000px-1550x872.jpg' src='https:\/\/kitenbrunn.at\/wp-content\/uploads\/2025\/04\/spot-neu-2-2000px-1550x872.jpg' width='auto' height='auto' \/><\/a><div class='ftg-social'><\/div><\/div><\/div><\/div>[\/et_pb_fullwidth_code][\/et_pb_section][et_pb_section fb_built=&#8221;1&#8243; fullwidth=&#8221;on&#8221; _builder_version=&#8221;4.16&#8243; top_divider_style=&#8221;wave&#8221; top_divider_color=&#8221;#ffffff&#8221; top_divider_height=&#8221;75px&#8221; top_divider_flip=&#8221;horizontal&#8221; bottom_divider_style=&#8221;wave&#8221; bottom_divider_color=&#8221;#efefef&#8221; bottom_divider_height=&#8221;60px&#8221; bottom_divider_flip=&#8221;horizontal&#8221; locked=&#8221;off&#8221; global_colors_info=&#8221;{}&#8221;][et_pb_fullwidth_image src=&#8221;https:\/\/kitenbrunn.at\/wp-content\/uploads\/2025\/04\/spot-neu-7-2000px.jpg&#8221; title_text=&#8221;Az \u00faj s\u00e1rk\u00e1nyhely&#8221; _builder_version=&#8221;4.27.4&#8243; global_colors_info=&#8221;{}&#8221;][\/et_pb_fullwidth_image][\/et_pb_section]<\/p>\n","protected":false},"excerpt":{"rendered":"<p>Az \u00faj helysz\u00edn: ezt tervezik Az \u00faj s\u00e1rk\u00e1nyhely &nbsp; Hosszas tervez\u00e9si f\u00e1zis ut\u00e1n v\u00e9gre elj\u00f6tt az id\u0151: most, hogy a legfontosabb d\u00f6nt\u00e9shoz\u00f3k (f\u00f6ldtulajdonosok, term\u00e9szetv\u00e9delem stb.) megegyeztek, most el\u00e1ruljuk a titkot: \u00cdGY LESZ AZ \u00daJ HELY! A pozit\u00edv hangulat, amit mindannyian annyira \u00e9rt\u00e9kel\u00fcnk, megmarad. Szeretn\u00e9nk \u00e1talak\u00edtani a kont\u00e9nert egy fkn otthonn\u00e1, ahol italokat \u00e9s harapnival\u00f3kat k\u00edn\u00e1lunk [&hellip;]<\/p>\n","protected":false},"author":1064,"featured_media":0,"parent":0,"menu_order":0,"comment_status":"closed","ping_status":"closed","template":"","meta":{"_et_pb_use_builder":"on","_et_pb_old_content":"","_et_gb_content_width":"","_price":"","_stock":"","_tribe_ticket_header":"","_tribe_default_ticket_provider":"Tribe__Tickets_Plus__Commerce__WooCommerce__Main","_ticket_start_date":"","_ticket_end_date":"","_tribe_ticket_show_description":"","_tribe_ticket_show_not_going":false,"_tribe_ticket_use_global_stock":"","_tribe_ticket_global_stock_level":"","_global_stock_mode":"","_global_stock_cap":"","_tribe_rsvp_for_event":"","_tribe_ticket_going_count":"","_tribe_ticket_not_going_count":"","_tribe_tickets_list":"[]","_tribe_ticket_has_attendee_info_fields":false,"footnotes":"","_tec_slr_enabled":"","_tec_slr_layout":""},"class_list":["post-15927","page","type-page","status-publish","hentry"],"yoast_head":"<!-- This site is optimized with the Yoast SEO plugin v27.5 - https:\/\/yoast.com\/product\/yoast-seo-wordpress\/ -->\n<title>Az \u00faj s\u00e1rk\u00e1nyhely - Kitenbrunn<\/title>\n<meta name=\"robots\" content=\"index, follow, max-snippet:-1, max-image-preview:large, max-video-preview:-1\" \/>\n<link rel=\"canonical\" href=\"https:\/\/kitenbrunn.at\/neuer-spot\/\" \/>\n<meta property=\"og:locale\" content=\"hu_HU\" \/>\n<meta property=\"og:type\" content=\"article\" \/>\n<meta property=\"og:title\" content=\"Az \u00faj s\u00e1rk\u00e1nyhely - Kitenbrunn\" \/>\n<meta property=\"og:description\" content=\"Az \u00faj helysz\u00edn: ezt tervezik Az \u00faj s\u00e1rk\u00e1nyhely &nbsp; Hosszas tervez\u00e9si f\u00e1zis ut\u00e1n v\u00e9gre elj\u00f6tt az id\u0151: most, hogy a legfontosabb d\u00f6nt\u00e9shoz\u00f3k (f\u00f6ldtulajdonosok, term\u00e9szetv\u00e9delem stb.) megegyeztek, most el\u00e1ruljuk a titkot: \u00cdGY LESZ AZ \u00daJ HELY! A pozit\u00edv hangulat, amit mindannyian annyira \u00e9rt\u00e9kel\u00fcnk, megmarad. Szeretn\u00e9nk \u00e1talak\u00edtani a kont\u00e9nert egy fkn otthonn\u00e1, ahol italokat \u00e9s harapnival\u00f3kat k\u00edn\u00e1lunk [&hellip;]\" \/>\n<meta property=\"og:url\" content=\"https:\/\/kitenbrunn.at\/neuer-spot\/\" \/>\n<meta property=\"og:site_name\" content=\"Kitenbrunn\" \/>\n<meta property=\"article:modified_time\" content=\"2026-03-31T13:37:29+00:00\" \/>\n<meta property=\"og:image\" content=\"https:\/\/kitenbrunn.at\/wp-content\/uploads\/2020\/10\/FKN_FB_Sharing-scaled.jpg\" \/>\n\t<meta property=\"og:image:width\" content=\"2560\" \/>\n\t<meta property=\"og:image:height\" content=\"1345\" \/>\n\t<meta property=\"og:image:type\" content=\"image\/jpeg\" \/>\n<meta name=\"twitter:card\" content=\"summary_large_image\" \/>\n<meta name=\"twitter:label1\" content=\"Becs\u00fclt olvas\u00e1si id\u0151\" \/>\n\t<meta name=\"twitter:data1\" content=\"3 perc\" \/>\n<script type=\"application\/ld+json\" class=\"yoast-schema-graph\">{\"@context\":\"https:\\\/\\\/schema.org\",\"@graph\":[{\"@type\":\"WebPage\",\"@id\":\"https:\\\/\\\/kitenbrunn.at\\\/neuer-spot\\\/\",\"url\":\"https:\\\/\\\/kitenbrunn.at\\\/neuer-spot\\\/\",\"name\":\"Az \u00faj s\u00e1rk\u00e1nyhely - Kitenbrunn\",\"isPartOf\":{\"@id\":\"https:\\\/\\\/kitenbrunn.at\\\/#website\"},\"datePublished\":\"2025-05-05T13:49:14+00:00\",\"dateModified\":\"2026-03-31T13:37:29+00:00\",\"breadcrumb\":{\"@id\":\"https:\\\/\\\/kitenbrunn.at\\\/neuer-spot\\\/#breadcrumb\"},\"inLanguage\":\"hu\",\"potentialAction\":[{\"@type\":\"ReadAction\",\"target\":[\"https:\\\/\\\/kitenbrunn.at\\\/neuer-spot\\\/\"]}]},{\"@type\":\"BreadcrumbList\",\"@id\":\"https:\\\/\\\/kitenbrunn.at\\\/neuer-spot\\\/#breadcrumb\",\"itemListElement\":[{\"@type\":\"ListItem\",\"position\":1,\"name\":\"Startseite\",\"item\":\"https:\\\/\\\/kitenbrunn.at\\\/hu\\\/\"},{\"@type\":\"ListItem\",\"position\":2,\"name\":\"Az \u00faj s\u00e1rk\u00e1nyhely\"}]},{\"@type\":\"WebSite\",\"@id\":\"https:\\\/\\\/kitenbrunn.at\\\/#website\",\"url\":\"https:\\\/\\\/kitenbrunn.at\\\/\",\"name\":\"Kitenbrunn\",\"description\":\"Kitesport F\u00f6rderverein Breitenbrunn\",\"potentialAction\":[{\"@type\":\"SearchAction\",\"target\":{\"@type\":\"EntryPoint\",\"urlTemplate\":\"https:\\\/\\\/kitenbrunn.at\\\/?s={search_term_string}\"},\"query-input\":{\"@type\":\"PropertyValueSpecification\",\"valueRequired\":true,\"valueName\":\"search_term_string\"}}],\"inLanguage\":\"hu\"}]}<\/script>\n<!-- \/ Yoast SEO plugin. -->","yoast_head_json":{"title":"Az \u00faj s\u00e1rk\u00e1nyhely - Kitenbrunn","robots":{"index":"index","follow":"follow","max-snippet":"max-snippet:-1","max-image-preview":"max-image-preview:large","max-video-preview":"max-video-preview:-1"},"canonical":"https:\/\/kitenbrunn.at\/neuer-spot\/","og_locale":"hu_HU","og_type":"article","og_title":"Az \u00faj s\u00e1rk\u00e1nyhely - Kitenbrunn","og_description":"Az \u00faj helysz\u00edn: ezt tervezik Az \u00faj s\u00e1rk\u00e1nyhely &nbsp; Hosszas tervez\u00e9si f\u00e1zis ut\u00e1n v\u00e9gre elj\u00f6tt az id\u0151: most, hogy a legfontosabb d\u00f6nt\u00e9shoz\u00f3k (f\u00f6ldtulajdonosok, term\u00e9szetv\u00e9delem stb.) megegyeztek, most el\u00e1ruljuk a titkot: \u00cdGY LESZ AZ \u00daJ HELY! A pozit\u00edv hangulat, amit mindannyian annyira \u00e9rt\u00e9kel\u00fcnk, megmarad. Szeretn\u00e9nk \u00e1talak\u00edtani a kont\u00e9nert egy fkn otthonn\u00e1, ahol italokat \u00e9s harapnival\u00f3kat k\u00edn\u00e1lunk [&hellip;]","og_url":"https:\/\/kitenbrunn.at\/neuer-spot\/","og_site_name":"Kitenbrunn","article_modified_time":"2026-03-31T13:37:29+00:00","og_image":[{"width":2560,"height":1345,"url":"https:\/\/kitenbrunn.at\/wp-content\/uploads\/2020\/10\/FKN_FB_Sharing-scaled.jpg","type":"image\/jpeg"}],"twitter_card":"summary_large_image","twitter_misc":{"Becs\u00fclt olvas\u00e1si id\u0151":"3 perc"},"schema":{"@context":"https:\/\/schema.org","@graph":[{"@type":"WebPage","@id":"https:\/\/kitenbrunn.at\/neuer-spot\/","url":"https:\/\/kitenbrunn.at\/neuer-spot\/","name":"Az \u00faj s\u00e1rk\u00e1nyhely - Kitenbrunn","isPartOf":{"@id":"https:\/\/kitenbrunn.at\/#website"},"datePublished":"2025-05-05T13:49:14+00:00","dateModified":"2026-03-31T13:37:29+00:00","breadcrumb":{"@id":"https:\/\/kitenbrunn.at\/neuer-spot\/#breadcrumb"},"inLanguage":"hu","potentialAction":[{"@type":"ReadAction","target":["https:\/\/kitenbrunn.at\/neuer-spot\/"]}]},{"@type":"BreadcrumbList","@id":"https:\/\/kitenbrunn.at\/neuer-spot\/#breadcrumb","itemListElement":[{"@type":"ListItem","position":1,"name":"Startseite","item":"https:\/\/kitenbrunn.at\/hu\/"},{"@type":"ListItem","position":2,"name":"Az \u00faj s\u00e1rk\u00e1nyhely"}]},{"@type":"WebSite","@id":"https:\/\/kitenbrunn.at\/#website","url":"https:\/\/kitenbrunn.at\/","name":"Kitenbrunn","description":"Kitesport F\u00f6rderverein Breitenbrunn","potentialAction":[{"@type":"SearchAction","target":{"@type":"EntryPoint","urlTemplate":"https:\/\/kitenbrunn.at\/?s={search_term_string}"},"query-input":{"@type":"PropertyValueSpecification","valueRequired":true,"valueName":"search_term_string"}}],"inLanguage":"hu"}]}},"ticketed":false,"_links":{"self":[{"href":"https:\/\/kitenbrunn.at\/hu\/wp-json\/wp\/v2\/pages\/15927","targetHints":{"allow":["GET"]}}],"collection":[{"href":"https:\/\/kitenbrunn.at\/hu\/wp-json\/wp\/v2\/pages"}],"about":[{"href":"https:\/\/kitenbrunn.at\/hu\/wp-json\/wp\/v2\/types\/page"}],"author":[{"embeddable":true,"href":"https:\/\/kitenbrunn.at\/hu\/wp-json\/wp\/v2\/users\/1064"}],"replies":[{"embeddable":true,"href":"https:\/\/kitenbrunn.at\/hu\/wp-json\/wp\/v2\/comments?post=15927"}],"version-history":[{"count":9,"href":"https:\/\/kitenbrunn.at\/hu\/wp-json\/wp\/v2\/pages\/15927\/revisions"}],"predecessor-version":[{"id":17309,"href":"https:\/\/kitenbrunn.at\/hu\/wp-json\/wp\/v2\/pages\/15927\/revisions\/17309"}],"wp:attachment":[{"href":"https:\/\/kitenbrunn.at\/hu\/wp-json\/wp\/v2\/media?parent=15927"}],"curies":[{"name":"wp","href":"https:\/\/api.w.org\/{rel}","templated":true}]}}