{"id":11895,"date":"2024-01-01T20:54:06","date_gmt":"2024-01-01T19:54:06","guid":{"rendered":"https:\/\/kitenbrunn.at\/?page_id=11895"},"modified":"2024-01-01T20:54:11","modified_gmt":"2024-01-01T19:54:11","slug":"news-events-2","status":"publish","type":"page","link":"https:\/\/kitenbrunn.at\/en\/news-events-2\/","title":{"rendered":"News &#038; Events"},"content":{"rendered":"<p>[et_pb_section fb_built=&#8221;1&#8243; module_class=&#8221;exbox&#8221; _builder_version=&#8221;4.16&#8243; background_image=&#8221;https:\/\/kitenbrunn.at\/wp-content\/uploads\/2020\/09\/WCK-7.jpg&#8221; min_height=&#8221;80vh&#8221; bottom_divider_style=&#8221;wave&#8221; bottom_divider_color=&#8221;#ffffff&#8221; bottom_divider_height=&#8221;60px&#8221; bottom_divider_flip=&#8221;horizontal&#8221; global_colors_info=&#8221;{}&#8221;][et_pb_row _builder_version=&#8221;4.16&#8243; global_colors_info=&#8221;{}&#8221;][et_pb_column type=&#8221;4_4&#8243; _builder_version=&#8221;4.16&#8243; global_colors_info=&#8221;{}&#8221;][et_pb_text module_class=&#8221;zitattext&#8221; _builder_version=&#8221;4.16&#8243; header_font=&#8221;||||||||&#8221; header_font_size=&#8221;9em&#8221; header_letter_spacing=&#8221;2px&#8221; text_orientation=&#8221;center&#8221; background_layout=&#8221;dark&#8221; custom_margin=&#8221;||220px||false|false&#8221; header_font_size_tablet=&#8221;5em&#8221; header_font_size_phone=&#8221;4em&#8221; header_font_size_last_edited=&#8221;on|phone&#8221; text_text_align=&#8221;center&#8221; global_colors_info=&#8221;{}&#8221;]<\/p>\n<h1><span style=\"font-weight: 400;\" data-mce-style=\"font-weight: 400;\">Welcome to Breitenbrunn<\/span><span style=\"font-weight: 400;\" data-mce-style=\"font-weight: 400;\"><br \/><\/span><span style=\"font-weight: 400;\" data-mce-style=\"font-weight: 400;\">The place to be at southern winds <\/span><\/h1>\n<p>[\/et_pb_text][\/et_pb_column][\/et_pb_row][\/et_pb_section][et_pb_section fb_built=&#8221;1&#8243; specialty=&#8221;on&#8221; _builder_version=&#8221;4.16&#8243; bottom_divider_style=&#8221;wave&#8221; bottom_divider_color=&#8221;#efefef&#8221; bottom_divider_height=&#8221;40px&#8221; locked=&#8221;off&#8221; global_colors_info=&#8221;{}&#8221;][et_pb_column type=&#8221;3_4&#8243; specialty_columns=&#8221;3&#8243; _builder_version=&#8221;4.16&#8243; custom_padding=&#8221;|||&#8221; global_colors_info=&#8221;{}&#8221; custom_padding__hover=&#8221;|||&#8221;][et_pb_row_inner _builder_version=&#8221;4.16&#8243; global_colors_info=&#8221;{}&#8221;][et_pb_column_inner saved_specialty_column_type=&#8221;3_4&#8243; _builder_version=&#8221;4.16&#8243; global_colors_info=&#8221;{}&#8221;][et_pb_text _builder_version=&#8221;4.16&#8243; _module_preset=&#8221;default&#8221; global_colors_info=&#8221;{}&#8221;]<\/p>\n<h4>Kitesurfing in Breitenbrunn<\/h4>\n<p><span style=\"font-weight: 400;\" data-mce-style=\"font-weight: 400;\">If you\u00b4d like to kitesurf in Breitenbrunn a membership at the FKN is mandatory.<br \/><\/span><span style=\"font-weight: 400;\" data-mce-style=\"font-weight: 400;\">With your membership you are support the development of the kitespot and enjoy benefits at our partners.<\/span><\/p>\n<p>[\/et_pb_text][et_pb_button button_url=&#8221;@ET-DC@eyJkeW5hbWljIjp0cnVlLCJjb250ZW50IjoicG9zdF9saW5rX3VybF9wYWdlIiwic2V0dGluZ3MiOnsicG9zdF9pZCI6IjI2MjUifX0=@&#8221; button_text=&#8221;Become a member&#8221; admin_label=&#8221;Button&#8221; _builder_version=&#8221;4.16&#8243; _dynamic_attributes=&#8221;button_url&#8221; _module_preset=&#8221;default&#8221; custom_button=&#8221;on&#8221; button_icon=&#8221;&#xe108;||divi||400&#8243; button_icon_placement=&#8221;left&#8221; button_on_hover=&#8221;off&#8221; locked=&#8221;off&#8221; global_colors_info=&#8221;{}&#8221;][\/et_pb_button][\/et_pb_column_inner][\/et_pb_row_inner][et_pb_row_inner column_structure=&#8221;1_2,1_2&#8243; _builder_version=&#8221;4.16&#8243; global_colors_info=&#8221;{}&#8221;][et_pb_column_inner type=&#8221;1_2&#8243; saved_specialty_column_type=&#8221;3_4&#8243; _builder_version=&#8221;4.16&#8243; global_colors_info=&#8221;{}&#8221;][et_pb_text admin_label=&#8221;Aktuelles Text&#8221; _builder_version=&#8221;4.17.1&#8243; global_colors_info=&#8221;{}&#8221;]<\/p>\n<h4>Latest<\/h4>\n<div class=\"\">\n<div class=\"\">\n<p>Latest facts about the beach: Starting with April, the parking is paid, and from 1st of May, there is entry fee. Therefore the membership is being checked. All inclusive &amp; some goodies is available with the NoLimit KiteCard, and day memberships and year memberships are available. The QR code required to be shown at the entrance, is available in my account downloads.<\/p>\n<p>Looking forward to southerly! Aloha<\/p>\n<\/div>\n<\/div>\n<div class=\"\"><\/div>\n<div class=\"\">Thx &amp; Happy Kiting!<\/div>\n<p><b>News and announcements are also published on our\u00a0<a href=\"https:\/\/www.facebook.com\/groups\/Kitesport.Foerderverein.Breitenbrunn\/\" target=\"_blank\" rel=\"noopener noreferrer\">Facebook page<\/a><\/b>[\/et_pb_text][\/et_pb_column_inner][et_pb_column_inner type=&#8221;1_2&#8243; saved_specialty_column_type=&#8221;3_4&#8243; _builder_version=&#8221;4.16&#8243; global_colors_info=&#8221;{}&#8221;][et_pb_text admin_label=&#8221;Aktuelles Text&#8221; _builder_version=&#8221;4.23.1&#8243; hover_enabled=&#8221;0&#8243; global_colors_info=&#8221;{}&#8221; sticky_enabled=&#8221;0&#8243;]<\/p>\n<h4>Events<\/h4>\n<div id=\"vsel\" class=\"vsel-shortcode vsel-shortcode-upcoming-events\"><p class=\"vsel-no-events\">No events are planned at the moment.<\/p><\/div>\n<p>[\/et_pb_text][\/et_pb_column_inner][\/et_pb_row_inner][\/et_pb_column][et_pb_column type=&#8221;1_4&#8243; _builder_version=&#8221;4.16&#8243; custom_padding=&#8221;|||&#8221; global_colors_info=&#8221;{}&#8221; custom_padding__hover=&#8221;|||&#8221;][et_pb_sidebar orientation=&#8221;right&#8221; area=&#8221;et_pb_widget_area_1&#8243; show_border=&#8221;off&#8221; disabled_on=&#8221;on|on|on&#8221; _builder_version=&#8221;4.18.0&#8243; background_color=&#8221;#ffffff&#8221; custom_margin=&#8221;-200px||||false|false&#8221; custom_margin_tablet=&#8221;0px||||false|false&#8221; custom_margin_phone=&#8221;&#8221; custom_margin_last_edited=&#8221;on|desktop&#8221; border_radii=&#8221;off|15px|||&#8221; box_shadow_style=&#8221;preset2&#8243; disabled=&#8221;on&#8221; global_colors_info=&#8221;{}&#8221;][\/et_pb_sidebar][et_pb_code _builder_version=&#8221;4.16&#8243; divienhancer_set=&#8221;modal_popup&#8221; divienhancer_modal_popup=&#8221;divienhancer-modalpopup&#8221; divienhancer_modal_overlay=&#8221;rgba(51,51,51,0.75)&#8221; divienhancer_modal_button_text=&#8221;Windguru&#8221; divienhancer_modal_button_css=&#8221;background-color:#9ab5df; color:#fff; font-size: 22px;<\/p>\n<p>&#8221; divienhancer_modal_box_css=&#8221;top: 50%; left: 50%; width: 80%; max-width: 1800px; min-width: 340px; height: auto; &#8221; global_colors_info=&#8221;{}&#8221;]<pee><img loading=\"lazy\" decoding=\"async\" src=\"data:image\/gif;base64,R0lGODlhAQABAIAAAAAAAP\/\/\/yH5BAEAAAAALAAAAAABAAEAAAIBRAA7\" data-wp-preserve=\"%3Cscript%20id%3D%22wg_fwdg_753673_45_1568796586750%22%3E%3C!--%20%5Bet_pb_line_break_holder%5D%20--%3E(function%20(window%2C%20document)%20%7B%3C!--%20%5Bet_pb_line_break_holder%5D%20--%3E%20%20var%20loader%20%3D%20function%20()%20%7B%3C!--%20%5Bet_pb_line_break_holder%5D%20--%3E%20%20%20%20var%20arg%20%3D%20%5B%22s%3D753673%22%2C%22m%3D45%22%2C%22uid%3Dwg_fwdg_753673_45_1568796586750%22%2C%22wj%3Dknots%22%2C%22tj%3Dc%22%2C%22odh%3D8%22%2C%22doh%3D20%22%2C%22fhours%3D168%22%2C%22vt%3Dforecasts%22%2C%22lng%3Dde%22%2C%3C!--%20%5Bet_pb_line_break_holder%5D%20--%3E%20%20%20%22p%3DWINDSPD%2CGUST%2CMWINDSPD%2CSMER%2CTMPE%2CFLHGT%2CCDC%2CAPCPs%2CRATING%22%5D%3B%3C!--%20%5Bet_pb_line_break_holder%5D%20--%3E%20%20%20%20var%20script%20%3D%20document.createElement(%22script%22)%3B%3C!--%20%5Bet_pb_line_break_holder%5D%20--%3E%20%20%20%20var%20tag%20%3D%20document.getElementsByTagName(%22script%22)%5B0%5D%3B%3C!--%20%5Bet_pb_line_break_holder%5D%20--%3E%20%20%20%20script.src%20%3D%20%22https%3A%2F%2Fwww.windguru.cz%2Fjs%2Fwidget.php%3F%22%2B(arg.join(%22%26%22))%3B%3C!--%20%5Bet_pb_line_break_holder%5D%20--%3E%20%20%20%20tag.parentNode.insertBefore(script%2C%20tag)%3B%3C!--%20%5Bet_pb_line_break_holder%5D%20--%3E%20%20%7D%3B%3C!--%20%5Bet_pb_line_break_holder%5D%20--%3E%20%20window.addEventListener%20%3F%20window.addEventListener(%22load%22%2C%20loader%2C%20false)%20%3A%20window.attachEvent(%22onload%22%2C%20loader)%3B%3C!--%20%5Bet_pb_line_break_holder%5D%20--%3E%7D)(window%2C%20document)%3B%3C!--%20%5Bet_pb_line_break_holder%5D%20--%3E%3C%2Fscript%3E\" data-mce-resize=\"false\" data-mce-placeholder=\"1\" class=\"mce-object\" width=\"20\" height=\"20\" alt=\"<script>&#8221; title=&#8221;<script>\"><\/pee><!-- [et_pb_line_break_holder] -->[\/et_pb_code][\/et_pb_column][\/et_pb_section]<\/p>\n","protected":false},"excerpt":{"rendered":"<p>Welcome to BreitenbrunnThe place to be at southern winds Kitesurfing in BreitenbrunnIf you\u00b4d like to kitesurf in Breitenbrunn a membership at the FKN is mandatory.With your membership you are support the development of the kitespot and enjoy benefits at our partners.Latest Latest facts about the beach: Starting with April, the parking is paid, and from [&hellip;]<\/p>\n","protected":false},"author":28,"featured_media":0,"parent":0,"menu_order":0,"comment_status":"closed","ping_status":"closed","template":"","meta":{"_et_pb_use_builder":"on","_et_pb_old_content":"","_et_gb_content_width":"","_price":"","_stock":"","_tribe_ticket_header":"","_tribe_default_ticket_provider":"","_ticket_start_date":"","_ticket_end_date":"","_tribe_ticket_show_description":"","_tribe_ticket_show_not_going":false,"_tribe_ticket_use_global_stock":"","_tribe_ticket_global_stock_level":"","_global_stock_mode":"","_global_stock_cap":"","_tribe_rsvp_for_event":"","_tribe_ticket_going_count":"","_tribe_ticket_not_going_count":"","_tribe_tickets_list":"[]","_tribe_ticket_has_attendee_info_fields":false,"footnotes":"","_tec_slr_enabled":"","_tec_slr_layout":""},"class_list":["post-11895","page","type-page","status-publish","hentry"],"yoast_head":"<!-- This site is optimized with the Yoast SEO plugin v27.4 - https:\/\/yoast.com\/product\/yoast-seo-wordpress\/ -->\n<title>FKN - F\u00f6rderverein des Kitesurfsportes am Neusiedlersee<\/title>\n<meta name=\"description\" content=\"F\u00fcr die freie Nutzung und Entwicklung des Kitespots Breitenbrunn - dem S\u00fcdwindspot am Neusiedlersee.\" \/>\n<meta name=\"robots\" content=\"index, follow, max-snippet:-1, max-image-preview:large, max-video-preview:-1\" \/>\n<link rel=\"canonical\" href=\"https:\/\/kitenbrunn.at\/en\/news-events-2\/\" \/>\n<meta property=\"og:locale\" content=\"en_US\" \/>\n<meta property=\"og:type\" content=\"article\" \/>\n<meta property=\"og:title\" content=\"FKN - F\u00f6rderverein des Kitesurfsportes am Neusiedlersee\" \/>\n<meta property=\"og:description\" content=\"F\u00fcr die freie Nutzung und Entwicklung des Kitespots Breitenbrunn - dem S\u00fcdwindspot am Neusiedlersee.\" \/>\n<meta property=\"og:url\" content=\"https:\/\/kitenbrunn.at\/en\/news-events-2\/\" \/>\n<meta property=\"og:site_name\" content=\"Kitenbrunn\" \/>\n<meta property=\"article:modified_time\" content=\"2024-01-01T19:54:11+00:00\" \/>\n<meta property=\"og:image\" content=\"https:\/\/kitenbrunn.at\/wp-content\/uploads\/2020\/10\/FKN_FB_Sharing-scaled.jpg\" \/>\n\t<meta property=\"og:image:width\" content=\"2560\" \/>\n\t<meta property=\"og:image:height\" content=\"1345\" \/>\n\t<meta property=\"og:image:type\" content=\"image\/jpeg\" \/>\n<meta name=\"twitter:card\" content=\"summary_large_image\" \/>\n<meta name=\"twitter:label1\" content=\"Est. reading time\" \/>\n\t<meta name=\"twitter:data1\" content=\"1 minute\" \/>\n<script type=\"application\/ld+json\" class=\"yoast-schema-graph\">{\"@context\":\"https:\\\/\\\/schema.org\",\"@graph\":[{\"@type\":\"WebPage\",\"@id\":\"https:\\\/\\\/kitenbrunn.at\\\/en\\\/news-events-2\\\/\",\"url\":\"https:\\\/\\\/kitenbrunn.at\\\/en\\\/news-events-2\\\/\",\"name\":\"FKN - F\u00f6rderverein des Kitesurfsportes am Neusiedlersee\",\"isPartOf\":{\"@id\":\"https:\\\/\\\/kitenbrunn.at\\\/#website\"},\"datePublished\":\"2024-01-01T19:54:06+00:00\",\"dateModified\":\"2024-01-01T19:54:11+00:00\",\"description\":\"F\u00fcr die freie Nutzung und Entwicklung des Kitespots Breitenbrunn - dem S\u00fcdwindspot am Neusiedlersee.\",\"breadcrumb\":{\"@id\":\"https:\\\/\\\/kitenbrunn.at\\\/en\\\/news-events-2\\\/#breadcrumb\"},\"inLanguage\":\"en-US\",\"potentialAction\":[{\"@type\":\"ReadAction\",\"target\":[\"https:\\\/\\\/kitenbrunn.at\\\/en\\\/news-events-2\\\/\"]}]},{\"@type\":\"BreadcrumbList\",\"@id\":\"https:\\\/\\\/kitenbrunn.at\\\/en\\\/news-events-2\\\/#breadcrumb\",\"itemListElement\":[{\"@type\":\"ListItem\",\"position\":1,\"name\":\"Startseite\",\"item\":\"https:\\\/\\\/kitenbrunn.at\\\/en\\\/\"},{\"@type\":\"ListItem\",\"position\":2,\"name\":\"News &#038; Events\"}]},{\"@type\":\"WebSite\",\"@id\":\"https:\\\/\\\/kitenbrunn.at\\\/#website\",\"url\":\"https:\\\/\\\/kitenbrunn.at\\\/\",\"name\":\"Kitenbrunn\",\"description\":\"Kitesport F\u00f6rderverein Breitenbrunn\",\"potentialAction\":[{\"@type\":\"SearchAction\",\"target\":{\"@type\":\"EntryPoint\",\"urlTemplate\":\"https:\\\/\\\/kitenbrunn.at\\\/?s={search_term_string}\"},\"query-input\":{\"@type\":\"PropertyValueSpecification\",\"valueRequired\":true,\"valueName\":\"search_term_string\"}}],\"inLanguage\":\"en-US\"}]}<\/script>\n<!-- \/ Yoast SEO plugin. -->","yoast_head_json":{"title":"FKN - F\u00f6rderverein des Kitesurfsportes am Neusiedlersee","description":"F\u00fcr die freie Nutzung und Entwicklung des Kitespots Breitenbrunn - dem S\u00fcdwindspot am Neusiedlersee.","robots":{"index":"index","follow":"follow","max-snippet":"max-snippet:-1","max-image-preview":"max-image-preview:large","max-video-preview":"max-video-preview:-1"},"canonical":"https:\/\/kitenbrunn.at\/en\/news-events-2\/","og_locale":"en_US","og_type":"article","og_title":"FKN - F\u00f6rderverein des Kitesurfsportes am Neusiedlersee","og_description":"F\u00fcr die freie Nutzung und Entwicklung des Kitespots Breitenbrunn - dem S\u00fcdwindspot am Neusiedlersee.","og_url":"https:\/\/kitenbrunn.at\/en\/news-events-2\/","og_site_name":"Kitenbrunn","article_modified_time":"2024-01-01T19:54:11+00:00","og_image":[{"width":2560,"height":1345,"url":"https:\/\/kitenbrunn.at\/wp-content\/uploads\/2020\/10\/FKN_FB_Sharing-scaled.jpg","type":"image\/jpeg"}],"twitter_card":"summary_large_image","twitter_misc":{"Est. reading time":"1 minute"},"schema":{"@context":"https:\/\/schema.org","@graph":[{"@type":"WebPage","@id":"https:\/\/kitenbrunn.at\/en\/news-events-2\/","url":"https:\/\/kitenbrunn.at\/en\/news-events-2\/","name":"FKN - F\u00f6rderverein des Kitesurfsportes am Neusiedlersee","isPartOf":{"@id":"https:\/\/kitenbrunn.at\/#website"},"datePublished":"2024-01-01T19:54:06+00:00","dateModified":"2024-01-01T19:54:11+00:00","description":"F\u00fcr die freie Nutzung und Entwicklung des Kitespots Breitenbrunn - dem S\u00fcdwindspot am Neusiedlersee.","breadcrumb":{"@id":"https:\/\/kitenbrunn.at\/en\/news-events-2\/#breadcrumb"},"inLanguage":"en-US","potentialAction":[{"@type":"ReadAction","target":["https:\/\/kitenbrunn.at\/en\/news-events-2\/"]}]},{"@type":"BreadcrumbList","@id":"https:\/\/kitenbrunn.at\/en\/news-events-2\/#breadcrumb","itemListElement":[{"@type":"ListItem","position":1,"name":"Startseite","item":"https:\/\/kitenbrunn.at\/en\/"},{"@type":"ListItem","position":2,"name":"News &#038; Events"}]},{"@type":"WebSite","@id":"https:\/\/kitenbrunn.at\/#website","url":"https:\/\/kitenbrunn.at\/","name":"Kitenbrunn","description":"Kitesport F\u00f6rderverein Breitenbrunn","potentialAction":[{"@type":"SearchAction","target":{"@type":"EntryPoint","urlTemplate":"https:\/\/kitenbrunn.at\/?s={search_term_string}"},"query-input":{"@type":"PropertyValueSpecification","valueRequired":true,"valueName":"search_term_string"}}],"inLanguage":"en-US"}]}},"ticketed":false,"_links":{"self":[{"href":"https:\/\/kitenbrunn.at\/en\/wp-json\/wp\/v2\/pages\/11895","targetHints":{"allow":["GET"]}}],"collection":[{"href":"https:\/\/kitenbrunn.at\/en\/wp-json\/wp\/v2\/pages"}],"about":[{"href":"https:\/\/kitenbrunn.at\/en\/wp-json\/wp\/v2\/types\/page"}],"author":[{"embeddable":true,"href":"https:\/\/kitenbrunn.at\/en\/wp-json\/wp\/v2\/users\/28"}],"replies":[{"embeddable":true,"href":"https:\/\/kitenbrunn.at\/en\/wp-json\/wp\/v2\/comments?post=11895"}],"version-history":[{"count":1,"href":"https:\/\/kitenbrunn.at\/en\/wp-json\/wp\/v2\/pages\/11895\/revisions"}],"predecessor-version":[{"id":12104,"href":"https:\/\/kitenbrunn.at\/en\/wp-json\/wp\/v2\/pages\/11895\/revisions\/12104"}],"wp:attachment":[{"href":"https:\/\/kitenbrunn.at\/en\/wp-json\/wp\/v2\/media?parent=11895"}],"curies":[{"name":"wp","href":"https:\/\/api.w.org\/{rel}","templated":true}]}}